{"id":1024,"date":"2019-09-26T15:46:16","date_gmt":"2019-09-26T18:46:16","guid":{"rendered":"http:\/\/seer.ufal.br\/portalsibi\/?page_id=1024"},"modified":"2025-03-19T09:57:16","modified_gmt":"2025-03-19T12:57:16","slug":"cedu","status":"publish","type":"page","link":"https:\/\/sibi.ufal.br\/portal\/?page_id=1024","title":{"rendered":"CEDU"},"content":{"rendered":"\t\t<div data-elementor-type=\"post\" data-elementor-id=\"1024\" class=\"elementor elementor-1024\" data-elementor-settings=\"[]\">\n\t\t\t<div class=\"elementor-inner\">\n\t\t\t\t<div class=\"elementor-section-wrap\">\n\t\t\t\t\t\t\t<section class=\"elementor-element elementor-element-e3dce21 elementor-section-boxed elementor-section-height-default elementor-section-height-default elementor-section elementor-top-section\" data-id=\"e3dce21\" data-element_type=\"section\">\n\t\t\t\t\t\t<div class=\"elementor-container elementor-column-gap-default\">\n\t\t\t\t<div class=\"elementor-row\">\n\t\t\t\t<div class=\"elementor-element elementor-element-d77671f elementor-column elementor-col-100 elementor-top-column\" data-id=\"d77671f\" data-element_type=\"column\">\n\t\t\t<div class=\"elementor-column-wrap  elementor-element-populated\">\n\t\t\t\t\t<div class=\"elementor-widget-wrap\">\n\t\t\t\t<div class=\"elementor-element elementor-element-befa791 elementor-invisible elementor-widget elementor-widget-heading\" data-id=\"befa791\" data-element_type=\"widget\" data-settings=\"{&quot;_animation&quot;:&quot;fadeInLeft&quot;}\" data-widget_type=\"heading.default\">\n\t\t\t\t<div class=\"elementor-widget-container\">\n\t\t\t<h2 class=\"elementor-heading-title elementor-size-default\">Biblioteca Setorial L\u00facia Lima do Nascimento - CEDU<\/h2>\t\t<\/div>\n\t\t\t\t<\/div>\n\t\t\t\t\t\t<\/div>\n\t\t\t<\/div>\n\t\t<\/div>\n\t\t\t\t\t\t<\/div>\n\t\t\t<\/div>\n\t\t<\/section>\n\t\t\t\t<section class=\"elementor-element elementor-element-7659a38 elementor-section-boxed elementor-section-height-default elementor-section-height-default elementor-section elementor-top-section\" data-id=\"7659a38\" data-element_type=\"section\">\n\t\t\t\t\t\t<div class=\"elementor-container elementor-column-gap-default\">\n\t\t\t\t<div class=\"elementor-row\">\n\t\t\t\t<div class=\"elementor-element elementor-element-c41f92b elementor-column elementor-col-100 elementor-top-column\" data-id=\"c41f92b\" data-element_type=\"column\">\n\t\t\t<div class=\"elementor-column-wrap  elementor-element-populated\">\n\t\t\t\t\t<div class=\"elementor-widget-wrap\">\n\t\t\t\t<div class=\"elementor-element elementor-element-23704d2 elementor-invisible elementor-widget elementor-widget-divider\" data-id=\"23704d2\" data-element_type=\"widget\" data-settings=\"{&quot;_animation&quot;:&quot;fadeInRight&quot;}\" data-widget_type=\"divider.default\">\n\t\t\t\t<div class=\"elementor-widget-container\">\n\t\t\t\t\t<div class=\"elementor-divider\">\n\t\t\t<span class=\"elementor-divider-separator\"><\/span>\n\t\t<\/div>\n\t\t\t\t<\/div>\n\t\t\t\t<\/div>\n\t\t\t\t\t\t<\/div>\n\t\t\t<\/div>\n\t\t<\/div>\n\t\t\t\t\t\t<\/div>\n\t\t\t<\/div>\n\t\t<\/section>\n\t\t\t\t<section class=\"elementor-element elementor-element-909841a elementor-section-boxed elementor-section-height-default elementor-section-height-default elementor-section elementor-top-section\" data-id=\"909841a\" data-element_type=\"section\">\n\t\t\t\t\t\t<div class=\"elementor-container elementor-column-gap-default\">\n\t\t\t\t<div class=\"elementor-row\">\n\t\t\t\t<div class=\"elementor-element elementor-element-8f78dc9 elementor-column elementor-col-100 elementor-top-column\" data-id=\"8f78dc9\" data-element_type=\"column\">\n\t\t\t<div class=\"elementor-column-wrap  elementor-element-populated\">\n\t\t\t\t\t<div class=\"elementor-widget-wrap\">\n\t\t\t\t<div class=\"elementor-element elementor-element-e700a7f elementor-widget elementor-widget-image-gallery\" data-id=\"e700a7f\" data-element_type=\"widget\" data-widget_type=\"image-gallery.default\">\n\t\t\t\t<div class=\"elementor-widget-container\">\n\t\t\t\t\t<div class=\"elementor-image-gallery\">\n\t\t\t<div id='gallery-1' class='gallery galleryid-1024 gallery-columns-3 gallery-size-medium_large'><figure class='gallery-item'>\n\t\t\t<div class='gallery-icon landscape'>\n\t\t\t\t<a data-elementor-open-lightbox=\"default\" data-elementor-lightbox-slideshow=\"e700a7f\" href='https:\/\/sibi.ufal.br\/portal\/wp-content\/uploads\/2019\/12\/b573260a-f364-4624-a773-1f16a2059abd.jpeg'><img width=\"768\" height=\"511\" src=\"https:\/\/sibi.ufal.br\/portal\/wp-content\/uploads\/2019\/12\/b573260a-f364-4624-a773-1f16a2059abd-768x511.jpeg\" class=\"attachment-medium_large size-medium_large\" alt=\"\" decoding=\"async\" loading=\"lazy\" srcset=\"https:\/\/sibi.ufal.br\/portal\/wp-content\/uploads\/2019\/12\/b573260a-f364-4624-a773-1f16a2059abd.jpeg 768w, https:\/\/sibi.ufal.br\/portal\/wp-content\/uploads\/2019\/12\/b573260a-f364-4624-a773-1f16a2059abd-300x200.jpeg 300w\" sizes=\"(max-width: 768px) 100vw, 768px\" \/><\/a>\n\t\t\t<\/div><\/figure><figure class='gallery-item'>\n\t\t\t<div class='gallery-icon landscape'>\n\t\t\t\t<a data-elementor-open-lightbox=\"default\" data-elementor-lightbox-slideshow=\"e700a7f\" href='https:\/\/sibi.ufal.br\/portal\/wp-content\/uploads\/2019\/12\/Educacao_Formacao_Humana.gif'><img width=\"300\" height=\"205\" src=\"https:\/\/sibi.ufal.br\/portal\/wp-content\/uploads\/2019\/12\/Educacao_Formacao_Humana.gif\" class=\"attachment-medium_large size-medium_large\" alt=\"\" decoding=\"async\" loading=\"lazy\" \/><\/a>\n\t\t\t<\/div><\/figure><figure class='gallery-item'>\n\t\t\t<div class='gallery-icon landscape'>\n\t\t\t\t<a data-elementor-open-lightbox=\"default\" data-elementor-lightbox-slideshow=\"e700a7f\" href='https:\/\/sibi.ufal.br\/portal\/wp-content\/uploads\/2019\/12\/image.jpg'><img width=\"768\" height=\"511\" src=\"https:\/\/sibi.ufal.br\/portal\/wp-content\/uploads\/2019\/12\/image-768x511.jpg\" class=\"attachment-medium_large size-medium_large\" alt=\"\" decoding=\"async\" loading=\"lazy\" srcset=\"https:\/\/sibi.ufal.br\/portal\/wp-content\/uploads\/2019\/12\/image-768x511.jpg 768w, https:\/\/sibi.ufal.br\/portal\/wp-content\/uploads\/2019\/12\/image-300x200.jpg 300w, https:\/\/sibi.ufal.br\/portal\/wp-content\/uploads\/2019\/12\/image.jpg 1000w\" sizes=\"(max-width: 768px) 100vw, 768px\" \/><\/a>\n\t\t\t<\/div><\/figure>\n\t\t<\/div>\n\t\t<\/div>\n\t\t\t\t<\/div>\n\t\t\t\t<\/div>\n\t\t\t\t<div class=\"elementor-element elementor-element-5b92986 elementor-widget elementor-widget-text-editor\" data-id=\"5b92986\" data-element_type=\"widget\" data-widget_type=\"text-editor.default\">\n\t\t\t\t<div class=\"elementor-widget-container\">\n\t\t\t\t\t<div class=\"elementor-text-editor elementor-clearfix\"><p><span style=\"font-weight: 400;\">A Biblioteca Setorial do Centro de Educa\u00e7\u00e3o (CEDU), localizada no Campus A. C. Sim\u00f5es, antes denominada de Sala de Leitura, surgiu da necessidade de atendimento \u00e0s demandas informacionais do curso de P\u00f3s-Gradua\u00e7\u00e3o em Educa\u00e7\u00e3o (PPGE). Hoje, seu acervo encontra-se em processo de cataloga\u00e7\u00e3o no sistema Pergamum, gerenciador dos servi\u00e7os t\u00e9cnicos bibliot\u00e9carios.<\/span><\/p><p><span style=\"font-weight: 400;\">Em 2018, instalada em um novo espa\u00e7o no andar t\u00e9rreo do Cedu, foi totalmente\u00a0 reestruturada. Atualmente, conta tamb\u00e9m com um espa\u00e7o para estudos, e disponibiliza aos usu\u00e1rios o uso de computadores para a realiza\u00e7\u00e3o de pesquisas cient\u00edficas.\u00a0<\/span><\/p><p><span style=\"font-weight: 400;\">Tem como objetivo <\/span><span style=\"font-weight: 400;\">conservar e preservar os acervos impressos e digitais especializados, <\/span><span style=\"font-weight: 400;\">interagir com sua comunidade acad\u00eamica, buscando facilitar o acesso \u00e0 informa\u00e7\u00e3o e colaborar para a constru\u00e7\u00e3o de novos conhecimentos.\u00a0<\/span><\/p><p><span style=\"font-weight: 400;\">Possui um acervo especializado em Educa\u00e7\u00e3o, constitu\u00eddo por livros, peri\u00f3dicos, teses, disserta\u00e7\u00f5es, TCCs, dentre outros, que visa atender \u00e0s necessidades informacionais dos cursos de Gradua\u00e7\u00e3o e P\u00f3s-Gradua\u00e7\u00e3o em Educa\u00e7\u00e3o.<\/span><\/p><p><b>Hor\u00e1rio de funcionamento: <\/b><span style=\"font-weight: 400;\">de segunda a sexta, das<\/span><b> 07h30 \u00e0s 21h30.<\/b><\/p><p><b>Endere\u00e7o: <\/b><span style=\"font-weight: 400;\">Centro de Educa\u00e7\u00e3o (CEDU) &#8211; Campus A. C. Sim\u00f5es &#8211; Av. Lourival Melo Mota, s\/n,\u00a0 CEP: 57.072-900. Macei\u00f3 &#8211; AL<\/span><\/p><p><b>Lista de Servi\u00e7os:<\/b><\/p><p><span style=\"font-weight: 400;\">Consulta ao Cat\u00e1logo<\/span><\/p><p><span style=\"font-weight: 400;\">Empr\u00e9stimo Domiciliar<\/span><\/p><p><b>Bibliotec\u00e1ria respons\u00e1vel: <\/b>Cl\u00e1udio C\u00e9sar Tem\u00f3teo Galvino<b>,\u00a0 <\/b><span style=\"font-weight: 400;\">L\u00facia Lima do Nascimento<\/span><\/p><p><b>E-mail: <\/b>biblioteca.setorial@cedu.ufal.br<\/p><p><b>Telefone: <\/b><span style=\"font-weight: 400;\">(82) 3214-1192<\/span><\/p><p><b>Instagram: <\/b>@bibcedu<\/p><\/div>\n\t\t\t\t<\/div>\n\t\t\t\t<\/div>\n\t\t\t\t\t\t<\/div>\n\t\t\t<\/div>\n\t\t<\/div>\n\t\t\t\t\t\t<\/div>\n\t\t\t<\/div>\n\t\t<\/section>\n\t\t\t\t\t\t<\/div>\n\t\t\t<\/div>\n\t\t<\/div>\n\t\t","protected":false},"excerpt":{"rendered":"<p>Biblioteca Setorial L\u00facia Lima do Nascimento &#8211; CEDU A Biblioteca Setorial do Centro de Educa\u00e7\u00e3o (CEDU), localizada no Campus A. C. Sim\u00f5es, antes denominada de Sala de Leitura, surgiu da necessidade de atendimento \u00e0s demandas informacionais do curso de P\u00f3s-Gradua\u00e7\u00e3o em Educa\u00e7\u00e3o (PPGE). Hoje, seu acervo encontra-se em processo de cataloga\u00e7\u00e3o no sistema Pergamum, gerenciador [&hellip;]<\/p>\n","protected":false},"author":1,"featured_media":0,"parent":10,"menu_order":0,"comment_status":"closed","ping_status":"closed","template":"","meta":[],"_links":{"self":[{"href":"https:\/\/sibi.ufal.br\/portal\/index.php?rest_route=\/wp\/v2\/pages\/1024"}],"collection":[{"href":"https:\/\/sibi.ufal.br\/portal\/index.php?rest_route=\/wp\/v2\/pages"}],"about":[{"href":"https:\/\/sibi.ufal.br\/portal\/index.php?rest_route=\/wp\/v2\/types\/page"}],"author":[{"embeddable":true,"href":"https:\/\/sibi.ufal.br\/portal\/index.php?rest_route=\/wp\/v2\/users\/1"}],"replies":[{"embeddable":true,"href":"https:\/\/sibi.ufal.br\/portal\/index.php?rest_route=%2Fwp%2Fv2%2Fcomments&post=1024"}],"version-history":[{"count":12,"href":"https:\/\/sibi.ufal.br\/portal\/index.php?rest_route=\/wp\/v2\/pages\/1024\/revisions"}],"predecessor-version":[{"id":3989,"href":"https:\/\/sibi.ufal.br\/portal\/index.php?rest_route=\/wp\/v2\/pages\/1024\/revisions\/3989"}],"up":[{"embeddable":true,"href":"https:\/\/sibi.ufal.br\/portal\/index.php?rest_route=\/wp\/v2\/pages\/10"}],"wp:attachment":[{"href":"https:\/\/sibi.ufal.br\/portal\/index.php?rest_route=%2Fwp%2Fv2%2Fmedia&parent=1024"}],"curies":[{"name":"wp","href":"https:\/\/api.w.org\/{rel}","templated":true}]}}