{"id":1026,"date":"2019-09-26T15:47:01","date_gmt":"2019-09-26T18:47:01","guid":{"rendered":"http:\/\/seer.ufal.br\/portalsibi\/?page_id=1026"},"modified":"2019-12-11T02:08:09","modified_gmt":"2019-12-11T05:08:09","slug":"museu-t-brandao","status":"publish","type":"page","link":"https:\/\/sibi.ufal.br\/portal\/?page_id=1026","title":{"rendered":"MUSEU T. BRAND\u00c3O"},"content":{"rendered":"\t\t<div data-elementor-type=\"post\" data-elementor-id=\"1026\" class=\"elementor elementor-1026\" data-elementor-settings=\"[]\">\n\t\t\t<div class=\"elementor-inner\">\n\t\t\t\t<div class=\"elementor-section-wrap\">\n\t\t\t\t\t\t\t<section class=\"elementor-element elementor-element-a56f4b2 elementor-section-boxed elementor-section-height-default elementor-section-height-default elementor-section elementor-top-section\" data-id=\"a56f4b2\" data-element_type=\"section\">\n\t\t\t\t\t\t<div class=\"elementor-container elementor-column-gap-default\">\n\t\t\t\t<div class=\"elementor-row\">\n\t\t\t\t<div class=\"elementor-element elementor-element-1b7fd06 elementor-column elementor-col-100 elementor-top-column\" data-id=\"1b7fd06\" data-element_type=\"column\">\n\t\t\t<div class=\"elementor-column-wrap  elementor-element-populated\">\n\t\t\t\t\t<div class=\"elementor-widget-wrap\">\n\t\t\t\t<div class=\"elementor-element elementor-element-759a3b9 elementor-invisible elementor-widget elementor-widget-heading\" data-id=\"759a3b9\" data-element_type=\"widget\" data-settings=\"{&quot;_animation&quot;:&quot;fadeInLeft&quot;}\" data-widget_type=\"heading.default\">\n\t\t\t\t<div class=\"elementor-widget-container\">\n\t\t\t<h2 class=\"elementor-heading-title elementor-size-default\">Biblioteca Setorial Museu Th\u00e9o Brand\u00e3o - MTB<\/h2>\t\t<\/div>\n\t\t\t\t<\/div>\n\t\t\t\t\t\t<\/div>\n\t\t\t<\/div>\n\t\t<\/div>\n\t\t\t\t\t\t<\/div>\n\t\t\t<\/div>\n\t\t<\/section>\n\t\t\t\t<section class=\"elementor-element elementor-element-57b0a5f elementor-section-boxed elementor-section-height-default elementor-section-height-default elementor-section elementor-top-section\" data-id=\"57b0a5f\" data-element_type=\"section\">\n\t\t\t\t\t\t<div class=\"elementor-container elementor-column-gap-default\">\n\t\t\t\t<div class=\"elementor-row\">\n\t\t\t\t<div class=\"elementor-element elementor-element-b130e87 elementor-column elementor-col-100 elementor-top-column\" data-id=\"b130e87\" data-element_type=\"column\">\n\t\t\t<div class=\"elementor-column-wrap  elementor-element-populated\">\n\t\t\t\t\t<div class=\"elementor-widget-wrap\">\n\t\t\t\t<div class=\"elementor-element elementor-element-dce1187 elementor-invisible elementor-widget elementor-widget-divider\" data-id=\"dce1187\" data-element_type=\"widget\" data-settings=\"{&quot;_animation&quot;:&quot;fadeInRight&quot;}\" data-widget_type=\"divider.default\">\n\t\t\t\t<div class=\"elementor-widget-container\">\n\t\t\t\t\t<div class=\"elementor-divider\">\n\t\t\t<span class=\"elementor-divider-separator\"><\/span>\n\t\t<\/div>\n\t\t\t\t<\/div>\n\t\t\t\t<\/div>\n\t\t\t\t\t\t<\/div>\n\t\t\t<\/div>\n\t\t<\/div>\n\t\t\t\t\t\t<\/div>\n\t\t\t<\/div>\n\t\t<\/section>\n\t\t\t\t<section class=\"elementor-element elementor-element-e7e0714 elementor-section-boxed elementor-section-height-default elementor-section-height-default elementor-section elementor-top-section\" data-id=\"e7e0714\" data-element_type=\"section\">\n\t\t\t\t\t\t<div class=\"elementor-container elementor-column-gap-default\">\n\t\t\t\t<div class=\"elementor-row\">\n\t\t\t\t<div class=\"elementor-element elementor-element-4f895a6 elementor-column elementor-col-100 elementor-top-column\" data-id=\"4f895a6\" data-element_type=\"column\">\n\t\t\t<div class=\"elementor-column-wrap  elementor-element-populated\">\n\t\t\t\t\t<div class=\"elementor-widget-wrap\">\n\t\t\t\t<div class=\"elementor-element elementor-element-7c7acba elementor-widget elementor-widget-image-gallery\" data-id=\"7c7acba\" data-element_type=\"widget\" data-widget_type=\"image-gallery.default\">\n\t\t\t\t<div class=\"elementor-widget-container\">\n\t\t\t\t\t<div class=\"elementor-image-gallery\">\n\t\t\t<div id='gallery-1' class='gallery galleryid-1026 gallery-columns-3 gallery-size-medium'><figure class='gallery-item'>\n\t\t\t<div class='gallery-icon landscape'>\n\t\t\t\t<a data-elementor-open-lightbox=\"default\" data-elementor-lightbox-slideshow=\"7c7acba\" href='https:\/\/sibi.ufal.br\/portal\/wp-content\/uploads\/2019\/12\/WhatsApp-Image-2019-12-10-at-15.02.50.jpeg'><img width=\"300\" height=\"225\" src=\"https:\/\/sibi.ufal.br\/portal\/wp-content\/uploads\/2019\/12\/WhatsApp-Image-2019-12-10-at-15.02.50-300x225.jpeg\" class=\"attachment-medium size-medium\" alt=\"\" decoding=\"async\" loading=\"lazy\" srcset=\"https:\/\/sibi.ufal.br\/portal\/wp-content\/uploads\/2019\/12\/WhatsApp-Image-2019-12-10-at-15.02.50-300x225.jpeg 300w, https:\/\/sibi.ufal.br\/portal\/wp-content\/uploads\/2019\/12\/WhatsApp-Image-2019-12-10-at-15.02.50-768x576.jpeg 768w, https:\/\/sibi.ufal.br\/portal\/wp-content\/uploads\/2019\/12\/WhatsApp-Image-2019-12-10-at-15.02.50-1024x768.jpeg 1024w, https:\/\/sibi.ufal.br\/portal\/wp-content\/uploads\/2019\/12\/WhatsApp-Image-2019-12-10-at-15.02.50.jpeg 1280w\" sizes=\"(max-width: 300px) 100vw, 300px\" \/><\/a>\n\t\t\t<\/div><\/figure><figure class='gallery-item'>\n\t\t\t<div class='gallery-icon landscape'>\n\t\t\t\t<a data-elementor-open-lightbox=\"default\" data-elementor-lightbox-slideshow=\"7c7acba\" href='https:\/\/sibi.ufal.br\/portal\/wp-content\/uploads\/2019\/12\/images_museu.jpg'><img width=\"259\" height=\"194\" src=\"https:\/\/sibi.ufal.br\/portal\/wp-content\/uploads\/2019\/12\/images_museu.jpg\" class=\"attachment-medium size-medium\" alt=\"\" decoding=\"async\" loading=\"lazy\" \/><\/a>\n\t\t\t<\/div><\/figure><figure class='gallery-item'>\n\t\t\t<div class='gallery-icon landscape'>\n\t\t\t\t<a data-elementor-open-lightbox=\"default\" data-elementor-lightbox-slideshow=\"7c7acba\" href='https:\/\/sibi.ufal.br\/portal\/wp-content\/uploads\/2019\/12\/WhatsApp-Image-2019-12-10-at-15.02.51.jpeg'><img width=\"300\" height=\"225\" src=\"https:\/\/sibi.ufal.br\/portal\/wp-content\/uploads\/2019\/12\/WhatsApp-Image-2019-12-10-at-15.02.51-300x225.jpeg\" class=\"attachment-medium size-medium\" alt=\"\" decoding=\"async\" loading=\"lazy\" srcset=\"https:\/\/sibi.ufal.br\/portal\/wp-content\/uploads\/2019\/12\/WhatsApp-Image-2019-12-10-at-15.02.51-300x225.jpeg 300w, https:\/\/sibi.ufal.br\/portal\/wp-content\/uploads\/2019\/12\/WhatsApp-Image-2019-12-10-at-15.02.51-768x576.jpeg 768w, https:\/\/sibi.ufal.br\/portal\/wp-content\/uploads\/2019\/12\/WhatsApp-Image-2019-12-10-at-15.02.51-1024x768.jpeg 1024w, https:\/\/sibi.ufal.br\/portal\/wp-content\/uploads\/2019\/12\/WhatsApp-Image-2019-12-10-at-15.02.51.jpeg 1280w\" sizes=\"(max-width: 300px) 100vw, 300px\" \/><\/a>\n\t\t\t<\/div><\/figure>\n\t\t<\/div>\n\t\t<\/div>\n\t\t\t\t<\/div>\n\t\t\t\t<\/div>\n\t\t\t\t<div class=\"elementor-element elementor-element-8d196f7 elementor-widget elementor-widget-text-editor\" data-id=\"8d196f7\" data-element_type=\"widget\" data-widget_type=\"text-editor.default\">\n\t\t\t\t<div class=\"elementor-widget-container\">\n\t\t\t\t\t<div class=\"elementor-text-editor elementor-clearfix\"><p><span style=\"font-weight: 400;\">A Biblioteca Setorial do Museu Th\u00e9o Brand\u00e3o (MTB), disponibiliza um acervo de grande valor hist\u00f3rico, al\u00e9m de exemplares raros, formado por livros, literatura de cordel e peri\u00f3dicos (nacionais e estrangeiros). Todo o <\/span><span style=\"font-weight: 400;\">acervo foi constitu\u00eddo a partir de doa\u00e7\u00f5es, somando, aproximadamente, 2 (dois) mil t\u00edtulos de livros e mais 2 (dois) mil exemplares de folhetos de cord\u00e9is.<\/span><\/p><p><span style=\"font-weight: 400;\">Entre as doa\u00e7\u00f5es, destacam-se a doa\u00e7\u00e3o da cole\u00e7\u00e3o pessoal de <\/span><span style=\"font-weight: 400;\">Theot\u00f4nio Brand\u00e3o Vilela <\/span><span style=\"font-weight: 400;\">(1907-1981), <\/span><span style=\"font-weight: 400;\">professor, m\u00e9dico e folclorista muito distinto para <\/span><span style=\"font-weight: 400;\">a cultura brasileira e a de livros e literatura de cordel, de seu primo e disc\u00edpulo, o folclorista Jos\u00e9 Alo\u00edsio Vilela. Outras doa\u00e7\u00f5es de valor advieram de institui\u00e7\u00f5es museais, professores da Ufal e de outras entidades voltadas para a tem\u00e1tica da cultura popular.<\/span><\/p><p>\u00a0<\/p><p><span style=\"font-weight: 400;\">A despeito de ser uma biblioteca tem\u00e1tica, especializada em Cultura Popular, Antropologia e outras disciplinas das Ci\u00eancias Sociais, encontramos em seu acervo outras \u00e1reas do conhecimento humano, mais especificamente, dentre o material doado pelo pr\u00f3prio Th\u00e9o Brand\u00e3o, a saber: Matem\u00e1tica, Ci\u00eancias Naturais, Ci\u00eancias Aplicadas, Medicina, Letras e Artes. Isto \u00e9, uma cole\u00e7\u00e3o totalmente multidisciplinar.<\/span><\/p><p><span style=\"font-weight: 400;\">No per\u00edodo compreendido entre 2012 e 2015, a Biblioteca passou por uma reestrutura\u00e7\u00e3o em seu layout, e, atualmente, seu precioso acervo est\u00e1 sendo catalogado no sistema Pergamum, um gerenciador dos servi\u00e7os t\u00e9cnicos bibliot\u00e9carios.<\/span><\/p><p><span style=\"font-weight: 400;\">Ressalta-se que, por ser uma Biblioteca diferenciada, seu encontra-se dispon\u00edvel ao p\u00fablico apenas para a consulta local.\u00a0 <\/span><b>\u00a0\u00a0<\/b><\/p><p>\u00a0<\/p><p><b>Hor\u00e1rio de funcionamento: <\/b><span style=\"font-weight: 400;\">de segunda a sexta, das<\/span> <b>8h \u00e0s 17h.<\/b><\/p><p><b>Endere\u00e7o: <\/b><span style=\"font-weight: 400;\">Av. da Paz, 1.490, Centro. Macei\u00f3 &#8211; AL.<\/span><\/p><p>\u00a0<\/p><p><b>Lista de Servi\u00e7os: <\/b><span style=\"font-weight: 400;\">Consulta local<\/span><\/p><p>\u00a0<\/p><p><b>Bibliotec\u00e1ria respons\u00e1vel: <\/b><span style=\"font-weight: 400;\">Jana\u00edna Xisto<\/span><\/p><p><b>E-mail: <\/b><span style=\"font-weight: 400;\">comunicacaomtb@gmail.com<\/span><\/p><p><b>Telefone: <\/b><span style=\"font-weight: 400;\">(82) 3214-1716<\/span><\/p><p>\u00a0<\/p><p><b>Instagram: <\/b><span style=\"font-weight: 400;\">@museutheobrandao<\/span><\/p><\/div>\n\t\t\t\t<\/div>\n\t\t\t\t<\/div>\n\t\t\t\t\t\t<\/div>\n\t\t\t<\/div>\n\t\t<\/div>\n\t\t\t\t\t\t<\/div>\n\t\t\t<\/div>\n\t\t<\/section>\n\t\t\t\t\t\t<\/div>\n\t\t\t<\/div>\n\t\t<\/div>\n\t\t","protected":false},"excerpt":{"rendered":"<p>Biblioteca Setorial Museu Th\u00e9o Brand\u00e3o &#8211; MTB A Biblioteca Setorial do Museu Th\u00e9o Brand\u00e3o (MTB), disponibiliza um acervo de grande valor hist\u00f3rico, al\u00e9m de exemplares raros, formado por livros, literatura de cordel e peri\u00f3dicos (nacionais e estrangeiros). Todo o acervo foi constitu\u00eddo a partir de doa\u00e7\u00f5es, somando, aproximadamente, 2 (dois) mil t\u00edtulos de livros e [&hellip;]<\/p>\n","protected":false},"author":1,"featured_media":0,"parent":10,"menu_order":0,"comment_status":"closed","ping_status":"closed","template":"","meta":[],"_links":{"self":[{"href":"https:\/\/sibi.ufal.br\/portal\/index.php?rest_route=\/wp\/v2\/pages\/1026"}],"collection":[{"href":"https:\/\/sibi.ufal.br\/portal\/index.php?rest_route=\/wp\/v2\/pages"}],"about":[{"href":"https:\/\/sibi.ufal.br\/portal\/index.php?rest_route=\/wp\/v2\/types\/page"}],"author":[{"embeddable":true,"href":"https:\/\/sibi.ufal.br\/portal\/index.php?rest_route=\/wp\/v2\/users\/1"}],"replies":[{"embeddable":true,"href":"https:\/\/sibi.ufal.br\/portal\/index.php?rest_route=%2Fwp%2Fv2%2Fcomments&post=1026"}],"version-history":[{"count":10,"href":"https:\/\/sibi.ufal.br\/portal\/index.php?rest_route=\/wp\/v2\/pages\/1026\/revisions"}],"predecessor-version":[{"id":2519,"href":"https:\/\/sibi.ufal.br\/portal\/index.php?rest_route=\/wp\/v2\/pages\/1026\/revisions\/2519"}],"up":[{"embeddable":true,"href":"https:\/\/sibi.ufal.br\/portal\/index.php?rest_route=\/wp\/v2\/pages\/10"}],"wp:attachment":[{"href":"https:\/\/sibi.ufal.br\/portal\/index.php?rest_route=%2Fwp%2Fv2%2Fmedia&parent=1026"}],"curies":[{"name":"wp","href":"https:\/\/api.w.org\/{rel}","templated":true}]}}