{"id":13,"date":"2019-08-17T18:34:42","date_gmt":"2019-08-17T21:34:42","guid":{"rendered":"http:\/\/seer.ufal.br\/portalsibi\/?page_id=13"},"modified":"2023-07-21T12:17:39","modified_gmt":"2023-07-21T15:17:39","slug":"espacos-fisicos","status":"publish","type":"page","link":"https:\/\/sibi.ufal.br\/portal\/?page_id=13","title":{"rendered":"Agendamento de Espa\u00e7os da BC"},"content":{"rendered":"\t\t<div data-elementor-type=\"post\" data-elementor-id=\"13\" class=\"elementor elementor-13\" data-elementor-settings=\"[]\">\n\t\t\t<div class=\"elementor-inner\">\n\t\t\t\t<div class=\"elementor-section-wrap\">\n\t\t\t\t\t\t\t<section class=\"elementor-element elementor-element-387d7cc elementor-section-boxed elementor-section-height-default elementor-section-height-default elementor-section elementor-top-section\" data-id=\"387d7cc\" data-element_type=\"section\">\n\t\t\t\t\t\t<div class=\"elementor-container elementor-column-gap-default\">\n\t\t\t\t<div class=\"elementor-row\">\n\t\t\t\t<div class=\"elementor-element elementor-element-424522c elementor-column elementor-col-100 elementor-top-column\" data-id=\"424522c\" data-element_type=\"column\">\n\t\t\t<div class=\"elementor-column-wrap  elementor-element-populated\">\n\t\t\t\t\t<div class=\"elementor-widget-wrap\">\n\t\t\t\t<div class=\"elementor-element elementor-element-4c87626 elementor-widget elementor-widget-heading\" data-id=\"4c87626\" data-element_type=\"widget\" data-widget_type=\"heading.default\">\n\t\t\t\t<div class=\"elementor-widget-container\">\n\t\t\t<h2 class=\"elementor-heading-title elementor-size-default\">Espa\u00e7os Multim\u00eddias<\/h2>\t\t<\/div>\n\t\t\t\t<\/div>\n\t\t\t\t\t\t<\/div>\n\t\t\t<\/div>\n\t\t<\/div>\n\t\t\t\t\t\t<\/div>\n\t\t\t<\/div>\n\t\t<\/section>\n\t\t\t\t<section class=\"elementor-element elementor-element-af51912 elementor-section-boxed elementor-section-height-default elementor-section-height-default elementor-section elementor-top-section\" data-id=\"af51912\" data-element_type=\"section\">\n\t\t\t\t\t\t<div class=\"elementor-container elementor-column-gap-default\">\n\t\t\t\t<div class=\"elementor-row\">\n\t\t\t\t<div class=\"elementor-element elementor-element-880819e elementor-column elementor-col-100 elementor-top-column\" data-id=\"880819e\" data-element_type=\"column\">\n\t\t\t<div class=\"elementor-column-wrap  elementor-element-populated\">\n\t\t\t\t\t<div class=\"elementor-widget-wrap\">\n\t\t\t\t<div class=\"elementor-element elementor-element-a135eb0 elementor-invisible elementor-widget elementor-widget-divider\" data-id=\"a135eb0\" data-element_type=\"widget\" data-settings=\"{&quot;_animation&quot;:&quot;fadeInRight&quot;}\" data-widget_type=\"divider.default\">\n\t\t\t\t<div class=\"elementor-widget-container\">\n\t\t\t\t\t<div class=\"elementor-divider\">\n\t\t\t<span class=\"elementor-divider-separator\"><\/span>\n\t\t<\/div>\n\t\t\t\t<\/div>\n\t\t\t\t<\/div>\n\t\t\t\t\t\t<\/div>\n\t\t\t<\/div>\n\t\t<\/div>\n\t\t\t\t\t\t<\/div>\n\t\t\t<\/div>\n\t\t<\/section>\n\t\t\t\t<section class=\"elementor-element elementor-element-6919d8d elementor-section-boxed elementor-section-height-default elementor-section-height-default elementor-section elementor-top-section\" data-id=\"6919d8d\" data-element_type=\"section\">\n\t\t\t\t\t\t<div class=\"elementor-container elementor-column-gap-default\">\n\t\t\t\t<div class=\"elementor-row\">\n\t\t\t\t<div class=\"elementor-element elementor-element-0dcf5ed elementor-column elementor-col-100 elementor-top-column\" data-id=\"0dcf5ed\" data-element_type=\"column\">\n\t\t\t<div class=\"elementor-column-wrap  elementor-element-populated\">\n\t\t\t\t\t<div class=\"elementor-widget-wrap\">\n\t\t\t\t<div class=\"elementor-element elementor-element-e9e1c55 elementor-widget elementor-widget-text-editor\" data-id=\"e9e1c55\" data-element_type=\"widget\" data-widget_type=\"text-editor.default\">\n\t\t\t\t<div class=\"elementor-widget-container\">\n\t\t\t\t\t<div class=\"elementor-text-editor elementor-clearfix\"><p>Os Espa\u00e7os Multim\u00eddia da Biblioteca Central da UFAL (ambientes f\u00edsicos) possuem infraestrutura adequada para receber diferentes tipos de eventos, promovidos ou apoiados por nossa Universidade, que objetivem servir ao ensino, \u00e0 pesquisa, \u00e0 extens\u00e3o e \u00e0 administra\u00e7\u00e3o de nossa Universidade. S\u00e3o exemplos desses tipos de evento: reuni\u00f5es, apresenta\u00e7\u00f5es, workshops, semin\u00e1rios, cursos, palestras, exposi\u00e7\u00f5es, entre outros.<\/p><p>Os Espa\u00e7os Multim\u00eddia disponibilizados pela BC s\u00e3o:<\/p><\/div>\n\t\t\t\t<\/div>\n\t\t\t\t<\/div>\n\t\t\t\t\t\t<\/div>\n\t\t\t<\/div>\n\t\t<\/div>\n\t\t\t\t\t\t<\/div>\n\t\t\t<\/div>\n\t\t<\/section>\n\t\t\t\t<section class=\"elementor-element elementor-element-930641a elementor-section-boxed elementor-section-height-default elementor-section-height-default elementor-section elementor-top-section\" data-id=\"930641a\" data-element_type=\"section\">\n\t\t\t\t\t\t<div class=\"elementor-container elementor-column-gap-default\">\n\t\t\t\t<div class=\"elementor-row\">\n\t\t\t\t<div class=\"elementor-element elementor-element-7156f93 elementor-column elementor-col-50 elementor-top-column\" data-id=\"7156f93\" data-element_type=\"column\">\n\t\t\t<div class=\"elementor-column-wrap  elementor-element-populated\">\n\t\t\t\t\t<div class=\"elementor-widget-wrap\">\n\t\t\t\t<section class=\"elementor-element elementor-element-3f85c71 elementor-section-boxed elementor-section-height-default elementor-section-height-default elementor-section elementor-inner-section\" data-id=\"3f85c71\" data-element_type=\"section\">\n\t\t\t\t\t\t<div class=\"elementor-container elementor-column-gap-default\">\n\t\t\t\t<div class=\"elementor-row\">\n\t\t\t\t<div class=\"elementor-element elementor-element-325cfbe elementor-column elementor-col-50 elementor-inner-column\" data-id=\"325cfbe\" data-element_type=\"column\">\n\t\t\t<div class=\"elementor-column-wrap  elementor-element-populated\">\n\t\t\t\t\t<div class=\"elementor-widget-wrap\">\n\t\t\t\t<div class=\"elementor-element elementor-element-35389df elementor-position-top elementor-vertical-align-top elementor-widget elementor-widget-image-box\" data-id=\"35389df\" data-element_type=\"widget\" data-widget_type=\"image-box.default\">\n\t\t\t\t<div class=\"elementor-widget-container\">\n\t\t\t<div class=\"elementor-image-box-wrapper\"><figure class=\"elementor-image-box-img\"><a href=\"http:\/\/seer.ufal.br\/portalsibi\/?page_id=706\"><img width=\"5760\" height=\"3840\" src=\"https:\/\/sibi.ufal.br\/portal\/wp-content\/uploads\/2019\/09\/L4A0038.jpg\" class=\"elementor-animation-grow attachment-full size-full\" alt=\"\" decoding=\"async\" loading=\"lazy\" srcset=\"https:\/\/sibi.ufal.br\/portal\/wp-content\/uploads\/2019\/09\/L4A0038.jpg 5760w, https:\/\/sibi.ufal.br\/portal\/wp-content\/uploads\/2019\/09\/L4A0038-300x200.jpg 300w, https:\/\/sibi.ufal.br\/portal\/wp-content\/uploads\/2019\/09\/L4A0038-768x512.jpg 768w, https:\/\/sibi.ufal.br\/portal\/wp-content\/uploads\/2019\/09\/L4A0038-1024x683.jpg 1024w\" sizes=\"(max-width: 5760px) 100vw, 5760px\" \/><\/a><\/figure><div class=\"elementor-image-box-content\"><h3 class=\"elementor-image-box-title\"><a href=\"http:\/\/seer.ufal.br\/portalsibi\/?page_id=706\">Audit\u00f3rio<\/a><\/h3><\/div><\/div>\t\t<\/div>\n\t\t\t\t<\/div>\n\t\t\t\t\t\t<\/div>\n\t\t\t<\/div>\n\t\t<\/div>\n\t\t\t\t<div class=\"elementor-element elementor-element-96e87f3 elementor-column elementor-col-50 elementor-inner-column\" data-id=\"96e87f3\" data-element_type=\"column\">\n\t\t\t<div class=\"elementor-column-wrap  elementor-element-populated\">\n\t\t\t\t\t<div class=\"elementor-widget-wrap\">\n\t\t\t\t<div class=\"elementor-element elementor-element-92f5c22 elementor-position-top elementor-vertical-align-top elementor-widget elementor-widget-image-box\" data-id=\"92f5c22\" data-element_type=\"widget\" data-widget_type=\"image-box.default\">\n\t\t\t\t<div class=\"elementor-widget-container\">\n\t\t\t<div class=\"elementor-image-box-wrapper\"><figure class=\"elementor-image-box-img\"><a href=\"http:\/\/seer.ufal.br\/portalsibi\/?page_id=718\"><img width=\"5760\" height=\"3840\" src=\"https:\/\/sibi.ufal.br\/portal\/wp-content\/uploads\/2019\/09\/L4A9998.jpg\" class=\"elementor-animation-grow attachment-full size-full\" alt=\"\" decoding=\"async\" loading=\"lazy\" srcset=\"https:\/\/sibi.ufal.br\/portal\/wp-content\/uploads\/2019\/09\/L4A9998.jpg 5760w, https:\/\/sibi.ufal.br\/portal\/wp-content\/uploads\/2019\/09\/L4A9998-300x200.jpg 300w, https:\/\/sibi.ufal.br\/portal\/wp-content\/uploads\/2019\/09\/L4A9998-768x512.jpg 768w, https:\/\/sibi.ufal.br\/portal\/wp-content\/uploads\/2019\/09\/L4A9998-1024x683.jpg 1024w\" sizes=\"(max-width: 5760px) 100vw, 5760px\" \/><\/a><\/figure><div class=\"elementor-image-box-content\"><h3 class=\"elementor-image-box-title\"><a href=\"http:\/\/seer.ufal.br\/portalsibi\/?page_id=718\">Hall<\/a><\/h3><\/div><\/div>\t\t<\/div>\n\t\t\t\t<\/div>\n\t\t\t\t\t\t<\/div>\n\t\t\t<\/div>\n\t\t<\/div>\n\t\t\t\t\t\t<\/div>\n\t\t\t<\/div>\n\t\t<\/section>\n\t\t\t\t<section class=\"elementor-element elementor-element-6dc2cf9 elementor-section-boxed elementor-section-height-default elementor-section-height-default elementor-section elementor-inner-section\" data-id=\"6dc2cf9\" data-element_type=\"section\">\n\t\t\t\t\t\t<div class=\"elementor-container elementor-column-gap-default\">\n\t\t\t\t<div class=\"elementor-row\">\n\t\t\t\t<div class=\"elementor-element elementor-element-c95d826 elementor-column elementor-col-50 elementor-inner-column\" data-id=\"c95d826\" data-element_type=\"column\">\n\t\t\t<div class=\"elementor-column-wrap  elementor-element-populated\">\n\t\t\t\t\t<div class=\"elementor-widget-wrap\">\n\t\t\t\t<div class=\"elementor-element elementor-element-37a1f47 elementor-position-top elementor-vertical-align-top elementor-widget elementor-widget-image-box\" data-id=\"37a1f47\" data-element_type=\"widget\" data-widget_type=\"image-box.default\">\n\t\t\t\t<div class=\"elementor-widget-container\">\n\t\t\t<div class=\"elementor-image-box-wrapper\"><figure class=\"elementor-image-box-img\"><a href=\"http:\/\/seer.ufal.br\/portalsibi\/?page_id=712\"><img width=\"5760\" height=\"3840\" src=\"https:\/\/sibi.ufal.br\/portal\/wp-content\/uploads\/2019\/09\/L4A0068.jpg\" class=\"elementor-animation-grow attachment-full size-full\" alt=\"\" decoding=\"async\" loading=\"lazy\" srcset=\"https:\/\/sibi.ufal.br\/portal\/wp-content\/uploads\/2019\/09\/L4A0068.jpg 5760w, https:\/\/sibi.ufal.br\/portal\/wp-content\/uploads\/2019\/09\/L4A0068-300x200.jpg 300w, https:\/\/sibi.ufal.br\/portal\/wp-content\/uploads\/2019\/09\/L4A0068-768x512.jpg 768w, https:\/\/sibi.ufal.br\/portal\/wp-content\/uploads\/2019\/09\/L4A0068-1024x683.jpg 1024w\" sizes=\"(max-width: 5760px) 100vw, 5760px\" \/><\/a><\/figure><div class=\"elementor-image-box-content\"><h3 class=\"elementor-image-box-title\"><a href=\"http:\/\/seer.ufal.br\/portalsibi\/?page_id=712\">Miniaudit\u00f3rio<\/a><\/h3><\/div><\/div>\t\t<\/div>\n\t\t\t\t<\/div>\n\t\t\t\t\t\t<\/div>\n\t\t\t<\/div>\n\t\t<\/div>\n\t\t\t\t<div class=\"elementor-element elementor-element-04c09b4 elementor-column elementor-col-50 elementor-inner-column\" data-id=\"04c09b4\" data-element_type=\"column\">\n\t\t\t<div class=\"elementor-column-wrap  elementor-element-populated\">\n\t\t\t\t\t<div class=\"elementor-widget-wrap\">\n\t\t\t\t<div class=\"elementor-element elementor-element-c584959 elementor-position-top elementor-vertical-align-top elementor-widget elementor-widget-image-box\" data-id=\"c584959\" data-element_type=\"widget\" data-widget_type=\"image-box.default\">\n\t\t\t\t<div class=\"elementor-widget-container\">\n\t\t\t<div class=\"elementor-image-box-wrapper\"><figure class=\"elementor-image-box-img\"><a href=\"http:\/\/seer.ufal.br\/portalsibi\/?page_id=715\"><img width=\"5760\" height=\"3840\" src=\"https:\/\/sibi.ufal.br\/portal\/wp-content\/uploads\/2019\/09\/L4A0061.jpg\" class=\"elementor-animation-grow attachment-full size-full\" alt=\"\" decoding=\"async\" loading=\"lazy\" srcset=\"https:\/\/sibi.ufal.br\/portal\/wp-content\/uploads\/2019\/09\/L4A0061.jpg 5760w, https:\/\/sibi.ufal.br\/portal\/wp-content\/uploads\/2019\/09\/L4A0061-300x200.jpg 300w, https:\/\/sibi.ufal.br\/portal\/wp-content\/uploads\/2019\/09\/L4A0061-768x512.jpg 768w, https:\/\/sibi.ufal.br\/portal\/wp-content\/uploads\/2019\/09\/L4A0061-1024x683.jpg 1024w\" sizes=\"(max-width: 5760px) 100vw, 5760px\" \/><\/a><\/figure><div class=\"elementor-image-box-content\"><h3 class=\"elementor-image-box-title\"><a href=\"http:\/\/seer.ufal.br\/portalsibi\/?page_id=715\">Sala de aula<\/a><\/h3><\/div><\/div>\t\t<\/div>\n\t\t\t\t<\/div>\n\t\t\t\t\t\t<\/div>\n\t\t\t<\/div>\n\t\t<\/div>\n\t\t\t\t\t\t<\/div>\n\t\t\t<\/div>\n\t\t<\/section>\n\t\t\t\t\t\t<\/div>\n\t\t\t<\/div>\n\t\t<\/div>\n\t\t\t\t<div class=\"elementor-element elementor-element-302c9c1 elementor-column elementor-col-50 elementor-top-column\" data-id=\"302c9c1\" data-element_type=\"column\">\n\t\t\t<div class=\"elementor-column-wrap  elementor-element-populated\">\n\t\t\t\t\t<div class=\"elementor-widget-wrap\">\n\t\t\t\t<div class=\"elementor-element elementor-element-6feff68 elementor-button-info elementor-align-center elementor-tablet-align-left elementor-mobile-align-center elementor-widget elementor-widget-button\" data-id=\"6feff68\" data-element_type=\"widget\" data-widget_type=\"button.default\">\n\t\t\t\t<div class=\"elementor-widget-container\">\n\t\t\t\t\t<div class=\"elementor-button-wrapper\">\n\t\t\t<a href=\"http:\/\/seer.ufal.br\/portalsibi\/?page_id=721\" class=\"elementor-button-link elementor-button elementor-size-xs\" role=\"button\">\n\t\t\t\t\t\t<span class=\"elementor-button-content-wrapper\">\n\t\t\t\t\t\t<span class=\"elementor-button-icon elementor-align-icon-left\">\n\t\t\t\t<i aria-hidden=\"true\" class=\"fab fa-wpforms\"><\/i>\t\t\t<\/span>\n\t\t\t\t\t\t<span class=\"elementor-button-text\">Reserva suspensa<\/span>\n\t\t<\/span>\n\t\t\t\t\t<\/a>\n\t\t<\/div>\n\t\t\t\t<\/div>\n\t\t\t\t<\/div>\n\t\t\t\t<div class=\"elementor-element elementor-element-7216b06 eael-dual-header-content-align-center elementor-widget elementor-widget-eael-dual-color-header\" data-id=\"7216b06\" data-element_type=\"widget\" data-widget_type=\"eael-dual-color-header.default\">\n\t\t\t\t<div class=\"elementor-widget-container\">\n\t\t\t\t\t<div class=\"eael-dual-header\">\n\t\t<h2 class=\"title\"><span class=\"lead\"><\/span> <span><\/span><\/h2>\n\t   <span class=\"subtext\"><h4><strong><span style=\"color: #0dbcdb;\">ATEN\u00c7\u00c3O!<\/span>\u00a0<\/strong><\/h4><p>Os agendamentos dos Espa\u00e7os Multim\u00eddia da Biblioteca Central da UFAL est\u00e3o <em><strong>provisoriamente<\/strong> <strong>suspensos<\/strong><\/em>\u00a0em virtude da necessidade de <em>manuten\u00e7\u00e3o.<\/em><\/p><\/span>\n\t   \t<\/div>\n\t\n\t\n\t\n\t\n\t\t\t<\/div>\n\t\t\t\t<\/div>\n\t\t\t\t\t\t<\/div>\n\t\t\t<\/div>\n\t\t<\/div>\n\t\t\t\t\t\t<\/div>\n\t\t\t<\/div>\n\t\t<\/section>\n\t\t\t\t\t\t<\/div>\n\t\t\t<\/div>\n\t\t<\/div>\n\t\t","protected":false},"excerpt":{"rendered":"<p>Espa\u00e7os Multim\u00eddias Os Espa\u00e7os Multim\u00eddia da Biblioteca Central da UFAL (ambientes f\u00edsicos) possuem infraestrutura adequada para receber diferentes tipos de eventos, promovidos ou apoiados por nossa Universidade, que objetivem servir ao ensino, \u00e0 pesquisa, \u00e0 extens\u00e3o e \u00e0 administra\u00e7\u00e3o de nossa Universidade. S\u00e3o exemplos desses tipos de evento: reuni\u00f5es, apresenta\u00e7\u00f5es, workshops, semin\u00e1rios, cursos, palestras, exposi\u00e7\u00f5es, [&hellip;]<\/p>\n","protected":false},"author":1,"featured_media":0,"parent":0,"menu_order":0,"comment_status":"closed","ping_status":"closed","template":"","meta":[],"_links":{"self":[{"href":"https:\/\/sibi.ufal.br\/portal\/index.php?rest_route=\/wp\/v2\/pages\/13"}],"collection":[{"href":"https:\/\/sibi.ufal.br\/portal\/index.php?rest_route=\/wp\/v2\/pages"}],"about":[{"href":"https:\/\/sibi.ufal.br\/portal\/index.php?rest_route=\/wp\/v2\/types\/page"}],"author":[{"embeddable":true,"href":"https:\/\/sibi.ufal.br\/portal\/index.php?rest_route=\/wp\/v2\/users\/1"}],"replies":[{"embeddable":true,"href":"https:\/\/sibi.ufal.br\/portal\/index.php?rest_route=%2Fwp%2Fv2%2Fcomments&post=13"}],"version-history":[{"count":41,"href":"https:\/\/sibi.ufal.br\/portal\/index.php?rest_route=\/wp\/v2\/pages\/13\/revisions"}],"predecessor-version":[{"id":3620,"href":"https:\/\/sibi.ufal.br\/portal\/index.php?rest_route=\/wp\/v2\/pages\/13\/revisions\/3620"}],"wp:attachment":[{"href":"https:\/\/sibi.ufal.br\/portal\/index.php?rest_route=%2Fwp%2Fv2%2Fmedia&parent=13"}],"curies":[{"name":"wp","href":"https:\/\/api.w.org\/{rel}","templated":true}]}}