{"id":1334,"date":"2019-11-01T17:29:55","date_gmt":"2019-11-01T20:29:55","guid":{"rendered":"http:\/\/seer.ufal.br\/portalsibi\/?page_id=1334"},"modified":"2023-02-03T12:23:51","modified_gmt":"2023-02-03T15:23:51","slug":"ri-ufal","status":"publish","type":"page","link":"https:\/\/sibi.ufal.br\/portal\/?page_id=1334","title":{"rendered":"RIUFAL"},"content":{"rendered":"\t\t<div data-elementor-type=\"post\" data-elementor-id=\"1334\" class=\"elementor elementor-1334\" data-elementor-settings=\"[]\">\n\t\t\t<div class=\"elementor-inner\">\n\t\t\t\t<div class=\"elementor-section-wrap\">\n\t\t\t\t\t\t\t<section class=\"elementor-element elementor-element-5290ec1 elementor-section-boxed elementor-section-height-default elementor-section-height-default elementor-section elementor-top-section\" data-id=\"5290ec1\" data-element_type=\"section\">\n\t\t\t\t\t\t<div class=\"elementor-container elementor-column-gap-default\">\n\t\t\t\t<div class=\"elementor-row\">\n\t\t\t\t<div class=\"elementor-element elementor-element-5426e70 elementor-column elementor-col-100 elementor-top-column\" data-id=\"5426e70\" data-element_type=\"column\">\n\t\t\t<div class=\"elementor-column-wrap  elementor-element-populated\">\n\t\t\t\t\t<div class=\"elementor-widget-wrap\">\n\t\t\t\t<div class=\"elementor-element elementor-element-e1e7ebc elementor-widget elementor-widget-heading\" data-id=\"e1e7ebc\" data-element_type=\"widget\" data-widget_type=\"heading.default\">\n\t\t\t\t<div class=\"elementor-widget-container\">\n\t\t\t<h2 class=\"elementor-heading-title elementor-size-default\">Reposit\u00f3rio Institucional da UFAL - RI\/UFAL<\/h2>\t\t<\/div>\n\t\t\t\t<\/div>\n\t\t\t\t\t\t<\/div>\n\t\t\t<\/div>\n\t\t<\/div>\n\t\t\t\t\t\t<\/div>\n\t\t\t<\/div>\n\t\t<\/section>\n\t\t\t\t<section class=\"elementor-element elementor-element-8c65bc8 elementor-section-boxed elementor-section-height-default elementor-section-height-default elementor-section elementor-top-section\" data-id=\"8c65bc8\" data-element_type=\"section\">\n\t\t\t\t\t\t<div class=\"elementor-container elementor-column-gap-default\">\n\t\t\t\t<div class=\"elementor-row\">\n\t\t\t\t<div class=\"elementor-element elementor-element-37f8800 elementor-column elementor-col-100 elementor-top-column\" data-id=\"37f8800\" data-element_type=\"column\">\n\t\t\t<div class=\"elementor-column-wrap  elementor-element-populated\">\n\t\t\t\t\t<div class=\"elementor-widget-wrap\">\n\t\t\t\t<section class=\"elementor-element elementor-element-9fffa0f elementor-section-boxed elementor-section-height-default elementor-section-height-default elementor-section elementor-inner-section\" data-id=\"9fffa0f\" data-element_type=\"section\">\n\t\t\t\t\t\t<div class=\"elementor-container elementor-column-gap-default\">\n\t\t\t\t<div class=\"elementor-row\">\n\t\t\t\t<div class=\"elementor-element elementor-element-e22a25d elementor-column elementor-col-50 elementor-inner-column\" data-id=\"e22a25d\" data-element_type=\"column\">\n\t\t\t<div class=\"elementor-column-wrap  elementor-element-populated\">\n\t\t\t\t\t<div class=\"elementor-widget-wrap\">\n\t\t\t\t<div class=\"elementor-element elementor-element-491d0ab elementor-widget elementor-widget-image\" data-id=\"491d0ab\" data-element_type=\"widget\" data-widget_type=\"image.default\">\n\t\t\t\t<div class=\"elementor-widget-container\">\n\t\t\t\t\t<div class=\"elementor-image\">\n\t\t\t\t\t\t\t\t\t\t<img width=\"1024\" height=\"1024\" src=\"https:\/\/sibi.ufal.br\/portal\/wp-content\/uploads\/2019\/12\/REPOSIT\u00d3RIO-1024x1024.jpg\" class=\"attachment-large size-large\" alt=\"\" decoding=\"async\" loading=\"lazy\" srcset=\"https:\/\/sibi.ufal.br\/portal\/wp-content\/uploads\/2019\/12\/REPOSIT\u00d3RIO-1024x1024.jpg 1024w, https:\/\/sibi.ufal.br\/portal\/wp-content\/uploads\/2019\/12\/REPOSIT\u00d3RIO-150x150.jpg 150w, https:\/\/sibi.ufal.br\/portal\/wp-content\/uploads\/2019\/12\/REPOSIT\u00d3RIO-300x300.jpg 300w, https:\/\/sibi.ufal.br\/portal\/wp-content\/uploads\/2019\/12\/REPOSIT\u00d3RIO-768x768.jpg 768w, https:\/\/sibi.ufal.br\/portal\/wp-content\/uploads\/2019\/12\/REPOSIT\u00d3RIO.jpg 1500w\" sizes=\"(max-width: 1024px) 100vw, 1024px\" \/>\t\t\t\t\t\t\t\t\t\t\t<\/div>\n\t\t\t\t<\/div>\n\t\t\t\t<\/div>\n\t\t\t\t<div class=\"elementor-element elementor-element-2ce5643 elementor-widget elementor-widget-text-editor\" data-id=\"2ce5643\" data-element_type=\"widget\" data-widget_type=\"text-editor.default\">\n\t\t\t\t<div class=\"elementor-widget-container\">\n\t\t\t\t\t<div class=\"elementor-text-editor elementor-clearfix\"><p><span style=\"font-size: 35px;\">O\u00a0<\/span>Reposit\u00f3rio Institucional da Ufal (RI\/UFAL) \u00e9 uma base de dados que re\u00fane de forma organizada a produ\u00e7\u00e3o cient\u00edfica produzida no \u00e2mbito acad\u00eamico, funcionando como instrumento oficial para coleta, armazenamento, preserva\u00e7\u00e3o, organiza\u00e7\u00e3o e ampla dissemina\u00e7\u00e3o de todo o conhecimento produzido na Universidade.\u00a0 Por meio do acesso aberto, a principal meta do RIUFAL \u00e9 proporcionar maior visibilidade aos resultados das pesquisas acad\u00eamicas e cient\u00edficas, dos pesquisadores e possibilitar a preserva\u00e7\u00e3o da mem\u00f3ria cient\u00edfica da Universidade .<\/p><p>Em outros termos, o RI\/UFAL serve como uma grande vitrine para as pesquisas desenvolvidas na Universidade, sendo capaz de potencializar a visibilidade, acessibilidade e a difus\u00e3o de toda produ\u00e7\u00e3o cient\u00edfica e intelectual da UFAL, tendo entre os seus objetivos auxiliar pesquisadores em todo o mundo.<\/p><p>O RI\/UFAL est\u00e1 localizado no pr\u00e9dio da Biblioteca Central da UFAL (BC\/UFAL). Sua implanta\u00e7\u00e3o ocorreu no ano de 2010, em parceria com o Instituto Brasileiro de Informa\u00e7\u00e3o em Ci\u00eancia e Tecnologia (<a href=\"https:\/\/www.ibict.br\/\">IBICT<\/a>), e sua <a href=\"http:\/\/www.repositorio.ufal.br\/Politica_Repositorio_UFAL.pdf\">Pol\u00edtica de Informa\u00e7\u00e3o (Resolu\u00e7\u00e3o 045\/2016 &#8211; Consuni\/UFAL)<\/a> foi aprovada em 07 de novembro de 2016.<\/p><p>&#8220;Reunir em um s\u00f3 local virtual toda a produ\u00e7\u00e3o cient\u00edfica da Universidade&#8221;, &#8220;Promover o acesso livre a essas produ\u00e7\u00f5es&#8221; e &#8220;Preservar a mem\u00f3ria intelectual da UFAL&#8221; est\u00e3o entre os seus principais objetivos.\u00a0<\/p><p>De acordo com a sua Pol\u00edtica de Informa\u00e7\u00e3o, podem fazer parte do acervo virtual do RI\/UFAL as teses, disserta\u00e7\u00f5es, monografias de especializa\u00e7\u00e3o, TCC, livros, cap\u00edtulos de livros, artigos cient\u00edficos de peri\u00f3dicos de acesso livre, memoriais acad\u00eamicos e relat\u00f3rios cient\u00edficos.<\/p><p>O RI\/UFAL faz parte do Portal Brasileiro de Publica\u00e7\u00f5es Cient\u00edficas em Acesso Aberto <a href=\"http:\/\/oasisbr.ibict.br\/vufind\/\">(Oasisbr)<\/a>, um mecanismo de busca multidisciplinar que permite o acesso gratuito \u00e0 produ\u00e7\u00e3o cient\u00edfica de autores vinculados a universidades e institutos de pesquisa brasileiros. Por meio desse mecanismo, tamb\u00e9m, \u00e9 poss\u00edvel realizar buscas em fontes de informa\u00e7\u00e3o portuguesas.<\/p><\/div>\n\t\t\t\t<\/div>\n\t\t\t\t<\/div>\n\t\t\t\t\t\t<\/div>\n\t\t\t<\/div>\n\t\t<\/div>\n\t\t\t\t<div class=\"elementor-element elementor-element-01c8e2f elementor-column elementor-col-50 elementor-inner-column\" data-id=\"01c8e2f\" data-element_type=\"column\">\n\t\t\t<div class=\"elementor-column-wrap  elementor-element-populated\">\n\t\t\t\t\t<div class=\"elementor-widget-wrap\">\n\t\t\t\t<div class=\"elementor-element elementor-element-678e150 elementor-widget elementor-widget-text-editor\" data-id=\"678e150\" data-element_type=\"widget\" data-widget_type=\"text-editor.default\">\n\t\t\t\t<div class=\"elementor-widget-container\">\n\t\t\t\t\t<div class=\"elementor-text-editor elementor-clearfix\"><p>O RI\/UFAL tamb\u00e9m faz parte da <strong>Rede Federada de Reposit\u00f3rios Institucionais de Publica\u00e7\u00f5es Cient\u00edficas<\/strong> &#8211;<a href=\"http:\/\/www.lareferencia.info\/pt\/\"> LA Referencia<\/a>, uma rede latino-americana de reposit\u00f3rios de acesso aberto. Por interm\u00e9dio de seus servi\u00e7os, a <strong>La Referencia<\/strong> apoia estrat\u00e9gias nacionais de Acesso Aberto na Am\u00e9rica Latina, utilizando-se de uma plataforma que prioriza a interoperabilidade, o compartilhamento e a visibilidade da produ\u00e7\u00e3o cient\u00edfica produzida em institui\u00e7\u00f5es de ensino superior e pesquisa cient\u00edfica.\u00a0<\/p><p><span style=\"font-weight: 400;\">Atualmente s\u00e3o 10 (dez) os pa\u00edses que formam a <strong>La Referencia<\/strong> &#8211; Argentina, Brasil, Chile, Col\u00f4mbia, Costa Rica, Equador, El Salvador, M\u00e9xico, Peru e Uruguai -, isto \u00e9, mediante as estrat\u00e9gias de integra\u00e7\u00e3o, \u00e9 poss\u00edvel ter acesso a artigos cient\u00edficos, disserta\u00e7\u00f5es de mestrado e teses de doutorado origin\u00e1rios de mais de uma centena de universidades e institui\u00e7\u00f5es de pesquisa pertencentes a esses pa\u00edses.<\/span><\/p><p><span style=\"font-weight: 400;\">O RI\/UFAL tamb\u00e9m est\u00e1 inserido no<strong> Directory of Open Access Repositories<\/strong> (<a href=\"https:\/\/v2.sherpa.ac.uk\/opendoar\/\">OpenDOAR)<\/a><\/span><span style=\"font-weight: 400;\">, um diret\u00f3rio <\/span><span style=\"font-weight: 400;\">de reposit\u00f3rios acad\u00eamicos mundiais <\/span><span style=\"font-weight: 400;\">que, mediante o monitoramento,<\/span>\u00a0<span style=\"font-weight: 400;\">busca garantir <\/span><span style=\"font-weight: 400;\">elevado grau de qualidade e consist\u00eancia da informa\u00e7\u00e3o nos <\/span><span style=\"font-weight: 400;\">reposit\u00f3rios acad\u00eamicos de acesso aberto.<\/span><span style=\"font-weight: 400;\"> P<\/span><span style=\"font-weight: 400;\">ermite, ainda, a identifica\u00e7\u00e3o, navega\u00e7\u00e3o e pesquisa de reposit\u00f3rios, com base em uma variedade de recursos, como localiza\u00e7\u00e3o, software ou tipo de material armazenado.\u00a0<\/span><\/p><p><span style=\"font-weight: 400;\">Por tudo isso, o RI\/UFAL est\u00e1 capacitado para garantir a preserva\u00e7\u00e3o e a visibilidade internacional de todas as publica\u00e7\u00f5es acad\u00eamicas e cient\u00edficas nele depositadas.<\/span><\/p><p><b>O que significa Acesso Aberto (Open Access)?<\/b><\/p><p><span style=\"font-weight: 400;\">Acesso Aberto \u00e9 a disponibilidade e o acesso gratuito aos resultados de pesquisas cient\u00edficas. Baseia-se na premissa de que o conhecimento cient\u00edfico \u00e9 um bem p\u00fablico e, por isso, deve estar dispon\u00edvel para todos. \u00c9 uma alternativa ao modelo tradicional de publica\u00e7\u00e3o, que restringe o acesso a conte\u00fados por meio de assinaturas pagas.<\/span><\/p><p><b>Quais os benef\u00edcios do Acesso Aberto?<\/b><\/p><p><span style=\"font-weight: 400;\">Estudiosos como Brody e Harnad (2004) entendem que \u201co acesso livre (Open Access) a resultados de pesquisa maximiza o acesso \u00e0 pesquisa propriamente dita, acelerando e aumentando consideravelmente o impacto dessas pesquisas e, consequentemente, a produtividade, o progresso e as recompensas da pesquisa.\u201d<\/span><\/p><p><span style=\"font-weight: 400;\">Assim, dentre outros benef\u00edcios, o acesso aberto promove o aumento da visibilidade dos resultados de pesquisa, potencializa, ainda, a cita\u00e7\u00e3o e a colabora\u00e7\u00e3o internacional dessas atividades, al\u00e9m de expandir o acesso \u00e0s descobertas das pesquisas, revisadas por seus\u00a0 pares.<\/span><\/p><p><span style=\"font-weight: 400;\">Deixe um legado para as gera\u00e7\u00f5es futuras, deposite os resultados de suas pesquisas no RI\/UFAL!<\/span><\/p><p><b>\u00a0<\/b><\/p><p><b>Bibliotec\u00e1rios Respons\u00e1veis:<\/b><span style=\"font-weight: 400;\">\u00a0<\/span><\/p><p><span style=\"font-weight: 400;\">&#8211; Cristiane Cyrino Estev\u00e3o<\/span><\/p><p><span style=\"font-weight: 400;\">&#8211; Valter dos Santos Andrade<\/span><\/p><p>&#8211; Dilma Maria dos Santos Cunha<\/p><p><span style=\"font-weight: 400;\"><strong>Website:<\/strong> www.repositorio.ufal.br<\/span><\/p><p><b>E-mail:<\/b><span style=\"font-weight: 400;\"> ri@sibi.ufal.br<\/span><\/p><p><b>Telefone:<\/b><span style=\"font-weight: 400;\"> (82) 3214-1660<\/span><\/p><\/div>\n\t\t\t\t<\/div>\n\t\t\t\t<\/div>\n\t\t\t\t<div class=\"elementor-element elementor-element-d8bf230 elementor-button-info elementor-align-center elementor-widget elementor-widget-button\" data-id=\"d8bf230\" data-element_type=\"widget\" data-widget_type=\"button.default\">\n\t\t\t\t<div class=\"elementor-widget-container\">\n\t\t\t\t\t<div class=\"elementor-button-wrapper\">\n\t\t\t<a href=\"?page_id=1761\" class=\"elementor-button-link elementor-button elementor-size-sm\" role=\"button\">\n\t\t\t\t\t\t<span class=\"elementor-button-content-wrapper\">\n\t\t\t\t\t\t<span class=\"elementor-button-text\">Deposite seu documento AQUI ---> RI\/UFAL<\/span>\n\t\t<\/span>\n\t\t\t\t\t<\/a>\n\t\t<\/div>\n\t\t\t\t<\/div>\n\t\t\t\t<\/div>\n\t\t\t\t<div class=\"elementor-element elementor-element-c24a623 elementor-button-info elementor-align-center elementor-widget elementor-widget-button\" data-id=\"c24a623\" data-element_type=\"widget\" data-widget_type=\"button.default\">\n\t\t\t\t<div class=\"elementor-widget-container\">\n\t\t\t\t\t<div class=\"elementor-button-wrapper\">\n\t\t\t<a href=\"http:\/\/www.repositorio.ufal.br\/\" class=\"elementor-button-link elementor-button elementor-size-sm\" target=\"_blank\" role=\"button\">\n\t\t\t\t\t\t<span class=\"elementor-button-content-wrapper\">\n\t\t\t\t\t\t<span class=\"elementor-button-text\">Acesse o RI\/UFAL <\/span>\n\t\t<\/span>\n\t\t\t\t\t<\/a>\n\t\t<\/div>\n\t\t\t\t<\/div>\n\t\t\t\t<\/div>\n\t\t\t\t\t\t<\/div>\n\t\t\t<\/div>\n\t\t<\/div>\n\t\t\t\t\t\t<\/div>\n\t\t\t<\/div>\n\t\t<\/section>\n\t\t\t\t<div class=\"elementor-element elementor-element-23722b3 elementor-widget elementor-widget-text-editor\" data-id=\"23722b3\" data-element_type=\"widget\" data-widget_type=\"text-editor.default\">\n\t\t\t\t<div class=\"elementor-widget-container\">\n\t\t\t\t\t<div class=\"elementor-text-editor elementor-clearfix\"><\/div>\n\t\t\t\t<\/div>\n\t\t\t\t<\/div>\n\t\t\t\t\t\t<\/div>\n\t\t\t<\/div>\n\t\t<\/div>\n\t\t\t\t\t\t<\/div>\n\t\t\t<\/div>\n\t\t<\/section>\n\t\t\t\t<section class=\"elementor-element elementor-element-968349a elementor-section-boxed elementor-section-height-default elementor-section-height-default elementor-section elementor-top-section\" data-id=\"968349a\" data-element_type=\"section\">\n\t\t\t\t\t\t<div class=\"elementor-container elementor-column-gap-default\">\n\t\t\t\t<div class=\"elementor-row\">\n\t\t\t\t<div class=\"elementor-element elementor-element-32fa9f7 elementor-column elementor-col-100 elementor-top-column\" data-id=\"32fa9f7\" data-element_type=\"column\">\n\t\t\t<div class=\"elementor-column-wrap\">\n\t\t\t\t\t<div class=\"elementor-widget-wrap\">\n\t\t\t\t\t\t<\/div>\n\t\t\t<\/div>\n\t\t<\/div>\n\t\t\t\t\t\t<\/div>\n\t\t\t<\/div>\n\t\t<\/section>\n\t\t\t\t\t\t<\/div>\n\t\t\t<\/div>\n\t\t<\/div>\n\t\t","protected":false},"excerpt":{"rendered":"<p>Reposit\u00f3rio Institucional da UFAL &#8211; RI\/UFAL O&nbsp;Reposit\u00f3rio Institucional da Ufal (RI\/UFAL) \u00e9 uma base de dados que re\u00fane de forma organizada a produ\u00e7\u00e3o cient\u00edfica produzida no \u00e2mbito acad\u00eamico, funcionando como instrumento oficial para coleta, armazenamento, preserva\u00e7\u00e3o, organiza\u00e7\u00e3o e ampla dissemina\u00e7\u00e3o de todo o conhecimento produzido na Universidade.&nbsp; Por meio do acesso aberto, a principal meta [&hellip;]<\/p>\n","protected":false},"author":5,"featured_media":0,"parent":0,"menu_order":0,"comment_status":"closed","ping_status":"closed","template":"","meta":[],"_links":{"self":[{"href":"https:\/\/sibi.ufal.br\/portal\/index.php?rest_route=\/wp\/v2\/pages\/1334"}],"collection":[{"href":"https:\/\/sibi.ufal.br\/portal\/index.php?rest_route=\/wp\/v2\/pages"}],"about":[{"href":"https:\/\/sibi.ufal.br\/portal\/index.php?rest_route=\/wp\/v2\/types\/page"}],"author":[{"embeddable":true,"href":"https:\/\/sibi.ufal.br\/portal\/index.php?rest_route=\/wp\/v2\/users\/5"}],"replies":[{"embeddable":true,"href":"https:\/\/sibi.ufal.br\/portal\/index.php?rest_route=%2Fwp%2Fv2%2Fcomments&post=1334"}],"version-history":[{"count":50,"href":"https:\/\/sibi.ufal.br\/portal\/index.php?rest_route=\/wp\/v2\/pages\/1334\/revisions"}],"predecessor-version":[{"id":3383,"href":"https:\/\/sibi.ufal.br\/portal\/index.php?rest_route=\/wp\/v2\/pages\/1334\/revisions\/3383"}],"wp:attachment":[{"href":"https:\/\/sibi.ufal.br\/portal\/index.php?rest_route=%2Fwp%2Fv2%2Fmedia&parent=1334"}],"curies":[{"name":"wp","href":"https:\/\/api.w.org\/{rel}","templated":true}]}}