{"id":1367,"date":"2019-11-06T15:13:33","date_gmt":"2019-11-06T18:13:33","guid":{"rendered":"http:\/\/seer.ufal.br\/portalsibi\/?page_id=1367"},"modified":"2019-12-07T17:17:30","modified_gmt":"2019-12-07T20:17:30","slug":"em-grupo","status":"publish","type":"page","link":"https:\/\/sibi.ufal.br\/portal\/?page_id=1367","title":{"rendered":"Em grupo"},"content":{"rendered":"\t\t<div data-elementor-type=\"post\" data-elementor-id=\"1367\" class=\"elementor elementor-1367\" data-elementor-settings=\"[]\">\n\t\t\t<div class=\"elementor-inner\">\n\t\t\t\t<div class=\"elementor-section-wrap\">\n\t\t\t\t\t\t\t<section class=\"elementor-element elementor-element-245d728 elementor-section-boxed elementor-section-height-default elementor-section-height-default elementor-section elementor-top-section\" data-id=\"245d728\" data-element_type=\"section\">\n\t\t\t\t\t\t<div class=\"elementor-container elementor-column-gap-default\">\n\t\t\t\t<div class=\"elementor-row\">\n\t\t\t\t<div class=\"elementor-element elementor-element-dbdafe6 elementor-column elementor-col-100 elementor-top-column\" data-id=\"dbdafe6\" data-element_type=\"column\">\n\t\t\t<div class=\"elementor-column-wrap  elementor-element-populated\">\n\t\t\t\t\t<div class=\"elementor-widget-wrap\">\n\t\t\t\t<div class=\"elementor-element elementor-element-c995e86 elementor-widget elementor-widget-heading\" data-id=\"c995e86\" data-element_type=\"widget\" data-widget_type=\"heading.default\">\n\t\t\t\t<div class=\"elementor-widget-container\">\n\t\t\t<h2 class=\"elementor-heading-title elementor-size-default\">Espa\u00e7o Para Estudo em Grupo<\/h2>\t\t<\/div>\n\t\t\t\t<\/div>\n\t\t\t\t\t\t<\/div>\n\t\t\t<\/div>\n\t\t<\/div>\n\t\t\t\t\t\t<\/div>\n\t\t\t<\/div>\n\t\t<\/section>\n\t\t\t\t<section class=\"elementor-element elementor-element-a1c73e9 elementor-section-boxed elementor-section-height-default elementor-section-height-default elementor-section elementor-top-section\" data-id=\"a1c73e9\" data-element_type=\"section\">\n\t\t\t\t\t\t<div class=\"elementor-container elementor-column-gap-default\">\n\t\t\t\t<div class=\"elementor-row\">\n\t\t\t\t<div class=\"elementor-element elementor-element-594fc1b elementor-column elementor-col-100 elementor-top-column\" data-id=\"594fc1b\" data-element_type=\"column\">\n\t\t\t<div class=\"elementor-column-wrap  elementor-element-populated\">\n\t\t\t\t\t<div class=\"elementor-widget-wrap\">\n\t\t\t\t<div class=\"elementor-element elementor-element-c04a7a7 elementor-invisible elementor-widget elementor-widget-divider\" data-id=\"c04a7a7\" data-element_type=\"widget\" data-settings=\"{&quot;_animation&quot;:&quot;fadeInRight&quot;}\" data-widget_type=\"divider.default\">\n\t\t\t\t<div class=\"elementor-widget-container\">\n\t\t\t\t\t<div class=\"elementor-divider\">\n\t\t\t<span class=\"elementor-divider-separator\"><\/span>\n\t\t<\/div>\n\t\t\t\t<\/div>\n\t\t\t\t<\/div>\n\t\t\t\t\t\t<\/div>\n\t\t\t<\/div>\n\t\t<\/div>\n\t\t\t\t\t\t<\/div>\n\t\t\t<\/div>\n\t\t<\/section>\n\t\t\t\t<section class=\"elementor-element elementor-element-99a839a elementor-section-boxed elementor-section-height-default elementor-section-height-default elementor-section elementor-top-section\" data-id=\"99a839a\" data-element_type=\"section\">\n\t\t\t\t\t\t<div class=\"elementor-container elementor-column-gap-default\">\n\t\t\t\t<div class=\"elementor-row\">\n\t\t\t\t<div class=\"elementor-element elementor-element-43b2b6a elementor-column elementor-col-100 elementor-top-column\" data-id=\"43b2b6a\" data-element_type=\"column\">\n\t\t\t<div class=\"elementor-column-wrap  elementor-element-populated\">\n\t\t\t\t\t<div class=\"elementor-widget-wrap\">\n\t\t\t\t<section class=\"elementor-element elementor-element-e660127 elementor-section-boxed elementor-section-height-default elementor-section-height-default elementor-section elementor-inner-section\" data-id=\"e660127\" data-element_type=\"section\">\n\t\t\t\t\t\t<div class=\"elementor-container elementor-column-gap-default\">\n\t\t\t\t<div class=\"elementor-row\">\n\t\t\t\t<div class=\"elementor-element elementor-element-dab992f elementor-column elementor-col-50 elementor-inner-column\" data-id=\"dab992f\" data-element_type=\"column\">\n\t\t\t<div class=\"elementor-column-wrap  elementor-element-populated\">\n\t\t\t\t\t<div class=\"elementor-widget-wrap\">\n\t\t\t\t<div class=\"elementor-element elementor-element-bb92cf0 elementor-widget elementor-widget-image\" data-id=\"bb92cf0\" data-element_type=\"widget\" data-widget_type=\"image.default\">\n\t\t\t\t<div class=\"elementor-widget-container\">\n\t\t\t\t\t<div class=\"elementor-image\">\n\t\t\t\t\t\t\t\t\t\t<img width=\"1280\" height=\"853\" src=\"https:\/\/sibi.ufal.br\/portal\/wp-content\/uploads\/2019\/11\/ESTUDOS-INDIVIDUAIS-E-EM-GRUPO_IMG-20191111-WA0027.jpg\" class=\"attachment-full size-full\" alt=\"\" decoding=\"async\" loading=\"lazy\" srcset=\"https:\/\/sibi.ufal.br\/portal\/wp-content\/uploads\/2019\/11\/ESTUDOS-INDIVIDUAIS-E-EM-GRUPO_IMG-20191111-WA0027.jpg 1280w, https:\/\/sibi.ufal.br\/portal\/wp-content\/uploads\/2019\/11\/ESTUDOS-INDIVIDUAIS-E-EM-GRUPO_IMG-20191111-WA0027-300x200.jpg 300w, https:\/\/sibi.ufal.br\/portal\/wp-content\/uploads\/2019\/11\/ESTUDOS-INDIVIDUAIS-E-EM-GRUPO_IMG-20191111-WA0027-768x512.jpg 768w, https:\/\/sibi.ufal.br\/portal\/wp-content\/uploads\/2019\/11\/ESTUDOS-INDIVIDUAIS-E-EM-GRUPO_IMG-20191111-WA0027-1024x682.jpg 1024w\" sizes=\"(max-width: 1280px) 100vw, 1280px\" \/>\t\t\t\t\t\t\t\t\t\t\t<\/div>\n\t\t\t\t<\/div>\n\t\t\t\t<\/div>\n\t\t\t\t\t\t<\/div>\n\t\t\t<\/div>\n\t\t<\/div>\n\t\t\t\t<div class=\"elementor-element elementor-element-c0e1534 elementor-column elementor-col-50 elementor-inner-column\" data-id=\"c0e1534\" data-element_type=\"column\">\n\t\t\t<div class=\"elementor-column-wrap  elementor-element-populated\">\n\t\t\t\t\t<div class=\"elementor-widget-wrap\">\n\t\t\t\t<div class=\"elementor-element elementor-element-dd5b954 elementor-widget elementor-widget-text-editor\" data-id=\"dd5b954\" data-element_type=\"widget\" data-widget_type=\"text-editor.default\">\n\t\t\t\t<div class=\"elementor-widget-container\">\n\t\t\t\t\t<div class=\"elementor-text-editor elementor-clearfix\"><p><span style=\"font-weight: 400;\">Os usu\u00e1rios da Biblioteca Central (BC) t\u00eam \u00e0 sua disposi\u00e7\u00e3o tr\u00eas espa\u00e7os para estudos em grupo, que s\u00e3o os sal\u00f5es do Acervo Geral (adjacente ao Balc\u00e3o de Empr\u00e9stimos), das Cole\u00e7\u00f5es Especiais, local em que se deve prezar pelo tom ameno da voz (evitar falar alto) e o hall central, local ideal para trabalhos em grupo, bate-papo com o orientador e conversas descontra\u00eddas.\u00a0<\/span><\/p><p><span style=\"font-weight: 400;\">\u00c9 bom lembrar o quanto \u00e9 importante n\u00e3o elevarmos a voz quando estivermos nos espa\u00e7os do Acervo Geral e das Cole\u00e7\u00f5es Especiais, pois o ru\u00eddo excessivo atrapalha quem est\u00e1 tentando se concentrar numa leitura \u00e1rida, nem sempre prazerosa, fazendo um esfor\u00e7o muito grande para se manter focado.<\/span><\/p><p><span style=\"font-weight: 400;\">A BC conta com aproximadamente 100 (cem) mesas e 440 (quatrocentos e quarenta) assentos nos espa\u00e7os reservados para estudos, ambientes aconchegantes com tomadas para a conex\u00e3o de equipamentos eletr\u00f4nicos e acesso \u00e0 internet pela rede Wi-Fi. Al\u00e9m disso, os espa\u00e7os tamb\u00e9m possuem mesas de estudos exclusivas para o uso de pessoas com defici\u00eancia (PcD).<\/span><\/p><p><span style=\"font-weight: 400;\">O usu\u00e1rio pode utilizar Notebooks, Tablets e Smartphones, usufruindo de uma infraestrutura adequada para leituras, estudos, e produ\u00e7\u00f5es acad\u00eamicas.<\/span><\/p><p><strong>Orienta\u00e7\u00f5es Importantes:<\/strong><\/p><p><span style=\"font-weight: 400;\">&#8211;\u00a0 O usu\u00e1rio deve trazer seus fones de ouvido para a utiliza\u00e7\u00e3o de aparelhos eletr\u00f4nicos;<\/span><\/p><p><span style=\"font-weight: 400;\">&#8211; \u00c9 proibida a entrada de comida ou bebida nos ambientes da biblioteca;<\/span><\/p><p><span style=\"font-weight: 400;\">&#8211; N\u00e3o \u00e9 permitido fumar nos espa\u00e7os da biblioteca;<\/span><\/p><p><span style=\"font-weight: 400;\">&#8211; O usu\u00e1rio deve estar atento aos seus pertences, pois a BC n\u00e3o se responsabilizar\u00e1 por quaisquer perdas ou furtos.<\/span><\/p><p><span style=\"font-weight: 400;\">N\u00e3o esque\u00e7a!\u00a0 O uso desses espa\u00e7os \u00e9 um direito de todos!\u00a0<\/span><\/p><p><span style=\"font-weight: 400;\">Escolha o seu ambiente favorito para estudos, a Biblioteca Central est\u00e1 de portas abertas pra voc\u00ea!<\/span><\/p><p><span style=\"font-weight: 400;\">Bibliotec\u00e1ria respons\u00e1vel: Itamara Pontes<\/span><\/p><p><span style=\"font-weight: 400;\">E-mail: secretaria@sibi.ufal.br<\/span><\/p><p><span style=\"font-weight: 400;\">Telefone: (82) 3214-1465<\/span><\/p><\/div>\n\t\t\t\t<\/div>\n\t\t\t\t<\/div>\n\t\t\t\t\t\t<\/div>\n\t\t\t<\/div>\n\t\t<\/div>\n\t\t\t\t\t\t<\/div>\n\t\t\t<\/div>\n\t\t<\/section>\n\t\t\t\t\t\t<\/div>\n\t\t\t<\/div>\n\t\t<\/div>\n\t\t\t\t\t\t<\/div>\n\t\t\t<\/div>\n\t\t<\/section>\n\t\t\t\t\t\t<\/div>\n\t\t\t<\/div>\n\t\t<\/div>\n\t\t","protected":false},"excerpt":{"rendered":"<p>Espa\u00e7o Para Estudo em Grupo Os usu\u00e1rios da Biblioteca Central (BC) t\u00eam \u00e0 sua disposi\u00e7\u00e3o tr\u00eas espa\u00e7os para estudos em grupo, que s\u00e3o os sal\u00f5es do Acervo Geral (adjacente ao Balc\u00e3o de Empr\u00e9stimos), das Cole\u00e7\u00f5es Especiais, local em que se deve prezar pelo tom ameno da voz (evitar falar alto) e o hall central, local [&hellip;]<\/p>\n","protected":false},"author":5,"featured_media":0,"parent":0,"menu_order":0,"comment_status":"closed","ping_status":"closed","template":"","meta":[],"_links":{"self":[{"href":"https:\/\/sibi.ufal.br\/portal\/index.php?rest_route=\/wp\/v2\/pages\/1367"}],"collection":[{"href":"https:\/\/sibi.ufal.br\/portal\/index.php?rest_route=\/wp\/v2\/pages"}],"about":[{"href":"https:\/\/sibi.ufal.br\/portal\/index.php?rest_route=\/wp\/v2\/types\/page"}],"author":[{"embeddable":true,"href":"https:\/\/sibi.ufal.br\/portal\/index.php?rest_route=\/wp\/v2\/users\/5"}],"replies":[{"embeddable":true,"href":"https:\/\/sibi.ufal.br\/portal\/index.php?rest_route=%2Fwp%2Fv2%2Fcomments&post=1367"}],"version-history":[{"count":8,"href":"https:\/\/sibi.ufal.br\/portal\/index.php?rest_route=\/wp\/v2\/pages\/1367\/revisions"}],"predecessor-version":[{"id":2184,"href":"https:\/\/sibi.ufal.br\/portal\/index.php?rest_route=\/wp\/v2\/pages\/1367\/revisions\/2184"}],"wp:attachment":[{"href":"https:\/\/sibi.ufal.br\/portal\/index.php?rest_route=%2Fwp%2Fv2%2Fmedia&parent=1367"}],"curies":[{"name":"wp","href":"https:\/\/api.w.org\/{rel}","templated":true}]}}