{"id":1718,"date":"2019-11-28T11:59:41","date_gmt":"2019-11-28T14:59:41","guid":{"rendered":"http:\/\/sibi.ufal.br\/portal\/?page_id=1718"},"modified":"2025-12-09T08:03:14","modified_gmt":"2025-12-09T11:03:14","slug":"elementor-1718","status":"publish","type":"page","link":"https:\/\/sibi.ufal.br\/portal\/?page_id=1718","title":{"rendered":"Seer"},"content":{"rendered":"\t\t<div data-elementor-type=\"post\" data-elementor-id=\"1718\" class=\"elementor elementor-1718\" data-elementor-settings=\"[]\">\n\t\t\t<div class=\"elementor-inner\">\n\t\t\t\t<div class=\"elementor-section-wrap\">\n\t\t\t\t\t\t\t<section class=\"elementor-element elementor-element-a31d6ef elementor-section-boxed elementor-section-height-default elementor-section-height-default elementor-section elementor-top-section\" data-id=\"a31d6ef\" data-element_type=\"section\">\n\t\t\t\t\t\t<div class=\"elementor-container elementor-column-gap-default\">\n\t\t\t\t<div class=\"elementor-row\">\n\t\t\t\t<div class=\"elementor-element elementor-element-4c81ebf elementor-column elementor-col-100 elementor-top-column\" data-id=\"4c81ebf\" data-element_type=\"column\">\n\t\t\t<div class=\"elementor-column-wrap  elementor-element-populated\">\n\t\t\t\t\t<div class=\"elementor-widget-wrap\">\n\t\t\t\t<div class=\"elementor-element elementor-element-2105a99 elementor-widget elementor-widget-heading\" data-id=\"2105a99\" data-element_type=\"widget\" data-widget_type=\"heading.default\">\n\t\t\t\t<div class=\"elementor-widget-container\">\n\t\t\t<h2 class=\"elementor-heading-title elementor-size-default\"><a href=\"https:\/\/periodicos.ufal.br\/\">Portal de Peri\u00f3dicos da UFAL<br><\/a><\/h2>\t\t<\/div>\n\t\t\t\t<\/div>\n\t\t\t\t\t\t<\/div>\n\t\t\t<\/div>\n\t\t<\/div>\n\t\t\t\t\t\t<\/div>\n\t\t\t<\/div>\n\t\t<\/section>\n\t\t\t\t<section class=\"elementor-element elementor-element-2c6dd26 elementor-section-boxed elementor-section-height-default elementor-section-height-default elementor-section elementor-top-section\" data-id=\"2c6dd26\" data-element_type=\"section\">\n\t\t\t\t\t\t<div class=\"elementor-container elementor-column-gap-default\">\n\t\t\t\t<div class=\"elementor-row\">\n\t\t\t\t<div class=\"elementor-element elementor-element-a291476 elementor-column elementor-col-100 elementor-top-column\" data-id=\"a291476\" data-element_type=\"column\">\n\t\t\t<div class=\"elementor-column-wrap  elementor-element-populated\">\n\t\t\t\t\t<div class=\"elementor-widget-wrap\">\n\t\t\t\t<section class=\"elementor-element elementor-element-cb2b068 elementor-section-boxed elementor-section-height-default elementor-section-height-default elementor-section elementor-inner-section\" data-id=\"cb2b068\" data-element_type=\"section\">\n\t\t\t\t\t\t<div class=\"elementor-container elementor-column-gap-default\">\n\t\t\t\t<div class=\"elementor-row\">\n\t\t\t\t<div class=\"elementor-element elementor-element-a71756f elementor-column elementor-col-50 elementor-inner-column\" data-id=\"a71756f\" data-element_type=\"column\">\n\t\t\t<div class=\"elementor-column-wrap  elementor-element-populated\">\n\t\t\t\t\t<div class=\"elementor-widget-wrap\">\n\t\t\t\t<div class=\"elementor-element elementor-element-5fbf7a9 elementor-widget elementor-widget-image\" data-id=\"5fbf7a9\" data-element_type=\"widget\" data-widget_type=\"image.default\">\n\t\t\t\t<div class=\"elementor-widget-container\">\n\t\t\t\t\t<div class=\"elementor-image\">\n\t\t\t\t\t\t\t\t\t\t<img width=\"1024\" height=\"1024\" src=\"https:\/\/sibi.ufal.br\/portal\/wp-content\/uploads\/2025\/12\/Precisa-de-uma-maozinha-1-1024x1024.png\" class=\"attachment-large size-large\" alt=\"\" decoding=\"async\" loading=\"lazy\" srcset=\"https:\/\/sibi.ufal.br\/portal\/wp-content\/uploads\/2025\/12\/Precisa-de-uma-maozinha-1-1024x1024.png 1024w, https:\/\/sibi.ufal.br\/portal\/wp-content\/uploads\/2025\/12\/Precisa-de-uma-maozinha-1-300x300.png 300w, https:\/\/sibi.ufal.br\/portal\/wp-content\/uploads\/2025\/12\/Precisa-de-uma-maozinha-1-150x150.png 150w, https:\/\/sibi.ufal.br\/portal\/wp-content\/uploads\/2025\/12\/Precisa-de-uma-maozinha-1-768x768.png 768w, https:\/\/sibi.ufal.br\/portal\/wp-content\/uploads\/2025\/12\/Precisa-de-uma-maozinha-1.png 1080w\" sizes=\"(max-width: 1024px) 100vw, 1024px\" \/>\t\t\t\t\t\t\t\t\t\t\t<\/div>\n\t\t\t\t<\/div>\n\t\t\t\t<\/div>\n\t\t\t\t\t\t<\/div>\n\t\t\t<\/div>\n\t\t<\/div>\n\t\t\t\t<div class=\"elementor-element elementor-element-28f9ab3 elementor-column elementor-col-50 elementor-inner-column\" data-id=\"28f9ab3\" data-element_type=\"column\">\n\t\t\t<div class=\"elementor-column-wrap  elementor-element-populated\">\n\t\t\t\t\t<div class=\"elementor-widget-wrap\">\n\t\t\t\t<div class=\"elementor-element elementor-element-bebd9a6 elementor-widget elementor-widget-text-editor\" data-id=\"bebd9a6\" data-element_type=\"widget\" data-widget_type=\"text-editor.default\">\n\t\t\t\t<div class=\"elementor-widget-container\">\n\t\t\t\t\t<div class=\"elementor-text-editor elementor-clearfix\"><div><p>O Portal de Peri\u00f3dicos da Ufal disponibiliza, em formato eletr\u00f4nico, revistas cient\u00edficas in\u00e9ditas desenvolvidas no \u00e2mbito da Universidade.\u00a0<\/p><\/div><div><p>Sob a coordena\u00e7\u00e3o da Biblioteca Central da Ufal (BC\/UFAL), o Portal tem por objetivo ampliar a dissemina\u00e7\u00e3o de temas que contribuam para a investiga\u00e7\u00e3o cient\u00edfica. Para tanto, re\u00fane, organiza e prov\u00ea acesso pleno e gratuito \u00e0s revistas publicadas sob a responsabilidade de pesquisadores da Institui\u00e7\u00e3o.<\/p><\/div><div><p>Esse sistema integra a rede de portais de revistas cient\u00edficas que utiliza o <em>Open Journal Systems<\/em> (OJS), uma plataforma tecnol\u00f3gica viabiliza a indexa\u00e7\u00e3o e a interoperabilidade com sistemas de busca nacionais e internacionais, tais como Google Scholar, Crossref e DOAJ.<\/p><\/div><div><p>Com a tecnologia do OJS, o Portal oferece infraestrutura e fluxos de trabalho mais pr\u00e1ticos tanto para o pesquisador quanto para o leitor, abrangendo a\u00e7\u00f5es essenciais \u00e0s atividades de produ\u00e7\u00e3o, gest\u00e3o e editora\u00e7\u00e3o, a exemplo da submiss\u00e3o e da revis\u00e3o por pares.<\/p><\/div><div><p>Para mais informa\u00e7\u00f5es sobre os crit\u00e9rios de hospedagem de revistas no Portal, consulte-nos por meio do e-mail <span style=\"font-weight: 400;\">seer_responde@sibi.ufal.br<\/span><\/p><\/div><p>Bibliotec\u00e1ria respons\u00e1vel: Janis Christine<\/p><p><span style=\"font-weight: 400;\">Contato: 3214-1665<\/span><\/p><\/div>\n\t\t\t\t<\/div>\n\t\t\t\t<\/div>\n\t\t\t\t<div class=\"elementor-element elementor-element-677c06f elementor-button-info elementor-align-center elementor-widget elementor-widget-button\" data-id=\"677c06f\" data-element_type=\"widget\" data-widget_type=\"button.default\">\n\t\t\t\t<div class=\"elementor-widget-container\">\n\t\t\t\t\t<div class=\"elementor-button-wrapper\">\n\t\t\t<a href=\"http:\/\/www.seer.ufal.br\" class=\"elementor-button-link elementor-button elementor-size-sm\" role=\"button\">\n\t\t\t\t\t\t<span class=\"elementor-button-content-wrapper\">\n\t\t\t\t\t\t<span class=\"elementor-button-text\">>> Acesse o Portal de Peri\u00f3dicos da Ufal <<<\/span>\n\t\t<\/span>\n\t\t\t\t\t<\/a>\n\t\t<\/div>\n\t\t\t\t<\/div>\n\t\t\t\t<\/div>\n\t\t\t\t\t\t<\/div>\n\t\t\t<\/div>\n\t\t<\/div>\n\t\t\t\t\t\t<\/div>\n\t\t\t<\/div>\n\t\t<\/section>\n\t\t\t\t\t\t<\/div>\n\t\t\t<\/div>\n\t\t<\/div>\n\t\t\t\t\t\t<\/div>\n\t\t\t<\/div>\n\t\t<\/section>\n\t\t\t\t\t\t<\/div>\n\t\t\t<\/div>\n\t\t<\/div>\n\t\t","protected":false},"excerpt":{"rendered":"<p>Portal de Peri\u00f3dicos da UFAL O Portal de Peri\u00f3dicos da Ufal disponibiliza, em formato eletr\u00f4nico, revistas cient\u00edficas in\u00e9ditas desenvolvidas no \u00e2mbito da Universidade.\u00a0 Sob a coordena\u00e7\u00e3o da Biblioteca Central da Ufal (BC\/UFAL), o Portal tem por objetivo ampliar a dissemina\u00e7\u00e3o de temas que contribuam para a investiga\u00e7\u00e3o cient\u00edfica. Para tanto, re\u00fane, organiza e prov\u00ea acesso [&hellip;]<\/p>\n","protected":false},"author":5,"featured_media":0,"parent":0,"menu_order":0,"comment_status":"closed","ping_status":"closed","template":"","meta":[],"_links":{"self":[{"href":"https:\/\/sibi.ufal.br\/portal\/index.php?rest_route=\/wp\/v2\/pages\/1718"}],"collection":[{"href":"https:\/\/sibi.ufal.br\/portal\/index.php?rest_route=\/wp\/v2\/pages"}],"about":[{"href":"https:\/\/sibi.ufal.br\/portal\/index.php?rest_route=\/wp\/v2\/types\/page"}],"author":[{"embeddable":true,"href":"https:\/\/sibi.ufal.br\/portal\/index.php?rest_route=\/wp\/v2\/users\/5"}],"replies":[{"embeddable":true,"href":"https:\/\/sibi.ufal.br\/portal\/index.php?rest_route=%2Fwp%2Fv2%2Fcomments&post=1718"}],"version-history":[{"count":11,"href":"https:\/\/sibi.ufal.br\/portal\/index.php?rest_route=\/wp\/v2\/pages\/1718\/revisions"}],"predecessor-version":[{"id":4203,"href":"https:\/\/sibi.ufal.br\/portal\/index.php?rest_route=\/wp\/v2\/pages\/1718\/revisions\/4203"}],"wp:attachment":[{"href":"https:\/\/sibi.ufal.br\/portal\/index.php?rest_route=%2Fwp%2Fv2%2Fmedia&parent=1718"}],"curies":[{"name":"wp","href":"https:\/\/api.w.org\/{rel}","templated":true}]}}