{"id":1730,"date":"2019-11-28T12:41:35","date_gmt":"2019-11-28T15:41:35","guid":{"rendered":"http:\/\/sibi.ufal.br\/portal\/?page_id=1730"},"modified":"2020-10-29T18:26:14","modified_gmt":"2020-10-29T21:26:14","slug":"target-getweb","status":"publish","type":"page","link":"https:\/\/sibi.ufal.br\/portal\/?page_id=1730","title":{"rendered":"Portal Peri\u00f3dicos da Capes"},"content":{"rendered":"\t\t<div data-elementor-type=\"post\" data-elementor-id=\"1730\" class=\"elementor elementor-1730\" data-elementor-settings=\"[]\">\n\t\t\t<div class=\"elementor-inner\">\n\t\t\t\t<div class=\"elementor-section-wrap\">\n\t\t\t\t\t\t\t<section class=\"elementor-element elementor-element-3750e7d elementor-section-boxed elementor-section-height-default elementor-section-height-default elementor-section elementor-top-section\" data-id=\"3750e7d\" data-element_type=\"section\">\n\t\t\t\t\t\t<div class=\"elementor-container elementor-column-gap-default\">\n\t\t\t\t<div class=\"elementor-row\">\n\t\t\t\t<div class=\"elementor-element elementor-element-0ba36af elementor-column elementor-col-100 elementor-top-column\" data-id=\"0ba36af\" data-element_type=\"column\">\n\t\t\t<div class=\"elementor-column-wrap  elementor-element-populated\">\n\t\t\t\t\t<div class=\"elementor-widget-wrap\">\n\t\t\t\t<div class=\"elementor-element elementor-element-63f7f4b elementor-widget elementor-widget-heading\" data-id=\"63f7f4b\" data-element_type=\"widget\" data-widget_type=\"heading.default\">\n\t\t\t\t<div class=\"elementor-widget-container\">\n\t\t\t<h2 class=\"elementor-heading-title elementor-size-default\">Portal Peri\u00f3dicos da Capes<\/h2>\t\t<\/div>\n\t\t\t\t<\/div>\n\t\t\t\t\t\t<\/div>\n\t\t\t<\/div>\n\t\t<\/div>\n\t\t\t\t\t\t<\/div>\n\t\t\t<\/div>\n\t\t<\/section>\n\t\t\t\t<section class=\"elementor-element elementor-element-d0f7c87 elementor-section-boxed elementor-section-height-default elementor-section-height-default elementor-section elementor-top-section\" data-id=\"d0f7c87\" data-element_type=\"section\">\n\t\t\t\t\t\t<div class=\"elementor-container elementor-column-gap-default\">\n\t\t\t\t<div class=\"elementor-row\">\n\t\t\t\t<div class=\"elementor-element elementor-element-d1a9d71 elementor-column elementor-col-100 elementor-top-column\" data-id=\"d1a9d71\" data-element_type=\"column\">\n\t\t\t<div class=\"elementor-column-wrap  elementor-element-populated\">\n\t\t\t\t\t<div class=\"elementor-widget-wrap\">\n\t\t\t\t<section class=\"elementor-element elementor-element-8864c0e elementor-section-boxed elementor-section-height-default elementor-section-height-default elementor-section elementor-inner-section\" data-id=\"8864c0e\" data-element_type=\"section\">\n\t\t\t\t\t\t<div class=\"elementor-container elementor-column-gap-default\">\n\t\t\t\t<div class=\"elementor-row\">\n\t\t\t\t<div class=\"elementor-element elementor-element-443a136 elementor-column elementor-col-50 elementor-inner-column\" data-id=\"443a136\" data-element_type=\"column\">\n\t\t\t<div class=\"elementor-column-wrap  elementor-element-populated\">\n\t\t\t\t\t<div class=\"elementor-widget-wrap\">\n\t\t\t\t<div class=\"elementor-element elementor-element-d9ee3aa elementor-widget elementor-widget-text-editor\" data-id=\"d9ee3aa\" data-element_type=\"widget\" data-widget_type=\"text-editor.default\">\n\t\t\t\t<div class=\"elementor-widget-container\">\n\t\t\t\t\t<div class=\"elementor-text-editor elementor-clearfix\"><p><img decoding=\"async\" loading=\"lazy\" src=\"http:\/\/sibi.ufal.br\/portal\/wp-content\/uploads\/2019\/11\/Periodicos-1024x768.png\" alt=\"\" width=\"1024\" height=\"768\" \/><\/p><p><span style=\"font-size: 35px;\">O<\/span>\u00a0Portal de Peri\u00f3dicos da Coordena\u00e7\u00e3o de Aperfei\u00e7oamento de Pessoal de N\u00edvel Superior (Capes) \u00e9 uma biblioteca virtual que re\u00fane e disponibiliza a institui\u00e7\u00f5es de ensino e pesquisa no Brasil o melhor da produ\u00e7\u00e3o cient\u00edfica internacional. Ele conta com um acervo de mais de 45 mil t\u00edtulos com texto completo, 130 bases referenciais, 12 bases dedicadas exclusivamente a patentes, al\u00e9m de livros, enciclop\u00e9dias e obras de refer\u00eancia, normas t\u00e9cnicas, estat\u00edsticas e conte\u00fado audiovisual.<\/p><p>Atende \u00e0s demandas dos setores acad\u00eamico, produtivo e governamental e propicia o aumento da produ\u00e7\u00e3o cient\u00edfica nacional e o crescimento da inser\u00e7\u00e3o cient\u00edfica brasileira no exterior. \u00c9, portanto, uma ferramenta fundamental \u00e0s atribui\u00e7\u00f5es da Capes de fomento, avalia\u00e7\u00e3o e regula\u00e7\u00e3o dos cursos de P\u00f3s-Gradua\u00e7\u00e3o e desenvolvimento da pesquisa cient\u00edfica no Brasil.<\/p><p>Foi criado tendo em vista o d\u00e9ficit de acesso das bibliotecas brasileiras \u00e0 informa\u00e7\u00e3o cient\u00edfica internacional, dentro da perspectiva de que seria demasiadamente caro atualizar esse acervo com a compra de peri\u00f3dicos impressos para cada uma das universidades do sistema superior de ensino federal.\u00a0<\/p><\/div>\n\t\t\t\t<\/div>\n\t\t\t\t<\/div>\n\t\t\t\t\t\t<\/div>\n\t\t\t<\/div>\n\t\t<\/div>\n\t\t\t\t<div class=\"elementor-element elementor-element-cba8bfe elementor-column elementor-col-50 elementor-inner-column\" data-id=\"cba8bfe\" data-element_type=\"column\">\n\t\t\t<div class=\"elementor-column-wrap  elementor-element-populated\">\n\t\t\t\t\t<div class=\"elementor-widget-wrap\">\n\t\t\t\t<div class=\"elementor-element elementor-element-fdad4cd elementor-widget elementor-widget-text-editor\" data-id=\"fdad4cd\" data-element_type=\"widget\" data-widget_type=\"text-editor.default\">\n\t\t\t\t<div class=\"elementor-widget-container\">\n\t\t\t\t\t<div class=\"elementor-text-editor elementor-clearfix\"><p><span style=\"font-weight: 400;\">Sua miss\u00e3o \u00e9 promover o fortalecimento dos programas de p\u00f3s-gradua\u00e7\u00e3o no Brasil por meio da democratiza\u00e7\u00e3o do acesso on-line \u00e0 informa\u00e7\u00e3o cient\u00edfica internacional de alto n\u00edvel.<\/span><\/p><p>As a\u00e7\u00f5es promovidas pela Capes por meio do Portal de Peri\u00f3dicos visam atender objetivos, como:<span style=\"font-weight: 400;\"><br \/><\/span><\/p><p><span style=\"font-weight: 400;\">&#8211; A promo\u00e7\u00e3o do acesso irrestrito do conte\u00fado do Portal de Peri\u00f3dicos pelos usu\u00e1rios e o compartilhamento das pesquisas brasileiras em n\u00edvel internacional;<\/span><\/p><p><span style=\"font-weight: 400;\">&#8211; A capacita\u00e7\u00e3o do p\u00fablico usu\u00e1rio \u2013 professores, pesquisadores, alunos e funcion\u00e1rios \u2013 na utiliza\u00e7\u00e3o do acervo para suas atividades de ensino, pesquisa e extens\u00e3o;<\/span><\/p><p><span style=\"font-weight: 400;\">&#8211; O desenvolvimento e a diversifica\u00e7\u00e3o do conte\u00fado do Portal pela aquisi\u00e7\u00e3o de novos t\u00edtulos, bases de dados e outros tipos de documentos, tendo em vista os interesses da comunidade acad\u00eamica brasileira;<\/span><\/p><p><span style=\"font-weight: 400;\">&#8211; A amplia\u00e7\u00e3o do n\u00famero de institui\u00e7\u00f5es usu\u00e1rias do Portal de Peri\u00f3dicos, segundo os crit\u00e9rios de excel\u00eancia acad\u00eamica e de pesquisa definidos pela Capes e pelo Minist\u00e9rio da Educa\u00e7\u00e3o.<\/span><\/p><p><span style=\"font-weight: 400;\">Fonte: <\/span><span style=\"font-weight: 400;\">http:\/\/www.periodicos.capes.gov.br\/<\/span><\/p><p><span style=\"font-weight: 400;\">O Portal de Peri\u00f3dicos da Capes \u00e9 simplesmente um fabuloso acervo digital ao alcance de todo aquele que tem sede de conhecimento. Em poucos segundos, conecta voc\u00ea a uma diversidade de bases digitais, separadas por \u00e1rea de conhecimento, como tamb\u00e9m a uma infinidade de produ\u00e7\u00f5es cient\u00edficas espalhadas pelo mundo.<\/span><\/p><p><span style=\"font-weight: 400;\">N\u00e3o perca a oportunidade de participar de um treinamento no Via Pesquisa da Biblioteca Central para melhor aproveitar os conte\u00fados oferecidos pelo Portal de Peri\u00f3dicos da Capes. Os treinamentos est\u00e3o dispon\u00edveis para o acesso de toda a comunidade da Ufal.\u00a0<\/span><\/p><p><span style=\"font-weight: 400;\">Voc\u00ea tamb\u00e9m pode agendar um treinamento, diretamente, no Portal de Peri\u00f3dicos da Capes, para saber como fazer, acesse o nosso tutorial &#8216;<\/span><a href=\"http:\/\/sibi.ufal.br\/portal\/wp-content\/uploads\/2020\/10\/Tutorial_como-se-inscrever-nos-Treinamentos-do-Portal-Capes.pdf\">como se inscrever nos Treinamentos do Portal Capes<\/a>&#8216;<\/p><p><span style=\"font-weight: 400;\">Para mais informa\u00e7\u00f5es e agendamentos, entre em contato com o Via Pesquisa:<\/span><\/p><p><span style=\"font-weight: 400;\"><strong>Bibliotec\u00e1ria Respons\u00e1vel:<\/strong> Itamara Pontes<\/span><\/p><p><span style=\"font-weight: 400;\"><strong>Telefone:<\/strong> (82) 3214-1462<\/span><\/p><p><span style=\"font-weight: 400;\"><strong>E-mail:<\/strong> <\/span><a href=\"mailto:viapesquisa.ufal@gmail.com\"><span style=\"font-weight: 400;\">viapesquisa.ufal@gmail.com<\/span><\/a><\/p><\/div>\n\t\t\t\t<\/div>\n\t\t\t\t<\/div>\n\t\t\t\t\t\t<\/div>\n\t\t\t<\/div>\n\t\t<\/div>\n\t\t\t\t\t\t<\/div>\n\t\t\t<\/div>\n\t\t<\/section>\n\t\t\t\t<div class=\"elementor-element elementor-element-128f215 elementor-align-right elementor-widget elementor-widget-button\" data-id=\"128f215\" data-element_type=\"widget\" data-widget_type=\"button.default\">\n\t\t\t\t<div class=\"elementor-widget-container\">\n\t\t\t\t\t<div class=\"elementor-button-wrapper\">\n\t\t\t<a href=\"https:\/\/docs.google.com\/spreadsheets\/d\/1y0wCo7ysQLLq0EeWD9Gk2_JaHoZowddCzhvkrWbaQCk\/edit#gid=373351845\" class=\"elementor-button-link elementor-button elementor-size-sm\" role=\"button\">\n\t\t\t\t\t\t<span class=\"elementor-button-content-wrapper\">\n\t\t\t\t\t\t<span class=\"elementor-button-text\">Acesse aqui as Bases do Portal Capes (por \u00e1rea de conhecimento)<\/span>\n\t\t<\/span>\n\t\t\t\t\t<\/a>\n\t\t<\/div>\n\t\t\t\t<\/div>\n\t\t\t\t<\/div>\n\t\t\t\t<div class=\"elementor-element elementor-element-b4e1d42 elementor-align-right elementor-widget elementor-widget-button\" data-id=\"b4e1d42\" data-element_type=\"widget\" data-widget_type=\"button.default\">\n\t\t\t\t<div class=\"elementor-widget-container\">\n\t\t\t\t\t<div class=\"elementor-button-wrapper\">\n\t\t\t<a href=\"http:\/\/www.periodicos.capes.gov.br\/\" class=\"elementor-button-link elementor-button elementor-size-sm\" target=\"_blank\" role=\"button\">\n\t\t\t\t\t\t<span class=\"elementor-button-content-wrapper\">\n\t\t\t\t\t\t<span class=\"elementor-button-text\">Acesse aqui o Portal da Capes<\/span>\n\t\t<\/span>\n\t\t\t\t\t<\/a>\n\t\t<\/div>\n\t\t\t\t<\/div>\n\t\t\t\t<\/div>\n\t\t\t\t\t\t<\/div>\n\t\t\t<\/div>\n\t\t<\/div>\n\t\t\t\t\t\t<\/div>\n\t\t\t<\/div>\n\t\t<\/section>\n\t\t\t\t<section class=\"elementor-element elementor-element-2334013 elementor-section-boxed elementor-section-height-default elementor-section-height-default elementor-section elementor-top-section\" data-id=\"2334013\" data-element_type=\"section\">\n\t\t\t\t\t\t<div class=\"elementor-container elementor-column-gap-default\">\n\t\t\t\t<div class=\"elementor-row\">\n\t\t\t\t<div class=\"elementor-element elementor-element-d827523 elementor-column elementor-col-100 elementor-top-column\" data-id=\"d827523\" data-element_type=\"column\">\n\t\t\t<div class=\"elementor-column-wrap\">\n\t\t\t\t\t<div class=\"elementor-widget-wrap\">\n\t\t\t\t\t\t<\/div>\n\t\t\t<\/div>\n\t\t<\/div>\n\t\t\t\t\t\t<\/div>\n\t\t\t<\/div>\n\t\t<\/section>\n\t\t\t\t\t\t<\/div>\n\t\t\t<\/div>\n\t\t<\/div>\n\t\t","protected":false},"excerpt":{"rendered":"<p>Portal Peri\u00f3dicos da Capes O\u00a0Portal de Peri\u00f3dicos da Coordena\u00e7\u00e3o de Aperfei\u00e7oamento de Pessoal de N\u00edvel Superior (Capes) \u00e9 uma biblioteca virtual que re\u00fane e disponibiliza a institui\u00e7\u00f5es de ensino e pesquisa no Brasil o melhor da produ\u00e7\u00e3o cient\u00edfica internacional. Ele conta com um acervo de mais de 45 mil t\u00edtulos com texto completo, 130 bases [&hellip;]<\/p>\n","protected":false},"author":5,"featured_media":0,"parent":0,"menu_order":0,"comment_status":"closed","ping_status":"closed","template":"","meta":[],"_links":{"self":[{"href":"https:\/\/sibi.ufal.br\/portal\/index.php?rest_route=\/wp\/v2\/pages\/1730"}],"collection":[{"href":"https:\/\/sibi.ufal.br\/portal\/index.php?rest_route=\/wp\/v2\/pages"}],"about":[{"href":"https:\/\/sibi.ufal.br\/portal\/index.php?rest_route=\/wp\/v2\/types\/page"}],"author":[{"embeddable":true,"href":"https:\/\/sibi.ufal.br\/portal\/index.php?rest_route=\/wp\/v2\/users\/5"}],"replies":[{"embeddable":true,"href":"https:\/\/sibi.ufal.br\/portal\/index.php?rest_route=%2Fwp%2Fv2%2Fcomments&post=1730"}],"version-history":[{"count":21,"href":"https:\/\/sibi.ufal.br\/portal\/index.php?rest_route=\/wp\/v2\/pages\/1730\/revisions"}],"predecessor-version":[{"id":2932,"href":"https:\/\/sibi.ufal.br\/portal\/index.php?rest_route=\/wp\/v2\/pages\/1730\/revisions\/2932"}],"wp:attachment":[{"href":"https:\/\/sibi.ufal.br\/portal\/index.php?rest_route=%2Fwp%2Fv2%2Fmedia&parent=1730"}],"curies":[{"name":"wp","href":"https:\/\/api.w.org\/{rel}","templated":true}]}}