{"id":1733,"date":"2019-11-28T12:43:30","date_gmt":"2019-11-28T15:43:30","guid":{"rendered":"http:\/\/sibi.ufal.br\/portal\/?page_id=1733"},"modified":"2023-02-04T21:54:25","modified_gmt":"2023-02-05T00:54:25","slug":"e-books","status":"publish","type":"page","link":"https:\/\/sibi.ufal.br\/portal\/?page_id=1733","title":{"rendered":"E-books"},"content":{"rendered":"\t\t<div data-elementor-type=\"post\" data-elementor-id=\"1733\" class=\"elementor elementor-1733\" data-elementor-settings=\"[]\">\n\t\t\t<div class=\"elementor-inner\">\n\t\t\t\t<div class=\"elementor-section-wrap\">\n\t\t\t\t\t\t\t<section class=\"elementor-element elementor-element-d85a667 elementor-section-boxed elementor-section-height-default elementor-section-height-default elementor-section elementor-top-section\" data-id=\"d85a667\" data-element_type=\"section\">\n\t\t\t\t\t\t<div class=\"elementor-container elementor-column-gap-default\">\n\t\t\t\t<div class=\"elementor-row\">\n\t\t\t\t<div class=\"elementor-element elementor-element-f1ab98b elementor-column elementor-col-100 elementor-top-column\" data-id=\"f1ab98b\" data-element_type=\"column\">\n\t\t\t<div class=\"elementor-column-wrap  elementor-element-populated\">\n\t\t\t\t\t<div class=\"elementor-widget-wrap\">\n\t\t\t\t<div class=\"elementor-element elementor-element-c7d0e7d elementor-widget elementor-widget-heading\" data-id=\"c7d0e7d\" data-element_type=\"widget\" data-widget_type=\"heading.default\">\n\t\t\t\t<div class=\"elementor-widget-container\">\n\t\t\t<h2 class=\"elementor-heading-title elementor-size-default\">E-books<\/h2>\t\t<\/div>\n\t\t\t\t<\/div>\n\t\t\t\t\t\t<\/div>\n\t\t\t<\/div>\n\t\t<\/div>\n\t\t\t\t\t\t<\/div>\n\t\t\t<\/div>\n\t\t<\/section>\n\t\t\t\t<section class=\"elementor-element elementor-element-c9dbe16 elementor-section-boxed elementor-section-height-default elementor-section-height-default elementor-section elementor-top-section\" data-id=\"c9dbe16\" data-element_type=\"section\">\n\t\t\t\t\t\t<div class=\"elementor-container elementor-column-gap-default\">\n\t\t\t\t<div class=\"elementor-row\">\n\t\t\t\t<div class=\"elementor-element elementor-element-6412dc2 elementor-column elementor-col-100 elementor-top-column\" data-id=\"6412dc2\" data-element_type=\"column\">\n\t\t\t<div class=\"elementor-column-wrap  elementor-element-populated\">\n\t\t\t\t\t<div class=\"elementor-widget-wrap\">\n\t\t\t\t<div class=\"elementor-element elementor-element-8068a25 elementor-widget elementor-widget-text-editor\" data-id=\"8068a25\" data-element_type=\"widget\" data-widget_type=\"text-editor.default\">\n\t\t\t\t<div class=\"elementor-widget-container\">\n\t\t\t\t\t<div class=\"elementor-text-editor elementor-clearfix\"><p><b>BASES DE E-BOOKS (assinatura por prazo determinado)<\/b><\/p><p><b>. Biblioteca Virtual Pearson (BV)\u00a0<\/b><\/p><p><span style=\"font-weight: 400;\">A BV Pearson \u00e9 um acervo digital de livros t\u00e9cnicos, cient\u00edficos e acad\u00eamicos, de renomadas editoras, que abordam os mais variados temas, relacionados \u00e0s diversas \u00e1reas do conhecimento.\u00a0<\/span>\u00c9, tamb\u00e9m, uma plataforma\u00a0 inclusiva, com recursos que buscam garantir a acessibilidade para as pessoas com defici\u00eancias visuais, f\u00edsicas e intelectuais.<\/p><p><span style=\"font-weight: 400;\">Voc\u00ea ter\u00e1 acesso ilimitado, 24 horas por dia, a mais de 7.000 t\u00edtulos e a facilidade de navegar\u00a0<\/span><span style=\"font-weight: 400;\">do seu <\/span><i><span style=\"font-weight: 400;\">Desktop, Tablet<\/span><\/i><span style=\"font-weight: 400;\"> ou <\/span><i><span style=\"font-weight: 400;\">Smartphone\u00a0<\/span><\/i><span style=\"font-weight: 400;\">por uma <\/span><span style=\"font-weight: 400;\">plataforma intuitiva, \u00e1gil e funcional, de qualquer lugar e quando desejar!<\/span><\/p><p><span style=\"font-weight: 400;\">O SiBi Ufal quer simplificar seu acesso ao conhecimento e conectar voc\u00ea ao mundo, assim, e<\/span>sse acervo digital est\u00e1 dispon\u00edvel para toda a comunidade acad\u00eamica e cient\u00edfica da Ufal, em todos os seus Campi, com acesso totalmente gratuito.<\/p><p><span style=\"font-weight: 400;\">Para saber como acessar a BV Pearson, acesse os nossos v\u00eddeo-tutoriais\u00a0<\/span><span style=\"font-weight: 400;\">no canal SiBi Ufal do YouTube:<\/span><\/p><p><span style=\"font-weight: 400;\">1 <\/span><b>Acessando a Biblioteca Virtual pelo Desktop (<a href=\"https:\/\/www.youtube.com\/watch?v=GsvbNHBShvM\">AQUI<\/a><\/b><span style=\"font-weight: 400;\">)\u00a0<\/span><\/p><p><span style=\"font-weight: 400;\">2 <\/span><b>Acessando a Biblioteca Virtual pelos Dispositivos M\u00f3veis (<a href=\"https:\/\/www.youtube.com\/watch?v=TQksv3WhqpA\">AQUI<\/a>)<\/b><span style=\"font-family: Arial, sans-serif;\">\u00a0<\/span><\/p><\/div>\n\t\t\t\t<\/div>\n\t\t\t\t<\/div>\n\t\t\t\t<div class=\"elementor-element elementor-element-3cdfb93 elementor-widget elementor-widget-divider\" data-id=\"3cdfb93\" data-element_type=\"widget\" data-widget_type=\"divider.default\">\n\t\t\t\t<div class=\"elementor-widget-container\">\n\t\t\t\t\t<div class=\"elementor-divider\">\n\t\t\t<span class=\"elementor-divider-separator\"><\/span>\n\t\t<\/div>\n\t\t\t\t<\/div>\n\t\t\t\t<\/div>\n\t\t\t\t<div class=\"elementor-element elementor-element-f3b4479 elementor-widget elementor-widget-text-editor\" data-id=\"f3b4479\" data-element_type=\"widget\" data-widget_type=\"text-editor.default\">\n\t\t\t\t<div class=\"elementor-widget-container\">\n\t\t\t\t\t<div class=\"elementor-text-editor elementor-clearfix\"><p><strong>BASES DE E-BOOKS (car\u00e1ter perp\u00e9tuo)<\/strong><\/p><p><b>. Springer:<\/b><span style=\"font-weight: 400;\">\u00a0abrange as \u00e1reas de arquitetura, artes e design (23 t\u00edtulos), Ci\u00eancias do comportamento (40 t\u00edtulos), Ci\u00eancias biom\u00e9dicas e biologia (343 t\u00edtulos), Economia e neg\u00f3cios (237 t\u00edtulos), Qu\u00edmica e ci\u00eancias de materiais (170 t\u00edtulos), Ci\u00eancias da computa\u00e7\u00e3o (757 t\u00edtulos), Ci\u00eancias ambientais e da terra (196 t\u00edtulos), Engenharia (459 t\u00edtulos), Humanidades, ci\u00eancias sociais e direito (253 t\u00edtulos), Matem\u00e1tica e estat\u00edstica (328 t\u00edtulos), Medicina (363 t\u00edtulos), F\u00edsica e astronomia (196 t\u00edtulos), Computa\u00e7\u00e3o profissional e web design (106 t\u00edtulos);\u00a0<\/span><\/p><p><span style=\"font-weight: 400;\"><strong>. Atheneu:<\/strong> \u00e1rea de sa\u00fade;\u00a0<\/span><\/p><p><span style=\"font-weight: 400;\"><strong>. Net Library:<\/strong> \u00e1rea de medicina veterin\u00e1ria.\u00a0<\/span><span style=\"font-family: Arial, sans-serif;\">\u00a0<\/span><\/p><\/div>\n\t\t\t\t<\/div>\n\t\t\t\t<\/div>\n\t\t\t\t<div class=\"elementor-element elementor-element-09d8688 elementor-widget elementor-widget-divider\" data-id=\"09d8688\" data-element_type=\"widget\" data-widget_type=\"divider.default\">\n\t\t\t\t<div class=\"elementor-widget-container\">\n\t\t\t\t\t<div class=\"elementor-divider\">\n\t\t\t<span class=\"elementor-divider-separator\"><\/span>\n\t\t<\/div>\n\t\t\t\t<\/div>\n\t\t\t\t<\/div>\n\t\t\t\t<div class=\"elementor-element elementor-element-1434e47 elementor-widget elementor-widget-text-editor\" data-id=\"1434e47\" data-element_type=\"widget\" data-widget_type=\"text-editor.default\">\n\t\t\t\t<div class=\"elementor-widget-container\">\n\t\t\t\t\t<div class=\"elementor-text-editor elementor-clearfix\"><p><b>EBOOKS GRATUITOS DE EDITORAS UNIVERSIT\u00c1RIAS (BU\/UFSC)<\/b><\/p><p><b>.\u00a0<\/b><span style=\"font-family: Arial, sans-serif;\"><b>Livros eletr\u00f4nicos de ACESSO GRATUITO:<\/b>\u00a0listagem e-books, separados por \u00e1rea, publicados pelas principais editoras universit\u00e1rias brasileiras.\u00a0<\/span><span style=\"font-family: Arial, sans-serif;\">Consulte a lista por <\/span><b style=\"font-family: Arial, sans-serif;\">\u00e1rea do conhecimento<\/b><span style=\"font-family: Arial, sans-serif;\"> ou <\/span><b style=\"font-family: Arial, sans-serif;\">pesquise <\/b><span style=\"font-family: Arial, sans-serif;\">utilizando o atalho<\/span><b style=\"font-family: Arial, sans-serif;\"> Ctrl + F<\/b><span style=\"font-family: Arial, sans-serif;\">.\u00a0<\/span><\/p><p><span style=\"font-family: Arial, sans-serif;\">Se preferir, voc\u00ea pode efetuar o download da planilha, clicando no menu <\/span><b style=\"font-family: Arial, sans-serif;\">Arquivo<\/b><span style=\"font-family: Arial, sans-serif;\"> &gt; <\/span><b style=\"font-family: Arial, sans-serif;\">Fazer<\/b> <b style=\"font-family: Arial, sans-serif;\">download<\/b><span style=\"font-family: Arial, sans-serif;\">.<\/span><\/p><p class=\"MsoNormal\"><a href=\"https:\/\/docs.google.com\/spreadsheets\/d\/1HVsq2WU-_uvqPPOwoQgZIPB9Mbh4eFkDOHxQO4Dp6fE\/edit#gid=516996067\"><span style=\"font-family: 'Arial',sans-serif;\"><b>ACESSE AQUI<\/b><\/span><\/a><\/p><\/div>\n\t\t\t\t<\/div>\n\t\t\t\t<\/div>\n\t\t\t\t<div class=\"elementor-element elementor-element-07f4626 elementor-widget elementor-widget-divider\" data-id=\"07f4626\" data-element_type=\"widget\" data-widget_type=\"divider.default\">\n\t\t\t\t<div class=\"elementor-widget-container\">\n\t\t\t\t\t<div class=\"elementor-divider\">\n\t\t\t<span class=\"elementor-divider-separator\"><\/span>\n\t\t<\/div>\n\t\t\t\t<\/div>\n\t\t\t\t<\/div>\n\t\t\t\t<div class=\"elementor-element elementor-element-70456b6 elementor-widget elementor-widget-text-editor\" data-id=\"70456b6\" data-element_type=\"widget\" data-widget_type=\"text-editor.default\">\n\t\t\t\t<div class=\"elementor-widget-container\">\n\t\t\t\t\t<div class=\"elementor-text-editor elementor-clearfix\"><p><strong>BASES DE DADOS<\/strong><\/p><p><b>. Bases de dados, Bibliotecas digitais e Reposit\u00f3rios nacionais e internacionais: <\/b>\u00a0listagem com muitas op\u00e7\u00f5es de bases\u00a0 de\u00a0<strong>ACESSO LIVRE<\/strong>, dispon\u00edvel para toda a comunidade. Consulte por <strong>\u00e1rea do conhecimento<\/strong> ou <strong>pesquise<\/strong> utilizando o atalho <strong>Ctrl+F.<\/strong> Se preferir, fa\u00e7a o download da planilha no menu <strong>Arquivo \u00bb Fazer download.<\/strong><\/p><p><a href=\"https:\/\/docs.google.com\/spreadsheets\/d\/1yPLihgTKNEY068tgbimtInv1-Q4gn8_EJS7nKW4FUhQ\/edit#gid=305930832\"><strong>ACESSE AQUI<\/strong><\/a><span style=\"font-family: Arial, sans-serif;\">\u00a0<\/span><\/p><\/div>\n\t\t\t\t<\/div>\n\t\t\t\t<\/div>\n\t\t\t\t\t\t<\/div>\n\t\t\t<\/div>\n\t\t<\/div>\n\t\t\t\t\t\t<\/div>\n\t\t\t<\/div>\n\t\t<\/section>\n\t\t\t\t\t\t<\/div>\n\t\t\t<\/div>\n\t\t<\/div>\n\t\t","protected":false},"excerpt":{"rendered":"<p>E-books BASES DE E-BOOKS (assinatura por prazo determinado) . Biblioteca Virtual Pearson (BV)\u00a0 A BV Pearson \u00e9 um acervo digital de livros t\u00e9cnicos, cient\u00edficos e acad\u00eamicos, de renomadas editoras, que abordam os mais variados temas, relacionados \u00e0s diversas \u00e1reas do conhecimento.\u00a0\u00c9, tamb\u00e9m, uma plataforma\u00a0 inclusiva, com recursos que buscam garantir a acessibilidade para as pessoas [&hellip;]<\/p>\n","protected":false},"author":5,"featured_media":0,"parent":0,"menu_order":0,"comment_status":"closed","ping_status":"closed","template":"","meta":[],"_links":{"self":[{"href":"https:\/\/sibi.ufal.br\/portal\/index.php?rest_route=\/wp\/v2\/pages\/1733"}],"collection":[{"href":"https:\/\/sibi.ufal.br\/portal\/index.php?rest_route=\/wp\/v2\/pages"}],"about":[{"href":"https:\/\/sibi.ufal.br\/portal\/index.php?rest_route=\/wp\/v2\/types\/page"}],"author":[{"embeddable":true,"href":"https:\/\/sibi.ufal.br\/portal\/index.php?rest_route=\/wp\/v2\/users\/5"}],"replies":[{"embeddable":true,"href":"https:\/\/sibi.ufal.br\/portal\/index.php?rest_route=%2Fwp%2Fv2%2Fcomments&post=1733"}],"version-history":[{"count":23,"href":"https:\/\/sibi.ufal.br\/portal\/index.php?rest_route=\/wp\/v2\/pages\/1733\/revisions"}],"predecessor-version":[{"id":3425,"href":"https:\/\/sibi.ufal.br\/portal\/index.php?rest_route=\/wp\/v2\/pages\/1733\/revisions\/3425"}],"wp:attachment":[{"href":"https:\/\/sibi.ufal.br\/portal\/index.php?rest_route=%2Fwp%2Fv2%2Fmedia&parent=1733"}],"curies":[{"name":"wp","href":"https:\/\/api.w.org\/{rel}","templated":true}]}}