{"id":1767,"date":"2019-11-28T13:14:00","date_gmt":"2019-11-28T16:14:00","guid":{"rendered":"http:\/\/sibi.ufal.br\/portal\/?page_id=1767"},"modified":"2019-12-05T10:39:38","modified_gmt":"2019-12-05T13:39:38","slug":"acervo-impresso-3","status":"publish","type":"page","link":"https:\/\/sibi.ufal.br\/portal\/?page_id=1767","title":{"rendered":"Acervo impresso"},"content":{"rendered":"\t\t<div data-elementor-type=\"post\" data-elementor-id=\"1767\" class=\"elementor elementor-1767\" data-elementor-settings=\"[]\">\n\t\t\t<div class=\"elementor-inner\">\n\t\t\t\t<div class=\"elementor-section-wrap\">\n\t\t\t\t\t\t\t<section class=\"elementor-element elementor-element-16752a2 elementor-section-boxed elementor-section-height-default elementor-section-height-default elementor-section elementor-top-section\" data-id=\"16752a2\" data-element_type=\"section\">\n\t\t\t\t\t\t<div class=\"elementor-container elementor-column-gap-default\">\n\t\t\t\t<div class=\"elementor-row\">\n\t\t\t\t<div class=\"elementor-element elementor-element-6107b34 elementor-column elementor-col-100 elementor-top-column\" data-id=\"6107b34\" data-element_type=\"column\">\n\t\t\t<div class=\"elementor-column-wrap  elementor-element-populated\">\n\t\t\t\t\t<div class=\"elementor-widget-wrap\">\n\t\t\t\t<div class=\"elementor-element elementor-element-6c30d43 elementor-widget elementor-widget-heading\" data-id=\"6c30d43\" data-element_type=\"widget\" data-widget_type=\"heading.default\">\n\t\t\t\t<div class=\"elementor-widget-container\">\n\t\t\t<h2 class=\"elementor-heading-title elementor-size-default\">Acervo impresso<\/h2>\t\t<\/div>\n\t\t\t\t<\/div>\n\t\t\t\t\t\t<\/div>\n\t\t\t<\/div>\n\t\t<\/div>\n\t\t\t\t\t\t<\/div>\n\t\t\t<\/div>\n\t\t<\/section>\n\t\t\t\t<section class=\"elementor-element elementor-element-4369001 elementor-section-boxed elementor-section-height-default elementor-section-height-default elementor-section elementor-top-section\" data-id=\"4369001\" data-element_type=\"section\">\n\t\t\t\t\t\t<div class=\"elementor-container elementor-column-gap-default\">\n\t\t\t\t<div class=\"elementor-row\">\n\t\t\t\t<div class=\"elementor-element elementor-element-62c39a0 elementor-column elementor-col-100 elementor-top-column\" data-id=\"62c39a0\" data-element_type=\"column\">\n\t\t\t<div class=\"elementor-column-wrap  elementor-element-populated\">\n\t\t\t\t\t<div class=\"elementor-widget-wrap\">\n\t\t\t\t<div class=\"elementor-element elementor-element-2a84941 elementor-widget elementor-widget-text-editor\" data-id=\"2a84941\" data-element_type=\"widget\" data-widget_type=\"text-editor.default\">\n\t\t\t\t<div class=\"elementor-widget-container\">\n\t\t\t\t\t<div class=\"elementor-text-editor elementor-clearfix\"><p><b>COLE\u00c7\u00c3O GERAL DE LIVROS<\/b><\/p><p><span style=\"font-weight: 400;\">A Cole\u00e7\u00e3o Geral de Livros, atualmente, \u00e9 composta por cerca de 55.000 (cinquenta e cinco mil) t\u00edtulos e 207.000 (duzentos e sete mil) exemplares de livros nacionais e internacionais, nas diversas \u00e1reas do conhecimento, dispon\u00edveis para consulta \u00e0 comunidade em geral, e para empr\u00e9stimo domiciliar, exclusivamente, para toda comunidade acad\u00eamica da Ufal.<\/span><\/p><p>\u00a0<\/p><p><b>COLE\u00c7\u00c3O DE PERI\u00d3DICOS<\/b><\/p><p><span style=\"font-weight: 400;\">A Cole\u00e7\u00e3o de Peri\u00f3dicos, atualmente, \u00e9 formada, aproximadamente, por cerca de\u00a0 de 4.000 (quatro mil) t\u00edtulos e 114.000 (cento e quatorze mil) exemplares de peri\u00f3dicos nacionais e internacionais, cient\u00edficos e informativos, nas mais diversas \u00e1reas do conhecimento, dispon\u00edveis para consulta local a toda comunidade acad\u00eamica e geral.<\/span><\/p><p>\u00a0<\/p><p><b>COLE\u00c7\u00d5ES ESPECIAIS<\/b><\/p><p><span style=\"font-weight: 400;\">Esta cole\u00e7\u00e3o \u00e9 constitu\u00edda dos mais variados tipos de materiais bibliogr\u00e1ficos que, em sua maioria, foram adquiridos por meio de doa\u00e7\u00f5es de autores e editores.<\/span><\/p><p><span style=\"font-weight: 400;\">&#8211; A <\/span><span style=\"font-weight: 400;\">Cole\u00e7\u00e3o de Monografias<\/span><span style=\"font-weight: 400;\"> possui cerca de 7.000 (sete mil) t\u00edtulos e exemplares de Trabalhos de Conclus\u00e3o de Curso (TCCs) de Gradua\u00e7\u00e3o e P\u00f3s-Gradua\u00e7\u00e3o, Disserta\u00e7\u00f5es de Mestrado e Teses de Doutorado. Esta cole\u00e7\u00e3o est\u00e1 \u00e0 disposi\u00e7\u00e3o apenas para consulta no espa\u00e7o da Biblioteca, ou seja, n\u00e3o est\u00e1 dispon\u00edvel para o\u00a0 empr\u00e9stimo domiciliar.<\/span><\/p><p><span style=\"font-weight: 400;\">&#8211; A <\/span><span style=\"font-weight: 400;\">Cole\u00e7\u00e3o de Livros<\/span><span style=\"font-weight: 400;\">, tamb\u00e9m conhecida como <\/span><span style=\"font-weight: 400;\">Cole\u00e7\u00e3o Alagoana<\/span><span style=\"font-weight: 400;\"> \u00e9 constitu\u00edda de livros de editoras alagoanas, cujos temas permeiam sobre Alagoas e autores alagoanos. Destacam-se as obras de autoria do Jurista Pontes de Miranda, do Cientista Arthur Ramos e do renomado Escritor Graciliano Ramos. Esta cole\u00e7\u00e3o est\u00e1 dispon\u00edvel para consulta p\u00fablica e para o empr\u00e9stimo domiciliar \u00e0 comunidade acad\u00eamica.<\/span><\/p><p><span style=\"font-weight: 400;\">&#8211; A <\/span><span style=\"font-weight: 400;\">Cole\u00e7\u00e3o em Braile<\/span><span style=\"font-weight: 400;\"> \u00e9 constitu\u00edda de livros publicados pela Editora da Universidade Federal de Alagoas (Edufal) e, tamb\u00e9m, de outras editoras brasileiras, com o intuito de buscar atender \u00e0s <\/span><span style=\"font-weight: 400;\">pessoas com defici\u00eancia visual<\/span><\/p><p><span style=\"font-weight: 400;\">&#8211; A <\/span><span style=\"font-weight: 400;\">Cole\u00e7\u00e3o Obras Raras<\/span><span style=\"font-weight: 400;\"> \u00e9 composta de livros publicados nos s\u00e9culos XIX e XX referentes \u00e0s diversas \u00e1reas do conhecimento. Perfaz-se em uma cole\u00e7\u00e3o de grande valor, por seu teor hist\u00f3rico, cient\u00edfico, cultural e editorial. Esta cole\u00e7\u00e3o n\u00e3o est\u00e1 dispon\u00edvel para empr\u00e9stimo, n\u00e3o pode ser fotocopiada, e, sua consulta \u00e9 permitida para uso restrito na biblioteca.<\/span><\/p><p><br \/><br \/><\/p><\/div>\n\t\t\t\t<\/div>\n\t\t\t\t<\/div>\n\t\t\t\t\t\t<\/div>\n\t\t\t<\/div>\n\t\t<\/div>\n\t\t\t\t\t\t<\/div>\n\t\t\t<\/div>\n\t\t<\/section>\n\t\t\t\t\t\t<\/div>\n\t\t\t<\/div>\n\t\t<\/div>\n\t\t","protected":false},"excerpt":{"rendered":"<p>Acervo impresso COLE\u00c7\u00c3O GERAL DE LIVROS A Cole\u00e7\u00e3o Geral de Livros, atualmente, \u00e9 composta por cerca de 55.000 (cinquenta e cinco mil) t\u00edtulos e 207.000 (duzentos e sete mil) exemplares de livros nacionais e internacionais, nas diversas \u00e1reas do conhecimento, dispon\u00edveis para consulta \u00e0 comunidade em geral, e para empr\u00e9stimo domiciliar, exclusivamente, para toda comunidade [&hellip;]<\/p>\n","protected":false},"author":5,"featured_media":0,"parent":0,"menu_order":0,"comment_status":"closed","ping_status":"closed","template":"","meta":[],"_links":{"self":[{"href":"https:\/\/sibi.ufal.br\/portal\/index.php?rest_route=\/wp\/v2\/pages\/1767"}],"collection":[{"href":"https:\/\/sibi.ufal.br\/portal\/index.php?rest_route=\/wp\/v2\/pages"}],"about":[{"href":"https:\/\/sibi.ufal.br\/portal\/index.php?rest_route=\/wp\/v2\/types\/page"}],"author":[{"embeddable":true,"href":"https:\/\/sibi.ufal.br\/portal\/index.php?rest_route=\/wp\/v2\/users\/5"}],"replies":[{"embeddable":true,"href":"https:\/\/sibi.ufal.br\/portal\/index.php?rest_route=%2Fwp%2Fv2%2Fcomments&post=1767"}],"version-history":[{"count":5,"href":"https:\/\/sibi.ufal.br\/portal\/index.php?rest_route=\/wp\/v2\/pages\/1767\/revisions"}],"predecessor-version":[{"id":1971,"href":"https:\/\/sibi.ufal.br\/portal\/index.php?rest_route=\/wp\/v2\/pages\/1767\/revisions\/1971"}],"wp:attachment":[{"href":"https:\/\/sibi.ufal.br\/portal\/index.php?rest_route=%2Fwp%2Fv2%2Fmedia&parent=1767"}],"curies":[{"name":"wp","href":"https:\/\/api.w.org\/{rel}","templated":true}]}}