{"id":1770,"date":"2019-11-28T13:22:04","date_gmt":"2019-11-28T16:22:04","guid":{"rendered":"http:\/\/sibi.ufal.br\/portal\/?page_id=1770"},"modified":"2026-04-22T11:45:24","modified_gmt":"2026-04-22T14:45:24","slug":"padrao-de-normalizacao","status":"publish","type":"page","link":"https:\/\/sibi.ufal.br\/portal\/?page_id=1770","title":{"rendered":"Normaliza\u00e7\u00e3o de Trabalhos Acad\u00eamicos"},"content":{"rendered":"\t\t<div data-elementor-type=\"post\" data-elementor-id=\"1770\" class=\"elementor elementor-1770\" data-elementor-settings=\"[]\">\n\t\t\t<div class=\"elementor-inner\">\n\t\t\t\t<div class=\"elementor-section-wrap\">\n\t\t\t\t\t\t\t<section class=\"elementor-element elementor-element-0f441bc elementor-section-boxed elementor-section-height-default elementor-section-height-default elementor-section elementor-top-section\" data-id=\"0f441bc\" data-element_type=\"section\">\n\t\t\t\t\t\t<div class=\"elementor-container elementor-column-gap-default\">\n\t\t\t\t<div class=\"elementor-row\">\n\t\t\t\t<div class=\"elementor-element elementor-element-a44f866 elementor-column elementor-col-100 elementor-top-column\" data-id=\"a44f866\" data-element_type=\"column\">\n\t\t\t<div class=\"elementor-column-wrap  elementor-element-populated\">\n\t\t\t\t\t<div class=\"elementor-widget-wrap\">\n\t\t\t\t<div class=\"elementor-element elementor-element-eec8fc8 elementor-widget elementor-widget-heading\" data-id=\"eec8fc8\" data-element_type=\"widget\" data-widget_type=\"heading.default\">\n\t\t\t\t<div class=\"elementor-widget-container\">\n\t\t\t<h2 class=\"elementor-heading-title elementor-size-default\">Normaliza\u00e7\u00e3o para Trabalhos Acad\u00eamicos<\/h2>\t\t<\/div>\n\t\t\t\t<\/div>\n\t\t\t\t\t\t<\/div>\n\t\t\t<\/div>\n\t\t<\/div>\n\t\t\t\t\t\t<\/div>\n\t\t\t<\/div>\n\t\t<\/section>\n\t\t\t\t<section class=\"elementor-element elementor-element-b7581f6 elementor-section-boxed elementor-section-height-default elementor-section-height-default elementor-section elementor-top-section\" data-id=\"b7581f6\" data-element_type=\"section\">\n\t\t\t\t\t\t<div class=\"elementor-container elementor-column-gap-default\">\n\t\t\t\t<div class=\"elementor-row\">\n\t\t\t\t<div class=\"elementor-element elementor-element-114acc9 elementor-column elementor-col-100 elementor-top-column\" data-id=\"114acc9\" data-element_type=\"column\">\n\t\t\t<div class=\"elementor-column-wrap  elementor-element-populated\">\n\t\t\t\t\t<div class=\"elementor-widget-wrap\">\n\t\t\t\t<div class=\"elementor-element elementor-element-373cb92 elementor-widget elementor-widget-text-editor\" data-id=\"373cb92\" data-element_type=\"widget\" data-widget_type=\"text-editor.default\">\n\t\t\t\t<div class=\"elementor-widget-container\">\n\t\t\t\t\t<div class=\"elementor-text-editor elementor-clearfix\"><\/div>\n\t\t\t\t<\/div>\n\t\t\t\t<\/div>\n\t\t\t\t\t\t<\/div>\n\t\t\t<\/div>\n\t\t<\/div>\n\t\t\t\t\t\t<\/div>\n\t\t\t<\/div>\n\t\t<\/section>\n\t\t\t\t<section class=\"elementor-element elementor-element-4134a28 elementor-section-boxed elementor-section-height-default elementor-section-height-default elementor-section elementor-inner-section\" data-id=\"4134a28\" data-element_type=\"section\">\n\t\t\t\t\t\t<div class=\"elementor-container elementor-column-gap-default\">\n\t\t\t\t<div class=\"elementor-row\">\n\t\t\t\t<div class=\"elementor-element elementor-element-d341efb elementor-column elementor-col-50 elementor-inner-column\" data-id=\"d341efb\" data-element_type=\"column\">\n\t\t\t<div class=\"elementor-column-wrap  elementor-element-populated\">\n\t\t\t\t\t<div class=\"elementor-widget-wrap\">\n\t\t\t\t<div class=\"elementor-element elementor-element-f76348c elementor-widget elementor-widget-image\" data-id=\"f76348c\" data-element_type=\"widget\" data-widget_type=\"image.default\">\n\t\t\t\t<div class=\"elementor-widget-container\">\n\t\t\t\t\t<div class=\"elementor-image\">\n\t\t\t\t\t\t\t\t\t\t<img width=\"1024\" height=\"1024\" src=\"https:\/\/sibi.ufal.br\/portal\/wp-content\/uploads\/2022\/09\/site_manual_1-1024x1024.jpg\" class=\"attachment-large size-large\" alt=\"\" decoding=\"async\" loading=\"lazy\" srcset=\"https:\/\/sibi.ufal.br\/portal\/wp-content\/uploads\/2022\/09\/site_manual_1-1024x1024.jpg 1024w, https:\/\/sibi.ufal.br\/portal\/wp-content\/uploads\/2022\/09\/site_manual_1-150x150.jpg 150w, https:\/\/sibi.ufal.br\/portal\/wp-content\/uploads\/2022\/09\/site_manual_1-300x300.jpg 300w, https:\/\/sibi.ufal.br\/portal\/wp-content\/uploads\/2022\/09\/site_manual_1-768x768.jpg 768w\" sizes=\"(max-width: 1024px) 100vw, 1024px\" \/>\t\t\t\t\t\t\t\t\t\t\t<\/div>\n\t\t\t\t<\/div>\n\t\t\t\t<\/div>\n\t\t\t\t\t\t<\/div>\n\t\t\t<\/div>\n\t\t<\/div>\n\t\t\t\t<div class=\"elementor-element elementor-element-9b69f77 elementor-column elementor-col-50 elementor-inner-column\" data-id=\"9b69f77\" data-element_type=\"column\">\n\t\t\t<div class=\"elementor-column-wrap  elementor-element-populated\">\n\t\t\t\t\t<div class=\"elementor-widget-wrap\">\n\t\t\t\t<div class=\"elementor-element elementor-element-5fe09c6 elementor-widget elementor-widget-text-editor\" data-id=\"5fe09c6\" data-element_type=\"widget\" data-widget_type=\"text-editor.default\">\n\t\t\t\t<div class=\"elementor-widget-container\">\n\t\t\t\t\t<div class=\"elementor-text-editor elementor-clearfix\"><h5>MANUAIS<\/h5><h6>1) &#8220;Novo&#8221; Manual de Normaliza\u00e7\u00e3o da UFAL [ABNT]:<\/h6><h6>-&gt; <a href=\"https:\/\/www.repositorio.ufal.br\/handle\/123456789\/10627\">Manual de Normaliza\u00e7\u00e3o de Trabalhos Acad\u00eamicos da UFAL: ABNT<\/a><\/h6><\/div>\n\t\t\t\t<\/div>\n\t\t\t\t<\/div>\n\t\t\t\t<div class=\"elementor-element elementor-element-fa0c1af elementor-widget elementor-widget-text-editor\" data-id=\"fa0c1af\" data-element_type=\"widget\" data-widget_type=\"text-editor.default\">\n\t\t\t\t<div class=\"elementor-widget-container\">\n\t\t\t\t\t<div class=\"elementor-text-editor elementor-clearfix\"><\/div>\n\t\t\t\t<\/div>\n\t\t\t\t<\/div>\n\t\t\t\t<div class=\"elementor-element elementor-element-0b3c5f9 elementor-widget elementor-widget-divider\" data-id=\"0b3c5f9\" data-element_type=\"widget\" data-widget_type=\"divider.default\">\n\t\t\t\t<div class=\"elementor-widget-container\">\n\t\t\t\t\t<div class=\"elementor-divider\">\n\t\t\t<span class=\"elementor-divider-separator\"><\/span>\n\t\t<\/div>\n\t\t\t\t<\/div>\n\t\t\t\t<\/div>\n\t\t\t\t<div class=\"elementor-element elementor-element-7551844 elementor-widget elementor-widget-text-editor\" data-id=\"7551844\" data-element_type=\"widget\" data-widget_type=\"text-editor.default\">\n\t\t\t\t<div class=\"elementor-widget-container\">\n\t\t\t\t\t<div class=\"elementor-text-editor elementor-clearfix\"><h5>MATERIAL DE APOIO ACAD\u00caMICO: MODELOS EDIT\u00c1VEIS<\/h5><h6>1) Modelos de Artigo<\/h6><h6>-&gt; <a href=\"https:\/\/ntiufalbr-my.sharepoint.com\/:w:\/g\/personal\/rafaela_araujo_sibi_ufal_br\/EUwveAVi5bxOvoCUwUGJ120BNqjxBRLPExmKe1xjTaIrww?e=nkiOAK\">Artigo Cient\u00edfico (Word)<\/a><\/h6><h6>-&gt; <a href=\"https:\/\/ntiufalbr-my.sharepoint.com\/:w:\/g\/personal\/rafaela_araujo_sibi_ufal_br\/EfOsSetBG15OupyKiOQK464BiE_C-tbs_JD9oeHGT2-YqA?e=L89MrN\">Artigo Cient\u00edfico (BROffice)<\/a><\/h6><h6>2) Modelos de Banner<\/h6><h6><span style=\"color: #ffffff;\">-&gt;<\/span>\u00a0<a href=\"https:\/\/sibi.ufal.br\/portal\/wp-content\/uploads\/2022\/09\/Banner-Cient\u00edfico-1-80X120-UFAL-PPT.pptx\">Banner cient\u00edfico 1 &#8211; 50X70 (PPT)<\/a><\/h6><h6>-&gt; <a href=\"https:\/\/sibi.ufal.br\/portal\/wp-content\/uploads\/2022\/09\/Banner-Cient\u00edfico-2-90X120-UFAL-PPT.pptx\">Banner cient\u00edfico 2 &#8211; 80X120 (PPT)<\/a><\/h6><h6>-&gt; <a href=\"https:\/\/sibi.ufal.br\/portal\/wp-content\/uploads\/2022\/09\/Banner-Cient\u00edfico-3-50X70-UFAL-PPT.pptx\">Banner cient\u00edfico 3 &#8211; 90X120 (PPT)<\/a><\/h6><h6>3) Modelos de Trabalho Acad\u00eamico<\/h6><h6>-&gt; <a href=\"https:\/\/www.repositorio.ufal.br\/handle\/123456789\/17935\">Trabalho acad\u00eamico (Word e LibreOffice)<\/a><\/h6><p>\u00a0<\/p><\/div>\n\t\t\t\t<\/div>\n\t\t\t\t<\/div>\n\t\t\t\t<div class=\"elementor-element elementor-element-3a5f528 elementor-widget elementor-widget-divider\" data-id=\"3a5f528\" data-element_type=\"widget\" data-widget_type=\"divider.default\">\n\t\t\t\t<div class=\"elementor-widget-container\">\n\t\t\t\t\t<div class=\"elementor-divider\">\n\t\t\t<span class=\"elementor-divider-separator\"><\/span>\n\t\t<\/div>\n\t\t\t\t<\/div>\n\t\t\t\t<\/div>\n\t\t\t\t<div class=\"elementor-element elementor-element-408ed01 elementor-widget elementor-widget-text-editor\" data-id=\"408ed01\" data-element_type=\"widget\" data-widget_type=\"text-editor.default\">\n\t\t\t\t<div class=\"elementor-widget-container\">\n\t\t\t\t\t<div class=\"elementor-text-editor elementor-clearfix\"><h5>CURSOS ON-LINE<\/h5><h5>Novas turmas em breve!<\/h5><h6>1) Minicurso de Normaliza\u00e7\u00e3o:<\/h6><p>-&gt; Desvendando a ABNT com o Manual de Normaliza\u00e7\u00e3o da UFAL: como padronizar os trabalhos acad\u00eamicos<\/p><h5>\u00a0<\/h5><p>\u00a0<\/p><\/div>\n\t\t\t\t<\/div>\n\t\t\t\t<\/div>\n\t\t\t\t<div class=\"elementor-element elementor-element-eed1492 elementor-widget elementor-widget-divider\" data-id=\"eed1492\" data-element_type=\"widget\" data-widget_type=\"divider.default\">\n\t\t\t\t<div class=\"elementor-widget-container\">\n\t\t\t\t\t<div class=\"elementor-divider\">\n\t\t\t<span class=\"elementor-divider-separator\"><\/span>\n\t\t<\/div>\n\t\t\t\t<\/div>\n\t\t\t\t<\/div>\n\t\t\t\t<div class=\"elementor-element elementor-element-8a2f384 elementor-widget elementor-widget-text-editor\" data-id=\"8a2f384\" data-element_type=\"widget\" data-widget_type=\"text-editor.default\">\n\t\t\t\t<div class=\"elementor-widget-container\">\n\t\t\t\t\t<div class=\"elementor-text-editor elementor-clearfix\"><h5>MINIV\u00cdDEOS &#8211; SiBi UFAL Descomplica<\/h5><h6>1) Cole\u00e7\u00e3o NBR 6023:2018<\/h6><h6>-&gt; S\u00e9rie 1 &#8211; Descomplicando a ABNT: <a href=\"https:\/\/www.youtube.com\/watch?v=OTDbg4FE00s&amp;list=PL2RCd28o-BwO5PpFq9HgMvJysNdYJ3Rem\">elabora\u00e7\u00e3o de refer\u00eancias (NBR 6023:2018)<\/a><\/h6><\/div>\n\t\t\t\t<\/div>\n\t\t\t\t<\/div>\n\t\t\t\t<div class=\"elementor-element elementor-element-818aabc elementor-widget elementor-widget-divider\" data-id=\"818aabc\" data-element_type=\"widget\" data-widget_type=\"divider.default\">\n\t\t\t\t<div class=\"elementor-widget-container\">\n\t\t\t\t\t<div class=\"elementor-divider\">\n\t\t\t<span class=\"elementor-divider-separator\"><\/span>\n\t\t<\/div>\n\t\t\t\t<\/div>\n\t\t\t\t<\/div>\n\t\t\t\t\t\t<\/div>\n\t\t\t<\/div>\n\t\t<\/div>\n\t\t\t\t\t\t<\/div>\n\t\t\t<\/div>\n\t\t<\/section>\n\t\t\t\t\t\t<\/div>\n\t\t\t<\/div>\n\t\t<\/div>\n\t\t","protected":false},"excerpt":{"rendered":"<p>Normaliza\u00e7\u00e3o para Trabalhos Acad\u00eamicos MANUAIS 1) &#8220;Novo&#8221; Manual de Normaliza\u00e7\u00e3o da UFAL [ABNT]: -&gt; Manual de Normaliza\u00e7\u00e3o de Trabalhos Acad\u00eamicos da UFAL: ABNT MATERIAL DE APOIO ACAD\u00caMICO: MODELOS EDIT\u00c1VEIS 1) Modelos de Artigo -&gt; Artigo Cient\u00edfico (Word) -&gt; Artigo Cient\u00edfico (BROffice) 2) Modelos de Banner -&gt;\u00a0Banner cient\u00edfico 1 &#8211; 50X70 (PPT) -&gt; Banner cient\u00edfico 2 [&hellip;]<\/p>\n","protected":false},"author":5,"featured_media":0,"parent":0,"menu_order":0,"comment_status":"closed","ping_status":"closed","template":"","meta":[],"_links":{"self":[{"href":"https:\/\/sibi.ufal.br\/portal\/index.php?rest_route=\/wp\/v2\/pages\/1770"}],"collection":[{"href":"https:\/\/sibi.ufal.br\/portal\/index.php?rest_route=\/wp\/v2\/pages"}],"about":[{"href":"https:\/\/sibi.ufal.br\/portal\/index.php?rest_route=\/wp\/v2\/types\/page"}],"author":[{"embeddable":true,"href":"https:\/\/sibi.ufal.br\/portal\/index.php?rest_route=\/wp\/v2\/users\/5"}],"replies":[{"embeddable":true,"href":"https:\/\/sibi.ufal.br\/portal\/index.php?rest_route=%2Fwp%2Fv2%2Fcomments&post=1770"}],"version-history":[{"count":52,"href":"https:\/\/sibi.ufal.br\/portal\/index.php?rest_route=\/wp\/v2\/pages\/1770\/revisions"}],"predecessor-version":[{"id":4297,"href":"https:\/\/sibi.ufal.br\/portal\/index.php?rest_route=\/wp\/v2\/pages\/1770\/revisions\/4297"}],"wp:attachment":[{"href":"https:\/\/sibi.ufal.br\/portal\/index.php?rest_route=%2Fwp%2Fv2%2Fmedia&parent=1770"}],"curies":[{"name":"wp","href":"https:\/\/api.w.org\/{rel}","templated":true}]}}