{"id":1927,"date":"2019-12-04T13:05:32","date_gmt":"2019-12-04T16:05:32","guid":{"rendered":"http:\/\/sibi.ufal.br\/portal\/?page_id=1927"},"modified":"2019-12-07T19:49:20","modified_gmt":"2019-12-07T22:49:20","slug":"elementor-1927","status":"publish","type":"page","link":"https:\/\/sibi.ufal.br\/portal\/?page_id=1927","title":{"rendered":"Aquisi\u00e7\u00e3o de Materiais Bibliogr\u00e1ficos\u200b"},"content":{"rendered":"\t\t<div data-elementor-type=\"post\" data-elementor-id=\"1927\" class=\"elementor elementor-1927\" data-elementor-settings=\"[]\">\n\t\t\t<div class=\"elementor-inner\">\n\t\t\t\t<div class=\"elementor-section-wrap\">\n\t\t\t\t\t\t\t<section class=\"elementor-element elementor-element-d75c166 elementor-section-boxed elementor-section-height-default elementor-section-height-default elementor-section elementor-top-section\" data-id=\"d75c166\" data-element_type=\"section\">\n\t\t\t\t\t\t<div class=\"elementor-container elementor-column-gap-default\">\n\t\t\t\t<div class=\"elementor-row\">\n\t\t\t\t<div class=\"elementor-element elementor-element-70ee64e elementor-column elementor-col-100 elementor-top-column\" data-id=\"70ee64e\" data-element_type=\"column\">\n\t\t\t<div class=\"elementor-column-wrap  elementor-element-populated\">\n\t\t\t\t\t<div class=\"elementor-widget-wrap\">\n\t\t\t\t<div class=\"elementor-element elementor-element-44a1a3c elementor-widget elementor-widget-heading\" data-id=\"44a1a3c\" data-element_type=\"widget\" data-widget_type=\"heading.default\">\n\t\t\t\t<div class=\"elementor-widget-container\">\n\t\t\t<h2 class=\"elementor-heading-title elementor-size-default\">Aquisi\u00e7\u00e3o de Material Bibliogr\u00e1fico<\/h2>\t\t<\/div>\n\t\t\t\t<\/div>\n\t\t\t\t\t\t<\/div>\n\t\t\t<\/div>\n\t\t<\/div>\n\t\t\t\t\t\t<\/div>\n\t\t\t<\/div>\n\t\t<\/section>\n\t\t\t\t<section class=\"elementor-element elementor-element-7c6eeca elementor-section-boxed elementor-section-height-default elementor-section-height-default elementor-section elementor-top-section\" data-id=\"7c6eeca\" data-element_type=\"section\">\n\t\t\t\t\t\t<div class=\"elementor-container elementor-column-gap-default\">\n\t\t\t\t<div class=\"elementor-row\">\n\t\t\t\t<div class=\"elementor-element elementor-element-6547cc1 elementor-column elementor-col-100 elementor-top-column\" data-id=\"6547cc1\" data-element_type=\"column\">\n\t\t\t<div class=\"elementor-column-wrap  elementor-element-populated\">\n\t\t\t\t\t<div class=\"elementor-widget-wrap\">\n\t\t\t\t<section class=\"elementor-element elementor-element-eaec27e elementor-section-boxed elementor-section-height-default elementor-section-height-default elementor-section elementor-inner-section\" data-id=\"eaec27e\" data-element_type=\"section\">\n\t\t\t\t\t\t<div class=\"elementor-container elementor-column-gap-default\">\n\t\t\t\t<div class=\"elementor-row\">\n\t\t\t\t<div class=\"elementor-element elementor-element-5979bc3 elementor-column elementor-col-50 elementor-inner-column\" data-id=\"5979bc3\" data-element_type=\"column\">\n\t\t\t<div class=\"elementor-column-wrap  elementor-element-populated\">\n\t\t\t\t\t<div class=\"elementor-widget-wrap\">\n\t\t\t\t<div class=\"elementor-element elementor-element-81451aa elementor-widget elementor-widget-image\" data-id=\"81451aa\" data-element_type=\"widget\" data-widget_type=\"image.default\">\n\t\t\t\t<div class=\"elementor-widget-container\">\n\t\t\t\t\t<div class=\"elementor-image\">\n\t\t\t\t\t\t\t\t\t\t<img width=\"1024\" height=\"1024\" src=\"https:\/\/sibi.ufal.br\/portal\/wp-content\/uploads\/2019\/12\/AQUISI\u00c7\u00c3O-1024x1024.jpg\" class=\"attachment-large size-large\" alt=\"\" decoding=\"async\" loading=\"lazy\" srcset=\"https:\/\/sibi.ufal.br\/portal\/wp-content\/uploads\/2019\/12\/AQUISI\u00c7\u00c3O-1024x1024.jpg 1024w, https:\/\/sibi.ufal.br\/portal\/wp-content\/uploads\/2019\/12\/AQUISI\u00c7\u00c3O-150x150.jpg 150w, https:\/\/sibi.ufal.br\/portal\/wp-content\/uploads\/2019\/12\/AQUISI\u00c7\u00c3O-300x300.jpg 300w, https:\/\/sibi.ufal.br\/portal\/wp-content\/uploads\/2019\/12\/AQUISI\u00c7\u00c3O-768x768.jpg 768w, https:\/\/sibi.ufal.br\/portal\/wp-content\/uploads\/2019\/12\/AQUISI\u00c7\u00c3O.jpg 1500w\" sizes=\"(max-width: 1024px) 100vw, 1024px\" \/>\t\t\t\t\t\t\t\t\t\t\t<\/div>\n\t\t\t\t<\/div>\n\t\t\t\t<\/div>\n\t\t\t\t\t\t<\/div>\n\t\t\t<\/div>\n\t\t<\/div>\n\t\t\t\t<div class=\"elementor-element elementor-element-34cc158 elementor-column elementor-col-50 elementor-inner-column\" data-id=\"34cc158\" data-element_type=\"column\">\n\t\t\t<div class=\"elementor-column-wrap  elementor-element-populated\">\n\t\t\t\t\t<div class=\"elementor-widget-wrap\">\n\t\t\t\t<div class=\"elementor-element elementor-element-3ee92ca elementor-widget elementor-widget-text-editor\" data-id=\"3ee92ca\" data-element_type=\"widget\" data-widget_type=\"text-editor.default\">\n\t\t\t\t<div class=\"elementor-widget-container\">\n\t\t\t\t\t<div class=\"elementor-text-editor elementor-clearfix\"><p><span style=\"font-weight: 400;\">Atualmente, sendo um conjunto de 15 (quinze) bibliotecas integradas, sob os aspectos administrativo, funcional e operacional, alinhado \u00e0s pol\u00edticas educacional, cient\u00edfica e administrativa da Universidade, o SiBi\/Ufal tem, entre outras atribui\u00e7\u00f5es, a responsabilidade de realizar a aquisi\u00e7\u00e3o do acervo bibliogr\u00e1fico que ser\u00e1 disponibilizado a toda comunidade acad\u00eamica da Ufal, por meio de suas bibliotecas.<\/span><\/p><p><span style=\"font-weight: 400;\">Dessa forma, a Biblioteca Central (BC), como \u00f3rg\u00e3o diretor e orientador das atividades do SiBi\/Ufal, tem a incumb\u00eancia de operacionalizar a aquisi\u00e7\u00e3o de todo material bibliogr\u00e1fico necess\u00e1rio \u00e0s demandas dos cursos.<\/span><\/p><p><span style=\"font-weight: 400;\">Todo o processo tem por base o Plano de Atualiza\u00e7\u00e3o e Manuten\u00e7\u00e3o de Acervos. Assim, conforme suas diretrizes e normas, a sele\u00e7\u00e3o e a aquisi\u00e7\u00e3o de bibliografias devem seguir alguns crit\u00e9rios preestabelecidos com o objetivo de atender \u00e0s demandas dos cursos da Ufal. <\/span><span style=\"font-weight: 400;\">(ver Plano de Atualiza\u00e7\u00e3o e Manuten\u00e7\u00e3o de Acervo).<\/span><\/p><p><span style=\"font-weight: 400;\">As solicita\u00e7\u00f5es para aquisi\u00e7\u00e3o de bibliografias s\u00e3o realizadas pelas Coordena\u00e7\u00f5es de Curso, por meio do <\/span><b>Sistema de Solicita\u00e7\u00e3o de T\u00edtulos<\/b><span style=\"font-weight: 400;\"> do SiBi\/Ufal, e nelas devem constar as bibliografias b\u00e1sicas e complementares das disciplinas que comp\u00f5em os Projetos Pedag\u00f3gicos do Curso. Ressalta-se, que a participa\u00e7\u00e3o das Coordena\u00e7\u00f5es de Curso nesse processo \u00e9 de fundamental import\u00e2ncia, visto que possibilita que o SiBi\/Ufal cumpra seu objetivo maior, o de prover suporte informacional ao ensino, \u00e0 pesquisa e \u00e0 extens\u00e3o.<\/span><\/p><p><span style=\"font-weight: 400;\">Esse processo \u00e9 realizado, anualmente, em uma a\u00e7\u00e3o conjunta entre o SiBi\/Ufal, a Pr\u00f3-Reitoria de Gradua\u00e7\u00e3o (PROGRAD), a Procuradoria Educacional Institucional (PEI) e a Pr\u00f3-Reitoria de Gest\u00e3o Institucional (PROGINST).\u00a0<\/span><\/p><\/div>\n\t\t\t\t<\/div>\n\t\t\t\t<\/div>\n\t\t\t\t<div class=\"elementor-element elementor-element-2987063 elementor-button-info elementor-align-center elementor-widget elementor-widget-button\" data-id=\"2987063\" data-element_type=\"widget\" data-widget_type=\"button.default\">\n\t\t\t\t<div class=\"elementor-widget-container\">\n\t\t\t\t\t<div class=\"elementor-button-wrapper\">\n\t\t\t<a href=\"http:\/\/www.sibi.ufal.br\/pedidos\/\" class=\"elementor-button-link elementor-button elementor-size-sm\" role=\"button\">\n\t\t\t\t\t\t<span class=\"elementor-button-content-wrapper\">\n\t\t\t\t\t\t<span class=\"elementor-button-text\">Clique aqui para fazer sua solicita\u00e7\u00e3o<\/span>\n\t\t<\/span>\n\t\t\t\t\t<\/a>\n\t\t<\/div>\n\t\t\t\t<\/div>\n\t\t\t\t<\/div>\n\t\t\t\t\t\t<\/div>\n\t\t\t<\/div>\n\t\t<\/div>\n\t\t\t\t\t\t<\/div>\n\t\t\t<\/div>\n\t\t<\/section>\n\t\t\t\t\t\t<\/div>\n\t\t\t<\/div>\n\t\t<\/div>\n\t\t\t\t\t\t<\/div>\n\t\t\t<\/div>\n\t\t<\/section>\n\t\t\t\t\t\t<\/div>\n\t\t\t<\/div>\n\t\t<\/div>\n\t\t","protected":false},"excerpt":{"rendered":"<p>Aquisi\u00e7\u00e3o de Material Bibliogr\u00e1fico Atualmente, sendo um conjunto de 15 (quinze) bibliotecas integradas, sob os aspectos administrativo, funcional e operacional, alinhado \u00e0s pol\u00edticas educacional, cient\u00edfica e administrativa da Universidade, o SiBi\/Ufal tem, entre outras atribui\u00e7\u00f5es, a responsabilidade de realizar a aquisi\u00e7\u00e3o do acervo bibliogr\u00e1fico que ser\u00e1 disponibilizado a toda comunidade acad\u00eamica da Ufal, por meio [&hellip;]<\/p>\n","protected":false},"author":5,"featured_media":0,"parent":0,"menu_order":0,"comment_status":"closed","ping_status":"closed","template":"","meta":[],"_links":{"self":[{"href":"https:\/\/sibi.ufal.br\/portal\/index.php?rest_route=\/wp\/v2\/pages\/1927"}],"collection":[{"href":"https:\/\/sibi.ufal.br\/portal\/index.php?rest_route=\/wp\/v2\/pages"}],"about":[{"href":"https:\/\/sibi.ufal.br\/portal\/index.php?rest_route=\/wp\/v2\/types\/page"}],"author":[{"embeddable":true,"href":"https:\/\/sibi.ufal.br\/portal\/index.php?rest_route=\/wp\/v2\/users\/5"}],"replies":[{"embeddable":true,"href":"https:\/\/sibi.ufal.br\/portal\/index.php?rest_route=%2Fwp%2Fv2%2Fcomments&post=1927"}],"version-history":[{"count":10,"href":"https:\/\/sibi.ufal.br\/portal\/index.php?rest_route=\/wp\/v2\/pages\/1927\/revisions"}],"predecessor-version":[{"id":2204,"href":"https:\/\/sibi.ufal.br\/portal\/index.php?rest_route=\/wp\/v2\/pages\/1927\/revisions\/2204"}],"wp:attachment":[{"href":"https:\/\/sibi.ufal.br\/portal\/index.php?rest_route=%2Fwp%2Fv2%2Fmedia&parent=1927"}],"curies":[{"name":"wp","href":"https:\/\/api.w.org\/{rel}","templated":true}]}}