{"id":2654,"date":"2020-02-24T17:14:23","date_gmt":"2020-02-24T20:14:23","guid":{"rendered":"http:\/\/sibi.ufal.br\/portal\/?page_id=2654"},"modified":"2020-03-16T08:57:58","modified_gmt":"2020-03-16T11:57:58","slug":"marca-sibi","status":"publish","type":"page","link":"https:\/\/sibi.ufal.br\/portal\/?page_id=2654","title":{"rendered":"Marca SIBI"},"content":{"rendered":"\t\t<div data-elementor-type=\"post\" data-elementor-id=\"2654\" class=\"elementor elementor-2654\" data-elementor-settings=\"[]\">\n\t\t\t<div class=\"elementor-inner\">\n\t\t\t\t<div class=\"elementor-section-wrap\">\n\t\t\t\t\t\t\t<section class=\"elementor-element elementor-element-1900722 elementor-section-boxed elementor-section-height-default elementor-section-height-default elementor-section elementor-top-section\" data-id=\"1900722\" data-element_type=\"section\">\n\t\t\t\t\t\t<div class=\"elementor-container elementor-column-gap-default\">\n\t\t\t\t<div class=\"elementor-row\">\n\t\t\t\t<div class=\"elementor-element elementor-element-c9a011d elementor-column elementor-col-100 elementor-top-column\" data-id=\"c9a011d\" data-element_type=\"column\">\n\t\t\t<div class=\"elementor-column-wrap  elementor-element-populated\">\n\t\t\t\t\t<div class=\"elementor-widget-wrap\">\n\t\t\t\t<div class=\"elementor-element elementor-element-b04d1cc elementor-widget elementor-widget-heading\" data-id=\"b04d1cc\" data-element_type=\"widget\" data-widget_type=\"heading.default\">\n\t\t\t\t<div class=\"elementor-widget-container\">\n\t\t\t<h2 class=\"elementor-heading-title elementor-size-default\">Marca SiBi\/Ufal<\/h2>\t\t<\/div>\n\t\t\t\t<\/div>\n\t\t\t\t\t\t<\/div>\n\t\t\t<\/div>\n\t\t<\/div>\n\t\t\t\t\t\t<\/div>\n\t\t\t<\/div>\n\t\t<\/section>\n\t\t\t\t<section class=\"elementor-element elementor-element-0c58e30 elementor-section-boxed elementor-section-height-default elementor-section-height-default elementor-section elementor-top-section\" data-id=\"0c58e30\" data-element_type=\"section\">\n\t\t\t\t\t\t<div class=\"elementor-container elementor-column-gap-default\">\n\t\t\t\t<div class=\"elementor-row\">\n\t\t\t\t<div class=\"elementor-element elementor-element-278d334 elementor-column elementor-col-100 elementor-top-column\" data-id=\"278d334\" data-element_type=\"column\">\n\t\t\t<div class=\"elementor-column-wrap  elementor-element-populated\">\n\t\t\t\t\t<div class=\"elementor-widget-wrap\">\n\t\t\t\t<div class=\"elementor-element elementor-element-47844ed elementor-invisible elementor-widget elementor-widget-divider\" data-id=\"47844ed\" data-element_type=\"widget\" data-settings=\"{&quot;_animation&quot;:&quot;fadeInRight&quot;}\" data-widget_type=\"divider.default\">\n\t\t\t\t<div class=\"elementor-widget-container\">\n\t\t\t\t\t<div class=\"elementor-divider\">\n\t\t\t<span class=\"elementor-divider-separator\"><\/span>\n\t\t<\/div>\n\t\t\t\t<\/div>\n\t\t\t\t<\/div>\n\t\t\t\t\t\t<\/div>\n\t\t\t<\/div>\n\t\t<\/div>\n\t\t\t\t\t\t<\/div>\n\t\t\t<\/div>\n\t\t<\/section>\n\t\t\t\t<section class=\"elementor-element elementor-element-321bd18 elementor-section-boxed elementor-section-height-default elementor-section-height-default elementor-section elementor-top-section\" data-id=\"321bd18\" data-element_type=\"section\">\n\t\t\t\t\t\t<div class=\"elementor-container elementor-column-gap-default\">\n\t\t\t\t<div class=\"elementor-row\">\n\t\t\t\t<div class=\"elementor-element elementor-element-08e5831 elementor-column elementor-col-100 elementor-top-column\" data-id=\"08e5831\" data-element_type=\"column\">\n\t\t\t<div class=\"elementor-column-wrap  elementor-element-populated\">\n\t\t\t\t\t<div class=\"elementor-widget-wrap\">\n\t\t\t\t<section class=\"elementor-element elementor-element-17b8305 elementor-section-boxed elementor-section-height-default elementor-section-height-default elementor-section elementor-inner-section\" data-id=\"17b8305\" data-element_type=\"section\">\n\t\t\t\t\t\t<div class=\"elementor-container elementor-column-gap-default\">\n\t\t\t\t<div class=\"elementor-row\">\n\t\t\t\t<div class=\"elementor-element elementor-element-23a60e7 elementor-column elementor-col-50 elementor-inner-column\" data-id=\"23a60e7\" data-element_type=\"column\">\n\t\t\t<div class=\"elementor-column-wrap  elementor-element-populated\">\n\t\t\t\t\t<div class=\"elementor-widget-wrap\">\n\t\t\t\t<div class=\"elementor-element elementor-element-804395e elementor-widget elementor-widget-image\" data-id=\"804395e\" data-element_type=\"widget\" data-widget_type=\"image.default\">\n\t\t\t\t<div class=\"elementor-widget-container\">\n\t\t\t\t\t<div class=\"elementor-image\">\n\t\t\t\t\t\t\t\t\t\t<img width=\"1024\" height=\"1024\" src=\"https:\/\/sibi.ufal.br\/portal\/wp-content\/uploads\/2020\/02\/MARCA-1024x1024.jpg\" class=\"attachment-large size-large\" alt=\"\" decoding=\"async\" loading=\"lazy\" srcset=\"https:\/\/sibi.ufal.br\/portal\/wp-content\/uploads\/2020\/02\/MARCA-1024x1024.jpg 1024w, https:\/\/sibi.ufal.br\/portal\/wp-content\/uploads\/2020\/02\/MARCA-150x150.jpg 150w, https:\/\/sibi.ufal.br\/portal\/wp-content\/uploads\/2020\/02\/MARCA-300x300.jpg 300w, https:\/\/sibi.ufal.br\/portal\/wp-content\/uploads\/2020\/02\/MARCA-768x768.jpg 768w, https:\/\/sibi.ufal.br\/portal\/wp-content\/uploads\/2020\/02\/MARCA.jpg 1500w\" sizes=\"(max-width: 1024px) 100vw, 1024px\" \/>\t\t\t\t\t\t\t\t\t\t\t<\/div>\n\t\t\t\t<\/div>\n\t\t\t\t<\/div>\n\t\t\t\t\t\t<\/div>\n\t\t\t<\/div>\n\t\t<\/div>\n\t\t\t\t<div class=\"elementor-element elementor-element-f0bfe42 elementor-column elementor-col-50 elementor-inner-column\" data-id=\"f0bfe42\" data-element_type=\"column\">\n\t\t\t<div class=\"elementor-column-wrap  elementor-element-populated\">\n\t\t\t\t\t<div class=\"elementor-widget-wrap\">\n\t\t\t\t<div class=\"elementor-element elementor-element-35e3a80 elementor-widget elementor-widget-text-editor\" data-id=\"35e3a80\" data-element_type=\"widget\" data-widget_type=\"text-editor.default\">\n\t\t\t\t<div class=\"elementor-widget-container\">\n\t\t\t\t\t<div class=\"elementor-text-editor elementor-clearfix\"><p><span style=\"font-size: 35px; text-align: justify;\">E<\/span>m meio \u00e0 evolu\u00e7\u00e3o da sociedade, marcada pelo desenvolvimento da internet e das novas tecnologias, as bibliotecas do SiBi\/Ufal v\u00eam se transformando para melhor servir aos seus usu\u00e1rios.<\/p><p>Assim, nossa marca, representada pela logo SiBi,\u00a0 tamb\u00e9m incorporou todo esse processo e, em meio \u00e0 representatividade de aprendizados, descobertas e conquistas, se transformou.<\/p><p><span style=\"font-size: 35px; text-align: justify;\">N<\/span><span style=\"font-weight: bold;\">ova Logo<\/span><\/p><p>Inspirada na valoriza\u00e7\u00e3o da a\u00e7\u00e3o de compartilhar o conhecimento, nas cores e paisagens encantadoras do Estado de Alagoas, a nova logo, s\u00edmbolo gr\u00e1fico da marca SiBi\/Ufal, \u00e9 mais que uma simples representa\u00e7\u00e3o, trata-se da forma de afirma\u00e7\u00e3o de nossa identidade e singularidade.<\/p><p><strong>Cria\u00e7\u00e3o<\/strong><\/p><p>Originou-se tendo como refer\u00eancia uma tend\u00eancia moderna e clean, em que s\u00e3o enfatizados tra\u00e7os sutis e uma linguagem visual assim\u00e9trica. Al\u00e9m disso, explorou o real e o abstrato, resgatando mem\u00f3rias de um contexto regional, e da representatividade da sociedade atual.<\/p><p><strong>Simbologia<\/strong><\/p><p>&#8211; Suas <b>cores <\/b>ressaltam a exuberante beleza do Estado de Alagoas, cercado de lagoas, rios e do mar azul piscina que, unificado ao azul do c\u00e9u, nos proporciona um espet\u00e1culo magn\u00edfico, fonte inspiradora de tantos poetas alagoanos e retratado em uma diversidade de obras.<\/p><p>&#8211; Suas <b>ondas <\/b>nos remetem \u00e0 for\u00e7a e a persist\u00eancia das \u00e1guas que se traduzem na for\u00e7a do conhecimento e a sua incessante busca.<\/p><p>&#8211; O <b>s\u00edmbolo de compartilhamento<\/b> nos remete \u00e0 conex\u00e3o do mundo ao papel fundamental da Biblioteca, que \u00e9 levar o conhecimento a todos os indiv\u00edduos, al\u00e9m de representar a conectividade do mundo nos dias atuais.<\/p><p><strong>\u00a0<\/strong><\/p><p><strong>Slogan<\/strong><\/p><p>O SiBi Ufal conecta voc\u00ea!<\/p><p>Disseminando informa\u00e7\u00e3o de qualidade e mediando seu acesso junto \u00e0queles que buscam o saber. Conectando-os aos melhores conte\u00fados, compartilhando o conhecimento e estimulando a sua aplica\u00e7\u00e3o em prol de um mundo melhor.<\/p><\/div>\n\t\t\t\t<\/div>\n\t\t\t\t<\/div>\n\t\t\t\t\t\t<\/div>\n\t\t\t<\/div>\n\t\t<\/div>\n\t\t\t\t\t\t<\/div>\n\t\t\t<\/div>\n\t\t<\/section>\n\t\t\t\t<div class=\"elementor-element elementor-element-3acffd2 elementor-align-right elementor-widget elementor-widget-button\" data-id=\"3acffd2\" data-element_type=\"widget\" data-widget_type=\"button.default\">\n\t\t\t\t<div class=\"elementor-widget-container\">\n\t\t\t\t\t<div class=\"elementor-button-wrapper\">\n\t\t\t<a href=\"http:\/\/sibi.ufal.br\/portal\/wp-content\/uploads\/2020\/03\/Logo_Oficial_SiBi_Color.png\" class=\"elementor-button-link elementor-button elementor-size-sm\" role=\"button\">\n\t\t\t\t\t\t<span class=\"elementor-button-content-wrapper\">\n\t\t\t\t\t\t<span class=\"elementor-button-icon elementor-align-icon-left\">\n\t\t\t\t<i aria-hidden=\"true\" class=\"far fa-hand-point-right\"><\/i>\t\t\t<\/span>\n\t\t\t\t\t\t<span class=\"elementor-button-text\">Download: Logo Oficial<\/span>\n\t\t<\/span>\n\t\t\t\t\t<\/a>\n\t\t<\/div>\n\t\t\t\t<\/div>\n\t\t\t\t<\/div>\n\t\t\t\t\t\t<\/div>\n\t\t\t<\/div>\n\t\t<\/div>\n\t\t\t\t\t\t<\/div>\n\t\t\t<\/div>\n\t\t<\/section>\n\t\t\t\t\t\t<\/div>\n\t\t\t<\/div>\n\t\t<\/div>\n\t\t","protected":false},"excerpt":{"rendered":"<p>Marca SiBi\/Ufal Em meio \u00e0 evolu\u00e7\u00e3o da sociedade, marcada pelo desenvolvimento da internet e das novas tecnologias, as bibliotecas do SiBi\/Ufal v\u00eam se transformando para melhor servir aos seus usu\u00e1rios. Assim, nossa marca, representada pela logo SiBi,\u00a0 tamb\u00e9m incorporou todo esse processo e, em meio \u00e0 representatividade de aprendizados, descobertas e conquistas, se transformou. Nova [&hellip;]<\/p>\n","protected":false},"author":3,"featured_media":0,"parent":9,"menu_order":0,"comment_status":"closed","ping_status":"closed","template":"","meta":[],"_links":{"self":[{"href":"https:\/\/sibi.ufal.br\/portal\/index.php?rest_route=\/wp\/v2\/pages\/2654"}],"collection":[{"href":"https:\/\/sibi.ufal.br\/portal\/index.php?rest_route=\/wp\/v2\/pages"}],"about":[{"href":"https:\/\/sibi.ufal.br\/portal\/index.php?rest_route=\/wp\/v2\/types\/page"}],"author":[{"embeddable":true,"href":"https:\/\/sibi.ufal.br\/portal\/index.php?rest_route=\/wp\/v2\/users\/3"}],"replies":[{"embeddable":true,"href":"https:\/\/sibi.ufal.br\/portal\/index.php?rest_route=%2Fwp%2Fv2%2Fcomments&post=2654"}],"version-history":[{"count":7,"href":"https:\/\/sibi.ufal.br\/portal\/index.php?rest_route=\/wp\/v2\/pages\/2654\/revisions"}],"predecessor-version":[{"id":2700,"href":"https:\/\/sibi.ufal.br\/portal\/index.php?rest_route=\/wp\/v2\/pages\/2654\/revisions\/2700"}],"up":[{"embeddable":true,"href":"https:\/\/sibi.ufal.br\/portal\/index.php?rest_route=\/wp\/v2\/pages\/9"}],"wp:attachment":[{"href":"https:\/\/sibi.ufal.br\/portal\/index.php?rest_route=%2Fwp%2Fv2%2Fmedia&parent=2654"}],"curies":[{"name":"wp","href":"https:\/\/api.w.org\/{rel}","templated":true}]}}