{"id":2800,"date":"2020-10-03T18:52:57","date_gmt":"2020-10-03T21:52:57","guid":{"rendered":"http:\/\/sibi.ufal.br\/portal\/?page_id=2800"},"modified":"2026-03-16T15:09:38","modified_gmt":"2026-03-16T18:09:38","slug":"videos-e-tutoriais","status":"publish","type":"page","link":"https:\/\/sibi.ufal.br\/portal\/?page_id=2800","title":{"rendered":"Tutoriais &#038; Cia"},"content":{"rendered":"\t\t<div data-elementor-type=\"post\" data-elementor-id=\"2800\" class=\"elementor elementor-2800\" data-elementor-settings=\"[]\">\n\t\t\t<div class=\"elementor-inner\">\n\t\t\t\t<div class=\"elementor-section-wrap\">\n\t\t\t\t\t\t\t<section class=\"elementor-element elementor-element-960b0b8 elementor-section-boxed elementor-section-height-default elementor-section-height-default elementor-section elementor-top-section\" data-id=\"960b0b8\" data-element_type=\"section\">\n\t\t\t\t\t\t<div class=\"elementor-container elementor-column-gap-default\">\n\t\t\t\t<div class=\"elementor-row\">\n\t\t\t\t<div class=\"elementor-element elementor-element-2909515 elementor-column elementor-col-100 elementor-top-column\" data-id=\"2909515\" data-element_type=\"column\">\n\t\t\t<div class=\"elementor-column-wrap  elementor-element-populated\">\n\t\t\t\t\t<div class=\"elementor-widget-wrap\">\n\t\t\t\t<div class=\"elementor-element elementor-element-894a436 elementor-widget elementor-widget-heading\" data-id=\"894a436\" data-element_type=\"widget\" data-widget_type=\"heading.default\">\n\t\t\t\t<div class=\"elementor-widget-container\">\n\t\t\t<h2 class=\"elementor-heading-title elementor-size-default\">Tutoriais &amp; Cia<\/h2>\t\t<\/div>\n\t\t\t\t<\/div>\n\t\t\t\t\t\t<\/div>\n\t\t\t<\/div>\n\t\t<\/div>\n\t\t\t\t\t\t<\/div>\n\t\t\t<\/div>\n\t\t<\/section>\n\t\t\t\t<section class=\"elementor-element elementor-element-3a0fcc4 elementor-section-boxed elementor-section-height-default elementor-section-height-default elementor-section elementor-top-section\" data-id=\"3a0fcc4\" data-element_type=\"section\">\n\t\t\t\t\t\t<div class=\"elementor-container elementor-column-gap-default\">\n\t\t\t\t<div class=\"elementor-row\">\n\t\t\t\t<div class=\"elementor-element elementor-element-ea1d228 elementor-column elementor-col-100 elementor-top-column\" data-id=\"ea1d228\" data-element_type=\"column\">\n\t\t\t<div class=\"elementor-column-wrap  elementor-element-populated\">\n\t\t\t\t\t<div class=\"elementor-widget-wrap\">\n\t\t\t\t<div class=\"elementor-element elementor-element-1cf7279 elementor-invisible elementor-widget elementor-widget-divider\" data-id=\"1cf7279\" data-element_type=\"widget\" data-settings=\"{&quot;_animation&quot;:&quot;fadeInRight&quot;}\" data-widget_type=\"divider.default\">\n\t\t\t\t<div class=\"elementor-widget-container\">\n\t\t\t\t\t<div class=\"elementor-divider\">\n\t\t\t<span class=\"elementor-divider-separator\"><\/span>\n\t\t<\/div>\n\t\t\t\t<\/div>\n\t\t\t\t<\/div>\n\t\t\t\t\t\t<\/div>\n\t\t\t<\/div>\n\t\t<\/div>\n\t\t\t\t\t\t<\/div>\n\t\t\t<\/div>\n\t\t<\/section>\n\t\t\t\t<section class=\"elementor-element elementor-element-359a291 elementor-section-boxed elementor-section-height-default elementor-section-height-default elementor-section elementor-top-section\" data-id=\"359a291\" data-element_type=\"section\">\n\t\t\t\t\t\t<div class=\"elementor-container elementor-column-gap-default\">\n\t\t\t\t<div class=\"elementor-row\">\n\t\t\t\t<div class=\"elementor-element elementor-element-a9f2c07 elementor-column elementor-col-100 elementor-top-column\" data-id=\"a9f2c07\" data-element_type=\"column\">\n\t\t\t<div class=\"elementor-column-wrap  elementor-element-populated\">\n\t\t\t\t\t<div class=\"elementor-widget-wrap\">\n\t\t\t\t<section class=\"elementor-element elementor-element-1ae8d10 elementor-section-boxed elementor-section-height-default elementor-section-height-default elementor-section elementor-inner-section\" data-id=\"1ae8d10\" data-element_type=\"section\">\n\t\t\t\t\t\t<div class=\"elementor-container elementor-column-gap-default\">\n\t\t\t\t<div class=\"elementor-row\">\n\t\t\t\t<div class=\"elementor-element elementor-element-aa47703 elementor-column elementor-col-50 elementor-inner-column\" data-id=\"aa47703\" data-element_type=\"column\">\n\t\t\t<div class=\"elementor-column-wrap  elementor-element-populated\">\n\t\t\t\t\t<div class=\"elementor-widget-wrap\">\n\t\t\t\t<div class=\"elementor-element elementor-element-e0136f9 elementor-widget elementor-widget-image\" data-id=\"e0136f9\" data-element_type=\"widget\" data-widget_type=\"image.default\">\n\t\t\t\t<div class=\"elementor-widget-container\">\n\t\t\t\t\t<div class=\"elementor-image\">\n\t\t\t\t\t\t\t\t\t\t<img width=\"418\" height=\"416\" src=\"https:\/\/sibi.ufal.br\/portal\/wp-content\/uploads\/2023\/02\/Tutoriais-cia_page.png\" class=\"attachment-large size-large\" alt=\"\" decoding=\"async\" loading=\"lazy\" srcset=\"https:\/\/sibi.ufal.br\/portal\/wp-content\/uploads\/2023\/02\/Tutoriais-cia_page.png 418w, https:\/\/sibi.ufal.br\/portal\/wp-content\/uploads\/2023\/02\/Tutoriais-cia_page-150x150.png 150w, https:\/\/sibi.ufal.br\/portal\/wp-content\/uploads\/2023\/02\/Tutoriais-cia_page-300x300.png 300w\" sizes=\"(max-width: 418px) 100vw, 418px\" \/>\t\t\t\t\t\t\t\t\t\t\t<\/div>\n\t\t\t\t<\/div>\n\t\t\t\t<\/div>\n\t\t\t\t\t\t<\/div>\n\t\t\t<\/div>\n\t\t<\/div>\n\t\t\t\t<div class=\"elementor-element elementor-element-dff398c elementor-column elementor-col-50 elementor-inner-column\" data-id=\"dff398c\" data-element_type=\"column\">\n\t\t\t<div class=\"elementor-column-wrap  elementor-element-populated\">\n\t\t\t\t\t<div class=\"elementor-widget-wrap\">\n\t\t\t\t<div class=\"elementor-element elementor-element-b91d98e elementor-widget elementor-widget-text-editor\" data-id=\"b91d98e\" data-element_type=\"widget\" data-widget_type=\"text-editor.default\">\n\t\t\t\t<div class=\"elementor-widget-container\">\n\t\t\t\t\t<div class=\"elementor-text-editor elementor-clearfix\"><h4>1 &#8211; Guias\u00a0<\/h4><h6>1 Guia de Servi\u00e7os: <a href=\"http:\/\/sibi.ufal.br\/portal\/wp-content\/uploads\/2020\/10\/COMPLETO_Guia-de-servi\u00e7os-Sistema-de-Bibliotecas-da-Ufal_PLE-1.pdf\">servi\u00e7os <em>on-line<\/em> e presenciais dispon\u00edveis no SiBi\/Ufal<\/a><\/h6><h6>\u00a0<\/h6><\/div>\n\t\t\t\t<\/div>\n\t\t\t\t<\/div>\n\t\t\t\t<div class=\"elementor-element elementor-element-b5d14da elementor-widget elementor-widget-divider\" data-id=\"b5d14da\" data-element_type=\"widget\" data-widget_type=\"divider.default\">\n\t\t\t\t<div class=\"elementor-widget-container\">\n\t\t\t\t\t<div class=\"elementor-divider\">\n\t\t\t<span class=\"elementor-divider-separator\"><\/span>\n\t\t<\/div>\n\t\t\t\t<\/div>\n\t\t\t\t<\/div>\n\t\t\t\t<div class=\"elementor-element elementor-element-79362ae elementor-widget elementor-widget-text-editor\" data-id=\"79362ae\" data-element_type=\"widget\" data-widget_type=\"text-editor.default\">\n\t\t\t\t<div class=\"elementor-widget-container\">\n\t\t\t\t\t<div class=\"elementor-text-editor elementor-clearfix\"><h4>2 &#8211; Tutoriais em PDF<span style=\"color: #ffffff; font-weight: normal;\"> (atualizados\/2025)<\/span><\/h4><h6>1 Senha para cadastro do usu\u00e1rio na biblioteca: <a href=\"http:\/\/www.repositorio.ufal.br\/jspui\/handle\/123456789\/17278\">como gerar ou redefinir a <strong>&#8216;Senha de cadastro&#8217;<\/strong> nas bibliotecas do SIBI\/UFAL?<\/a><\/h6><h6>2 Pagamento de &#8216;Multa: <a href=\"http:\/\/www.repositorio.ufal.br\/jspui\/handle\/123456789\/17280\">como efetuar o <strong>&#8216;pagamento de multa&#8217;<\/strong> por atraso na devolu\u00e7\u00e3o de livros \u00e0 biblioteca?<\/a><\/h6><h6>3 Declara\u00e7\u00e3o de Nada Consta: <a href=\"https:\/\/www.repositorio.ufal.br\/jspui\/handle\/123456789\/17279\">como emitir a sua <strong>&#8216;Declara\u00e7\u00e3o de Nada Consta&#8217;<\/strong> com certifica\u00e7\u00e3o digital?<\/a><\/h6><h6>4 Pop-Up no navegador (browser): <a href=\"http:\/\/www.repositorio.ufal.br\/jspui\/handle\/123456789\/17300\">como permitir <strong>&#8216;Pop-up&#8217;<\/strong> nos navegadores Google Chrome e Mozilla Firefox?<\/a><\/h6><h6>5 Portal Capes: <a href=\"http:\/\/www.repositorio.ufal.br\/jspui\/handle\/123456789\/17294\">como acessar o<strong> &#8216;Portal de Peri\u00f3dicos da Capes&#8217;<\/strong> e navegar por seus conte\u00fados via computador ou dispositivos m\u00f3veis?<\/a><\/h6><h6>6 Treinamentos no Portal de Peri\u00f3dicos da Capes: <a href=\"http:\/\/www.repositorio.ufal.br\/jspui\/handle\/123456789\/17295\">como se inscrever nos treinamentos oferecidos pelo <strong>&#8216;Portal de Peri\u00f3dicos da Capes&#8217;<\/strong>?<\/a><\/h6><h6>7 Cat\u00e1logo On-line: <a href=\"http:\/\/www.repositorio.ufal.br\/jspui\/handle\/123456789\/17296\">como consultar o <strong>&#8216;Cat\u00e1logo On-line&#8217;<\/strong> de acervos das bibliotecas do SIBI\/UFAL?<\/a><\/h6><h6>8 Consulta local ao acervo: <a href=\"http:\/\/www.repositorio.ufal.br\/jspui\/handle\/123456789\/17297\">como efetuar a <strong>&#8216;Consulta local aos acervos&#8217;<\/strong> das bibliotecas do SIBI\/UFAL?<\/a><\/h6><h6>9 Visita Orientada: <a href=\"https:\/\/www.repositorio.ufal.br\/jspui\/handle\/123456789\/17298\">como fazer o agendamento de <strong>&#8216;Visita Orientada&#8217;<\/strong> nas bibliotecas do SIBI\/UFAL?<\/a><\/h6><h6>10 Acervo digital: <a href=\"http:\/\/www.repositorio.ufal.br\/jspui\/handle\/123456789\/17795\">como acessar os livros da\u00a0 plataforma minha biblioteca?<\/a><\/h6><h6>11 Reserva:\u00a0<a style=\"background-color: #223e4a;\" href=\"http:\/\/www.repositorio.ufal.br\/jspui\/handle\/123456789\/17872\">como reservar livros do SIBI\/UFAL?\u00a0<\/a><\/h6><\/div>\n\t\t\t\t<\/div>\n\t\t\t\t<\/div>\n\t\t\t\t<div class=\"elementor-element elementor-element-67d70b5 elementor-widget elementor-widget-divider\" data-id=\"67d70b5\" data-element_type=\"widget\" data-widget_type=\"divider.default\">\n\t\t\t\t<div class=\"elementor-widget-container\">\n\t\t\t\t\t<div class=\"elementor-divider\">\n\t\t\t<span class=\"elementor-divider-separator\"><\/span>\n\t\t<\/div>\n\t\t\t\t<\/div>\n\t\t\t\t<\/div>\n\t\t\t\t<div class=\"elementor-element elementor-element-95a2491 elementor-widget elementor-widget-text-editor\" data-id=\"95a2491\" data-element_type=\"widget\" data-widget_type=\"text-editor.default\">\n\t\t\t\t<div class=\"elementor-widget-container\">\n\t\t\t\t\t<div class=\"elementor-text-editor elementor-clearfix\"><h4>3 &#8211; V\u00eddeo-Tutoriais<span style=\"color: #ffffff;\">\u00a0<\/span><\/h4><h6>1 Declara\u00e7\u00e3o de Nada Consta: <a href=\"https:\/\/youtu.be\/-GuXzze4Q4s\">gerando a Declara\u00e7\u00e3o de Nada Consta com Certifica\u00e7\u00e3o Digital<\/a><\/h6><\/div>\n\t\t\t\t<\/div>\n\t\t\t\t<\/div>\n\t\t\t\t<div class=\"elementor-element elementor-element-f4c3880 elementor-widget elementor-widget-divider\" data-id=\"f4c3880\" data-element_type=\"widget\" data-widget_type=\"divider.default\">\n\t\t\t\t<div class=\"elementor-widget-container\">\n\t\t\t\t\t<div class=\"elementor-divider\">\n\t\t\t<span class=\"elementor-divider-separator\"><\/span>\n\t\t<\/div>\n\t\t\t\t<\/div>\n\t\t\t\t<\/div>\n\t\t\t\t<div class=\"elementor-element elementor-element-a6d1718 elementor-widget elementor-widget-text-editor\" data-id=\"a6d1718\" data-element_type=\"widget\" data-widget_type=\"text-editor.default\">\n\t\t\t\t<div class=\"elementor-widget-container\">\n\t\t\t\t\t<div class=\"elementor-text-editor elementor-clearfix\"><h4>4 &#8211; Miniv\u00eddeos<\/h4><h6>1 D\u00e9bitos com a Biblioteca: (em atualiza\u00e7\u00e3o)<\/h6><h6>\u00a0<\/h6><h6>\u00a0<\/h6><\/div>\n\t\t\t\t<\/div>\n\t\t\t\t<\/div>\n\t\t\t\t<div class=\"elementor-element elementor-element-e41fa56 elementor-widget elementor-widget-divider\" data-id=\"e41fa56\" data-element_type=\"widget\" data-widget_type=\"divider.default\">\n\t\t\t\t<div class=\"elementor-widget-container\">\n\t\t\t\t\t<div class=\"elementor-divider\">\n\t\t\t<span class=\"elementor-divider-separator\"><\/span>\n\t\t<\/div>\n\t\t\t\t<\/div>\n\t\t\t\t<\/div>\n\t\t\t\t\t\t<\/div>\n\t\t\t<\/div>\n\t\t<\/div>\n\t\t\t\t\t\t<\/div>\n\t\t\t<\/div>\n\t\t<\/section>\n\t\t\t\t\t\t<\/div>\n\t\t\t<\/div>\n\t\t<\/div>\n\t\t\t\t\t\t<\/div>\n\t\t\t<\/div>\n\t\t<\/section>\n\t\t\t\t\t\t<\/div>\n\t\t\t<\/div>\n\t\t<\/div>\n\t\t","protected":false},"excerpt":{"rendered":"<p>Tutoriais &amp; Cia 1 &#8211; Guias\u00a0 1 Guia de Servi\u00e7os: servi\u00e7os on-line e presenciais dispon\u00edveis no SiBi\/Ufal \u00a0 2 &#8211; Tutoriais em PDF (atualizados\/2025) 1 Senha para cadastro do usu\u00e1rio na biblioteca: como gerar ou redefinir a &#8216;Senha de cadastro&#8217; nas bibliotecas do SIBI\/UFAL? 2 Pagamento de &#8216;Multa: como efetuar o &#8216;pagamento de multa&#8217; por [&hellip;]<\/p>\n","protected":false},"author":1,"featured_media":0,"parent":0,"menu_order":0,"comment_status":"closed","ping_status":"closed","template":"","meta":[],"_links":{"self":[{"href":"https:\/\/sibi.ufal.br\/portal\/index.php?rest_route=\/wp\/v2\/pages\/2800"}],"collection":[{"href":"https:\/\/sibi.ufal.br\/portal\/index.php?rest_route=\/wp\/v2\/pages"}],"about":[{"href":"https:\/\/sibi.ufal.br\/portal\/index.php?rest_route=\/wp\/v2\/types\/page"}],"author":[{"embeddable":true,"href":"https:\/\/sibi.ufal.br\/portal\/index.php?rest_route=\/wp\/v2\/users\/1"}],"replies":[{"embeddable":true,"href":"https:\/\/sibi.ufal.br\/portal\/index.php?rest_route=%2Fwp%2Fv2%2Fcomments&post=2800"}],"version-history":[{"count":75,"href":"https:\/\/sibi.ufal.br\/portal\/index.php?rest_route=\/wp\/v2\/pages\/2800\/revisions"}],"predecessor-version":[{"id":4288,"href":"https:\/\/sibi.ufal.br\/portal\/index.php?rest_route=\/wp\/v2\/pages\/2800\/revisions\/4288"}],"wp:attachment":[{"href":"https:\/\/sibi.ufal.br\/portal\/index.php?rest_route=%2Fwp%2Fv2%2Fmedia&parent=2800"}],"curies":[{"name":"wp","href":"https:\/\/api.w.org\/{rel}","templated":true}]}}