{"id":29,"date":"2019-08-17T18:50:15","date_gmt":"2019-08-17T21:50:15","guid":{"rendered":"http:\/\/seer.ufal.br\/portalsibi\/?page_id=29"},"modified":"2019-12-10T16:25:26","modified_gmt":"2019-12-10T19:25:26","slug":"quem-somos","status":"publish","type":"page","link":"https:\/\/sibi.ufal.br\/portal\/?page_id=29","title":{"rendered":"Quem Somos"},"content":{"rendered":"\t\t<div data-elementor-type=\"post\" data-elementor-id=\"29\" class=\"elementor elementor-29\" data-elementor-settings=\"[]\">\n\t\t\t<div class=\"elementor-inner\">\n\t\t\t\t<div class=\"elementor-section-wrap\">\n\t\t\t\t\t\t\t<section class=\"elementor-element elementor-element-1fcefa1 elementor-section-boxed elementor-section-height-default elementor-section-height-default elementor-section elementor-top-section\" data-id=\"1fcefa1\" data-element_type=\"section\">\n\t\t\t\t\t\t<div class=\"elementor-container elementor-column-gap-default\">\n\t\t\t\t<div class=\"elementor-row\">\n\t\t\t\t<div class=\"elementor-element elementor-element-07a7fd6 elementor-column elementor-col-100 elementor-top-column\" data-id=\"07a7fd6\" data-element_type=\"column\">\n\t\t\t<div class=\"elementor-column-wrap  elementor-element-populated\">\n\t\t\t\t\t<div class=\"elementor-widget-wrap\">\n\t\t\t\t<div class=\"elementor-element elementor-element-bc43994 elementor-widget elementor-widget-heading\" data-id=\"bc43994\" data-element_type=\"widget\" data-widget_type=\"heading.default\">\n\t\t\t\t<div class=\"elementor-widget-container\">\n\t\t\t<h2 class=\"elementor-heading-title elementor-size-default\">Quem Somos<\/h2>\t\t<\/div>\n\t\t\t\t<\/div>\n\t\t\t\t\t\t<\/div>\n\t\t\t<\/div>\n\t\t<\/div>\n\t\t\t\t\t\t<\/div>\n\t\t\t<\/div>\n\t\t<\/section>\n\t\t\t\t<section class=\"elementor-element elementor-element-c011878 elementor-section-boxed elementor-section-height-default elementor-section-height-default elementor-section elementor-top-section\" data-id=\"c011878\" data-element_type=\"section\">\n\t\t\t\t\t\t<div class=\"elementor-container elementor-column-gap-default\">\n\t\t\t\t<div class=\"elementor-row\">\n\t\t\t\t<div class=\"elementor-element elementor-element-c75a121 elementor-column elementor-col-100 elementor-top-column\" data-id=\"c75a121\" data-element_type=\"column\">\n\t\t\t<div class=\"elementor-column-wrap  elementor-element-populated\">\n\t\t\t\t\t<div class=\"elementor-widget-wrap\">\n\t\t\t\t<div class=\"elementor-element elementor-element-d6f853a elementor-invisible elementor-widget elementor-widget-divider\" data-id=\"d6f853a\" data-element_type=\"widget\" data-settings=\"{&quot;_animation&quot;:&quot;fadeInRight&quot;}\" data-widget_type=\"divider.default\">\n\t\t\t\t<div class=\"elementor-widget-container\">\n\t\t\t\t\t<div class=\"elementor-divider\">\n\t\t\t<span class=\"elementor-divider-separator\"><\/span>\n\t\t<\/div>\n\t\t\t\t<\/div>\n\t\t\t\t<\/div>\n\t\t\t\t\t\t<\/div>\n\t\t\t<\/div>\n\t\t<\/div>\n\t\t\t\t\t\t<\/div>\n\t\t\t<\/div>\n\t\t<\/section>\n\t\t\t\t<section class=\"elementor-element elementor-element-3f7f3c9 elementor-section-boxed elementor-section-height-default elementor-section-height-default elementor-section elementor-top-section\" data-id=\"3f7f3c9\" data-element_type=\"section\">\n\t\t\t\t\t\t<div class=\"elementor-container elementor-column-gap-default\">\n\t\t\t\t<div class=\"elementor-row\">\n\t\t\t\t<div class=\"elementor-element elementor-element-00a33eb elementor-column elementor-col-100 elementor-top-column\" data-id=\"00a33eb\" data-element_type=\"column\">\n\t\t\t<div class=\"elementor-column-wrap  elementor-element-populated\">\n\t\t\t\t\t<div class=\"elementor-widget-wrap\">\n\t\t\t\t<section class=\"elementor-element elementor-element-ef3ed32 elementor-section-boxed elementor-section-height-default elementor-section-height-default elementor-section elementor-inner-section\" data-id=\"ef3ed32\" data-element_type=\"section\">\n\t\t\t\t\t\t<div class=\"elementor-container elementor-column-gap-default\">\n\t\t\t\t<div class=\"elementor-row\">\n\t\t\t\t<div class=\"elementor-element elementor-element-93c0364 elementor-column elementor-col-50 elementor-inner-column\" data-id=\"93c0364\" data-element_type=\"column\">\n\t\t\t<div class=\"elementor-column-wrap  elementor-element-populated\">\n\t\t\t\t\t<div class=\"elementor-widget-wrap\">\n\t\t\t\t<div class=\"elementor-element elementor-element-fc6696c elementor-drop-cap-yes elementor-drop-cap-view-default elementor-widget elementor-widget-text-editor\" data-id=\"fc6696c\" data-element_type=\"widget\" data-settings=\"{&quot;drop_cap&quot;:&quot;yes&quot;}\" data-widget_type=\"text-editor.default\">\n\t\t\t\t<div class=\"elementor-widget-container\">\n\t\t\t\t\t<div class=\"elementor-text-editor elementor-clearfix\"><p><img decoding=\"async\" loading=\"lazy\" class=\"alignnone size-large wp-image-1514\" src=\"http:\/\/sibi.ufal.br\/portal\/wp-content\/uploads\/2019\/11\/QUEM-SOMOS-1024x1024.jpg\" alt=\"\" width=\"1024\" height=\"1024\" srcset=\"https:\/\/sibi.ufal.br\/portal\/wp-content\/uploads\/2019\/11\/QUEM-SOMOS-1024x1024.jpg 1024w, https:\/\/sibi.ufal.br\/portal\/wp-content\/uploads\/2019\/11\/QUEM-SOMOS-150x150.jpg 150w, https:\/\/sibi.ufal.br\/portal\/wp-content\/uploads\/2019\/11\/QUEM-SOMOS-300x300.jpg 300w, https:\/\/sibi.ufal.br\/portal\/wp-content\/uploads\/2019\/11\/QUEM-SOMOS-768x768.jpg 768w, https:\/\/sibi.ufal.br\/portal\/wp-content\/uploads\/2019\/11\/QUEM-SOMOS.jpg 1500w\" sizes=\"(max-width: 1024px) 100vw, 1024px\" \/><\/p><p style=\"text-align: start;\"><span style=\"text-align: justify;\"><span style=\"font-size: 35px;\">O <\/span>Sistema de Bibliotecas da Universidade Federal de Alagoas (SiBi\/Ufal) \u00e9 um conjunto de bibliotecas integradas, sob os aspectos administrativo, funcional e operacional, alinhado \u00e0s pol\u00edticas educacional, cient\u00edfica e administrativa da Universidade. Tem por objetivo apoiar os programas de ensino, pesquisa e extens\u00e3o, e a miss\u00e3o de conduzir de forma coordenada o desenvolvimento das atividades fins das bibliotecas, fortalecendo a promo\u00e7\u00e3o e a dissemina\u00e7\u00e3o do acesso \u00e0 informa\u00e7\u00e3o, al\u00e9m de incentivar a busca do conhecimento.\u00a0<\/span><\/p><p style=\"text-align: justify;\">Como respons\u00e1vel pelos servi\u00e7os de aquisi\u00e7\u00e3o de acervo, tratamento da informa\u00e7\u00e3o e normatiza\u00e7\u00e3o dos servi\u00e7os especializados, o SiBi\/Ufal simplifica, entre outros, o compartilhamento dos recursos informacionais, o acesso ao acervo geral, a consulta e o empr\u00e9stimo entre bibliotecas.\u00a0Por tudo isso, busca garantir a unidade, a padroniza\u00e7\u00e3o e a harmonia de todos os produtos e servi\u00e7os de informa\u00e7\u00e3o oferecidos por suas bibliotecas, com o objetivo de facilitar a sele\u00e7\u00e3o, o acesso, a dissemina\u00e7\u00e3o e a recupera\u00e7\u00e3o da informa\u00e7\u00e3o a toda Comunidade Universit\u00e1ria.<\/p><p style=\"text-align: justify;\">Suas Bibliotecas buscam conservar e preservar os acervos impressos e digitais,\u00a0interagindo com suas comunidades, e identificando as suas necessidades de uso para produzir informa\u00e7\u00f5es especializadas visando o desenvolvimento das atividades acad\u00eamicas. Outrossim, s\u00e3o\u00a0respons\u00e1veis pelos registros da produ\u00e7\u00e3o intelectual, e tamb\u00e9m dos registros hist\u00f3ricos das pesquisas, al\u00e9m de proporcionarem o aumento da visibilidade da produ\u00e7\u00e3o cient\u00edfica e dos pesquisadores da Ufal.<\/p><p style=\"text-align: justify;\">O SiBi\/Ufal faz uso do Sistema Integrado de Bibliotecas Pergamum, um software que contempla as principais fun\u00e7\u00f5es de uma Biblioteca, e que funciona de forma integrada, buscando facilitar a gest\u00e3o no que se refere \u00e0 recupera\u00e7\u00e3o de informa\u00e7\u00f5es acerca de quaisquer itens dispon\u00edveis nas bibliotecas do Sistema, bem como \u00e0 melhoria da qualidade global dos servi\u00e7os aos usu\u00e1rios, promovendo a coopera\u00e7\u00e3o no tratamento da informa\u00e7\u00e3o e o compartilhamento de recursos informacionais.<\/p><\/div>\n\t\t\t\t<\/div>\n\t\t\t\t<\/div>\n\t\t\t\t\t\t<\/div>\n\t\t\t<\/div>\n\t\t<\/div>\n\t\t\t\t<div class=\"elementor-element elementor-element-2c0698a elementor-column elementor-col-50 elementor-inner-column\" data-id=\"2c0698a\" data-element_type=\"column\">\n\t\t\t<div class=\"elementor-column-wrap  elementor-element-populated\">\n\t\t\t\t\t<div class=\"elementor-widget-wrap\">\n\t\t\t\t<div class=\"elementor-element elementor-element-8f38665 elementor-widget elementor-widget-text-editor\" data-id=\"8f38665\" data-element_type=\"widget\" data-widget_type=\"text-editor.default\">\n\t\t\t\t<div class=\"elementor-widget-container\">\n\t\t\t\t\t<div class=\"elementor-text-editor elementor-clearfix\"><p style=\"text-align: justify;\">Al\u00e9m das bibliotecas, o Arquivo Central \u00e9 participante do SiBi\/Ufal desde o ano de 2012, e tem\u00a0entre os seus\u00a0 objetivos, oferecer consultoria e orienta\u00e7\u00e3o t\u00e9cnica para a organiza\u00e7\u00e3o dos documentos de atividades \u2018meio e fim\u2019. Outrossim,\u00a0det\u00e9m a guarda\u00a0de documentos da \u00e9poca da administra\u00e7\u00e3o do primeiro Reitor Dr. Arist\u00f3teles Calazans Sim\u00f5es, quando da funda\u00e7\u00e3o da Universidade Federal de Alagoas (Ufal), no ano de 1961, como tamb\u00e9m, de registros de atos administrativos e acad\u00eamicos, entre outros documentos referentes aos demais acontecimentos importantes de nossa Universidade.<\/p><p><span style=\"text-align: justify;\">A Biblioteca Central (BC)\u00a0\u00e9 o\u00a0\u00f3rg\u00e3o diretor e orientador das atividades do Sistema de Bibliotecas Ufal, que oferece suporte t\u00e9cnico-administrativo para todas as bibliotecas do Sistema. Al\u00e9m disso, apoia, tamb\u00e9m, as atividades do Reposit\u00f3rio Institucional da Ufal (Riufal), sendo uma das Unidades respons\u00e1veis por sua manuten\u00e7\u00e3o e desenvolvimento.\u00a0\u00a0<\/span><\/p><p><span style=\"text-align: justify;\">Atualmente, o SiBi\/Ufal \u00e9 composto pelo Arquivo Central e 15 (quinze) bibliotecas, distribu\u00eddas na capital Macei\u00f3, no Munic\u00edpio de Rio Largo e nas regi\u00f5es do Agreste, Zona da Mata e Sert\u00e3o alagoanos.<\/span><\/p><p style=\"text-align: justify;\">No\u00a0Campus A. C. Sim\u00f5es, localizado na Capital Macei\u00f3, al\u00e9m do Arquivo Central, contamos com 08 (oito) bibliotecas:<\/p><p style=\"text-align: justify;\">&#8211; Biblioteca Central (BC);<\/p><p style=\"text-align: justify;\">&#8211; Bibliotecas Setoriais:\u00a0Centro de Educa\u00e7\u00e3o (CEDU); Espa\u00e7o Cultural Prof. Salom\u00e3o A. de Barros Lima; Gradua\u00e7\u00e3o de F\u00edsica; Gradua\u00e7\u00e3o de Matem\u00e1tica; Gradua\u00e7\u00e3o de Qu\u00edmica; Arriete Vilela (Programa de P\u00f3s-Gradua\u00e7\u00e3o em Letras e Lingu\u00edstica &#8211; PPGLL) e Museu Th\u00e9o Brand\u00e3o.<\/p><p style=\"text-align: justify;\">No Campus CECA, contamos com 02 (duas) bibliotecas:<\/p><p style=\"text-align: justify;\">&#8211; Biblioteca Campus CECA (BCC) &#8211;\u00a0Campus de Engenharia e Ci\u00eancias Agr\u00e1rias, localizado no Munic\u00edpio de Rio Largo;<\/p><p style=\"text-align: justify;\">&#8211; Biblioteca da Unidade\u00a0Vi\u00e7osa (Zona da Mata)<\/p><p style=\"text-align: justify;\">Na regi\u00e3o do Agreste, contamos com 04 (quatro) bibliotecas:\u00a0<\/p><p style=\"text-align: justify;\">&#8211; Biblioteca Campus Arapiraca (BCA), localizada na sede do Campus;\u00a0<\/p><p style=\"text-align: justify;\">&#8211; Biblioteca da Unidade Palmeira dos \u00cdndios;<\/p><p style=\"text-align: justify;\">&#8211; Biblioteca da Unidade Penedo.<\/p><p style=\"text-align: justify;\">Na regi\u00e3o do Sert\u00e3o, na cidade de Delmiro Gouveia, contamos com 02 (duas) bibliotecas:<\/p><p style=\"text-align: justify;\">&#8211; Biblioteca Campus Delmiro Gouveia (BDG), localizada na sede do Campus;<\/p><p style=\"text-align: justify;\">&#8211; Biblioteca Unidade\u00a0Santana do Ipanema.<\/p><p style=\"text-align: justify;\">Desenvolver a\u00e7\u00f5es em \u00e2mbito sist\u00eamico, racionalizar investimentos, definir pol\u00edticas e procedimentos padronizados comuns \u00e0s bibliotecas, compartilhar recursos informacionais, facilitar o acesso aos acervos e \u00e0 informa\u00e7\u00e3o, estimular a busca do conhecimento e ampliar a visibilidade da produ\u00e7\u00e3o cient\u00edfica de nossa Universidade \u00e9 a nossa meta.<\/p><\/div>\n\t\t\t\t<\/div>\n\t\t\t\t<\/div>\n\t\t\t\t\t\t<\/div>\n\t\t\t<\/div>\n\t\t<\/div>\n\t\t\t\t\t\t<\/div>\n\t\t\t<\/div>\n\t\t<\/section>\n\t\t\t\t\t\t<\/div>\n\t\t\t<\/div>\n\t\t<\/div>\n\t\t\t\t\t\t<\/div>\n\t\t\t<\/div>\n\t\t<\/section>\n\t\t\t\t\t\t<\/div>\n\t\t\t<\/div>\n\t\t<\/div>\n\t\t","protected":false},"excerpt":{"rendered":"<p>Quem Somos O Sistema de Bibliotecas da Universidade Federal de Alagoas (SiBi\/Ufal) \u00e9 um conjunto de bibliotecas integradas, sob os aspectos administrativo, funcional e operacional, alinhado \u00e0s pol\u00edticas educacional, cient\u00edfica e administrativa da Universidade. Tem por objetivo apoiar os programas de ensino, pesquisa e extens\u00e3o, e a miss\u00e3o de conduzir de forma coordenada o desenvolvimento [&hellip;]<\/p>\n","protected":false},"author":1,"featured_media":0,"parent":0,"menu_order":0,"comment_status":"closed","ping_status":"closed","template":"","meta":[],"_links":{"self":[{"href":"https:\/\/sibi.ufal.br\/portal\/index.php?rest_route=\/wp\/v2\/pages\/29"}],"collection":[{"href":"https:\/\/sibi.ufal.br\/portal\/index.php?rest_route=\/wp\/v2\/pages"}],"about":[{"href":"https:\/\/sibi.ufal.br\/portal\/index.php?rest_route=\/wp\/v2\/types\/page"}],"author":[{"embeddable":true,"href":"https:\/\/sibi.ufal.br\/portal\/index.php?rest_route=\/wp\/v2\/users\/1"}],"replies":[{"embeddable":true,"href":"https:\/\/sibi.ufal.br\/portal\/index.php?rest_route=%2Fwp%2Fv2%2Fcomments&post=29"}],"version-history":[{"count":27,"href":"https:\/\/sibi.ufal.br\/portal\/index.php?rest_route=\/wp\/v2\/pages\/29\/revisions"}],"predecessor-version":[{"id":2663,"href":"https:\/\/sibi.ufal.br\/portal\/index.php?rest_route=\/wp\/v2\/pages\/29\/revisions\/2663"}],"wp:attachment":[{"href":"https:\/\/sibi.ufal.br\/portal\/index.php?rest_route=%2Fwp%2Fv2%2Fmedia&parent=29"}],"curies":[{"name":"wp","href":"https:\/\/api.w.org\/{rel}","templated":true}]}}