{"id":531,"date":"2019-09-07T09:40:53","date_gmt":"2019-09-07T12:40:53","guid":{"rendered":"http:\/\/seer.ufal.br\/portalsibi\/?page_id=531"},"modified":"2019-12-07T16:16:17","modified_gmt":"2019-12-07T19:16:17","slug":"matematica","status":"publish","type":"page","link":"https:\/\/sibi.ufal.br\/portal\/?page_id=531","title":{"rendered":"Matem\u00e1tica"},"content":{"rendered":"\t\t<div data-elementor-type=\"post\" data-elementor-id=\"531\" class=\"elementor elementor-531\" data-elementor-settings=\"[]\">\n\t\t\t<div class=\"elementor-inner\">\n\t\t\t\t<div class=\"elementor-section-wrap\">\n\t\t\t\t\t\t\t<section class=\"elementor-element elementor-element-98d60c1 elementor-section-boxed elementor-section-height-default elementor-section-height-default elementor-section elementor-top-section\" data-id=\"98d60c1\" data-element_type=\"section\">\n\t\t\t\t\t\t<div class=\"elementor-container elementor-column-gap-default\">\n\t\t\t\t<div class=\"elementor-row\">\n\t\t\t\t<div class=\"elementor-element elementor-element-5a70a87 elementor-column elementor-col-100 elementor-top-column\" data-id=\"5a70a87\" data-element_type=\"column\">\n\t\t\t<div class=\"elementor-column-wrap  elementor-element-populated\">\n\t\t\t\t\t<div class=\"elementor-widget-wrap\">\n\t\t\t\t<div class=\"elementor-element elementor-element-4dcddd1 elementor-invisible elementor-widget elementor-widget-heading\" data-id=\"4dcddd1\" data-element_type=\"widget\" data-settings=\"{&quot;_animation&quot;:&quot;fadeInLeft&quot;}\" data-widget_type=\"heading.default\">\n\t\t\t\t<div class=\"elementor-widget-container\">\n\t\t\t<h2 class=\"elementor-heading-title elementor-size-default\">Biblioteca Setorial - Matem\u00e1tica<\/h2>\t\t<\/div>\n\t\t\t\t<\/div>\n\t\t\t\t\t\t<\/div>\n\t\t\t<\/div>\n\t\t<\/div>\n\t\t\t\t\t\t<\/div>\n\t\t\t<\/div>\n\t\t<\/section>\n\t\t\t\t<section class=\"elementor-element elementor-element-62e4031 elementor-section-boxed elementor-section-height-default elementor-section-height-default elementor-section elementor-top-section\" data-id=\"62e4031\" data-element_type=\"section\">\n\t\t\t\t\t\t<div class=\"elementor-container elementor-column-gap-default\">\n\t\t\t\t<div class=\"elementor-row\">\n\t\t\t\t<div class=\"elementor-element elementor-element-4f1b331 elementor-column elementor-col-100 elementor-top-column\" data-id=\"4f1b331\" data-element_type=\"column\">\n\t\t\t<div class=\"elementor-column-wrap  elementor-element-populated\">\n\t\t\t\t\t<div class=\"elementor-widget-wrap\">\n\t\t\t\t<div class=\"elementor-element elementor-element-8348435 elementor-invisible elementor-widget elementor-widget-divider\" data-id=\"8348435\" data-element_type=\"widget\" data-settings=\"{&quot;_animation&quot;:&quot;fadeInRight&quot;}\" data-widget_type=\"divider.default\">\n\t\t\t\t<div class=\"elementor-widget-container\">\n\t\t\t\t\t<div class=\"elementor-divider\">\n\t\t\t<span class=\"elementor-divider-separator\"><\/span>\n\t\t<\/div>\n\t\t\t\t<\/div>\n\t\t\t\t<\/div>\n\t\t\t\t\t\t<\/div>\n\t\t\t<\/div>\n\t\t<\/div>\n\t\t\t\t\t\t<\/div>\n\t\t\t<\/div>\n\t\t<\/section>\n\t\t\t\t<section class=\"elementor-element elementor-element-2594fdd elementor-section-boxed elementor-section-height-default elementor-section-height-default elementor-section elementor-top-section\" data-id=\"2594fdd\" data-element_type=\"section\">\n\t\t\t\t\t\t<div class=\"elementor-container elementor-column-gap-default\">\n\t\t\t\t<div class=\"elementor-row\">\n\t\t\t\t<div class=\"elementor-element elementor-element-e93380f elementor-column elementor-col-100 elementor-top-column\" data-id=\"e93380f\" data-element_type=\"column\">\n\t\t\t<div class=\"elementor-column-wrap  elementor-element-populated\">\n\t\t\t\t\t<div class=\"elementor-widget-wrap\">\n\t\t\t\t<div class=\"elementor-element elementor-element-ce55ae0 elementor-widget elementor-widget-image-gallery\" data-id=\"ce55ae0\" data-element_type=\"widget\" data-widget_type=\"image-gallery.default\">\n\t\t\t\t<div class=\"elementor-widget-container\">\n\t\t\t\t\t<div class=\"elementor-image-gallery\">\n\t\t\t<div id='gallery-1' class='gallery galleryid-531 gallery-columns-3 gallery-size-medium'><figure class='gallery-item'>\n\t\t\t<div class='gallery-icon landscape'>\n\t\t\t\t<a data-elementor-open-lightbox=\"yes\" data-elementor-lightbox-slideshow=\"ce55ae0\" href='https:\/\/sibi.ufal.br\/portal\/wp-content\/uploads\/2019\/12\/blog-int.jpg'><img width=\"300\" height=\"216\" src=\"https:\/\/sibi.ufal.br\/portal\/wp-content\/uploads\/2019\/12\/blog-int-300x216.jpg\" class=\"attachment-medium size-medium\" alt=\"\" decoding=\"async\" loading=\"lazy\" aria-describedby=\"gallery-1-1964\" srcset=\"https:\/\/sibi.ufal.br\/portal\/wp-content\/uploads\/2019\/12\/blog-int-300x216.jpg 300w, https:\/\/sibi.ufal.br\/portal\/wp-content\/uploads\/2019\/12\/blog-int.jpg 700w\" sizes=\"(max-width: 300px) 100vw, 300px\" \/><\/a>\n\t\t\t<\/div>\n\t\t\t\t<figcaption class='wp-caption-text gallery-caption' id='gallery-1-1964'>\n\t\t\t\ttechnology artifical intelligence background with face\n\t\t\t\t<\/figcaption><\/figure><figure class='gallery-item'>\n\t\t\t<div class='gallery-icon landscape'>\n\t\t\t\t<a data-elementor-open-lightbox=\"yes\" data-elementor-lightbox-slideshow=\"ce55ae0\" href='https:\/\/sibi.ufal.br\/portal\/wp-content\/uploads\/2019\/12\/calculo.jpg'><img width=\"300\" height=\"188\" src=\"https:\/\/sibi.ufal.br\/portal\/wp-content\/uploads\/2019\/12\/calculo-300x188.jpg\" class=\"attachment-medium size-medium\" alt=\"\" decoding=\"async\" loading=\"lazy\" srcset=\"https:\/\/sibi.ufal.br\/portal\/wp-content\/uploads\/2019\/12\/calculo-300x188.jpg 300w, https:\/\/sibi.ufal.br\/portal\/wp-content\/uploads\/2019\/12\/calculo-768x480.jpg 768w, https:\/\/sibi.ufal.br\/portal\/wp-content\/uploads\/2019\/12\/calculo-1024x640.jpg 1024w, https:\/\/sibi.ufal.br\/portal\/wp-content\/uploads\/2019\/12\/calculo.jpg 1080w\" sizes=\"(max-width: 300px) 100vw, 300px\" \/><\/a>\n\t\t\t<\/div><\/figure><figure class='gallery-item'>\n\t\t\t<div class='gallery-icon landscape'>\n\t\t\t\t<a data-elementor-open-lightbox=\"yes\" data-elementor-lightbox-slideshow=\"ce55ae0\" href='https:\/\/sibi.ufal.br\/portal\/wp-content\/uploads\/2019\/12\/img5c81f17f578458.44739214.jpg'><img width=\"300\" height=\"225\" src=\"https:\/\/sibi.ufal.br\/portal\/wp-content\/uploads\/2019\/12\/img5c81f17f578458.44739214-300x225.jpg\" class=\"attachment-medium size-medium\" alt=\"\" decoding=\"async\" loading=\"lazy\" srcset=\"https:\/\/sibi.ufal.br\/portal\/wp-content\/uploads\/2019\/12\/img5c81f17f578458.44739214-300x225.jpg 300w, https:\/\/sibi.ufal.br\/portal\/wp-content\/uploads\/2019\/12\/img5c81f17f578458.44739214.jpg 640w\" sizes=\"(max-width: 300px) 100vw, 300px\" \/><\/a>\n\t\t\t<\/div><\/figure>\n\t\t<\/div>\n\t\t<\/div>\n\t\t\t\t<\/div>\n\t\t\t\t<\/div>\n\t\t\t\t\t\t<\/div>\n\t\t\t<\/div>\n\t\t<\/div>\n\t\t\t\t\t\t<\/div>\n\t\t\t<\/div>\n\t\t<\/section>\n\t\t\t\t<section class=\"elementor-element elementor-element-da045d4 elementor-section-boxed elementor-section-height-default elementor-section-height-default elementor-section elementor-top-section\" data-id=\"da045d4\" data-element_type=\"section\">\n\t\t\t\t\t\t<div class=\"elementor-container elementor-column-gap-default\">\n\t\t\t\t<div class=\"elementor-row\">\n\t\t\t\t<div class=\"elementor-element elementor-element-2421e00 elementor-column elementor-col-100 elementor-top-column\" data-id=\"2421e00\" data-element_type=\"column\">\n\t\t\t<div class=\"elementor-column-wrap  elementor-element-populated\">\n\t\t\t\t\t<div class=\"elementor-widget-wrap\">\n\t\t\t\t<div class=\"elementor-element elementor-element-d48bd8f elementor-widget elementor-widget-text-editor\" data-id=\"d48bd8f\" data-element_type=\"widget\" data-widget_type=\"text-editor.default\">\n\t\t\t\t<div class=\"elementor-widget-container\">\n\t\t\t\t\t<div class=\"elementor-text-editor elementor-clearfix\"><p><span style=\"font-weight: 400;\">Esta Biblioteca Setorial, localizada no Instituto de Matem\u00e1tica do Campus A. C. Sim\u00f5es, al\u00e9m de <\/span><span style=\"font-weight: 400;\">conservar e preservar acervos impressos e digitais especializados, <\/span><span style=\"font-weight: 400;\">interage com sua comunidade acad\u00eamica, buscando facilitar o acesso \u00e0 informa\u00e7\u00e3o e colaborar com a constru\u00e7\u00e3o de novos conhecimentos.\u00a0<\/span><\/p><p><span style=\"font-weight: 400;\">Desde 2017, a Biblioteca Setorial de Matem\u00e1tica vem passando por um processo de reestrutura\u00e7\u00e3o em que todo o seu acervo est\u00e1 sendo catalogado no Sistema Integrado de Bibliotecas Pergamum, e toda sua estrutura f\u00edsica interna est\u00e1 sendo reorganizada.<\/span><\/p><p><span style=\"font-weight: 400;\">Possui um acervo especializado em Matem\u00e1tica, constitu\u00eddo por livros, peri\u00f3dicos, TCCs, dentre outros, que busca oferecer suporte informacional aos cursos de Gradua\u00e7\u00e3o e P\u00f3s-Gradua\u00e7\u00e3o em Matem\u00e1tica.<\/span><\/p><p>\u00a0<\/p><p><b>Hor\u00e1rio de funcionamento:<\/b><span style=\"font-weight: 400;\"> de segunda a sexta, das <\/span><b>08h \u00e0s 18h.<\/b><span style=\"font-weight: 400;\">\u00a0<\/span><\/p><p><b>Endere\u00e7o: <\/b><span style=\"font-weight: 400;\">Instituto de Matem\u00e1tica \u2013 Campus A. C. Sim\u00f5es &#8211; Av. Lourival Melo Mota, s\/n, &#8211; CEP.: 57.072-900. Macei\u00f3 &#8211; AL.<\/span><\/p><p>\u00a0<\/p><p><b>Lista de Servi\u00e7os:<\/b><\/p><p><span style=\"font-weight: 400;\">Consulta ao Cat\u00e1logo<\/span><\/p><p><span style=\"font-weight: 400;\">Empr\u00e9stimo Domiciliar<\/span><\/p><p>\u00a0<\/p><p><b>Bibliotec\u00e1ria respons\u00e1vel:<\/b><span style=\"font-weight: 400;\"> Itamara Pontes<\/span><\/p><p><b>Telefone: <\/b><span style=\"font-weight: 400;\">(82) 3214-1413<\/span><\/p><\/div>\n\t\t\t\t<\/div>\n\t\t\t\t<\/div>\n\t\t\t\t\t\t<\/div>\n\t\t\t<\/div>\n\t\t<\/div>\n\t\t\t\t\t\t<\/div>\n\t\t\t<\/div>\n\t\t<\/section>\n\t\t\t\t\t\t<\/div>\n\t\t\t<\/div>\n\t\t<\/div>\n\t\t","protected":false},"excerpt":{"rendered":"<p>Biblioteca Setorial &#8211; Matem\u00e1tica technology artifical intelligence background with face Esta Biblioteca Setorial, localizada no Instituto de Matem\u00e1tica do Campus A. C. Sim\u00f5es, al\u00e9m de conservar e preservar acervos impressos e digitais especializados, interage com sua comunidade acad\u00eamica, buscando facilitar o acesso \u00e0 informa\u00e7\u00e3o e colaborar com a constru\u00e7\u00e3o de novos conhecimentos.\u00a0 Desde 2017, a [&hellip;]<\/p>\n","protected":false},"author":1,"featured_media":0,"parent":10,"menu_order":0,"comment_status":"closed","ping_status":"closed","template":"","meta":[],"_links":{"self":[{"href":"https:\/\/sibi.ufal.br\/portal\/index.php?rest_route=\/wp\/v2\/pages\/531"}],"collection":[{"href":"https:\/\/sibi.ufal.br\/portal\/index.php?rest_route=\/wp\/v2\/pages"}],"about":[{"href":"https:\/\/sibi.ufal.br\/portal\/index.php?rest_route=\/wp\/v2\/types\/page"}],"author":[{"embeddable":true,"href":"https:\/\/sibi.ufal.br\/portal\/index.php?rest_route=\/wp\/v2\/users\/1"}],"replies":[{"embeddable":true,"href":"https:\/\/sibi.ufal.br\/portal\/index.php?rest_route=%2Fwp%2Fv2%2Fcomments&post=531"}],"version-history":[{"count":16,"href":"https:\/\/sibi.ufal.br\/portal\/index.php?rest_route=\/wp\/v2\/pages\/531\/revisions"}],"predecessor-version":[{"id":2166,"href":"https:\/\/sibi.ufal.br\/portal\/index.php?rest_route=\/wp\/v2\/pages\/531\/revisions\/2166"}],"up":[{"embeddable":true,"href":"https:\/\/sibi.ufal.br\/portal\/index.php?rest_route=\/wp\/v2\/pages\/10"}],"wp:attachment":[{"href":"https:\/\/sibi.ufal.br\/portal\/index.php?rest_route=%2Fwp%2Fv2%2Fmedia&parent=531"}],"curies":[{"name":"wp","href":"https:\/\/api.w.org\/{rel}","templated":true}]}}