{"id":547,"date":"2019-09-07T13:24:18","date_gmt":"2019-09-07T16:24:18","guid":{"rendered":"http:\/\/seer.ufal.br\/portalsibi\/?page_id=547"},"modified":"2019-12-10T00:28:40","modified_gmt":"2019-12-10T03:28:40","slug":"fisica","status":"publish","type":"page","link":"https:\/\/sibi.ufal.br\/portal\/?page_id=547","title":{"rendered":"F\u00edsica"},"content":{"rendered":"\t\t<div data-elementor-type=\"post\" data-elementor-id=\"547\" class=\"elementor elementor-547\" data-elementor-settings=\"[]\">\n\t\t\t<div class=\"elementor-inner\">\n\t\t\t\t<div class=\"elementor-section-wrap\">\n\t\t\t\t\t\t\t<section class=\"elementor-element elementor-element-8e91b7c elementor-section-boxed elementor-section-height-default elementor-section-height-default elementor-section elementor-top-section\" data-id=\"8e91b7c\" data-element_type=\"section\">\n\t\t\t\t\t\t<div class=\"elementor-container elementor-column-gap-default\">\n\t\t\t\t<div class=\"elementor-row\">\n\t\t\t\t<div class=\"elementor-element elementor-element-74e3d84 elementor-column elementor-col-100 elementor-top-column\" data-id=\"74e3d84\" data-element_type=\"column\">\n\t\t\t<div class=\"elementor-column-wrap  elementor-element-populated\">\n\t\t\t\t\t<div class=\"elementor-widget-wrap\">\n\t\t\t\t<div class=\"elementor-element elementor-element-28e159a elementor-invisible elementor-widget elementor-widget-heading\" data-id=\"28e159a\" data-element_type=\"widget\" data-settings=\"{&quot;_animation&quot;:&quot;fadeInLeft&quot;}\" data-widget_type=\"heading.default\">\n\t\t\t\t<div class=\"elementor-widget-container\">\n\t\t\t<h2 class=\"elementor-heading-title elementor-size-default\">Biblioteca Setorial - F\u00edsica<\/h2>\t\t<\/div>\n\t\t\t\t<\/div>\n\t\t\t\t\t\t<\/div>\n\t\t\t<\/div>\n\t\t<\/div>\n\t\t\t\t\t\t<\/div>\n\t\t\t<\/div>\n\t\t<\/section>\n\t\t\t\t<section class=\"elementor-element elementor-element-88ac9ad elementor-section-boxed elementor-section-height-default elementor-section-height-default elementor-section elementor-top-section\" data-id=\"88ac9ad\" data-element_type=\"section\">\n\t\t\t\t\t\t<div class=\"elementor-container elementor-column-gap-default\">\n\t\t\t\t<div class=\"elementor-row\">\n\t\t\t\t<div class=\"elementor-element elementor-element-21921ec elementor-column elementor-col-100 elementor-top-column\" data-id=\"21921ec\" data-element_type=\"column\">\n\t\t\t<div class=\"elementor-column-wrap  elementor-element-populated\">\n\t\t\t\t\t<div class=\"elementor-widget-wrap\">\n\t\t\t\t<div class=\"elementor-element elementor-element-10d2257 elementor-invisible elementor-widget elementor-widget-divider\" data-id=\"10d2257\" data-element_type=\"widget\" data-settings=\"{&quot;_animation&quot;:&quot;fadeInRight&quot;}\" data-widget_type=\"divider.default\">\n\t\t\t\t<div class=\"elementor-widget-container\">\n\t\t\t\t\t<div class=\"elementor-divider\">\n\t\t\t<span class=\"elementor-divider-separator\"><\/span>\n\t\t<\/div>\n\t\t\t\t<\/div>\n\t\t\t\t<\/div>\n\t\t\t\t\t\t<\/div>\n\t\t\t<\/div>\n\t\t<\/div>\n\t\t\t\t\t\t<\/div>\n\t\t\t<\/div>\n\t\t<\/section>\n\t\t\t\t<section class=\"elementor-element elementor-element-85d4fb2 elementor-section-boxed elementor-section-height-default elementor-section-height-default elementor-section elementor-top-section\" data-id=\"85d4fb2\" data-element_type=\"section\">\n\t\t\t\t\t\t<div class=\"elementor-container elementor-column-gap-default\">\n\t\t\t\t<div class=\"elementor-row\">\n\t\t\t\t<div class=\"elementor-element elementor-element-b0fc046 elementor-column elementor-col-100 elementor-top-column\" data-id=\"b0fc046\" data-element_type=\"column\">\n\t\t\t<div class=\"elementor-column-wrap  elementor-element-populated\">\n\t\t\t\t\t<div class=\"elementor-widget-wrap\">\n\t\t\t\t<div class=\"elementor-element elementor-element-50a1f0c elementor-widget elementor-widget-image-gallery\" data-id=\"50a1f0c\" data-element_type=\"widget\" data-widget_type=\"image-gallery.default\">\n\t\t\t\t<div class=\"elementor-widget-container\">\n\t\t\t\t\t<div class=\"elementor-image-gallery\">\n\t\t\t<div id='gallery-1' class='gallery galleryid-547 gallery-columns-3 gallery-size-medium_large'><figure class='gallery-item'>\n\t\t\t<div class='gallery-icon landscape'>\n\t\t\t\t<a data-elementor-open-lightbox=\"default\" data-elementor-lightbox-slideshow=\"50a1f0c\" href='https:\/\/sibi.ufal.br\/portal\/wp-content\/uploads\/2019\/12\/fisica-570x520.jpg'><img width=\"570\" height=\"520\" src=\"https:\/\/sibi.ufal.br\/portal\/wp-content\/uploads\/2019\/12\/fisica-570x520.jpg\" class=\"attachment-medium_large size-medium_large\" alt=\"\" decoding=\"async\" loading=\"lazy\" srcset=\"https:\/\/sibi.ufal.br\/portal\/wp-content\/uploads\/2019\/12\/fisica-570x520.jpg 570w, https:\/\/sibi.ufal.br\/portal\/wp-content\/uploads\/2019\/12\/fisica-570x520-300x274.jpg 300w\" sizes=\"(max-width: 570px) 100vw, 570px\" \/><\/a>\n\t\t\t<\/div><\/figure><figure class='gallery-item'>\n\t\t\t<div class='gallery-icon landscape'>\n\t\t\t\t<a data-elementor-open-lightbox=\"default\" data-elementor-lightbox-slideshow=\"50a1f0c\" href='https:\/\/sibi.ufal.br\/portal\/wp-content\/uploads\/2019\/12\/images-1-1.jpg'><img width=\"500\" height=\"333\" src=\"https:\/\/sibi.ufal.br\/portal\/wp-content\/uploads\/2019\/12\/images-1-1.jpg\" class=\"attachment-medium_large size-medium_large\" alt=\"\" decoding=\"async\" loading=\"lazy\" srcset=\"https:\/\/sibi.ufal.br\/portal\/wp-content\/uploads\/2019\/12\/images-1-1.jpg 500w, https:\/\/sibi.ufal.br\/portal\/wp-content\/uploads\/2019\/12\/images-1-1-300x200.jpg 300w\" sizes=\"(max-width: 500px) 100vw, 500px\" \/><\/a>\n\t\t\t<\/div><\/figure><figure class='gallery-item'>\n\t\t\t<div class='gallery-icon landscape'>\n\t\t\t\t<a data-elementor-open-lightbox=\"default\" data-elementor-lightbox-slideshow=\"50a1f0c\" href='https:\/\/sibi.ufal.br\/portal\/wp-content\/uploads\/2019\/12\/images-4.jpg'><img width=\"500\" height=\"325\" src=\"https:\/\/sibi.ufal.br\/portal\/wp-content\/uploads\/2019\/12\/images-4.jpg\" class=\"attachment-medium_large size-medium_large\" alt=\"\" decoding=\"async\" loading=\"lazy\" srcset=\"https:\/\/sibi.ufal.br\/portal\/wp-content\/uploads\/2019\/12\/images-4.jpg 500w, https:\/\/sibi.ufal.br\/portal\/wp-content\/uploads\/2019\/12\/images-4-300x195.jpg 300w\" sizes=\"(max-width: 500px) 100vw, 500px\" \/><\/a>\n\t\t\t<\/div><\/figure>\n\t\t<\/div>\n\t\t<\/div>\n\t\t\t\t<\/div>\n\t\t\t\t<\/div>\n\t\t\t\t<div class=\"elementor-element elementor-element-b96f18b elementor-widget elementor-widget-text-editor\" data-id=\"b96f18b\" data-element_type=\"widget\" data-widget_type=\"text-editor.default\">\n\t\t\t\t<div class=\"elementor-widget-container\">\n\t\t\t\t\t<div class=\"elementor-text-editor elementor-clearfix\"><p><span style=\"font-weight: 400;\">Localizada no Instituto de F\u00edsica do Campus A. C. Sim\u00f5es, a Biblioteca Setorial de F\u00edsica encontra-se, atualmente, em fase de reestrutura\u00e7\u00e3o, o que promoveu a suspens\u00e3o tempor\u00e1ria de suas atividades, em virtude da implanta\u00e7\u00e3o de novo layout em sua estrutura f\u00edsica e do processo de cataloga\u00e7\u00e3o de seu acervo no sistema Pergamum, um gerenciador dos servi\u00e7os t\u00e9cnicos bibliot\u00e9carios.<\/span><\/p><p><span style=\"font-weight: 400;\">Sua proposta \u00e9 <\/span><span style=\"font-weight: 400;\">conservar e preservar acervos impressos e digitais especializados, <\/span><span style=\"font-weight: 400;\">interagir com sua comunidade acad\u00eamica, buscando facilitar o acesso \u00e0 informa\u00e7\u00e3o e colaborar com a constru\u00e7\u00e3o de novos conhecimentos.\u00a0<\/span><\/p><p><span style=\"font-weight: 400;\">Possui um acervo especializado em F\u00edsica, constitu\u00eddo por livros, peri\u00f3dicos, TCCs, disserta\u00e7\u00f5es, teses, dentre outros, que busca atender \u00e0s demandas informacionais dos cursos de Gradua\u00e7\u00e3o e P\u00f3s-gradua\u00e7\u00e3o em F\u00edsica.<\/span><\/p><p>\u00a0<\/p><p><b>Hor\u00e1rio de funcionamento:<\/b><span style=\"font-weight: 400;\"> a ser definido ap\u00f3s a reestrutura\u00e7\u00e3o.<\/span><\/p><p><b>Endere\u00e7o:<\/b><span style=\"font-weight: 400;\"> Instituto de F\u00edsica &#8211; Campus A. C. Sim\u00f5es &#8211; Av. Lourival Melo Mota, s\/n, &#8211; CEP.: 57.072-900. Macei\u00f3 &#8211; AL.<\/span><\/p><p>\u00a0<\/p><p><b>Lista de Servi\u00e7os:<\/b><\/p><p><span style=\"font-weight: 400;\">Consulta ao Cat\u00e1logo<\/span><\/p><p><span style=\"font-weight: 400;\">Empr\u00e9stimo Domiciliar<\/span><\/p><p>\u00a0<\/p><p><b>Bibliotec\u00e1ria respons\u00e1vel:<\/b><span style=\"font-weight: 400;\"> Itamara Pontes<\/span><\/p><p><b>E-mail:<\/b><span style=\"font-weight: 400;\"> bib@fis.ufal.br<\/span><\/p><p><b>Telefone:<\/b><span style=\"font-weight: 400;\"> (82) 3214-1784<\/span><\/p><\/div>\n\t\t\t\t<\/div>\n\t\t\t\t<\/div>\n\t\t\t\t\t\t<\/div>\n\t\t\t<\/div>\n\t\t<\/div>\n\t\t\t\t\t\t<\/div>\n\t\t\t<\/div>\n\t\t<\/section>\n\t\t\t\t\t\t<\/div>\n\t\t\t<\/div>\n\t\t<\/div>\n\t\t","protected":false},"excerpt":{"rendered":"<p>Biblioteca Setorial &#8211; F\u00edsica Localizada no Instituto de F\u00edsica do Campus A. C. Sim\u00f5es, a Biblioteca Setorial de F\u00edsica encontra-se, atualmente, em fase de reestrutura\u00e7\u00e3o, o que promoveu a suspens\u00e3o tempor\u00e1ria de suas atividades, em virtude da implanta\u00e7\u00e3o de novo layout em sua estrutura f\u00edsica e do processo de cataloga\u00e7\u00e3o de seu acervo no sistema [&hellip;]<\/p>\n","protected":false},"author":1,"featured_media":0,"parent":10,"menu_order":0,"comment_status":"closed","ping_status":"closed","template":"","meta":[],"_links":{"self":[{"href":"https:\/\/sibi.ufal.br\/portal\/index.php?rest_route=\/wp\/v2\/pages\/547"}],"collection":[{"href":"https:\/\/sibi.ufal.br\/portal\/index.php?rest_route=\/wp\/v2\/pages"}],"about":[{"href":"https:\/\/sibi.ufal.br\/portal\/index.php?rest_route=\/wp\/v2\/types\/page"}],"author":[{"embeddable":true,"href":"https:\/\/sibi.ufal.br\/portal\/index.php?rest_route=\/wp\/v2\/users\/1"}],"replies":[{"embeddable":true,"href":"https:\/\/sibi.ufal.br\/portal\/index.php?rest_route=%2Fwp%2Fv2%2Fcomments&post=547"}],"version-history":[{"count":11,"href":"https:\/\/sibi.ufal.br\/portal\/index.php?rest_route=\/wp\/v2\/pages\/547\/revisions"}],"predecessor-version":[{"id":2407,"href":"https:\/\/sibi.ufal.br\/portal\/index.php?rest_route=\/wp\/v2\/pages\/547\/revisions\/2407"}],"up":[{"embeddable":true,"href":"https:\/\/sibi.ufal.br\/portal\/index.php?rest_route=\/wp\/v2\/pages\/10"}],"wp:attachment":[{"href":"https:\/\/sibi.ufal.br\/portal\/index.php?rest_route=%2Fwp%2Fv2%2Fmedia&parent=547"}],"curies":[{"name":"wp","href":"https:\/\/api.w.org\/{rel}","templated":true}]}}