{"id":550,"date":"2019-09-07T13:25:15","date_gmt":"2019-09-07T16:25:15","guid":{"rendered":"http:\/\/seer.ufal.br\/portalsibi\/?page_id=550"},"modified":"2024-10-04T10:18:02","modified_gmt":"2024-10-04T13:18:02","slug":"ceca","status":"publish","type":"page","link":"https:\/\/sibi.ufal.br\/portal\/?page_id=550","title":{"rendered":"CECA"},"content":{"rendered":"\t\t<div data-elementor-type=\"post\" data-elementor-id=\"550\" class=\"elementor elementor-550\" data-elementor-settings=\"[]\">\n\t\t\t<div class=\"elementor-inner\">\n\t\t\t\t<div class=\"elementor-section-wrap\">\n\t\t\t\t\t\t\t<section class=\"elementor-element elementor-element-607ed10 elementor-section-boxed elementor-section-height-default elementor-section-height-default elementor-section elementor-top-section\" data-id=\"607ed10\" data-element_type=\"section\">\n\t\t\t\t\t\t<div class=\"elementor-container elementor-column-gap-default\">\n\t\t\t\t<div class=\"elementor-row\">\n\t\t\t\t<div class=\"elementor-element elementor-element-35cee17 elementor-column elementor-col-100 elementor-top-column\" data-id=\"35cee17\" data-element_type=\"column\">\n\t\t\t<div class=\"elementor-column-wrap  elementor-element-populated\">\n\t\t\t\t\t<div class=\"elementor-widget-wrap\">\n\t\t\t\t<div class=\"elementor-element elementor-element-471b1e2 elementor-invisible elementor-widget elementor-widget-heading\" data-id=\"471b1e2\" data-element_type=\"widget\" data-settings=\"{&quot;_animation&quot;:&quot;fadeInLeft&quot;}\" data-widget_type=\"heading.default\">\n\t\t\t\t<div class=\"elementor-widget-container\">\n\t\t\t<h2 class=\"elementor-heading-title elementor-size-default\">Biblioteca Campus CECA<\/h2>\t\t<\/div>\n\t\t\t\t<\/div>\n\t\t\t\t\t\t<\/div>\n\t\t\t<\/div>\n\t\t<\/div>\n\t\t\t\t\t\t<\/div>\n\t\t\t<\/div>\n\t\t<\/section>\n\t\t\t\t<section class=\"elementor-element elementor-element-74ab928 elementor-section-boxed elementor-section-height-default elementor-section-height-default elementor-section elementor-top-section\" data-id=\"74ab928\" data-element_type=\"section\">\n\t\t\t\t\t\t<div class=\"elementor-container elementor-column-gap-default\">\n\t\t\t\t<div class=\"elementor-row\">\n\t\t\t\t<div class=\"elementor-element elementor-element-46b108f elementor-column elementor-col-100 elementor-top-column\" data-id=\"46b108f\" data-element_type=\"column\">\n\t\t\t<div class=\"elementor-column-wrap  elementor-element-populated\">\n\t\t\t\t\t<div class=\"elementor-widget-wrap\">\n\t\t\t\t<div class=\"elementor-element elementor-element-0c98a67 elementor-invisible elementor-widget elementor-widget-divider\" data-id=\"0c98a67\" data-element_type=\"widget\" data-settings=\"{&quot;_animation&quot;:&quot;fadeInRight&quot;}\" data-widget_type=\"divider.default\">\n\t\t\t\t<div class=\"elementor-widget-container\">\n\t\t\t\t\t<div class=\"elementor-divider\">\n\t\t\t<span class=\"elementor-divider-separator\"><\/span>\n\t\t<\/div>\n\t\t\t\t<\/div>\n\t\t\t\t<\/div>\n\t\t\t\t\t\t<\/div>\n\t\t\t<\/div>\n\t\t<\/div>\n\t\t\t\t\t\t<\/div>\n\t\t\t<\/div>\n\t\t<\/section>\n\t\t\t\t<section class=\"elementor-element elementor-element-b617382 elementor-section-boxed elementor-section-height-default elementor-section-height-default elementor-section elementor-top-section\" data-id=\"b617382\" data-element_type=\"section\">\n\t\t\t\t\t\t<div class=\"elementor-container elementor-column-gap-default\">\n\t\t\t\t<div class=\"elementor-row\">\n\t\t\t\t<div class=\"elementor-element elementor-element-6d76ab7 elementor-column elementor-col-100 elementor-top-column\" data-id=\"6d76ab7\" data-element_type=\"column\">\n\t\t\t<div class=\"elementor-column-wrap  elementor-element-populated\">\n\t\t\t\t\t<div class=\"elementor-widget-wrap\">\n\t\t\t\t<div class=\"elementor-element elementor-element-5f1cd90 elementor-widget elementor-widget-image-gallery\" data-id=\"5f1cd90\" data-element_type=\"widget\" data-widget_type=\"image-gallery.default\">\n\t\t\t\t<div class=\"elementor-widget-container\">\n\t\t\t\t\t<div class=\"elementor-image-gallery\">\n\t\t\t<div id='gallery-1' class='gallery galleryid-550 gallery-columns-3 gallery-size-medium_large'><figure class='gallery-item'>\n\t\t\t<div class='gallery-icon landscape'>\n\t\t\t\t<a data-elementor-open-lightbox=\"default\" data-elementor-lightbox-slideshow=\"5f1cd90\" href='https:\/\/sibi.ufal.br\/portal\/wp-content\/uploads\/2019\/12\/WhatsApp-Image-2019-12-09-at-17.29.23.jpeg'><img width=\"768\" height=\"576\" src=\"https:\/\/sibi.ufal.br\/portal\/wp-content\/uploads\/2019\/12\/WhatsApp-Image-2019-12-09-at-17.29.23-768x576.jpeg\" class=\"attachment-medium_large size-medium_large\" alt=\"\" decoding=\"async\" loading=\"lazy\" srcset=\"https:\/\/sibi.ufal.br\/portal\/wp-content\/uploads\/2019\/12\/WhatsApp-Image-2019-12-09-at-17.29.23-768x576.jpeg 768w, https:\/\/sibi.ufal.br\/portal\/wp-content\/uploads\/2019\/12\/WhatsApp-Image-2019-12-09-at-17.29.23-300x225.jpeg 300w, https:\/\/sibi.ufal.br\/portal\/wp-content\/uploads\/2019\/12\/WhatsApp-Image-2019-12-09-at-17.29.23.jpeg 917w\" sizes=\"(max-width: 768px) 100vw, 768px\" \/><\/a>\n\t\t\t<\/div><\/figure><figure class='gallery-item'>\n\t\t\t<div class='gallery-icon landscape'>\n\t\t\t\t<a data-elementor-open-lightbox=\"default\" data-elementor-lightbox-slideshow=\"5f1cd90\" href='https:\/\/sibi.ufal.br\/portal\/wp-content\/uploads\/2019\/12\/WhatsApp-Image-2019-12-09-at-17.27.09.jpeg'><img width=\"768\" height=\"576\" src=\"https:\/\/sibi.ufal.br\/portal\/wp-content\/uploads\/2019\/12\/WhatsApp-Image-2019-12-09-at-17.27.09-768x576.jpeg\" class=\"attachment-medium_large size-medium_large\" alt=\"\" decoding=\"async\" loading=\"lazy\" srcset=\"https:\/\/sibi.ufal.br\/portal\/wp-content\/uploads\/2019\/12\/WhatsApp-Image-2019-12-09-at-17.27.09-768x576.jpeg 768w, https:\/\/sibi.ufal.br\/portal\/wp-content\/uploads\/2019\/12\/WhatsApp-Image-2019-12-09-at-17.27.09-300x225.jpeg 300w, https:\/\/sibi.ufal.br\/portal\/wp-content\/uploads\/2019\/12\/WhatsApp-Image-2019-12-09-at-17.27.09.jpeg 1024w\" sizes=\"(max-width: 768px) 100vw, 768px\" \/><\/a>\n\t\t\t<\/div><\/figure><figure class='gallery-item'>\n\t\t\t<div class='gallery-icon landscape'>\n\t\t\t\t<a data-elementor-open-lightbox=\"default\" data-elementor-lightbox-slideshow=\"5f1cd90\" href='https:\/\/sibi.ufal.br\/portal\/wp-content\/uploads\/2019\/12\/WhatsApp-Image-2019-12-09-at-17.27.10.jpeg'><img width=\"768\" height=\"576\" src=\"https:\/\/sibi.ufal.br\/portal\/wp-content\/uploads\/2019\/12\/WhatsApp-Image-2019-12-09-at-17.27.10-768x576.jpeg\" class=\"attachment-medium_large size-medium_large\" alt=\"\" decoding=\"async\" loading=\"lazy\" srcset=\"https:\/\/sibi.ufal.br\/portal\/wp-content\/uploads\/2019\/12\/WhatsApp-Image-2019-12-09-at-17.27.10-768x576.jpeg 768w, https:\/\/sibi.ufal.br\/portal\/wp-content\/uploads\/2019\/12\/WhatsApp-Image-2019-12-09-at-17.27.10-300x225.jpeg 300w, https:\/\/sibi.ufal.br\/portal\/wp-content\/uploads\/2019\/12\/WhatsApp-Image-2019-12-09-at-17.27.10.jpeg 1024w\" sizes=\"(max-width: 768px) 100vw, 768px\" \/><\/a>\n\t\t\t<\/div><\/figure>\n\t\t<\/div>\n\t\t<\/div>\n\t\t\t\t<\/div>\n\t\t\t\t<\/div>\n\t\t\t\t<div class=\"elementor-element elementor-element-d8b14c6 elementor-widget elementor-widget-text-editor\" data-id=\"d8b14c6\" data-element_type=\"widget\" data-widget_type=\"text-editor.default\">\n\t\t\t\t<div class=\"elementor-widget-container\">\n\t\t\t\t\t<div class=\"elementor-text-editor elementor-clearfix\"><p><span style=\"font-weight: 400;\">A Biblioteca Campus de Engenharia e Ci\u00eancias Agr\u00e1rias (CECA), localizada no Campus CECA, na cidade de Rio Largo, tem como objetivo <\/span><span style=\"font-weight: 400;\">conservar e preservar os acervos impressos e digitais especializados, <\/span><span style=\"font-weight: 400;\">interagir com sua comunidade acad\u00eamica, e buscar facilitar o acesso \u00e0 informa\u00e7\u00e3o, colaborando para a constru\u00e7\u00e3o de novos conhecimentos. Al\u00e9m disso, possui espa\u00e7os para estudos, e disponibiliza aos usu\u00e1rios o uso de computadores para a realiza\u00e7\u00e3o de pesquisas cient\u00edficas.\u00a0<\/span><\/p><p><span style=\"font-weight: 400;\">Seu acervo, especializado na \u00e1rea das Ci\u00eancias Agr\u00e1rias, j\u00e1 est\u00e1 catalogado no sistema Pergamum, um gerenciador dos servi\u00e7os t\u00e9cnicos bibliot\u00e9carios. Ele \u00e9 constitu\u00eddo por livros, peri\u00f3dicos, teses, disserta\u00e7\u00f5es, TCCs, dentre outros materiais, com vistas a oferecer suporte informacional aos cursos de Gradua\u00e7\u00e3o nas \u00e1reas de Agroecologia, Agronomia, Engenharia de Agrimensura, Engenharia de Energia e Engenharia Florestal, al\u00e9m dos cursos de P\u00f3s-Gradua\u00e7\u00e3o.<\/span><\/p><p><b>\u00a0<\/b><\/p><p><b>Hor\u00e1rio de funcionamento: <\/b><span style=\"font-weight: 400;\">de segunda a sexta, das<\/span><b> 07h \u00e0s 19h.<\/b><\/p><p><b>Endere\u00e7o: <\/b><span style=\"font-weight: 400;\">Centro de Ci\u00eancias Agr\u00e1rias (CECA), Br 104, km 85, s\/n, CEP.: 57.100-000. Rio Largo &#8211; AL.<\/span><\/p><p><b>\u00a0<\/b><\/p><p><b>Lista de Servi\u00e7os:<\/b><\/p><p><span style=\"font-weight: 400;\">Consulta ao Cat\u00e1logo<\/span><\/p><p><span style=\"font-weight: 400;\">Empr\u00e9stimo Domiciliar<\/span><\/p><p><b>\u00a0<\/b><\/p><p><b>Bibliotec\u00e1rio respons\u00e1vel: <\/b><span style=\"font-weight: 400;\">Erisson Rodrigues<\/span><\/p><p><b>E-mail: <\/b><span style=\"font-weight: 400;\">ceca.biblioteca@gmail.com<\/span><\/p><p><b>Telefone: <\/b><span style=\"font-weight: 400;\">(82) 3214-1327<\/span><\/p><p><b>\u00a0<\/b><\/p><p><b>Facebook:<\/b><span style=\"font-weight: 400;\"> https:\/\/www.facebook.com\/profile.php?id=100008025194812<\/span><\/p><p><b>Instagram: <\/b><span style=\"font-weight: 400;\">@bibliotecacecaufal<\/span><\/p><\/div>\n\t\t\t\t<\/div>\n\t\t\t\t<\/div>\n\t\t\t\t\t\t<\/div>\n\t\t\t<\/div>\n\t\t<\/div>\n\t\t\t\t\t\t<\/div>\n\t\t\t<\/div>\n\t\t<\/section>\n\t\t\t\t\t\t<\/div>\n\t\t\t<\/div>\n\t\t<\/div>\n\t\t","protected":false},"excerpt":{"rendered":"<p>Biblioteca Campus CECA A Biblioteca Campus de Engenharia e Ci\u00eancias Agr\u00e1rias (CECA), localizada no Campus CECA, na cidade de Rio Largo, tem como objetivo conservar e preservar os acervos impressos e digitais especializados, interagir com sua comunidade acad\u00eamica, e buscar facilitar o acesso \u00e0 informa\u00e7\u00e3o, colaborando para a constru\u00e7\u00e3o de novos conhecimentos. Al\u00e9m disso, possui [&hellip;]<\/p>\n","protected":false},"author":1,"featured_media":0,"parent":10,"menu_order":0,"comment_status":"closed","ping_status":"closed","template":"","meta":[],"_links":{"self":[{"href":"https:\/\/sibi.ufal.br\/portal\/index.php?rest_route=\/wp\/v2\/pages\/550"}],"collection":[{"href":"https:\/\/sibi.ufal.br\/portal\/index.php?rest_route=\/wp\/v2\/pages"}],"about":[{"href":"https:\/\/sibi.ufal.br\/portal\/index.php?rest_route=\/wp\/v2\/types\/page"}],"author":[{"embeddable":true,"href":"https:\/\/sibi.ufal.br\/portal\/index.php?rest_route=\/wp\/v2\/users\/1"}],"replies":[{"embeddable":true,"href":"https:\/\/sibi.ufal.br\/portal\/index.php?rest_route=%2Fwp%2Fv2%2Fcomments&post=550"}],"version-history":[{"count":13,"href":"https:\/\/sibi.ufal.br\/portal\/index.php?rest_route=\/wp\/v2\/pages\/550\/revisions"}],"predecessor-version":[{"id":3872,"href":"https:\/\/sibi.ufal.br\/portal\/index.php?rest_route=\/wp\/v2\/pages\/550\/revisions\/3872"}],"up":[{"embeddable":true,"href":"https:\/\/sibi.ufal.br\/portal\/index.php?rest_route=\/wp\/v2\/pages\/10"}],"wp:attachment":[{"href":"https:\/\/sibi.ufal.br\/portal\/index.php?rest_route=%2Fwp%2Fv2%2Fmedia&parent=550"}],"curies":[{"name":"wp","href":"https:\/\/api.w.org\/{rel}","templated":true}]}}