{"id":552,"date":"2019-09-07T13:27:18","date_gmt":"2019-09-07T16:27:18","guid":{"rendered":"http:\/\/seer.ufal.br\/portalsibi\/?page_id=552"},"modified":"2026-02-25T14:43:56","modified_gmt":"2026-02-25T17:43:56","slug":"espaco-cultural","status":"publish","type":"page","link":"https:\/\/sibi.ufal.br\/portal\/?page_id=552","title":{"rendered":"Espa\u00e7o Cultural"},"content":{"rendered":"\t\t<div data-elementor-type=\"post\" data-elementor-id=\"552\" class=\"elementor elementor-552\" data-elementor-settings=\"[]\">\n\t\t\t<div class=\"elementor-inner\">\n\t\t\t\t<div class=\"elementor-section-wrap\">\n\t\t\t\t\t\t\t<section class=\"elementor-element elementor-element-56163ee elementor-section-boxed elementor-section-height-default elementor-section-height-default elementor-section elementor-top-section\" data-id=\"56163ee\" data-element_type=\"section\">\n\t\t\t\t\t\t<div class=\"elementor-container elementor-column-gap-default\">\n\t\t\t\t<div class=\"elementor-row\">\n\t\t\t\t<div class=\"elementor-element elementor-element-d413a28 elementor-column elementor-col-100 elementor-top-column\" data-id=\"d413a28\" data-element_type=\"column\">\n\t\t\t<div class=\"elementor-column-wrap  elementor-element-populated\">\n\t\t\t\t\t<div class=\"elementor-widget-wrap\">\n\t\t\t\t<div class=\"elementor-element elementor-element-1c255b3 elementor-invisible elementor-widget elementor-widget-heading\" data-id=\"1c255b3\" data-element_type=\"widget\" data-settings=\"{&quot;_animation&quot;:&quot;fadeInLeft&quot;}\" data-widget_type=\"heading.default\">\n\t\t\t\t<div class=\"elementor-widget-container\">\n\t\t\t<h2 class=\"elementor-heading-title elementor-size-default\">Biblioteca Setorial do Espa\u00e7o Cultural<\/h2>\t\t<\/div>\n\t\t\t\t<\/div>\n\t\t\t\t\t\t<\/div>\n\t\t\t<\/div>\n\t\t<\/div>\n\t\t\t\t\t\t<\/div>\n\t\t\t<\/div>\n\t\t<\/section>\n\t\t\t\t<section class=\"elementor-element elementor-element-32857e8 elementor-section-boxed elementor-section-height-default elementor-section-height-default elementor-section elementor-top-section\" data-id=\"32857e8\" data-element_type=\"section\">\n\t\t\t\t\t\t<div class=\"elementor-container elementor-column-gap-default\">\n\t\t\t\t<div class=\"elementor-row\">\n\t\t\t\t<div class=\"elementor-element elementor-element-e797f4e elementor-column elementor-col-100 elementor-top-column\" data-id=\"e797f4e\" data-element_type=\"column\">\n\t\t\t<div class=\"elementor-column-wrap  elementor-element-populated\">\n\t\t\t\t\t<div class=\"elementor-widget-wrap\">\n\t\t\t\t<div class=\"elementor-element elementor-element-e6e45c6 elementor-invisible elementor-widget elementor-widget-divider\" data-id=\"e6e45c6\" data-element_type=\"widget\" data-settings=\"{&quot;_animation&quot;:&quot;fadeInRight&quot;}\" data-widget_type=\"divider.default\">\n\t\t\t\t<div class=\"elementor-widget-container\">\n\t\t\t\t\t<div class=\"elementor-divider\">\n\t\t\t<span class=\"elementor-divider-separator\"><\/span>\n\t\t<\/div>\n\t\t\t\t<\/div>\n\t\t\t\t<\/div>\n\t\t\t\t\t\t<\/div>\n\t\t\t<\/div>\n\t\t<\/div>\n\t\t\t\t\t\t<\/div>\n\t\t\t<\/div>\n\t\t<\/section>\n\t\t\t\t<section class=\"elementor-element elementor-element-e05f444 elementor-section-boxed elementor-section-height-default elementor-section-height-default elementor-section elementor-top-section\" data-id=\"e05f444\" data-element_type=\"section\">\n\t\t\t\t\t\t<div class=\"elementor-container elementor-column-gap-default\">\n\t\t\t\t<div class=\"elementor-row\">\n\t\t\t\t<div class=\"elementor-element elementor-element-fd149a0 elementor-column elementor-col-100 elementor-top-column\" data-id=\"fd149a0\" data-element_type=\"column\">\n\t\t\t<div class=\"elementor-column-wrap  elementor-element-populated\">\n\t\t\t\t\t<div class=\"elementor-widget-wrap\">\n\t\t\t\t<div class=\"elementor-element elementor-element-0ecc8e2 elementor-widget elementor-widget-image-gallery\" data-id=\"0ecc8e2\" data-element_type=\"widget\" data-widget_type=\"image-gallery.default\">\n\t\t\t\t<div class=\"elementor-widget-container\">\n\t\t\t\t\t<div class=\"elementor-image-gallery\">\n\t\t\t<div id='gallery-1' class='gallery galleryid-552 gallery-columns-3 gallery-size-medium'><figure class='gallery-item'>\n\t\t\t<div class='gallery-icon landscape'>\n\t\t\t\t<a data-elementor-open-lightbox=\"default\" data-elementor-lightbox-slideshow=\"0ecc8e2\" href='https:\/\/sibi.ufal.br\/portal\/wp-content\/uploads\/2019\/12\/Espa\u00e7o-cultural.jpg'><img width=\"300\" height=\"225\" src=\"https:\/\/sibi.ufal.br\/portal\/wp-content\/uploads\/2019\/12\/Espa\u00e7o-cultural-300x225.jpg\" class=\"attachment-medium size-medium\" alt=\"\" decoding=\"async\" loading=\"lazy\" srcset=\"https:\/\/sibi.ufal.br\/portal\/wp-content\/uploads\/2019\/12\/Espa\u00e7o-cultural-300x225.jpg 300w, https:\/\/sibi.ufal.br\/portal\/wp-content\/uploads\/2019\/12\/Espa\u00e7o-cultural-768x576.jpg 768w, https:\/\/sibi.ufal.br\/portal\/wp-content\/uploads\/2019\/12\/Espa\u00e7o-cultural.jpg 800w\" sizes=\"(max-width: 300px) 100vw, 300px\" \/><\/a>\n\t\t\t<\/div><\/figure><figure class='gallery-item'>\n\t\t\t<div class='gallery-icon landscape'>\n\t\t\t\t<a data-elementor-open-lightbox=\"default\" data-elementor-lightbox-slideshow=\"0ecc8e2\" href='https:\/\/sibi.ufal.br\/portal\/wp-content\/uploads\/2019\/12\/images-3.jpg'><img width=\"300\" height=\"189\" src=\"https:\/\/sibi.ufal.br\/portal\/wp-content\/uploads\/2019\/12\/images-3-300x189.jpg\" class=\"attachment-medium size-medium\" alt=\"\" decoding=\"async\" loading=\"lazy\" srcset=\"https:\/\/sibi.ufal.br\/portal\/wp-content\/uploads\/2019\/12\/images-3-300x189.jpg 300w, https:\/\/sibi.ufal.br\/portal\/wp-content\/uploads\/2019\/12\/images-3.jpg 636w\" sizes=\"(max-width: 300px) 100vw, 300px\" \/><\/a>\n\t\t\t<\/div><\/figure><figure class='gallery-item'>\n\t\t\t<div class='gallery-icon landscape'>\n\t\t\t\t<a data-elementor-open-lightbox=\"default\" data-elementor-lightbox-slideshow=\"0ecc8e2\" href='https:\/\/sibi.ufal.br\/portal\/wp-content\/uploads\/2019\/12\/201702021704_57219d2bca.jpg'><img width=\"300\" height=\"225\" src=\"https:\/\/sibi.ufal.br\/portal\/wp-content\/uploads\/2019\/12\/201702021704_57219d2bca-300x225.jpg\" class=\"attachment-medium size-medium\" alt=\"\" decoding=\"async\" loading=\"lazy\" \/><\/a>\n\t\t\t<\/div><\/figure>\n\t\t<\/div>\n\t\t<\/div>\n\t\t\t\t<\/div>\n\t\t\t\t<\/div>\n\t\t\t\t<div class=\"elementor-element elementor-element-d773b04 elementor-widget elementor-widget-text-editor\" data-id=\"d773b04\" data-element_type=\"widget\" data-widget_type=\"text-editor.default\">\n\t\t\t\t<div class=\"elementor-widget-container\">\n\t\t\t\t\t<div class=\"elementor-text-editor elementor-clearfix\"><p><span style=\"font-weight: 400;\">Localizada no Espa\u00e7o Cultural Prof. Salom\u00e3o A. de Barros Lima, pertencente ao Campus A. C. Sim\u00f5es, a Biblioteca Setorial do Espa\u00e7o Cultural, tem como objetivo <\/span><span style=\"font-weight: 400;\">conservar e preservar os acervos impressos e digitais especializados, <\/span><span style=\"font-weight: 400;\">interagir com sua comunidade acad\u00eamica, no intuito de facilitar o acesso \u00e0 informa\u00e7\u00e3o e colaborar para a constru\u00e7\u00e3o de novos conhecimentos.\u00a0<\/span><\/p><p><span style=\"font-weight: 400;\">Seu acervo, j\u00e1 catalogado no sistema Pergamum &#8211; um gerenciador dos servi\u00e7os t\u00e9cnicos bibliot\u00e9carios, \u00e9 especializado nas \u00e1reas de Dan\u00e7a, M\u00fasica e Teatro, sendo constitu\u00eddo por livros, peri\u00f3dicos, TCCs, dentre outros.\u00a0<\/span><\/p><p><span style=\"font-weight: 400;\">A Biblioteca oferece suporte informacional aos cursos de Gradua\u00e7\u00e3o nas \u00e1reas de Dan\u00e7a, M\u00fasica e Teatro, com tamb\u00e9m a uma diversidade de cursos t\u00e9cnicos. Cont\u00e9m um espa\u00e7o para estudos, disponibilizando aos usu\u00e1rios o uso de computadores para a realiza\u00e7\u00e3o de pesquisas cient\u00edficas.<\/span><\/p><p>\u00a0<\/p><p><b>Hor\u00e1rio de funcionamento:<\/b><span style=\"font-weight: 400;\"> de segunda a sexta, das <\/span><b>07h \u00e0s 20h.<\/b><\/p><p><b>Endere\u00e7o:<\/b><span style=\"font-weight: 400;\"> Espa\u00e7o Cultural Prof. Salom\u00e3o A. de Barros Lima &#8211; Ufal, Pra\u00e7a Visconde de Sinimbu n\u00b0 206 \u2013 Centro, CEP.: 57.020-720 (Pr\u00e9dio da Antiga Reitoria). Macei\u00f3 &#8211; AL.<\/span><\/p><p>\u00a0<\/p><p><b>Lista de Servi\u00e7os:<\/b><\/p><p><span style=\"font-weight: 400;\">Consulta ao Cat\u00e1logo<\/span><\/p><p><span style=\"font-weight: 400;\">Empr\u00e9stimo Domiciliar<\/span><\/p><p>\u00a0<\/p><p><b>Bibliotec\u00e1rio respons\u00e1vel:<\/b><span style=\"font-weight: 400;\"> Valdir Batista Pinto<br \/><strong><br \/>E-mail<\/strong>: valdir.batista@sibi.ufal.br<br \/><\/span><b>Telefone:<\/b><span style=\"font-weight: 400;\"> (82) 3214-1539<\/span><\/p><\/div>\n\t\t\t\t<\/div>\n\t\t\t\t<\/div>\n\t\t\t\t\t\t<\/div>\n\t\t\t<\/div>\n\t\t<\/div>\n\t\t\t\t\t\t<\/div>\n\t\t\t<\/div>\n\t\t<\/section>\n\t\t\t\t\t\t<\/div>\n\t\t\t<\/div>\n\t\t<\/div>\n\t\t","protected":false},"excerpt":{"rendered":"<p>Biblioteca Setorial do Espa\u00e7o Cultural Localizada no Espa\u00e7o Cultural Prof. Salom\u00e3o A. de Barros Lima, pertencente ao Campus A. C. Sim\u00f5es, a Biblioteca Setorial do Espa\u00e7o Cultural, tem como objetivo conservar e preservar os acervos impressos e digitais especializados, interagir com sua comunidade acad\u00eamica, no intuito de facilitar o acesso \u00e0 informa\u00e7\u00e3o e colaborar para [&hellip;]<\/p>\n","protected":false},"author":1,"featured_media":0,"parent":10,"menu_order":0,"comment_status":"closed","ping_status":"closed","template":"","meta":[],"_links":{"self":[{"href":"https:\/\/sibi.ufal.br\/portal\/index.php?rest_route=\/wp\/v2\/pages\/552"}],"collection":[{"href":"https:\/\/sibi.ufal.br\/portal\/index.php?rest_route=\/wp\/v2\/pages"}],"about":[{"href":"https:\/\/sibi.ufal.br\/portal\/index.php?rest_route=\/wp\/v2\/types\/page"}],"author":[{"embeddable":true,"href":"https:\/\/sibi.ufal.br\/portal\/index.php?rest_route=\/wp\/v2\/users\/1"}],"replies":[{"embeddable":true,"href":"https:\/\/sibi.ufal.br\/portal\/index.php?rest_route=%2Fwp%2Fv2%2Fcomments&post=552"}],"version-history":[{"count":10,"href":"https:\/\/sibi.ufal.br\/portal\/index.php?rest_route=\/wp\/v2\/pages\/552\/revisions"}],"predecessor-version":[{"id":4242,"href":"https:\/\/sibi.ufal.br\/portal\/index.php?rest_route=\/wp\/v2\/pages\/552\/revisions\/4242"}],"up":[{"embeddable":true,"href":"https:\/\/sibi.ufal.br\/portal\/index.php?rest_route=\/wp\/v2\/pages\/10"}],"wp:attachment":[{"href":"https:\/\/sibi.ufal.br\/portal\/index.php?rest_route=%2Fwp%2Fv2%2Fmedia&parent=552"}],"curies":[{"name":"wp","href":"https:\/\/api.w.org\/{rel}","templated":true}]}}