{"id":554,"date":"2019-09-07T13:33:23","date_gmt":"2019-09-07T16:33:23","guid":{"rendered":"http:\/\/seer.ufal.br\/portalsibi\/?page_id=554"},"modified":"2019-09-26T10:17:00","modified_gmt":"2019-09-26T13:17:00","slug":"campus-arapiraca","status":"publish","type":"page","link":"https:\/\/sibi.ufal.br\/portal\/?page_id=554","title":{"rendered":"CAMPUS ARAPIRACA"},"content":{"rendered":"\t\t<div data-elementor-type=\"post\" data-elementor-id=\"554\" class=\"elementor elementor-554\" data-elementor-settings=\"[]\">\n\t\t\t<div class=\"elementor-inner\">\n\t\t\t\t<div class=\"elementor-section-wrap\">\n\t\t\t\t\t\t\t<section class=\"elementor-element elementor-element-b4249fc elementor-section-boxed elementor-section-height-default elementor-section-height-default elementor-section elementor-top-section\" data-id=\"b4249fc\" data-element_type=\"section\">\n\t\t\t\t\t\t<div class=\"elementor-container elementor-column-gap-default\">\n\t\t\t\t<div class=\"elementor-row\">\n\t\t\t\t<div class=\"elementor-element elementor-element-5fff7bd elementor-column elementor-col-100 elementor-top-column\" data-id=\"5fff7bd\" data-element_type=\"column\">\n\t\t\t<div class=\"elementor-column-wrap  elementor-element-populated\">\n\t\t\t\t\t<div class=\"elementor-widget-wrap\">\n\t\t\t\t<div class=\"elementor-element elementor-element-74a2e93 elementor-invisible elementor-widget elementor-widget-heading\" data-id=\"74a2e93\" data-element_type=\"widget\" data-settings=\"{&quot;_animation&quot;:&quot;fadeInLeft&quot;}\" data-widget_type=\"heading.default\">\n\t\t\t\t<div class=\"elementor-widget-container\">\n\t\t\t<h2 class=\"elementor-heading-title elementor-size-default\">Campus Arapiraca<\/h2>\t\t<\/div>\n\t\t\t\t<\/div>\n\t\t\t\t\t\t<\/div>\n\t\t\t<\/div>\n\t\t<\/div>\n\t\t\t\t\t\t<\/div>\n\t\t\t<\/div>\n\t\t<\/section>\n\t\t\t\t<section class=\"elementor-element elementor-element-45ba66a elementor-section-boxed elementor-section-height-default elementor-section-height-default elementor-section elementor-top-section\" data-id=\"45ba66a\" data-element_type=\"section\">\n\t\t\t\t\t\t<div class=\"elementor-container elementor-column-gap-default\">\n\t\t\t\t<div class=\"elementor-row\">\n\t\t\t\t<div class=\"elementor-element elementor-element-2d79d21 elementor-column elementor-col-100 elementor-top-column\" data-id=\"2d79d21\" data-element_type=\"column\">\n\t\t\t<div class=\"elementor-column-wrap  elementor-element-populated\">\n\t\t\t\t\t<div class=\"elementor-widget-wrap\">\n\t\t\t\t<div class=\"elementor-element elementor-element-d1686f7 elementor-invisible elementor-widget elementor-widget-divider\" data-id=\"d1686f7\" data-element_type=\"widget\" data-settings=\"{&quot;_animation&quot;:&quot;fadeInRight&quot;}\" data-widget_type=\"divider.default\">\n\t\t\t\t<div class=\"elementor-widget-container\">\n\t\t\t\t\t<div class=\"elementor-divider\">\n\t\t\t<span class=\"elementor-divider-separator\"><\/span>\n\t\t<\/div>\n\t\t\t\t<\/div>\n\t\t\t\t<\/div>\n\t\t\t\t\t\t<\/div>\n\t\t\t<\/div>\n\t\t<\/div>\n\t\t\t\t\t\t<\/div>\n\t\t\t<\/div>\n\t\t<\/section>\n\t\t\t\t<section class=\"elementor-element elementor-element-5c93aa2 elementor-section-boxed elementor-section-height-default elementor-section-height-default elementor-section elementor-top-section\" data-id=\"5c93aa2\" data-element_type=\"section\">\n\t\t\t\t\t\t<div class=\"elementor-container elementor-column-gap-default\">\n\t\t\t\t<div class=\"elementor-row\">\n\t\t\t\t<div class=\"elementor-element elementor-element-3642bd0 elementor-column elementor-col-25 elementor-top-column\" data-id=\"3642bd0\" data-element_type=\"column\">\n\t\t\t<div class=\"elementor-column-wrap  elementor-element-populated\">\n\t\t\t\t\t<div class=\"elementor-widget-wrap\">\n\t\t\t\t<div class=\"elementor-element elementor-element-419db7b elementor-position-top elementor-vertical-align-top elementor-widget elementor-widget-image-box\" data-id=\"419db7b\" data-element_type=\"widget\" data-widget_type=\"image-box.default\">\n\t\t\t\t<div class=\"elementor-widget-container\">\n\t\t\t<div class=\"elementor-image-box-wrapper\"><figure class=\"elementor-image-box-img\"><a href=\"http:\/\/seer.ufal.br\/portalsibi\/?page_id=556\"><img width=\"2577\" height=\"1933\" src=\"https:\/\/sibi.ufal.br\/portal\/wp-content\/uploads\/2019\/09\/B2.png\" class=\"elementor-animation-grow attachment-full size-full\" alt=\"\" decoding=\"async\" loading=\"lazy\" srcset=\"https:\/\/sibi.ufal.br\/portal\/wp-content\/uploads\/2019\/09\/B2.png 2577w, https:\/\/sibi.ufal.br\/portal\/wp-content\/uploads\/2019\/09\/B2-300x225.png 300w, https:\/\/sibi.ufal.br\/portal\/wp-content\/uploads\/2019\/09\/B2-768x576.png 768w, https:\/\/sibi.ufal.br\/portal\/wp-content\/uploads\/2019\/09\/B2-1024x768.png 1024w\" sizes=\"(max-width: 2577px) 100vw, 2577px\" \/><\/a><\/figure><div class=\"elementor-image-box-content\"><h3 class=\"elementor-image-box-title\"><a href=\"http:\/\/seer.ufal.br\/portalsibi\/?page_id=556\">Unidade Arapiraca<\/a><\/h3><p class=\"elementor-image-box-description\">Clique no bot\u00e3o de edi\u00e7\u00e3o para alterar esse texto. Lorem ipsum dolor sit amet, consectetur adipiscing elit. Ut elit tellus, luctus nec ullamcorper mattis, pulvinar dapibus leo.<\/p><\/div><\/div>\t\t<\/div>\n\t\t\t\t<\/div>\n\t\t\t\t\t\t<\/div>\n\t\t\t<\/div>\n\t\t<\/div>\n\t\t\t\t<div class=\"elementor-element elementor-element-6842a61 elementor-column elementor-col-25 elementor-top-column\" data-id=\"6842a61\" data-element_type=\"column\">\n\t\t\t<div class=\"elementor-column-wrap  elementor-element-populated\">\n\t\t\t\t\t<div class=\"elementor-widget-wrap\">\n\t\t\t\t<div class=\"elementor-element elementor-element-b98b5d5 elementor-position-top elementor-vertical-align-top elementor-widget elementor-widget-image-box\" data-id=\"b98b5d5\" data-element_type=\"widget\" data-widget_type=\"image-box.default\">\n\t\t\t\t<div class=\"elementor-widget-container\">\n\t\t\t<div class=\"elementor-image-box-wrapper\"><figure class=\"elementor-image-box-img\"><a href=\"http:\/\/seer.ufal.br\/portalsibi\/?page_id=560\"><img width=\"2577\" height=\"1933\" src=\"https:\/\/sibi.ufal.br\/portal\/wp-content\/uploads\/2019\/09\/B2-3.png\" class=\"elementor-animation-grow attachment-full size-full\" alt=\"\" decoding=\"async\" loading=\"lazy\" srcset=\"https:\/\/sibi.ufal.br\/portal\/wp-content\/uploads\/2019\/09\/B2-3.png 2577w, https:\/\/sibi.ufal.br\/portal\/wp-content\/uploads\/2019\/09\/B2-3-300x225.png 300w, https:\/\/sibi.ufal.br\/portal\/wp-content\/uploads\/2019\/09\/B2-3-768x576.png 768w, https:\/\/sibi.ufal.br\/portal\/wp-content\/uploads\/2019\/09\/B2-3-1024x768.png 1024w\" sizes=\"(max-width: 2577px) 100vw, 2577px\" \/><\/a><\/figure><div class=\"elementor-image-box-content\"><h3 class=\"elementor-image-box-title\"><a href=\"http:\/\/seer.ufal.br\/portalsibi\/?page_id=560\">Unidade Palmeira dos \u00cdndios<\/a><\/h3><p class=\"elementor-image-box-description\">Clique no bot\u00e3o de edi\u00e7\u00e3o para alterar esse texto. Lorem ipsum dolor sit amet, consectetur adipiscing elit. Ut elit tellus, luctus nec ullamcorper mattis, pulvinar dapibus leo.<\/p><\/div><\/div>\t\t<\/div>\n\t\t\t\t<\/div>\n\t\t\t\t\t\t<\/div>\n\t\t\t<\/div>\n\t\t<\/div>\n\t\t\t\t<div class=\"elementor-element elementor-element-89aa43a elementor-column elementor-col-25 elementor-top-column\" data-id=\"89aa43a\" data-element_type=\"column\">\n\t\t\t<div class=\"elementor-column-wrap  elementor-element-populated\">\n\t\t\t\t\t<div class=\"elementor-widget-wrap\">\n\t\t\t\t<div class=\"elementor-element elementor-element-0263600 elementor-position-top elementor-vertical-align-top elementor-widget elementor-widget-image-box\" data-id=\"0263600\" data-element_type=\"widget\" data-widget_type=\"image-box.default\">\n\t\t\t\t<div class=\"elementor-widget-container\">\n\t\t\t<div class=\"elementor-image-box-wrapper\"><figure class=\"elementor-image-box-img\"><a href=\"http:\/\/seer.ufal.br\/portalsibi\/?page_id=558\"><img width=\"2577\" height=\"1933\" src=\"https:\/\/sibi.ufal.br\/portal\/wp-content\/uploads\/2019\/09\/B2-1.png\" class=\"elementor-animation-grow attachment-full size-full\" alt=\"\" decoding=\"async\" loading=\"lazy\" srcset=\"https:\/\/sibi.ufal.br\/portal\/wp-content\/uploads\/2019\/09\/B2-1.png 2577w, https:\/\/sibi.ufal.br\/portal\/wp-content\/uploads\/2019\/09\/B2-1-300x225.png 300w, https:\/\/sibi.ufal.br\/portal\/wp-content\/uploads\/2019\/09\/B2-1-768x576.png 768w, https:\/\/sibi.ufal.br\/portal\/wp-content\/uploads\/2019\/09\/B2-1-1024x768.png 1024w\" sizes=\"(max-width: 2577px) 100vw, 2577px\" \/><\/a><\/figure><div class=\"elementor-image-box-content\"><h3 class=\"elementor-image-box-title\"><a href=\"http:\/\/seer.ufal.br\/portalsibi\/?page_id=558\">Unidade Penedo<\/a><\/h3><p class=\"elementor-image-box-description\">Clique no bot\u00e3o de edi\u00e7\u00e3o para alterar esse texto. Lorem ipsum dolor sit amet, consectetur adipiscing elit. Ut elit tellus, luctus nec ullamcorper mattis, pulvinar dapibus leo.<\/p><\/div><\/div>\t\t<\/div>\n\t\t\t\t<\/div>\n\t\t\t\t\t\t<\/div>\n\t\t\t<\/div>\n\t\t<\/div>\n\t\t\t\t<div class=\"elementor-element elementor-element-c1a8c64 elementor-column elementor-col-25 elementor-top-column\" data-id=\"c1a8c64\" data-element_type=\"column\">\n\t\t\t<div class=\"elementor-column-wrap  elementor-element-populated\">\n\t\t\t\t\t<div class=\"elementor-widget-wrap\">\n\t\t\t\t<div class=\"elementor-element elementor-element-bddb0da elementor-position-top elementor-vertical-align-top elementor-widget elementor-widget-image-box\" data-id=\"bddb0da\" data-element_type=\"widget\" data-widget_type=\"image-box.default\">\n\t\t\t\t<div class=\"elementor-widget-container\">\n\t\t\t<div class=\"elementor-image-box-wrapper\"><figure class=\"elementor-image-box-img\"><a href=\"http:\/\/seer.ufal.br\/portalsibi\/?page_id=564\"><img width=\"2577\" height=\"1933\" src=\"https:\/\/sibi.ufal.br\/portal\/wp-content\/uploads\/2019\/09\/B2-2.png\" class=\"elementor-animation-grow attachment-full size-full\" alt=\"\" decoding=\"async\" loading=\"lazy\" srcset=\"https:\/\/sibi.ufal.br\/portal\/wp-content\/uploads\/2019\/09\/B2-2.png 2577w, https:\/\/sibi.ufal.br\/portal\/wp-content\/uploads\/2019\/09\/B2-2-300x225.png 300w, https:\/\/sibi.ufal.br\/portal\/wp-content\/uploads\/2019\/09\/B2-2-768x576.png 768w, https:\/\/sibi.ufal.br\/portal\/wp-content\/uploads\/2019\/09\/B2-2-1024x768.png 1024w\" sizes=\"(max-width: 2577px) 100vw, 2577px\" \/><\/a><\/figure><div class=\"elementor-image-box-content\"><h3 class=\"elementor-image-box-title\"><a href=\"http:\/\/seer.ufal.br\/portalsibi\/?page_id=564\">Unidade Vi\u00e7osa<\/a><\/h3><p class=\"elementor-image-box-description\">Clique no bot\u00e3o de edi\u00e7\u00e3o para alterar esse texto. Lorem ipsum dolor sit amet, consectetur adipiscing elit. Ut elit tellus, luctus nec ullamcorper mattis, pulvinar dapibus leo.<\/p><\/div><\/div>\t\t<\/div>\n\t\t\t\t<\/div>\n\t\t\t\t\t\t<\/div>\n\t\t\t<\/div>\n\t\t<\/div>\n\t\t\t\t\t\t<\/div>\n\t\t\t<\/div>\n\t\t<\/section>\n\t\t\t\t\t\t<\/div>\n\t\t\t<\/div>\n\t\t<\/div>\n\t\t","protected":false},"excerpt":{"rendered":"<p>Campus Arapiraca Unidade Arapiraca Clique no bot\u00e3o de edi\u00e7\u00e3o para alterar esse texto. Lorem ipsum dolor sit amet, consectetur adipiscing elit. Ut elit tellus, luctus nec ullamcorper mattis, pulvinar dapibus leo. Unidade Palmeira dos \u00cdndios Clique no bot\u00e3o de edi\u00e7\u00e3o para alterar esse texto. Lorem ipsum dolor sit amet, consectetur adipiscing elit. Ut elit tellus, [&hellip;]<\/p>\n","protected":false},"author":1,"featured_media":0,"parent":0,"menu_order":0,"comment_status":"closed","ping_status":"closed","template":"","meta":[],"_links":{"self":[{"href":"https:\/\/sibi.ufal.br\/portal\/index.php?rest_route=\/wp\/v2\/pages\/554"}],"collection":[{"href":"https:\/\/sibi.ufal.br\/portal\/index.php?rest_route=\/wp\/v2\/pages"}],"about":[{"href":"https:\/\/sibi.ufal.br\/portal\/index.php?rest_route=\/wp\/v2\/types\/page"}],"author":[{"embeddable":true,"href":"https:\/\/sibi.ufal.br\/portal\/index.php?rest_route=\/wp\/v2\/users\/1"}],"replies":[{"embeddable":true,"href":"https:\/\/sibi.ufal.br\/portal\/index.php?rest_route=%2Fwp%2Fv2%2Fcomments&post=554"}],"version-history":[{"count":5,"href":"https:\/\/sibi.ufal.br\/portal\/index.php?rest_route=\/wp\/v2\/pages\/554\/revisions"}],"predecessor-version":[{"id":1014,"href":"https:\/\/sibi.ufal.br\/portal\/index.php?rest_route=\/wp\/v2\/pages\/554\/revisions\/1014"}],"wp:attachment":[{"href":"https:\/\/sibi.ufal.br\/portal\/index.php?rest_route=%2Fwp%2Fv2%2Fmedia&parent=554"}],"curies":[{"name":"wp","href":"https:\/\/api.w.org\/{rel}","templated":true}]}}