{"id":560,"date":"2019-09-07T13:36:39","date_gmt":"2019-09-07T16:36:39","guid":{"rendered":"http:\/\/seer.ufal.br\/portalsibi\/?page_id=560"},"modified":"2019-12-09T19:29:55","modified_gmt":"2019-12-09T22:29:55","slug":"palmeira-dos-indios","status":"publish","type":"page","link":"https:\/\/sibi.ufal.br\/portal\/?page_id=560","title":{"rendered":"Palmeira dos \u00cdndios"},"content":{"rendered":"\t\t<div data-elementor-type=\"post\" data-elementor-id=\"560\" class=\"elementor elementor-560\" data-elementor-settings=\"[]\">\n\t\t\t<div class=\"elementor-inner\">\n\t\t\t\t<div class=\"elementor-section-wrap\">\n\t\t\t\t\t\t\t<section class=\"elementor-element elementor-element-60b60f3 elementor-section-boxed elementor-section-height-default elementor-section-height-default elementor-section elementor-top-section\" data-id=\"60b60f3\" data-element_type=\"section\">\n\t\t\t\t\t\t<div class=\"elementor-container elementor-column-gap-default\">\n\t\t\t\t<div class=\"elementor-row\">\n\t\t\t\t<div class=\"elementor-element elementor-element-0d61230 elementor-column elementor-col-100 elementor-top-column\" data-id=\"0d61230\" data-element_type=\"column\">\n\t\t\t<div class=\"elementor-column-wrap  elementor-element-populated\">\n\t\t\t\t\t<div class=\"elementor-widget-wrap\">\n\t\t\t\t<div class=\"elementor-element elementor-element-d22c877 elementor-invisible elementor-widget elementor-widget-heading\" data-id=\"d22c877\" data-element_type=\"widget\" data-settings=\"{&quot;_animation&quot;:&quot;fadeInLeft&quot;}\" data-widget_type=\"heading.default\">\n\t\t\t\t<div class=\"elementor-widget-container\">\n\t\t\t<h2 class=\"elementor-heading-title elementor-size-default\">Biblioteca - Unidade Palmeira dos \u00cdndios<\/h2>\t\t<\/div>\n\t\t\t\t<\/div>\n\t\t\t\t\t\t<\/div>\n\t\t\t<\/div>\n\t\t<\/div>\n\t\t\t\t\t\t<\/div>\n\t\t\t<\/div>\n\t\t<\/section>\n\t\t\t\t<section class=\"elementor-element elementor-element-fd6beea elementor-section-boxed elementor-section-height-default elementor-section-height-default elementor-section elementor-top-section\" data-id=\"fd6beea\" data-element_type=\"section\">\n\t\t\t\t\t\t<div class=\"elementor-container elementor-column-gap-default\">\n\t\t\t\t<div class=\"elementor-row\">\n\t\t\t\t<div class=\"elementor-element elementor-element-6b7d97d elementor-column elementor-col-100 elementor-top-column\" data-id=\"6b7d97d\" data-element_type=\"column\">\n\t\t\t<div class=\"elementor-column-wrap  elementor-element-populated\">\n\t\t\t\t\t<div class=\"elementor-widget-wrap\">\n\t\t\t\t<div class=\"elementor-element elementor-element-26a51f6 elementor-invisible elementor-widget elementor-widget-divider\" data-id=\"26a51f6\" data-element_type=\"widget\" data-settings=\"{&quot;_animation&quot;:&quot;fadeInRight&quot;}\" data-widget_type=\"divider.default\">\n\t\t\t\t<div class=\"elementor-widget-container\">\n\t\t\t\t\t<div class=\"elementor-divider\">\n\t\t\t<span class=\"elementor-divider-separator\"><\/span>\n\t\t<\/div>\n\t\t\t\t<\/div>\n\t\t\t\t<\/div>\n\t\t\t\t\t\t<\/div>\n\t\t\t<\/div>\n\t\t<\/div>\n\t\t\t\t\t\t<\/div>\n\t\t\t<\/div>\n\t\t<\/section>\n\t\t\t\t<section class=\"elementor-element elementor-element-a929bfa elementor-section-boxed elementor-section-height-default elementor-section-height-default elementor-section elementor-top-section\" data-id=\"a929bfa\" data-element_type=\"section\">\n\t\t\t\t\t\t<div class=\"elementor-container elementor-column-gap-default\">\n\t\t\t\t<div class=\"elementor-row\">\n\t\t\t\t<div class=\"elementor-element elementor-element-44ca9b6 elementor-column elementor-col-100 elementor-top-column\" data-id=\"44ca9b6\" data-element_type=\"column\">\n\t\t\t<div class=\"elementor-column-wrap  elementor-element-populated\">\n\t\t\t\t\t<div class=\"elementor-widget-wrap\">\n\t\t\t\t<div class=\"elementor-element elementor-element-3af04ba elementor-widget elementor-widget-image-gallery\" data-id=\"3af04ba\" data-element_type=\"widget\" data-widget_type=\"image-gallery.default\">\n\t\t\t\t<div class=\"elementor-widget-container\">\n\t\t\t\t\t<div class=\"elementor-image-gallery\">\n\t\t\t<div id='gallery-1' class='gallery galleryid-560 gallery-columns-3 gallery-size-medium_large'><figure class='gallery-item'>\n\t\t\t<div class='gallery-icon landscape'>\n\t\t\t\t<a data-elementor-open-lightbox=\"default\" data-elementor-lightbox-slideshow=\"3af04ba\" href='https:\/\/sibi.ufal.br\/portal\/wp-content\/uploads\/2019\/12\/WhatsApp-Image-2019-12-09-at-16.37.001.jpeg'><img width=\"768\" height=\"576\" src=\"https:\/\/sibi.ufal.br\/portal\/wp-content\/uploads\/2019\/12\/WhatsApp-Image-2019-12-09-at-16.37.001-768x576.jpeg\" class=\"attachment-medium_large size-medium_large\" alt=\"\" decoding=\"async\" loading=\"lazy\" srcset=\"https:\/\/sibi.ufal.br\/portal\/wp-content\/uploads\/2019\/12\/WhatsApp-Image-2019-12-09-at-16.37.001-768x576.jpeg 768w, https:\/\/sibi.ufal.br\/portal\/wp-content\/uploads\/2019\/12\/WhatsApp-Image-2019-12-09-at-16.37.001-300x225.jpeg 300w, https:\/\/sibi.ufal.br\/portal\/wp-content\/uploads\/2019\/12\/WhatsApp-Image-2019-12-09-at-16.37.001-1024x768.jpeg 1024w, https:\/\/sibi.ufal.br\/portal\/wp-content\/uploads\/2019\/12\/WhatsApp-Image-2019-12-09-at-16.37.001.jpeg 1234w\" sizes=\"(max-width: 768px) 100vw, 768px\" \/><\/a>\n\t\t\t<\/div><\/figure><figure class='gallery-item'>\n\t\t\t<div class='gallery-icon landscape'>\n\t\t\t\t<a data-elementor-open-lightbox=\"default\" data-elementor-lightbox-slideshow=\"3af04ba\" href='https:\/\/sibi.ufal.br\/portal\/wp-content\/uploads\/2019\/12\/WhatsApp-Image-2019-12-09-at-16.36.571.jpeg'><img width=\"768\" height=\"576\" src=\"https:\/\/sibi.ufal.br\/portal\/wp-content\/uploads\/2019\/12\/WhatsApp-Image-2019-12-09-at-16.36.571-768x576.jpeg\" class=\"attachment-medium_large size-medium_large\" alt=\"\" decoding=\"async\" loading=\"lazy\" srcset=\"https:\/\/sibi.ufal.br\/portal\/wp-content\/uploads\/2019\/12\/WhatsApp-Image-2019-12-09-at-16.36.571-768x576.jpeg 768w, https:\/\/sibi.ufal.br\/portal\/wp-content\/uploads\/2019\/12\/WhatsApp-Image-2019-12-09-at-16.36.571-300x225.jpeg 300w, https:\/\/sibi.ufal.br\/portal\/wp-content\/uploads\/2019\/12\/WhatsApp-Image-2019-12-09-at-16.36.571-1024x768.jpeg 1024w, https:\/\/sibi.ufal.br\/portal\/wp-content\/uploads\/2019\/12\/WhatsApp-Image-2019-12-09-at-16.36.571.jpeg 1280w\" sizes=\"(max-width: 768px) 100vw, 768px\" \/><\/a>\n\t\t\t<\/div><\/figure><figure class='gallery-item'>\n\t\t\t<div class='gallery-icon landscape'>\n\t\t\t\t<a data-elementor-open-lightbox=\"default\" data-elementor-lightbox-slideshow=\"3af04ba\" href='https:\/\/sibi.ufal.br\/portal\/wp-content\/uploads\/2019\/12\/WhatsApp-Image-2019-12-09-at-16.36.591.jpeg'><img width=\"768\" height=\"576\" src=\"https:\/\/sibi.ufal.br\/portal\/wp-content\/uploads\/2019\/12\/WhatsApp-Image-2019-12-09-at-16.36.591-768x576.jpeg\" class=\"attachment-medium_large size-medium_large\" alt=\"\" decoding=\"async\" loading=\"lazy\" srcset=\"https:\/\/sibi.ufal.br\/portal\/wp-content\/uploads\/2019\/12\/WhatsApp-Image-2019-12-09-at-16.36.591-768x576.jpeg 768w, https:\/\/sibi.ufal.br\/portal\/wp-content\/uploads\/2019\/12\/WhatsApp-Image-2019-12-09-at-16.36.591-300x225.jpeg 300w, https:\/\/sibi.ufal.br\/portal\/wp-content\/uploads\/2019\/12\/WhatsApp-Image-2019-12-09-at-16.36.591-1024x768.jpeg 1024w, https:\/\/sibi.ufal.br\/portal\/wp-content\/uploads\/2019\/12\/WhatsApp-Image-2019-12-09-at-16.36.591.jpeg 1280w\" sizes=\"(max-width: 768px) 100vw, 768px\" \/><\/a>\n\t\t\t<\/div><\/figure>\n\t\t<\/div>\n\t\t<\/div>\n\t\t\t\t<\/div>\n\t\t\t\t<\/div>\n\t\t\t\t<div class=\"elementor-element elementor-element-0771aaf elementor-widget elementor-widget-text-editor\" data-id=\"0771aaf\" data-element_type=\"widget\" data-widget_type=\"text-editor.default\">\n\t\t\t\t<div class=\"elementor-widget-container\">\n\t\t\t\t\t<div class=\"elementor-text-editor elementor-clearfix\"><p><span style=\"font-weight: 400;\">A Biblioteca da Unidade de Palmeira dos \u00cdndios, ligada ao Campus Arapiraca, foi implantada no in\u00edcio de 2007, tendo por objetivo a <\/span><span style=\"font-weight: 400;\">conserva\u00e7\u00e3o e a preserva\u00e7\u00e3o de acervos impressos e digitais especializados, a <\/span><span style=\"font-weight: 400;\">intera\u00e7\u00e3o com sua comunidade acad\u00eamica no intuito de facilitar o acesso \u00e0 informa\u00e7\u00e3o e colaborar para a constru\u00e7\u00e3o de novos conhecimentos.\u00a0<\/span><\/p><p><span style=\"font-weight: 400;\">Seu acervo, constitu\u00eddo de livros, peri\u00f3dicos, TCCs, entre outros materiais, j\u00e1 est\u00e1 catalogado no sistema Pergamum, um gerenciador dos servi\u00e7os t\u00e9cnicos bibliot\u00e9carios. Ele busca atender \u00e0s demandas informacionais dos cursos de Gradua\u00e7\u00e3o em Psicologia e Servi\u00e7o Social.<\/span><\/p><p><b>Hor\u00e1rio de funcionamento: <\/b><span style=\"font-weight: 400;\">de segunda a sexta, das <\/span><b>08h \u00e0s 12h<\/b><span style=\"font-weight: 400;\"> e das <\/span><b>13h \u00e0s 17h.\u00a0<\/b><\/p><p><b>Endere\u00e7o: <\/b><span style=\"font-weight: 400;\">Rua Sonho Verde, s\/n, Eucalipto, CEP.: 57.076-100. Palmeira dos \u00cdndios &#8211; AL.<\/span><\/p><p><span style=\"font-weight: 400;\">\u00a0<\/span><\/p><p><b>Lista de Servi\u00e7os:\u00a0<\/b><\/p><p>&#8211; Cataloga\u00e7\u00e3o na Fonte<\/p><p><span style=\"font-weight: 400;\">&#8211; Consulta ao Cat\u00e1logo<\/span><\/p><p><span style=\"font-weight: 400;\">&#8211; Empr\u00e9stimo Domiciliar<\/span><\/p><p><span style=\"font-weight: 400;\">\u00a0<\/span><\/p><p><b>Bibliotec\u00e1ria respons\u00e1vel: <\/b><span style=\"font-weight: 400;\">Kassandra Kallyna Nunes de Souza<\/span><\/p><p><b>E-mail: <\/b><a href=\"mailto:kassandra.kallyna@palmeira.ufal.br\"><span style=\"font-weight: 400;\">kassandra.kallyna@palmeira.ufal.br<\/span><\/a><span style=\"font-weight: 400;\">\u00a0<\/span><\/p><p><b>Telefones: <\/b><span style=\"font-weight: 400;\">(82) 3214-1835<\/span><\/p><p><span style=\"font-weight: 400;\">\u00a0<\/span><\/p><p><b>Facebook: <\/b><span style=\"font-weight: 400;\">https:\/\/www.facebook.com\/bca.biblioteca.palmeiradosindios<\/span><\/p><p><b>Instagram: <\/b><span style=\"font-weight: 400;\">@bibliotecapalmeiradosindios<\/span><\/p><\/div>\n\t\t\t\t<\/div>\n\t\t\t\t<\/div>\n\t\t\t\t\t\t<\/div>\n\t\t\t<\/div>\n\t\t<\/div>\n\t\t\t\t\t\t<\/div>\n\t\t\t<\/div>\n\t\t<\/section>\n\t\t\t\t\t\t<\/div>\n\t\t\t<\/div>\n\t\t<\/div>\n\t\t","protected":false},"excerpt":{"rendered":"<p>Biblioteca &#8211; Unidade Palmeira dos \u00cdndios A Biblioteca da Unidade de Palmeira dos \u00cdndios, ligada ao Campus Arapiraca, foi implantada no in\u00edcio de 2007, tendo por objetivo a conserva\u00e7\u00e3o e a preserva\u00e7\u00e3o de acervos impressos e digitais especializados, a intera\u00e7\u00e3o com sua comunidade acad\u00eamica no intuito de facilitar o acesso \u00e0 informa\u00e7\u00e3o e colaborar para [&hellip;]<\/p>\n","protected":false},"author":1,"featured_media":0,"parent":554,"menu_order":0,"comment_status":"closed","ping_status":"closed","template":"","meta":[],"_links":{"self":[{"href":"https:\/\/sibi.ufal.br\/portal\/index.php?rest_route=\/wp\/v2\/pages\/560"}],"collection":[{"href":"https:\/\/sibi.ufal.br\/portal\/index.php?rest_route=\/wp\/v2\/pages"}],"about":[{"href":"https:\/\/sibi.ufal.br\/portal\/index.php?rest_route=\/wp\/v2\/types\/page"}],"author":[{"embeddable":true,"href":"https:\/\/sibi.ufal.br\/portal\/index.php?rest_route=\/wp\/v2\/users\/1"}],"replies":[{"embeddable":true,"href":"https:\/\/sibi.ufal.br\/portal\/index.php?rest_route=%2Fwp%2Fv2%2Fcomments&post=560"}],"version-history":[{"count":13,"href":"https:\/\/sibi.ufal.br\/portal\/index.php?rest_route=\/wp\/v2\/pages\/560\/revisions"}],"predecessor-version":[{"id":2381,"href":"https:\/\/sibi.ufal.br\/portal\/index.php?rest_route=\/wp\/v2\/pages\/560\/revisions\/2381"}],"up":[{"embeddable":true,"href":"https:\/\/sibi.ufal.br\/portal\/index.php?rest_route=\/wp\/v2\/pages\/554"}],"wp:attachment":[{"href":"https:\/\/sibi.ufal.br\/portal\/index.php?rest_route=%2Fwp%2Fv2%2Fmedia&parent=560"}],"curies":[{"name":"wp","href":"https:\/\/api.w.org\/{rel}","templated":true}]}}