{"id":564,"date":"2019-09-07T13:38:33","date_gmt":"2019-09-07T16:38:33","guid":{"rendered":"http:\/\/seer.ufal.br\/portalsibi\/?page_id=564"},"modified":"2019-12-10T16:11:24","modified_gmt":"2019-12-10T19:11:24","slug":"vicosa","status":"publish","type":"page","link":"https:\/\/sibi.ufal.br\/portal\/?page_id=564","title":{"rendered":"Vi\u00e7osa"},"content":{"rendered":"\t\t<div data-elementor-type=\"post\" data-elementor-id=\"564\" class=\"elementor elementor-564\" data-elementor-settings=\"[]\">\n\t\t\t<div class=\"elementor-inner\">\n\t\t\t\t<div class=\"elementor-section-wrap\">\n\t\t\t\t\t\t\t<section class=\"elementor-element elementor-element-3424dcc elementor-section-boxed elementor-section-height-default elementor-section-height-default elementor-section elementor-top-section\" data-id=\"3424dcc\" data-element_type=\"section\">\n\t\t\t\t\t\t<div class=\"elementor-container elementor-column-gap-default\">\n\t\t\t\t<div class=\"elementor-row\">\n\t\t\t\t<div class=\"elementor-element elementor-element-6ce66a0 elementor-column elementor-col-100 elementor-top-column\" data-id=\"6ce66a0\" data-element_type=\"column\">\n\t\t\t<div class=\"elementor-column-wrap  elementor-element-populated\">\n\t\t\t\t\t<div class=\"elementor-widget-wrap\">\n\t\t\t\t<div class=\"elementor-element elementor-element-175c409 elementor-invisible elementor-widget elementor-widget-heading\" data-id=\"175c409\" data-element_type=\"widget\" data-settings=\"{&quot;_animation&quot;:&quot;fadeInLeft&quot;}\" data-widget_type=\"heading.default\">\n\t\t\t\t<div class=\"elementor-widget-container\">\n\t\t\t<h2 class=\"elementor-heading-title elementor-size-default\">Biblioteca - Unidade Vi\u00e7osa<\/h2>\t\t<\/div>\n\t\t\t\t<\/div>\n\t\t\t\t\t\t<\/div>\n\t\t\t<\/div>\n\t\t<\/div>\n\t\t\t\t\t\t<\/div>\n\t\t\t<\/div>\n\t\t<\/section>\n\t\t\t\t<section class=\"elementor-element elementor-element-8536ac1 elementor-section-boxed elementor-section-height-default elementor-section-height-default elementor-section elementor-top-section\" data-id=\"8536ac1\" data-element_type=\"section\">\n\t\t\t\t\t\t<div class=\"elementor-container elementor-column-gap-default\">\n\t\t\t\t<div class=\"elementor-row\">\n\t\t\t\t<div class=\"elementor-element elementor-element-e2e0cff elementor-column elementor-col-100 elementor-top-column\" data-id=\"e2e0cff\" data-element_type=\"column\">\n\t\t\t<div class=\"elementor-column-wrap  elementor-element-populated\">\n\t\t\t\t\t<div class=\"elementor-widget-wrap\">\n\t\t\t\t<div class=\"elementor-element elementor-element-b30281a elementor-invisible elementor-widget elementor-widget-divider\" data-id=\"b30281a\" data-element_type=\"widget\" data-settings=\"{&quot;_animation&quot;:&quot;fadeInRight&quot;}\" data-widget_type=\"divider.default\">\n\t\t\t\t<div class=\"elementor-widget-container\">\n\t\t\t\t\t<div class=\"elementor-divider\">\n\t\t\t<span class=\"elementor-divider-separator\"><\/span>\n\t\t<\/div>\n\t\t\t\t<\/div>\n\t\t\t\t<\/div>\n\t\t\t\t\t\t<\/div>\n\t\t\t<\/div>\n\t\t<\/div>\n\t\t\t\t\t\t<\/div>\n\t\t\t<\/div>\n\t\t<\/section>\n\t\t\t\t<section class=\"elementor-element elementor-element-8589e78 elementor-section-boxed elementor-section-height-default elementor-section-height-default elementor-section elementor-top-section\" data-id=\"8589e78\" data-element_type=\"section\">\n\t\t\t\t\t\t<div class=\"elementor-container elementor-column-gap-default\">\n\t\t\t\t<div class=\"elementor-row\">\n\t\t\t\t<div class=\"elementor-element elementor-element-7428e60 elementor-column elementor-col-100 elementor-top-column\" data-id=\"7428e60\" data-element_type=\"column\">\n\t\t\t<div class=\"elementor-column-wrap  elementor-element-populated\">\n\t\t\t\t\t<div class=\"elementor-widget-wrap\">\n\t\t\t\t<div class=\"elementor-element elementor-element-36cb098 elementor-widget elementor-widget-image-gallery\" data-id=\"36cb098\" data-element_type=\"widget\" data-widget_type=\"image-gallery.default\">\n\t\t\t\t<div class=\"elementor-widget-container\">\n\t\t\t\t\t<div class=\"elementor-image-gallery\">\n\t\t\t<div id='gallery-1' class='gallery galleryid-564 gallery-columns-3 gallery-size-medium_large'><figure class='gallery-item'>\n\t\t\t<div class='gallery-icon landscape'>\n\t\t\t\t<a data-elementor-open-lightbox=\"default\" data-elementor-lightbox-slideshow=\"36cb098\" href='https:\/\/sibi.ufal.br\/portal\/wp-content\/uploads\/2019\/12\/veterinaria.jpg'><img width=\"540\" height=\"474\" src=\"https:\/\/sibi.ufal.br\/portal\/wp-content\/uploads\/2019\/12\/veterinaria.jpg\" class=\"attachment-medium_large size-medium_large\" alt=\"\" decoding=\"async\" loading=\"lazy\" srcset=\"https:\/\/sibi.ufal.br\/portal\/wp-content\/uploads\/2019\/12\/veterinaria.jpg 540w, https:\/\/sibi.ufal.br\/portal\/wp-content\/uploads\/2019\/12\/veterinaria-300x263.jpg 300w\" sizes=\"(max-width: 540px) 100vw, 540px\" \/><\/a>\n\t\t\t<\/div><\/figure><figure class='gallery-item'>\n\t\t\t<div class='gallery-icon landscape'>\n\t\t\t\t<a data-elementor-open-lightbox=\"default\" data-elementor-lightbox-slideshow=\"36cb098\" href='https:\/\/sibi.ufal.br\/portal\/wp-content\/uploads\/2019\/12\/images.jpg'><img width=\"640\" height=\"389\" src=\"https:\/\/sibi.ufal.br\/portal\/wp-content\/uploads\/2019\/12\/images.jpg\" class=\"attachment-medium_large size-medium_large\" alt=\"\" decoding=\"async\" loading=\"lazy\" srcset=\"https:\/\/sibi.ufal.br\/portal\/wp-content\/uploads\/2019\/12\/images.jpg 640w, https:\/\/sibi.ufal.br\/portal\/wp-content\/uploads\/2019\/12\/images-300x182.jpg 300w\" sizes=\"(max-width: 640px) 100vw, 640px\" \/><\/a>\n\t\t\t<\/div><\/figure><figure class='gallery-item'>\n\t\t\t<div class='gallery-icon landscape'>\n\t\t\t\t<a data-elementor-open-lightbox=\"default\" data-elementor-lightbox-slideshow=\"36cb098\" href='https:\/\/sibi.ufal.br\/portal\/wp-content\/uploads\/2019\/12\/images-1-3.jpg'><img width=\"500\" height=\"367\" src=\"https:\/\/sibi.ufal.br\/portal\/wp-content\/uploads\/2019\/12\/images-1-3.jpg\" class=\"attachment-medium_large size-medium_large\" alt=\"\" decoding=\"async\" loading=\"lazy\" srcset=\"https:\/\/sibi.ufal.br\/portal\/wp-content\/uploads\/2019\/12\/images-1-3.jpg 500w, https:\/\/sibi.ufal.br\/portal\/wp-content\/uploads\/2019\/12\/images-1-3-300x220.jpg 300w\" sizes=\"(max-width: 500px) 100vw, 500px\" \/><\/a>\n\t\t\t<\/div><\/figure>\n\t\t<\/div>\n\t\t<\/div>\n\t\t\t\t<\/div>\n\t\t\t\t<\/div>\n\t\t\t\t<div class=\"elementor-element elementor-element-e81fcb5 elementor-widget elementor-widget-text-editor\" data-id=\"e81fcb5\" data-element_type=\"widget\" data-widget_type=\"text-editor.default\">\n\t\t\t\t<div class=\"elementor-widget-container\">\n\t\t\t\t\t<div class=\"elementor-text-editor elementor-clearfix\"><p><span style=\"font-weight: 400;\">A Biblioteca da Unidade Vi\u00e7osa, ligada ao Campus CECA, iniciou suas atividades no ano de 2007, tendo como objetivo a <\/span><span style=\"font-weight: 400;\">conserva\u00e7\u00e3o e a preserva\u00e7\u00e3o de acervos impressos e digitais especializados, a <\/span><span style=\"font-weight: 400;\">intera\u00e7\u00e3o com sua comunidade acad\u00eamica no intuito de facilitar o acesso \u00e0 informa\u00e7\u00e3o e colaborar para a constru\u00e7\u00e3o de novos conhecimentos.\u00a0<\/span><\/p><p><span style=\"font-weight: 400;\">Com um acervo constitu\u00eddo de livros, peri\u00f3dicos, TCCs, disserta\u00e7\u00f5es, teses, entre outros materiais, j\u00e1 catalogado no sistema Pergamum, um gerenciador dos servi\u00e7os t\u00e9cnicos bibliot\u00e9carios, busca oferecer suporte informacional aos cursos de Gradua\u00e7\u00e3o em Medicina Veterin\u00e1ria e de P\u00f3s-Gradua\u00e7\u00e3o.<\/span><\/p><p>\u00a0<\/p><p><b>Hor\u00e1rio de funcionamento: <\/b><span style=\"font-weight: 400;\">de segunda a sexta, das <\/span><b>08h \u00e0s 17h.<\/b><\/p><p><b>Endere\u00e7o: <\/b><span style=\"font-weight: 400;\">Fazenda S\u00e3o Luiz, s\/n. Vi\u00e7osa &#8211; AL.\u00a0\u00a0<\/span><\/p><p>\u00a0<\/p><p><b>Lista de Servi\u00e7os:\u00a0<\/b><\/p><p>&#8211; Cataloga\u00e7\u00e3o na Fonte<\/p><p><span style=\"font-weight: 400;\">&#8211; Consulta ao Cat\u00e1logo<\/span><\/p><p><span style=\"font-weight: 400;\">&#8211; Empr\u00e9stimo Domiciliar<\/span><\/p><p>\u00a0<\/p><p><b>Bibliotec\u00e1rio respons\u00e1vel: <\/b><span style=\"font-weight: 400;\">St\u00e9fano dos Santos<\/span><\/p><p><b>Telefones:<\/b><span style=\"font-weight: 400;\"> (82) 3214-1933<\/span><\/p><p><b>E-mail:<\/b><span style=\"font-weight: 400;\"> bibliotecapolovicosa@gmail.com<\/span><\/p><\/div>\n\t\t\t\t<\/div>\n\t\t\t\t<\/div>\n\t\t\t\t\t\t<\/div>\n\t\t\t<\/div>\n\t\t<\/div>\n\t\t\t\t\t\t<\/div>\n\t\t\t<\/div>\n\t\t<\/section>\n\t\t\t\t\t\t<\/div>\n\t\t\t<\/div>\n\t\t<\/div>\n\t\t","protected":false},"excerpt":{"rendered":"<p>Biblioteca &#8211; Unidade Vi\u00e7osa A Biblioteca da Unidade Vi\u00e7osa, ligada ao Campus CECA, iniciou suas atividades no ano de 2007, tendo como objetivo a conserva\u00e7\u00e3o e a preserva\u00e7\u00e3o de acervos impressos e digitais especializados, a intera\u00e7\u00e3o com sua comunidade acad\u00eamica no intuito de facilitar o acesso \u00e0 informa\u00e7\u00e3o e colaborar para a constru\u00e7\u00e3o de novos [&hellip;]<\/p>\n","protected":false},"author":1,"featured_media":0,"parent":554,"menu_order":0,"comment_status":"closed","ping_status":"closed","template":"","meta":[],"_links":{"self":[{"href":"https:\/\/sibi.ufal.br\/portal\/index.php?rest_route=\/wp\/v2\/pages\/564"}],"collection":[{"href":"https:\/\/sibi.ufal.br\/portal\/index.php?rest_route=\/wp\/v2\/pages"}],"about":[{"href":"https:\/\/sibi.ufal.br\/portal\/index.php?rest_route=\/wp\/v2\/types\/page"}],"author":[{"embeddable":true,"href":"https:\/\/sibi.ufal.br\/portal\/index.php?rest_route=\/wp\/v2\/users\/1"}],"replies":[{"embeddable":true,"href":"https:\/\/sibi.ufal.br\/portal\/index.php?rest_route=%2Fwp%2Fv2%2Fcomments&post=564"}],"version-history":[{"count":6,"href":"https:\/\/sibi.ufal.br\/portal\/index.php?rest_route=\/wp\/v2\/pages\/564\/revisions"}],"predecessor-version":[{"id":2490,"href":"https:\/\/sibi.ufal.br\/portal\/index.php?rest_route=\/wp\/v2\/pages\/564\/revisions\/2490"}],"up":[{"embeddable":true,"href":"https:\/\/sibi.ufal.br\/portal\/index.php?rest_route=\/wp\/v2\/pages\/554"}],"wp:attachment":[{"href":"https:\/\/sibi.ufal.br\/portal\/index.php?rest_route=%2Fwp%2Fv2%2Fmedia&parent=564"}],"curies":[{"name":"wp","href":"https:\/\/api.w.org\/{rel}","templated":true}]}}