{"id":566,"date":"2019-09-07T13:43:25","date_gmt":"2019-09-07T16:43:25","guid":{"rendered":"http:\/\/seer.ufal.br\/portalsibi\/?page_id=566"},"modified":"2019-09-27T08:54:08","modified_gmt":"2019-09-27T11:54:08","slug":"campus-delmiro-gouveia","status":"publish","type":"page","link":"https:\/\/sibi.ufal.br\/portal\/?page_id=566","title":{"rendered":"CAMPUS DELMIRO GOUVEIA"},"content":{"rendered":"\t\t<div data-elementor-type=\"post\" data-elementor-id=\"566\" class=\"elementor elementor-566\" data-elementor-settings=\"[]\">\n\t\t\t<div class=\"elementor-inner\">\n\t\t\t\t<div class=\"elementor-section-wrap\">\n\t\t\t\t\t\t\t<section class=\"elementor-element elementor-element-10f8fa5 elementor-section-boxed elementor-section-height-default elementor-section-height-default elementor-section elementor-top-section\" data-id=\"10f8fa5\" data-element_type=\"section\">\n\t\t\t\t\t\t<div class=\"elementor-container elementor-column-gap-default\">\n\t\t\t\t<div class=\"elementor-row\">\n\t\t\t\t<div class=\"elementor-element elementor-element-8a53160 elementor-column elementor-col-100 elementor-top-column\" data-id=\"8a53160\" data-element_type=\"column\">\n\t\t\t<div class=\"elementor-column-wrap  elementor-element-populated\">\n\t\t\t\t\t<div class=\"elementor-widget-wrap\">\n\t\t\t\t<div class=\"elementor-element elementor-element-e3b04af elementor-invisible elementor-widget elementor-widget-heading\" data-id=\"e3b04af\" data-element_type=\"widget\" data-settings=\"{&quot;_animation&quot;:&quot;fadeInLeft&quot;}\" data-widget_type=\"heading.default\">\n\t\t\t\t<div class=\"elementor-widget-container\">\n\t\t\t<h2 class=\"elementor-heading-title elementor-size-default\">Campus Delmiro Gouveia<\/h2>\t\t<\/div>\n\t\t\t\t<\/div>\n\t\t\t\t\t\t<\/div>\n\t\t\t<\/div>\n\t\t<\/div>\n\t\t\t\t\t\t<\/div>\n\t\t\t<\/div>\n\t\t<\/section>\n\t\t\t\t<section class=\"elementor-element elementor-element-8111745 elementor-section-boxed elementor-section-height-default elementor-section-height-default elementor-section elementor-top-section\" data-id=\"8111745\" data-element_type=\"section\">\n\t\t\t\t\t\t<div class=\"elementor-container elementor-column-gap-default\">\n\t\t\t\t<div class=\"elementor-row\">\n\t\t\t\t<div class=\"elementor-element elementor-element-4c34090 elementor-column elementor-col-100 elementor-top-column\" data-id=\"4c34090\" data-element_type=\"column\">\n\t\t\t<div class=\"elementor-column-wrap  elementor-element-populated\">\n\t\t\t\t\t<div class=\"elementor-widget-wrap\">\n\t\t\t\t<div class=\"elementor-element elementor-element-2ab41fc elementor-invisible elementor-widget elementor-widget-divider\" data-id=\"2ab41fc\" data-element_type=\"widget\" data-settings=\"{&quot;_animation&quot;:&quot;fadeInRight&quot;}\" data-widget_type=\"divider.default\">\n\t\t\t\t<div class=\"elementor-widget-container\">\n\t\t\t\t\t<div class=\"elementor-divider\">\n\t\t\t<span class=\"elementor-divider-separator\"><\/span>\n\t\t<\/div>\n\t\t\t\t<\/div>\n\t\t\t\t<\/div>\n\t\t\t\t\t\t<\/div>\n\t\t\t<\/div>\n\t\t<\/div>\n\t\t\t\t\t\t<\/div>\n\t\t\t<\/div>\n\t\t<\/section>\n\t\t\t\t<section class=\"elementor-element elementor-element-02eeed3 elementor-section-boxed elementor-section-height-default elementor-section-height-default elementor-section elementor-top-section\" data-id=\"02eeed3\" data-element_type=\"section\">\n\t\t\t\t\t\t<div class=\"elementor-container elementor-column-gap-default\">\n\t\t\t\t<div class=\"elementor-row\">\n\t\t\t\t<div class=\"elementor-element elementor-element-3e88a57 elementor-column elementor-col-50 elementor-top-column\" data-id=\"3e88a57\" data-element_type=\"column\">\n\t\t\t<div class=\"elementor-column-wrap  elementor-element-populated\">\n\t\t\t\t\t<div class=\"elementor-widget-wrap\">\n\t\t\t\t<div class=\"elementor-element elementor-element-6ae1aaa elementor-position-left elementor-vertical-align-top elementor-widget elementor-widget-image-box\" data-id=\"6ae1aaa\" data-element_type=\"widget\" data-widget_type=\"image-box.default\">\n\t\t\t\t<div class=\"elementor-widget-container\">\n\t\t\t<div class=\"elementor-image-box-wrapper\"><figure class=\"elementor-image-box-img\"><a href=\"http:\/\/seer.ufal.br\/portalsibi\/?page_id=568\"><img width=\"2577\" height=\"1933\" src=\"https:\/\/sibi.ufal.br\/portal\/wp-content\/uploads\/2019\/09\/B3.png\" class=\"elementor-animation-grow attachment-full size-full\" alt=\"\" decoding=\"async\" loading=\"lazy\" srcset=\"https:\/\/sibi.ufal.br\/portal\/wp-content\/uploads\/2019\/09\/B3.png 2577w, https:\/\/sibi.ufal.br\/portal\/wp-content\/uploads\/2019\/09\/B3-300x225.png 300w, https:\/\/sibi.ufal.br\/portal\/wp-content\/uploads\/2019\/09\/B3-768x576.png 768w, https:\/\/sibi.ufal.br\/portal\/wp-content\/uploads\/2019\/09\/B3-1024x768.png 1024w\" sizes=\"(max-width: 2577px) 100vw, 2577px\" \/><\/a><\/figure><div class=\"elementor-image-box-content\"><h3 class=\"elementor-image-box-title\"><a href=\"http:\/\/seer.ufal.br\/portalsibi\/?page_id=568\">Unidade Delmiro Gouveia<\/a><\/h3><p class=\"elementor-image-box-description\">Clique no bot\u00e3o de edi\u00e7\u00e3o para alterar esse texto. Lorem ipsum dolor sit amet, consectetur adipiscing elit. Ut elit tellus, luctus nec ullamcorper mattis, pulvinar dapibus leo.<\/p><\/div><\/div>\t\t<\/div>\n\t\t\t\t<\/div>\n\t\t\t\t\t\t<\/div>\n\t\t\t<\/div>\n\t\t<\/div>\n\t\t\t\t<div class=\"elementor-element elementor-element-c4e9532 elementor-column elementor-col-50 elementor-top-column\" data-id=\"c4e9532\" data-element_type=\"column\">\n\t\t\t<div class=\"elementor-column-wrap  elementor-element-populated\">\n\t\t\t\t\t<div class=\"elementor-widget-wrap\">\n\t\t\t\t<div class=\"elementor-element elementor-element-ef8b608 elementor-position-left elementor-vertical-align-top elementor-widget elementor-widget-image-box\" data-id=\"ef8b608\" data-element_type=\"widget\" data-widget_type=\"image-box.default\">\n\t\t\t\t<div class=\"elementor-widget-container\">\n\t\t\t<div class=\"elementor-image-box-wrapper\"><figure class=\"elementor-image-box-img\"><a href=\"http:\/\/seer.ufal.br\/portalsibi\/?page_id=570\"><img width=\"2577\" height=\"1933\" src=\"https:\/\/sibi.ufal.br\/portal\/wp-content\/uploads\/2019\/09\/B3-1.png\" class=\"elementor-animation-grow attachment-full size-full\" alt=\"\" decoding=\"async\" loading=\"lazy\" srcset=\"https:\/\/sibi.ufal.br\/portal\/wp-content\/uploads\/2019\/09\/B3-1.png 2577w, https:\/\/sibi.ufal.br\/portal\/wp-content\/uploads\/2019\/09\/B3-1-300x225.png 300w, https:\/\/sibi.ufal.br\/portal\/wp-content\/uploads\/2019\/09\/B3-1-768x576.png 768w, https:\/\/sibi.ufal.br\/portal\/wp-content\/uploads\/2019\/09\/B3-1-1024x768.png 1024w\" sizes=\"(max-width: 2577px) 100vw, 2577px\" \/><\/a><\/figure><div class=\"elementor-image-box-content\"><h3 class=\"elementor-image-box-title\"><a href=\"http:\/\/seer.ufal.br\/portalsibi\/?page_id=570\">Unidade Santana do Ipanema<\/a><\/h3><p class=\"elementor-image-box-description\">Clique no bot\u00e3o de edi\u00e7\u00e3o para alterar esse texto. Lorem ipsum dolor sit amet, consectetur adipiscing elit. Ut elit tellus, luctus nec ullamcorper mattis, pulvinar dapibus leo.<\/p><\/div><\/div>\t\t<\/div>\n\t\t\t\t<\/div>\n\t\t\t\t\t\t<\/div>\n\t\t\t<\/div>\n\t\t<\/div>\n\t\t\t\t\t\t<\/div>\n\t\t\t<\/div>\n\t\t<\/section>\n\t\t\t\t\t\t<\/div>\n\t\t\t<\/div>\n\t\t<\/div>\n\t\t","protected":false},"excerpt":{"rendered":"<p>Campus Delmiro Gouveia Unidade Delmiro Gouveia Clique no bot\u00e3o de edi\u00e7\u00e3o para alterar esse texto. Lorem ipsum dolor sit amet, consectetur adipiscing elit. Ut elit tellus, luctus nec ullamcorper mattis, pulvinar dapibus leo. Unidade Santana do Ipanema Clique no bot\u00e3o de edi\u00e7\u00e3o para alterar esse texto. Lorem ipsum dolor sit amet, consectetur adipiscing elit. Ut [&hellip;]<\/p>\n","protected":false},"author":1,"featured_media":0,"parent":0,"menu_order":0,"comment_status":"closed","ping_status":"closed","template":"","meta":[],"_links":{"self":[{"href":"https:\/\/sibi.ufal.br\/portal\/index.php?rest_route=\/wp\/v2\/pages\/566"}],"collection":[{"href":"https:\/\/sibi.ufal.br\/portal\/index.php?rest_route=\/wp\/v2\/pages"}],"about":[{"href":"https:\/\/sibi.ufal.br\/portal\/index.php?rest_route=\/wp\/v2\/types\/page"}],"author":[{"embeddable":true,"href":"https:\/\/sibi.ufal.br\/portal\/index.php?rest_route=\/wp\/v2\/users\/1"}],"replies":[{"embeddable":true,"href":"https:\/\/sibi.ufal.br\/portal\/index.php?rest_route=%2Fwp%2Fv2%2Fcomments&post=566"}],"version-history":[{"count":6,"href":"https:\/\/sibi.ufal.br\/portal\/index.php?rest_route=\/wp\/v2\/pages\/566\/revisions"}],"predecessor-version":[{"id":1084,"href":"https:\/\/sibi.ufal.br\/portal\/index.php?rest_route=\/wp\/v2\/pages\/566\/revisions\/1084"}],"wp:attachment":[{"href":"https:\/\/sibi.ufal.br\/portal\/index.php?rest_route=%2Fwp%2Fv2%2Fmedia&parent=566"}],"curies":[{"name":"wp","href":"https:\/\/api.w.org\/{rel}","templated":true}]}}