{"id":568,"date":"2019-09-07T13:45:10","date_gmt":"2019-09-07T16:45:10","guid":{"rendered":"http:\/\/seer.ufal.br\/portalsibi\/?page_id=568"},"modified":"2022-09-22T14:05:50","modified_gmt":"2022-09-22T17:05:50","slug":"delmiro","status":"publish","type":"page","link":"https:\/\/sibi.ufal.br\/portal\/?page_id=568","title":{"rendered":"Delmiro"},"content":{"rendered":"\t\t<div data-elementor-type=\"post\" data-elementor-id=\"568\" class=\"elementor elementor-568\" data-elementor-settings=\"[]\">\n\t\t\t<div class=\"elementor-inner\">\n\t\t\t\t<div class=\"elementor-section-wrap\">\n\t\t\t\t\t\t\t<section class=\"elementor-element elementor-element-dfc3f94 elementor-section-boxed elementor-section-height-default elementor-section-height-default elementor-section elementor-top-section\" data-id=\"dfc3f94\" data-element_type=\"section\">\n\t\t\t\t\t\t<div class=\"elementor-container elementor-column-gap-default\">\n\t\t\t\t<div class=\"elementor-row\">\n\t\t\t\t<div class=\"elementor-element elementor-element-3a87aa2 elementor-column elementor-col-100 elementor-top-column\" data-id=\"3a87aa2\" data-element_type=\"column\">\n\t\t\t<div class=\"elementor-column-wrap  elementor-element-populated\">\n\t\t\t\t\t<div class=\"elementor-widget-wrap\">\n\t\t\t\t<div class=\"elementor-element elementor-element-7a97c33 elementor-invisible elementor-widget elementor-widget-heading\" data-id=\"7a97c33\" data-element_type=\"widget\" data-settings=\"{&quot;_animation&quot;:&quot;fadeInLeft&quot;}\" data-widget_type=\"heading.default\">\n\t\t\t\t<div class=\"elementor-widget-container\">\n\t\t\t<h2 class=\"elementor-heading-title elementor-size-default\">Biblioteca Campus Delmiro Gouveia - BCDG<\/h2>\t\t<\/div>\n\t\t\t\t<\/div>\n\t\t\t\t\t\t<\/div>\n\t\t\t<\/div>\n\t\t<\/div>\n\t\t\t\t\t\t<\/div>\n\t\t\t<\/div>\n\t\t<\/section>\n\t\t\t\t<section class=\"elementor-element elementor-element-3bbc0cb elementor-section-boxed elementor-section-height-default elementor-section-height-default elementor-section elementor-top-section\" data-id=\"3bbc0cb\" data-element_type=\"section\">\n\t\t\t\t\t\t<div class=\"elementor-container elementor-column-gap-default\">\n\t\t\t\t<div class=\"elementor-row\">\n\t\t\t\t<div class=\"elementor-element elementor-element-294d961 elementor-column elementor-col-100 elementor-top-column\" data-id=\"294d961\" data-element_type=\"column\">\n\t\t\t<div class=\"elementor-column-wrap  elementor-element-populated\">\n\t\t\t\t\t<div class=\"elementor-widget-wrap\">\n\t\t\t\t<div class=\"elementor-element elementor-element-e3a3e1e elementor-invisible elementor-widget elementor-widget-divider\" data-id=\"e3a3e1e\" data-element_type=\"widget\" data-settings=\"{&quot;_animation&quot;:&quot;fadeInRight&quot;}\" data-widget_type=\"divider.default\">\n\t\t\t\t<div class=\"elementor-widget-container\">\n\t\t\t\t\t<div class=\"elementor-divider\">\n\t\t\t<span class=\"elementor-divider-separator\"><\/span>\n\t\t<\/div>\n\t\t\t\t<\/div>\n\t\t\t\t<\/div>\n\t\t\t\t\t\t<\/div>\n\t\t\t<\/div>\n\t\t<\/div>\n\t\t\t\t\t\t<\/div>\n\t\t\t<\/div>\n\t\t<\/section>\n\t\t\t\t<section class=\"elementor-element elementor-element-fad28ef elementor-section-boxed elementor-section-height-default elementor-section-height-default elementor-section elementor-top-section\" data-id=\"fad28ef\" data-element_type=\"section\">\n\t\t\t\t\t\t<div class=\"elementor-container elementor-column-gap-default\">\n\t\t\t\t<div class=\"elementor-row\">\n\t\t\t\t<div class=\"elementor-element elementor-element-0e5d392 elementor-column elementor-col-100 elementor-top-column\" data-id=\"0e5d392\" data-element_type=\"column\">\n\t\t\t<div class=\"elementor-column-wrap  elementor-element-populated\">\n\t\t\t\t\t<div class=\"elementor-widget-wrap\">\n\t\t\t\t<div class=\"elementor-element elementor-element-76a0990 elementor-widget elementor-widget-image-gallery\" data-id=\"76a0990\" data-element_type=\"widget\" data-widget_type=\"image-gallery.default\">\n\t\t\t\t<div class=\"elementor-widget-container\">\n\t\t\t\t\t<div class=\"elementor-image-gallery\">\n\t\t\t<div id='gallery-1' class='gallery galleryid-568 gallery-columns-3 gallery-size-medium_large'><figure class='gallery-item'>\n\t\t\t<div class='gallery-icon landscape'>\n\t\t\t\t<a data-elementor-open-lightbox=\"default\" data-elementor-lightbox-slideshow=\"76a0990\" href='https:\/\/sibi.ufal.br\/portal\/wp-content\/uploads\/2019\/12\/Bibliotecas1-012.jpg'><img width=\"768\" height=\"576\" src=\"https:\/\/sibi.ufal.br\/portal\/wp-content\/uploads\/2019\/12\/Bibliotecas1-012-768x576.jpg\" class=\"attachment-medium_large size-medium_large\" alt=\"\" decoding=\"async\" loading=\"lazy\" srcset=\"https:\/\/sibi.ufal.br\/portal\/wp-content\/uploads\/2019\/12\/Bibliotecas1-012-768x576.jpg 768w, https:\/\/sibi.ufal.br\/portal\/wp-content\/uploads\/2019\/12\/Bibliotecas1-012-300x225.jpg 300w, https:\/\/sibi.ufal.br\/portal\/wp-content\/uploads\/2019\/12\/Bibliotecas1-012-1024x768.jpg 1024w, https:\/\/sibi.ufal.br\/portal\/wp-content\/uploads\/2019\/12\/Bibliotecas1-012.jpg 1056w\" sizes=\"(max-width: 768px) 100vw, 768px\" \/><\/a>\n\t\t\t<\/div><\/figure><figure class='gallery-item'>\n\t\t\t<div class='gallery-icon landscape'>\n\t\t\t\t<a data-elementor-open-lightbox=\"default\" data-elementor-lightbox-slideshow=\"76a0990\" href='https:\/\/sibi.ufal.br\/portal\/wp-content\/uploads\/2019\/12\/Bibliotecas1-016.jpg'><img width=\"768\" height=\"576\" src=\"https:\/\/sibi.ufal.br\/portal\/wp-content\/uploads\/2019\/12\/Bibliotecas1-016-768x576.jpg\" class=\"attachment-medium_large size-medium_large\" alt=\"\" decoding=\"async\" loading=\"lazy\" srcset=\"https:\/\/sibi.ufal.br\/portal\/wp-content\/uploads\/2019\/12\/Bibliotecas1-016-768x576.jpg 768w, https:\/\/sibi.ufal.br\/portal\/wp-content\/uploads\/2019\/12\/Bibliotecas1-016-300x225.jpg 300w, https:\/\/sibi.ufal.br\/portal\/wp-content\/uploads\/2019\/12\/Bibliotecas1-016.jpg 1020w\" sizes=\"(max-width: 768px) 100vw, 768px\" \/><\/a>\n\t\t\t<\/div><\/figure><figure class='gallery-item'>\n\t\t\t<div class='gallery-icon landscape'>\n\t\t\t\t<a data-elementor-open-lightbox=\"default\" data-elementor-lightbox-slideshow=\"76a0990\" href='https:\/\/sibi.ufal.br\/portal\/wp-content\/uploads\/2019\/12\/Bibliotecas1-021.jpg'><img width=\"768\" height=\"576\" src=\"https:\/\/sibi.ufal.br\/portal\/wp-content\/uploads\/2019\/12\/Bibliotecas1-021-768x576.jpg\" class=\"attachment-medium_large size-medium_large\" alt=\"\" decoding=\"async\" loading=\"lazy\" srcset=\"https:\/\/sibi.ufal.br\/portal\/wp-content\/uploads\/2019\/12\/Bibliotecas1-021-768x576.jpg 768w, https:\/\/sibi.ufal.br\/portal\/wp-content\/uploads\/2019\/12\/Bibliotecas1-021-300x225.jpg 300w, https:\/\/sibi.ufal.br\/portal\/wp-content\/uploads\/2019\/12\/Bibliotecas1-021.jpg 1021w\" sizes=\"(max-width: 768px) 100vw, 768px\" \/><\/a>\n\t\t\t<\/div><\/figure>\n\t\t<\/div>\n\t\t<\/div>\n\t\t\t\t<\/div>\n\t\t\t\t<\/div>\n\t\t\t\t<div class=\"elementor-element elementor-element-aa53dda elementor-widget elementor-widget-text-editor\" data-id=\"aa53dda\" data-element_type=\"widget\" data-widget_type=\"text-editor.default\">\n\t\t\t\t<div class=\"elementor-widget-container\">\n\t\t\t\t\t<div class=\"elementor-text-editor elementor-clearfix\"><p><span style=\"font-weight: 400;\">Em 2010, a Biblioteca do Campus Delmiro Gouveia (BCDG), localizada no Campus Sert\u00e3o,\u00a0 iniciou suas atividades, data em que tamb\u00e9m foi implantado o Campus. Sua cria\u00e7\u00e3o tem por objetivo a conserva\u00e7\u00e3o e a preserva\u00e7\u00e3o de <\/span><span style=\"font-weight: 400;\">acervos impressos e digitais especializados, a <\/span><span style=\"font-weight: 400;\">intera\u00e7\u00e3o com sua comunidade acad\u00eamica no intuito de facilitar o acesso \u00e0 informa\u00e7\u00e3o e colaborar para a constru\u00e7\u00e3o de novos conhecimentos.\u00a0<\/span><\/p><p><span style=\"font-weight: 400;\">Possui um amplo e aconchegante espa\u00e7o para estudos, e um acervo\u00a0<\/span>constitu\u00eddo de livros, peri\u00f3dicos, TCCs, dentre outros materiais, j\u00e1 catalogados no sistema Pergamum, um gerenciador de servi\u00e7os t\u00e9cnicos bibliot\u00e9carios. Assim, busca atender \u00e0s demandas informacionais dos cursos de Gradua\u00e7\u00e3o em Engenharia Civil, Engenharia da Produ\u00e7\u00e3o, Letras, Pedagogia, Hist\u00f3ria e Geografia.<\/p><p><b>Hor\u00e1rio de funcionamento: <\/b><span style=\"font-weight: 400;\">de segunda a sexta, das <\/span><b>07h30 \u00e0s 21h30.<\/b><\/p><p><b>Endere\u00e7o: <\/b><span style=\"font-weight: 400;\">\u00a0Rodovia AL 145, km 03, n\u00ba 3.849, Cidade Universit\u00e1ria. Delmiro Gouveia &#8211; AL.<\/span><\/p><p><b>Lista de Servi\u00e7os:\u00a0<\/b><\/p><p>&#8211; Cataloga\u00e7\u00e3o na Fonte<\/p><p><span style=\"font-weight: 400;\">&#8211; Consulta ao Cat\u00e1logo<\/span><\/p><p><span style=\"font-weight: 400;\">&#8211; Empr\u00e9stimo Domiciliar<\/span><\/p><p><b>Bibliotec\u00e1ria respons\u00e1vel: <\/b><span style=\"font-weight: 400;\">Renata Oliveira de Souza.<\/span><\/p><p><b>E-mail: <\/b>biblioteca.delmiro@sibi.ufal.br<\/p><p><b>Telefones: <\/b><span style=\"font-weight: 400;\">(82) 3214-1920<\/span><\/p><p><b>Instagram: <\/b><span style=\"font-weight: 400;\">@bibliotecaufal_delmirogouveia<\/span><\/p><\/div>\n\t\t\t\t<\/div>\n\t\t\t\t<\/div>\n\t\t\t\t\t\t<\/div>\n\t\t\t<\/div>\n\t\t<\/div>\n\t\t\t\t\t\t<\/div>\n\t\t\t<\/div>\n\t\t<\/section>\n\t\t\t\t\t\t<\/div>\n\t\t\t<\/div>\n\t\t<\/div>\n\t\t","protected":false},"excerpt":{"rendered":"<p>Biblioteca Campus Delmiro Gouveia &#8211; BCDG Em 2010, a Biblioteca do Campus Delmiro Gouveia (BCDG), localizada no Campus Sert\u00e3o,\u00a0 iniciou suas atividades, data em que tamb\u00e9m foi implantado o Campus. Sua cria\u00e7\u00e3o tem por objetivo a conserva\u00e7\u00e3o e a preserva\u00e7\u00e3o de acervos impressos e digitais especializados, a intera\u00e7\u00e3o com sua comunidade acad\u00eamica no intuito de [&hellip;]<\/p>\n","protected":false},"author":1,"featured_media":0,"parent":554,"menu_order":0,"comment_status":"closed","ping_status":"closed","template":"","meta":[],"_links":{"self":[{"href":"https:\/\/sibi.ufal.br\/portal\/index.php?rest_route=\/wp\/v2\/pages\/568"}],"collection":[{"href":"https:\/\/sibi.ufal.br\/portal\/index.php?rest_route=\/wp\/v2\/pages"}],"about":[{"href":"https:\/\/sibi.ufal.br\/portal\/index.php?rest_route=\/wp\/v2\/types\/page"}],"author":[{"embeddable":true,"href":"https:\/\/sibi.ufal.br\/portal\/index.php?rest_route=\/wp\/v2\/users\/1"}],"replies":[{"embeddable":true,"href":"https:\/\/sibi.ufal.br\/portal\/index.php?rest_route=%2Fwp%2Fv2%2Fcomments&post=568"}],"version-history":[{"count":9,"href":"https:\/\/sibi.ufal.br\/portal\/index.php?rest_route=\/wp\/v2\/pages\/568\/revisions"}],"predecessor-version":[{"id":3257,"href":"https:\/\/sibi.ufal.br\/portal\/index.php?rest_route=\/wp\/v2\/pages\/568\/revisions\/3257"}],"up":[{"embeddable":true,"href":"https:\/\/sibi.ufal.br\/portal\/index.php?rest_route=\/wp\/v2\/pages\/554"}],"wp:attachment":[{"href":"https:\/\/sibi.ufal.br\/portal\/index.php?rest_route=%2Fwp%2Fv2%2Fmedia&parent=568"}],"curies":[{"name":"wp","href":"https:\/\/api.w.org\/{rel}","templated":true}]}}