{"id":583,"date":"2019-09-07T13:54:12","date_gmt":"2019-09-07T16:54:12","guid":{"rendered":"http:\/\/seer.ufal.br\/portalsibi\/?page_id=583"},"modified":"2020-01-24T19:07:32","modified_gmt":"2020-01-24T22:07:32","slug":"reserva-de-livros","status":"publish","type":"page","link":"https:\/\/sibi.ufal.br\/portal\/?page_id=583","title":{"rendered":"Reserva de livros"},"content":{"rendered":"\t\t<div data-elementor-type=\"post\" data-elementor-id=\"583\" class=\"elementor elementor-583\" data-elementor-settings=\"[]\">\n\t\t\t<div class=\"elementor-inner\">\n\t\t\t\t<div class=\"elementor-section-wrap\">\n\t\t\t\t\t\t\t<section class=\"elementor-element elementor-element-05c28e1 elementor-section-boxed elementor-section-height-default elementor-section-height-default elementor-section elementor-top-section\" data-id=\"05c28e1\" data-element_type=\"section\">\n\t\t\t\t\t\t<div class=\"elementor-container elementor-column-gap-default\">\n\t\t\t\t<div class=\"elementor-row\">\n\t\t\t\t<div class=\"elementor-element elementor-element-9f58e45 elementor-column elementor-col-100 elementor-top-column\" data-id=\"9f58e45\" data-element_type=\"column\">\n\t\t\t<div class=\"elementor-column-wrap  elementor-element-populated\">\n\t\t\t\t\t<div class=\"elementor-widget-wrap\">\n\t\t\t\t<div class=\"elementor-element elementor-element-b242365 elementor-invisible elementor-widget elementor-widget-heading\" data-id=\"b242365\" data-element_type=\"widget\" data-settings=\"{&quot;_animation&quot;:&quot;fadeInLeft&quot;}\" data-widget_type=\"heading.default\">\n\t\t\t\t<div class=\"elementor-widget-container\">\n\t\t\t<h2 class=\"elementor-heading-title elementor-size-default\">Reserva de Livros<\/h2>\t\t<\/div>\n\t\t\t\t<\/div>\n\t\t\t\t<div class=\"elementor-element elementor-element-836a013 elementor-button-info elementor-align-right elementor-absolute elementor-widget elementor-widget-button\" data-id=\"836a013\" data-element_type=\"widget\" data-settings=\"{&quot;_position&quot;:&quot;absolute&quot;}\" data-widget_type=\"button.default\">\n\t\t\t\t<div class=\"elementor-widget-container\">\n\t\t\t\t\t<div class=\"elementor-button-wrapper\">\n\t\t\t<a href=\"http:\/\/pergamum.ufal.br\/pergamum\/biblioteca\/\" class=\"elementor-button-link elementor-button elementor-size-sm\" role=\"button\">\n\t\t\t\t\t\t<span class=\"elementor-button-content-wrapper\">\n\t\t\t\t\t\t<span class=\"elementor-button-text\">Reserve Aqui<\/span>\n\t\t<\/span>\n\t\t\t\t\t<\/a>\n\t\t<\/div>\n\t\t\t\t<\/div>\n\t\t\t\t<\/div>\n\t\t\t\t\t\t<\/div>\n\t\t\t<\/div>\n\t\t<\/div>\n\t\t\t\t\t\t<\/div>\n\t\t\t<\/div>\n\t\t<\/section>\n\t\t\t\t<section class=\"elementor-element elementor-element-22fe2fe elementor-section-boxed elementor-section-height-default elementor-section-height-default elementor-section elementor-top-section\" data-id=\"22fe2fe\" data-element_type=\"section\">\n\t\t\t\t\t\t<div class=\"elementor-container elementor-column-gap-default\">\n\t\t\t\t<div class=\"elementor-row\">\n\t\t\t\t<div class=\"elementor-element elementor-element-dc56de2 elementor-column elementor-col-100 elementor-top-column\" data-id=\"dc56de2\" data-element_type=\"column\">\n\t\t\t<div class=\"elementor-column-wrap  elementor-element-populated\">\n\t\t\t\t\t<div class=\"elementor-widget-wrap\">\n\t\t\t\t<div class=\"elementor-element elementor-element-4b8e456 elementor-invisible elementor-widget elementor-widget-divider\" data-id=\"4b8e456\" data-element_type=\"widget\" data-settings=\"{&quot;_animation&quot;:&quot;fadeInRight&quot;}\" data-widget_type=\"divider.default\">\n\t\t\t\t<div class=\"elementor-widget-container\">\n\t\t\t\t\t<div class=\"elementor-divider\">\n\t\t\t<span class=\"elementor-divider-separator\"><\/span>\n\t\t<\/div>\n\t\t\t\t<\/div>\n\t\t\t\t<\/div>\n\t\t\t\t\t\t<\/div>\n\t\t\t<\/div>\n\t\t<\/div>\n\t\t\t\t\t\t<\/div>\n\t\t\t<\/div>\n\t\t<\/section>\n\t\t\t\t<section class=\"elementor-element elementor-element-31eaec8 elementor-section-boxed elementor-section-height-default elementor-section-height-default elementor-section elementor-top-section\" data-id=\"31eaec8\" data-element_type=\"section\">\n\t\t\t\t\t\t<div class=\"elementor-container elementor-column-gap-default\">\n\t\t\t\t<div class=\"elementor-row\">\n\t\t\t\t<div class=\"elementor-element elementor-element-5322eaa elementor-column elementor-col-100 elementor-top-column\" data-id=\"5322eaa\" data-element_type=\"column\">\n\t\t\t<div class=\"elementor-column-wrap  elementor-element-populated\">\n\t\t\t\t\t<div class=\"elementor-widget-wrap\">\n\t\t\t\t<section class=\"elementor-element elementor-element-1f993ef elementor-section-boxed elementor-section-height-default elementor-section-height-default elementor-section elementor-inner-section\" data-id=\"1f993ef\" data-element_type=\"section\">\n\t\t\t\t\t\t<div class=\"elementor-container elementor-column-gap-default\">\n\t\t\t\t<div class=\"elementor-row\">\n\t\t\t\t<div class=\"elementor-element elementor-element-96e841b elementor-column elementor-col-50 elementor-inner-column\" data-id=\"96e841b\" data-element_type=\"column\">\n\t\t\t<div class=\"elementor-column-wrap  elementor-element-populated\">\n\t\t\t\t\t<div class=\"elementor-widget-wrap\">\n\t\t\t\t<div class=\"elementor-element elementor-element-16e3fd3 elementor-widget elementor-widget-image\" data-id=\"16e3fd3\" data-element_type=\"widget\" data-widget_type=\"image.default\">\n\t\t\t\t<div class=\"elementor-widget-container\">\n\t\t\t\t\t<div class=\"elementor-image\">\n\t\t\t\t\t\t\t\t\t\t<img width=\"1024\" height=\"1024\" src=\"https:\/\/sibi.ufal.br\/portal\/wp-content\/uploads\/2019\/11\/RESERVA-1024x1024.jpg\" class=\"attachment-large size-large\" alt=\"\" decoding=\"async\" loading=\"lazy\" srcset=\"https:\/\/sibi.ufal.br\/portal\/wp-content\/uploads\/2019\/11\/RESERVA-1024x1024.jpg 1024w, https:\/\/sibi.ufal.br\/portal\/wp-content\/uploads\/2019\/11\/RESERVA-150x150.jpg 150w, https:\/\/sibi.ufal.br\/portal\/wp-content\/uploads\/2019\/11\/RESERVA-300x300.jpg 300w, https:\/\/sibi.ufal.br\/portal\/wp-content\/uploads\/2019\/11\/RESERVA-768x768.jpg 768w, https:\/\/sibi.ufal.br\/portal\/wp-content\/uploads\/2019\/11\/RESERVA.jpg 1500w\" sizes=\"(max-width: 1024px) 100vw, 1024px\" \/>\t\t\t\t\t\t\t\t\t\t\t<\/div>\n\t\t\t\t<\/div>\n\t\t\t\t<\/div>\n\t\t\t\t\t\t<\/div>\n\t\t\t<\/div>\n\t\t<\/div>\n\t\t\t\t<div class=\"elementor-element elementor-element-c537948 elementor-column elementor-col-50 elementor-inner-column\" data-id=\"c537948\" data-element_type=\"column\">\n\t\t\t<div class=\"elementor-column-wrap  elementor-element-populated\">\n\t\t\t\t\t<div class=\"elementor-widget-wrap\">\n\t\t\t\t<div class=\"elementor-element elementor-element-18b7c79 elementor-widget elementor-widget-text-editor\" data-id=\"18b7c79\" data-element_type=\"widget\" data-widget_type=\"text-editor.default\">\n\t\t\t\t<div class=\"elementor-widget-container\">\n\t\t\t\t\t<div class=\"elementor-text-editor elementor-clearfix\"><p><span style=\"font-weight: 400;\">&#8211; A reserva de livros que j\u00e1 estejam emprestados, poder\u00e1 ser efetuada na biblioteca ou pelo portal eletr\u00f4nico do SiBi\/Ufal, por meio do bot\u00e3o Meu Pergamum;\u00a0<\/span><\/p><p><span style=\"font-weight: 400;\">&#8211; As reservas de livros s\u00f3 poder\u00e3o ser feitas at\u00e9 03 dias de anteced\u00eancia do prazo para a devolu\u00e7\u00e3o;<\/span><\/p><p><span style=\"font-weight: 400;\">&#8211; O solicitante da reserva do livro ser\u00e1 comunicado por e-mail, assim que o referido livro for devolvido;\u00a0<\/span><\/p><p><span style=\"font-weight: 400;\">&#8211; O livro s\u00f3 poder\u00e1 permanecer reservado pelo prazo de at\u00e9 24 horas, ap\u00f3s esse prazo a reserva ser\u00e1 considerada inexistente;<\/span><\/p><p><span style=\"font-weight: 400;\">&#8211; S\u00f3 ser\u00e1 permitida uma \u00fanica reserva por usu\u00e1rio;\u00a0<\/span><\/p><p><span style=\"font-weight: 400;\">&#8211; Os livros com devolu\u00e7\u00e3o atrasada, somente poder\u00e3o ser reservados diretamente no balc\u00e3o de Empr\u00e9stimo da Biblioteca.<\/span><\/p><\/div>\n\t\t\t\t<\/div>\n\t\t\t\t<\/div>\n\t\t\t\t\t\t<\/div>\n\t\t\t<\/div>\n\t\t<\/div>\n\t\t\t\t\t\t<\/div>\n\t\t\t<\/div>\n\t\t<\/section>\n\t\t\t\t\t\t<\/div>\n\t\t\t<\/div>\n\t\t<\/div>\n\t\t\t\t\t\t<\/div>\n\t\t\t<\/div>\n\t\t<\/section>\n\t\t\t\t\t\t<\/div>\n\t\t\t<\/div>\n\t\t<\/div>\n\t\t","protected":false},"excerpt":{"rendered":"<p>Reserva de Livros Reserve Aqui &#8211; A reserva de livros que j\u00e1 estejam emprestados, poder\u00e1 ser efetuada na biblioteca ou pelo portal eletr\u00f4nico do SiBi\/Ufal, por meio do bot\u00e3o Meu Pergamum;\u00a0 &#8211; As reservas de livros s\u00f3 poder\u00e3o ser feitas at\u00e9 03 dias de anteced\u00eancia do prazo para a devolu\u00e7\u00e3o; &#8211; O solicitante da reserva [&hellip;]<\/p>\n","protected":false},"author":1,"featured_media":0,"parent":0,"menu_order":0,"comment_status":"closed","ping_status":"closed","template":"","meta":[],"_links":{"self":[{"href":"https:\/\/sibi.ufal.br\/portal\/index.php?rest_route=\/wp\/v2\/pages\/583"}],"collection":[{"href":"https:\/\/sibi.ufal.br\/portal\/index.php?rest_route=\/wp\/v2\/pages"}],"about":[{"href":"https:\/\/sibi.ufal.br\/portal\/index.php?rest_route=\/wp\/v2\/types\/page"}],"author":[{"embeddable":true,"href":"https:\/\/sibi.ufal.br\/portal\/index.php?rest_route=\/wp\/v2\/users\/1"}],"replies":[{"embeddable":true,"href":"https:\/\/sibi.ufal.br\/portal\/index.php?rest_route=%2Fwp%2Fv2%2Fcomments&post=583"}],"version-history":[{"count":8,"href":"https:\/\/sibi.ufal.br\/portal\/index.php?rest_route=\/wp\/v2\/pages\/583\/revisions"}],"predecessor-version":[{"id":2585,"href":"https:\/\/sibi.ufal.br\/portal\/index.php?rest_route=\/wp\/v2\/pages\/583\/revisions\/2585"}],"wp:attachment":[{"href":"https:\/\/sibi.ufal.br\/portal\/index.php?rest_route=%2Fwp%2Fv2%2Fmedia&parent=583"}],"curies":[{"name":"wp","href":"https:\/\/api.w.org\/{rel}","templated":true}]}}