{"id":712,"date":"2019-09-08T12:04:52","date_gmt":"2019-09-08T15:04:52","guid":{"rendered":"http:\/\/seer.ufal.br\/portalsibi\/?page_id=712"},"modified":"2023-05-23T07:08:42","modified_gmt":"2023-05-23T10:08:42","slug":"miniauditorio","status":"publish","type":"page","link":"https:\/\/sibi.ufal.br\/portal\/?page_id=712","title":{"rendered":"Miniaudit\u00f3rio"},"content":{"rendered":"\t\t<div data-elementor-type=\"post\" data-elementor-id=\"712\" class=\"elementor elementor-712\" data-elementor-settings=\"[]\">\n\t\t\t<div class=\"elementor-inner\">\n\t\t\t\t<div class=\"elementor-section-wrap\">\n\t\t\t\t\t\t\t<section class=\"elementor-element elementor-element-9f33788 elementor-section-boxed elementor-section-height-default elementor-section-height-default elementor-section elementor-top-section\" data-id=\"9f33788\" data-element_type=\"section\">\n\t\t\t\t\t\t<div class=\"elementor-container elementor-column-gap-default\">\n\t\t\t\t<div class=\"elementor-row\">\n\t\t\t\t<div class=\"elementor-element elementor-element-69db962 elementor-column elementor-col-50 elementor-top-column\" data-id=\"69db962\" data-element_type=\"column\">\n\t\t\t<div class=\"elementor-column-wrap  elementor-element-populated\">\n\t\t\t\t\t<div class=\"elementor-widget-wrap\">\n\t\t\t\t<div class=\"elementor-element elementor-element-64467b2 elementor-widget elementor-widget-heading\" data-id=\"64467b2\" data-element_type=\"widget\" data-widget_type=\"heading.default\">\n\t\t\t\t<div class=\"elementor-widget-container\">\n\t\t\t<h2 class=\"elementor-heading-title elementor-size-default\">Miniaudit\u00f3rio<\/h2>\t\t<\/div>\n\t\t\t\t<\/div>\n\t\t\t\t<div class=\"elementor-element elementor-element-9b23c12 elementor-widget elementor-widget-image-gallery\" data-id=\"9b23c12\" data-element_type=\"widget\" data-widget_type=\"image-gallery.default\">\n\t\t\t\t<div class=\"elementor-widget-container\">\n\t\t\t\t\t<div class=\"elementor-image-gallery\">\n\t\t\t<div id='gallery-1' class='gallery galleryid-712 gallery-columns-3 gallery-size-medium_large'><figure class='gallery-item'>\n\t\t\t<div class='gallery-icon landscape'>\n\t\t\t\t<a data-elementor-open-lightbox=\"default\" data-elementor-lightbox-slideshow=\"9b23c12\" href='https:\/\/sibi.ufal.br\/portal\/wp-content\/uploads\/2019\/12\/L4A0072.jpg'><img width=\"768\" height=\"512\" src=\"https:\/\/sibi.ufal.br\/portal\/wp-content\/uploads\/2019\/12\/L4A0072-768x512.jpg\" class=\"attachment-medium_large size-medium_large\" alt=\"\" decoding=\"async\" loading=\"lazy\" srcset=\"https:\/\/sibi.ufal.br\/portal\/wp-content\/uploads\/2019\/12\/L4A0072-768x512.jpg 768w, https:\/\/sibi.ufal.br\/portal\/wp-content\/uploads\/2019\/12\/L4A0072-300x200.jpg 300w, https:\/\/sibi.ufal.br\/portal\/wp-content\/uploads\/2019\/12\/L4A0072.jpg 960w\" sizes=\"(max-width: 768px) 100vw, 768px\" \/><\/a>\n\t\t\t<\/div><\/figure><figure class='gallery-item'>\n\t\t\t<div class='gallery-icon landscape'>\n\t\t\t\t<a data-elementor-open-lightbox=\"default\" data-elementor-lightbox-slideshow=\"9b23c12\" href='https:\/\/sibi.ufal.br\/portal\/wp-content\/uploads\/2019\/12\/L4A0066.jpg'><img width=\"768\" height=\"512\" src=\"https:\/\/sibi.ufal.br\/portal\/wp-content\/uploads\/2019\/12\/L4A0066-768x512.jpg\" class=\"attachment-medium_large size-medium_large\" alt=\"\" decoding=\"async\" loading=\"lazy\" srcset=\"https:\/\/sibi.ufal.br\/portal\/wp-content\/uploads\/2019\/12\/L4A0066-768x512.jpg 768w, https:\/\/sibi.ufal.br\/portal\/wp-content\/uploads\/2019\/12\/L4A0066-300x200.jpg 300w, https:\/\/sibi.ufal.br\/portal\/wp-content\/uploads\/2019\/12\/L4A0066.jpg 960w\" sizes=\"(max-width: 768px) 100vw, 768px\" \/><\/a>\n\t\t\t<\/div><\/figure><figure class='gallery-item'>\n\t\t\t<div class='gallery-icon landscape'>\n\t\t\t\t<a data-elementor-open-lightbox=\"default\" data-elementor-lightbox-slideshow=\"9b23c12\" href='https:\/\/sibi.ufal.br\/portal\/wp-content\/uploads\/2019\/12\/L4A0067.jpg'><img width=\"768\" height=\"512\" src=\"https:\/\/sibi.ufal.br\/portal\/wp-content\/uploads\/2019\/12\/L4A0067-768x512.jpg\" class=\"attachment-medium_large size-medium_large\" alt=\"\" decoding=\"async\" loading=\"lazy\" srcset=\"https:\/\/sibi.ufal.br\/portal\/wp-content\/uploads\/2019\/12\/L4A0067-768x512.jpg 768w, https:\/\/sibi.ufal.br\/portal\/wp-content\/uploads\/2019\/12\/L4A0067-300x200.jpg 300w, https:\/\/sibi.ufal.br\/portal\/wp-content\/uploads\/2019\/12\/L4A0067.jpg 960w\" sizes=\"(max-width: 768px) 100vw, 768px\" \/><\/a>\n\t\t\t<\/div><\/figure>\n\t\t<\/div>\n\t\t<\/div>\n\t\t\t\t<\/div>\n\t\t\t\t<\/div>\n\t\t\t\t<div class=\"elementor-element elementor-element-a8a7dea elementor-widget elementor-widget-text-editor\" data-id=\"a8a7dea\" data-element_type=\"widget\" data-widget_type=\"text-editor.default\">\n\t\t\t\t<div class=\"elementor-widget-container\">\n\t\t\t\t\t<div class=\"elementor-text-editor elementor-clearfix\"><div><em><strong>Aten\u00e7\u00e3o: o agendamento do Miniaudit\u00f3rio est\u00e1 temporariamente indispon\u00edvel.<\/strong><\/em><\/div><div><p><span style=\"font-weight: 400;\">\u00a0<\/span><\/p><p><span style=\"font-weight: 400;\">O Miniaudit\u00f3rio possui 7m de comprimento por 5,7m de largura, \u00e9 um espa\u00e7o climatizado, funcional, equipado com cadeiras universit\u00e1rias com pranchetas e com capacidade para acomodar at\u00e9 55 pessoas. Localiza-se no subsolo da Biblioteca Central, pr\u00f3ximo a banheiros e bebedouros, e est\u00e1 dispon\u00edvel para a realiza\u00e7\u00e3o de eventos de segunda a sexta, das 8h \u00e0s 21h, mediante agendamento.<\/span><\/p><p><b>Equipamentos dispon\u00edveis:<\/b><\/p><p><span style=\"font-weight: 400;\">&#8211; 1 (um) <\/span><i><span style=\"font-weight: 400;\">bureau <\/span><\/i><span style=\"font-weight: 400;\">com cadeira;<\/span><\/p><p><span style=\"font-weight: 400;\">&#8211; 1 (um) quadro magn\u00e9tico branco;<\/span><\/p><p><span style=\"font-weight: 400;\">&#8211; 1 (uma) mesa de apoio;\u00a0<\/span><\/p><p><span style=\"font-weight: 400;\">&#8211; 1 (uma) TV de plasma 40\u201d;<\/span><\/p><p><span style=\"font-weight: 400;\">&#8211; 1 (um) projetor multim\u00eddia (<\/span><i><span style=\"font-weight: 400;\">datashow);<\/span><\/i><\/p><\/div><p>&#8211; 1 (uma) Tela de proje\u00e7\u00e3o.<\/p><p>Para solicita\u00e7\u00e3o de Pr\u00e9-Reserva, verifique a disponibilidade no Google Agenda e clique em Agende aqui.<\/p><\/div>\n\t\t\t\t<\/div>\n\t\t\t\t<\/div>\n\t\t\t\t\t\t<\/div>\n\t\t\t<\/div>\n\t\t<\/div>\n\t\t\t\t<div class=\"elementor-element elementor-element-55cc96c elementor-column elementor-col-50 elementor-top-column\" data-id=\"55cc96c\" data-element_type=\"column\">\n\t\t\t<div class=\"elementor-column-wrap  elementor-element-populated\">\n\t\t\t\t\t<div class=\"elementor-widget-wrap\">\n\t\t\t\t<div class=\"elementor-element elementor-element-4510df7 elementor-widget elementor-widget-shortcode\" data-id=\"4510df7\" data-element_type=\"widget\" data-widget_type=\"shortcode.default\">\n\t\t\t\t<div class=\"elementor-widget-container\">\n\t\t\t\t\t<div class=\"elementor-shortcode\"><iframe loading=\"lazy\" src=\"https:\/\/calendar.google.com\/calendar\/embed?src=lc349rlpsqco712d3tr9tbrkqk%40group.calendar.google.com&ctz=America%2FFortaleza\" style=\"border: 0\" width=\"800\" height=\"600\" frameborder=\"0\" scrolling=\"no\"><\/iframe><\/div>\n\t\t\t\t<\/div>\n\t\t\t\t<\/div>\n\t\t\t\t<div class=\"elementor-element elementor-element-8276216 elementor-button-warning elementor-widget__width-initial elementor-align-center elementor-widget elementor-widget-button\" data-id=\"8276216\" data-element_type=\"widget\" data-widget_type=\"button.default\">\n\t\t\t\t<div class=\"elementor-widget-container\">\n\t\t\t\t\t<div class=\"elementor-button-wrapper\">\n\t\t\t<a href=\"http:\/\/sibi.ufal.br\/portal\/wp-content\/uploads\/2019\/11\/Normas-de-Uso-dos-Espa%C3%A7os-Multim%C3%ADdia-Atualizadas-30OUT19-1.pdf\" class=\"elementor-button-link elementor-button elementor-size-sm\" target=\"_blank\" role=\"button\">\n\t\t\t\t\t\t<span class=\"elementor-button-content-wrapper\">\n\t\t\t\t\t\t<span class=\"elementor-button-text\">Confira as normas de uso<\/span>\n\t\t<\/span>\n\t\t\t\t\t<\/a>\n\t\t<\/div>\n\t\t\t\t<\/div>\n\t\t\t\t<\/div>\n\t\t\t\t<div class=\"elementor-element elementor-element-7cf9ab9 elementor-button-info elementor-align-center elementor-widget elementor-widget-button\" data-id=\"7cf9ab9\" data-element_type=\"widget\" data-widget_type=\"button.default\">\n\t\t\t\t<div class=\"elementor-widget-container\">\n\t\t\t\t\t<div class=\"elementor-button-wrapper\">\n\t\t\t<a href=\"?page_id=721\" class=\"elementor-button-link elementor-button elementor-size-sm\" role=\"button\">\n\t\t\t\t\t\t<span class=\"elementor-button-content-wrapper\">\n\t\t\t\t\t\t<span class=\"elementor-button-text\">Agendamento suspenso<\/span>\n\t\t<\/span>\n\t\t\t\t\t<\/a>\n\t\t<\/div>\n\t\t\t\t<\/div>\n\t\t\t\t<\/div>\n\t\t\t\t\t\t<\/div>\n\t\t\t<\/div>\n\t\t<\/div>\n\t\t\t\t\t\t<\/div>\n\t\t\t<\/div>\n\t\t<\/section>\n\t\t\t\t<section class=\"elementor-element elementor-element-a006f16 elementor-section-boxed elementor-section-height-default elementor-section-height-default elementor-section elementor-top-section\" data-id=\"a006f16\" data-element_type=\"section\">\n\t\t\t\t\t\t<div class=\"elementor-container elementor-column-gap-default\">\n\t\t\t\t<div class=\"elementor-row\">\n\t\t\t\t<div class=\"elementor-element elementor-element-2061679 elementor-column elementor-col-100 elementor-top-column\" data-id=\"2061679\" data-element_type=\"column\">\n\t\t\t<div class=\"elementor-column-wrap\">\n\t\t\t\t\t<div class=\"elementor-widget-wrap\">\n\t\t\t\t\t\t<\/div>\n\t\t\t<\/div>\n\t\t<\/div>\n\t\t\t\t\t\t<\/div>\n\t\t\t<\/div>\n\t\t<\/section>\n\t\t\t\t\t\t<\/div>\n\t\t\t<\/div>\n\t\t<\/div>\n\t\t","protected":false},"excerpt":{"rendered":"<p>Miniaudit\u00f3rio Aten\u00e7\u00e3o: o agendamento do Miniaudit\u00f3rio est\u00e1 temporariamente indispon\u00edvel. \u00a0 O Miniaudit\u00f3rio possui 7m de comprimento por 5,7m de largura, \u00e9 um espa\u00e7o climatizado, funcional, equipado com cadeiras universit\u00e1rias com pranchetas e com capacidade para acomodar at\u00e9 55 pessoas. Localiza-se no subsolo da Biblioteca Central, pr\u00f3ximo a banheiros e bebedouros, e est\u00e1 dispon\u00edvel para a [&hellip;]<\/p>\n","protected":false},"author":1,"featured_media":0,"parent":0,"menu_order":0,"comment_status":"closed","ping_status":"closed","template":"","meta":[],"_links":{"self":[{"href":"https:\/\/sibi.ufal.br\/portal\/index.php?rest_route=\/wp\/v2\/pages\/712"}],"collection":[{"href":"https:\/\/sibi.ufal.br\/portal\/index.php?rest_route=\/wp\/v2\/pages"}],"about":[{"href":"https:\/\/sibi.ufal.br\/portal\/index.php?rest_route=\/wp\/v2\/types\/page"}],"author":[{"embeddable":true,"href":"https:\/\/sibi.ufal.br\/portal\/index.php?rest_route=\/wp\/v2\/users\/1"}],"replies":[{"embeddable":true,"href":"https:\/\/sibi.ufal.br\/portal\/index.php?rest_route=%2Fwp%2Fv2%2Fcomments&post=712"}],"version-history":[{"count":18,"href":"https:\/\/sibi.ufal.br\/portal\/index.php?rest_route=\/wp\/v2\/pages\/712\/revisions"}],"predecessor-version":[{"id":3544,"href":"https:\/\/sibi.ufal.br\/portal\/index.php?rest_route=\/wp\/v2\/pages\/712\/revisions\/3544"}],"wp:attachment":[{"href":"https:\/\/sibi.ufal.br\/portal\/index.php?rest_route=%2Fwp%2Fv2%2Fmedia&parent=712"}],"curies":[{"name":"wp","href":"https:\/\/api.w.org\/{rel}","templated":true}]}}