{"id":718,"date":"2019-09-08T12:07:42","date_gmt":"2019-09-08T15:07:42","guid":{"rendered":"http:\/\/seer.ufal.br\/portalsibi\/?page_id=718"},"modified":"2019-12-10T13:22:48","modified_gmt":"2019-12-10T16:22:48","slug":"hall","status":"publish","type":"page","link":"https:\/\/sibi.ufal.br\/portal\/?page_id=718","title":{"rendered":"Hall"},"content":{"rendered":"\t\t<div data-elementor-type=\"post\" data-elementor-id=\"718\" class=\"elementor elementor-718\" data-elementor-settings=\"[]\">\n\t\t\t<div class=\"elementor-inner\">\n\t\t\t\t<div class=\"elementor-section-wrap\">\n\t\t\t\t\t\t\t<section class=\"elementor-element elementor-element-35e78f4 elementor-section-boxed elementor-section-height-default elementor-section-height-default elementor-section elementor-top-section\" data-id=\"35e78f4\" data-element_type=\"section\">\n\t\t\t\t\t\t<div class=\"elementor-container elementor-column-gap-default\">\n\t\t\t\t<div class=\"elementor-row\">\n\t\t\t\t<div class=\"elementor-element elementor-element-f5e1bc1 elementor-column elementor-col-50 elementor-top-column\" data-id=\"f5e1bc1\" data-element_type=\"column\">\n\t\t\t<div class=\"elementor-column-wrap  elementor-element-populated\">\n\t\t\t\t\t<div class=\"elementor-widget-wrap\">\n\t\t\t\t<div class=\"elementor-element elementor-element-c8d2961 elementor-widget elementor-widget-heading\" data-id=\"c8d2961\" data-element_type=\"widget\" data-widget_type=\"heading.default\">\n\t\t\t\t<div class=\"elementor-widget-container\">\n\t\t\t<h2 class=\"elementor-heading-title elementor-size-default\">Hall<\/h2>\t\t<\/div>\n\t\t\t\t<\/div>\n\t\t\t\t<div class=\"elementor-element elementor-element-30b2da1 gallery-spacing-custom elementor-widget elementor-widget-image-gallery\" data-id=\"30b2da1\" data-element_type=\"widget\" data-widget_type=\"image-gallery.default\">\n\t\t\t\t<div class=\"elementor-widget-container\">\n\t\t\t\t\t<div class=\"elementor-image-gallery\">\n\t\t\t<div id='gallery-1' class='gallery galleryid-718 gallery-columns-3 gallery-size-medium'><figure class='gallery-item'>\n\t\t\t<div class='gallery-icon landscape'>\n\t\t\t\t<a data-elementor-open-lightbox=\"default\" data-elementor-lightbox-slideshow=\"30b2da1\" href='https:\/\/sibi.ufal.br\/portal\/wp-content\/uploads\/2019\/09\/P_20180921_115256_HDR.jpg'><img width=\"300\" height=\"225\" src=\"https:\/\/sibi.ufal.br\/portal\/wp-content\/uploads\/2019\/09\/P_20180921_115256_HDR-300x225.jpg\" class=\"attachment-medium size-medium\" alt=\"\" decoding=\"async\" loading=\"lazy\" srcset=\"https:\/\/sibi.ufal.br\/portal\/wp-content\/uploads\/2019\/09\/P_20180921_115256_HDR-300x225.jpg 300w, https:\/\/sibi.ufal.br\/portal\/wp-content\/uploads\/2019\/09\/P_20180921_115256_HDR-768x576.jpg 768w, https:\/\/sibi.ufal.br\/portal\/wp-content\/uploads\/2019\/09\/P_20180921_115256_HDR-1024x768.jpg 1024w\" sizes=\"(max-width: 300px) 100vw, 300px\" \/><\/a>\n\t\t\t<\/div><\/figure><figure class='gallery-item'>\n\t\t\t<div class='gallery-icon landscape'>\n\t\t\t\t<a data-elementor-open-lightbox=\"default\" data-elementor-lightbox-slideshow=\"30b2da1\" href='https:\/\/sibi.ufal.br\/portal\/wp-content\/uploads\/2019\/09\/P_20181019_123935_HDR.jpg'><img width=\"300\" height=\"225\" src=\"https:\/\/sibi.ufal.br\/portal\/wp-content\/uploads\/2019\/09\/P_20181019_123935_HDR-300x225.jpg\" class=\"attachment-medium size-medium\" alt=\"\" decoding=\"async\" loading=\"lazy\" srcset=\"https:\/\/sibi.ufal.br\/portal\/wp-content\/uploads\/2019\/09\/P_20181019_123935_HDR-300x225.jpg 300w, https:\/\/sibi.ufal.br\/portal\/wp-content\/uploads\/2019\/09\/P_20181019_123935_HDR-768x576.jpg 768w, https:\/\/sibi.ufal.br\/portal\/wp-content\/uploads\/2019\/09\/P_20181019_123935_HDR-1024x768.jpg 1024w\" sizes=\"(max-width: 300px) 100vw, 300px\" \/><\/a>\n\t\t\t<\/div><\/figure><figure class='gallery-item'>\n\t\t\t<div class='gallery-icon landscape'>\n\t\t\t\t<a data-elementor-open-lightbox=\"default\" data-elementor-lightbox-slideshow=\"30b2da1\" href='https:\/\/sibi.ufal.br\/portal\/wp-content\/uploads\/2019\/09\/P_20181019_124628_HDR-e1569772716697.jpg'><img width=\"300\" height=\"191\" src=\"https:\/\/sibi.ufal.br\/portal\/wp-content\/uploads\/2019\/09\/P_20181019_124628_HDR-e1569772716697-300x191.jpg\" class=\"attachment-medium size-medium\" alt=\"\" decoding=\"async\" loading=\"lazy\" srcset=\"https:\/\/sibi.ufal.br\/portal\/wp-content\/uploads\/2019\/09\/P_20181019_124628_HDR-e1569772716697-300x191.jpg 300w, https:\/\/sibi.ufal.br\/portal\/wp-content\/uploads\/2019\/09\/P_20181019_124628_HDR-e1569772716697-768x488.jpg 768w, https:\/\/sibi.ufal.br\/portal\/wp-content\/uploads\/2019\/09\/P_20181019_124628_HDR-e1569772716697-1024x650.jpg 1024w\" sizes=\"(max-width: 300px) 100vw, 300px\" \/><\/a>\n\t\t\t<\/div><\/figure>\n\t\t<\/div>\n\t\t<\/div>\n\t\t\t\t<\/div>\n\t\t\t\t<\/div>\n\t\t\t\t<div class=\"elementor-element elementor-element-74d6cd1 elementor-widget elementor-widget-text-editor\" data-id=\"74d6cd1\" data-element_type=\"widget\" data-widget_type=\"text-editor.default\">\n\t\t\t\t<div class=\"elementor-widget-container\">\n\t\t\t\t\t<div class=\"elementor-text-editor elementor-clearfix\"><p><span style=\"font-weight: 400;\">Localizado no pavimento t\u00e9rreo da Biblioteca Central, o Hall \u00e9 um espa\u00e7o amplo e de grande circula\u00e7\u00e3o de pessoas, adequado para eventos acad\u00eamicos e culturais, como exposi\u00e7\u00f5es de artes pl\u00e1sticas, pinturas, desenhos, gravuras, fotografias, esculturas, v\u00eddeos, apresenta\u00e7\u00f5es musicais, teatrais, saraus, rodas de conversa, entre outras atividades. Este espa\u00e7o est\u00e1 dispon\u00edvel, mediante agendamento, para toda a comunidade universit\u00e1ria.<\/span><\/p><p><strong>Orienta\u00e7\u00f5es Importantes<\/strong><\/p><p><span style=\"font-weight: 400;\">1. A dura\u00e7\u00e3o de cada exposi\u00e7\u00e3o ser\u00e1 de no m\u00e1ximo 20 (vinte) dias, incluindo o dia reservado para a desmontagem e tamb\u00e9m para a retirada dos materiais expostos, podendo ser prorrogado por igual per\u00edodo, a crit\u00e9rio da Dire\u00e7\u00e3o da Biblioteca.<\/span><\/p><p><span style=\"font-weight: 400;\">2. A seguran\u00e7a, o transporte, a montagem e desmontagem dos acervos em exposi\u00e7\u00e3o \u00e9 responsabilidade exclusiva dos organizadores do evento.\u00a0<\/span><\/p><p><span style=\"font-weight: 400;\">3. A Biblioteca Central disp\u00f5e de 4 (quatro) cavaletes para servir de suporte a exposi\u00e7\u00f5es nos espa\u00e7os de seu Hall. Esses cavaletes n\u00e3o t\u00eam autoriza\u00e7\u00e3o para sair dos espa\u00e7os da Biblioteca Central.<\/span><\/p><p><span style=\"font-weight: 400;\">4. Caso haja interesse de se divulgar a exposi\u00e7\u00e3o ou evento por meio das redes sociais digitais e do Portal Eletr\u00f4nico do Sistema de Bibliotecas da Ufal (SiBi Ufal), o organizador do evento, ap\u00f3s a confirma\u00e7\u00e3o do agendamento do espa\u00e7o, dever\u00e1 enviar a solicita\u00e7\u00e3o de divulga\u00e7\u00e3o, juntamente com o material gr\u00e1fico (artes gr\u00e1ficas e fotos), bem como as mat\u00e9rias, resenhas e\/ou textos informativos para o <\/span><i><span style=\"font-weight: 400;\">e-mail <\/span><\/i><span style=\"font-weight: 400;\">comunicacao@sibi.ufal.br.<\/span><\/p><p><span style=\"font-weight: 400;\">\u00a0Para solicita\u00e7\u00e3o de Pr\u00e9-Reserva, verifique a disponibilidade no Google Agenda e clique em Agende aqui.<\/span><\/p><\/div>\n\t\t\t\t<\/div>\n\t\t\t\t<\/div>\n\t\t\t\t\t\t<\/div>\n\t\t\t<\/div>\n\t\t<\/div>\n\t\t\t\t<div class=\"elementor-element elementor-element-63b0f44 elementor-column elementor-col-50 elementor-top-column\" data-id=\"63b0f44\" data-element_type=\"column\">\n\t\t\t<div class=\"elementor-column-wrap  elementor-element-populated\">\n\t\t\t\t\t<div class=\"elementor-widget-wrap\">\n\t\t\t\t<div class=\"elementor-element elementor-element-adaeaf7 elementor-widget elementor-widget-shortcode\" data-id=\"adaeaf7\" data-element_type=\"widget\" data-widget_type=\"shortcode.default\">\n\t\t\t\t<div class=\"elementor-widget-container\">\n\t\t\t\t\t<div class=\"elementor-shortcode\"><iframe loading=\"lazy\" src=\"https:\/\/calendar.google.com\/calendar\/embed?src=2k58prsdje7il3kel35sba54ts%40group.calendar.google.com&ctz=America%2FFortaleza\" style=\"border: 0\" width=\"800\" height=\"600\" frameborder=\"0\" scrolling=\"no\"><\/iframe><\/div>\n\t\t\t\t<\/div>\n\t\t\t\t<\/div>\n\t\t\t\t<div class=\"elementor-element elementor-element-1a3bbc1 elementor-button-warning elementor-align-center elementor-widget elementor-widget-button\" data-id=\"1a3bbc1\" data-element_type=\"widget\" data-widget_type=\"button.default\">\n\t\t\t\t<div class=\"elementor-widget-container\">\n\t\t\t\t\t<div class=\"elementor-button-wrapper\">\n\t\t\t<a href=\"http:\/\/sibi.ufal.br\/portal\/wp-content\/uploads\/2019\/12\/NORMAS_NORMAS_Normas-de-Uso-dos-Espa%C3%A7os-Multim%C3%ADdia.pdf\" class=\"elementor-button-link elementor-button elementor-size-sm\" target=\"_blank\" role=\"button\">\n\t\t\t\t\t\t<span class=\"elementor-button-content-wrapper\">\n\t\t\t\t\t\t<span class=\"elementor-button-text\">Confira as normas de uso<\/span>\n\t\t<\/span>\n\t\t\t\t\t<\/a>\n\t\t<\/div>\n\t\t\t\t<\/div>\n\t\t\t\t<\/div>\n\t\t\t\t<div class=\"elementor-element elementor-element-afb64b0 elementor-button-info elementor-align-center elementor-widget elementor-widget-button\" data-id=\"afb64b0\" data-element_type=\"widget\" data-widget_type=\"button.default\">\n\t\t\t\t<div class=\"elementor-widget-container\">\n\t\t\t\t\t<div class=\"elementor-button-wrapper\">\n\t\t\t<a href=\"?page_id=721\" class=\"elementor-button-link elementor-button elementor-size-sm\" role=\"button\">\n\t\t\t\t\t\t<span class=\"elementor-button-content-wrapper\">\n\t\t\t\t\t\t<span class=\"elementor-button-text\">Agende aqui<\/span>\n\t\t<\/span>\n\t\t\t\t\t<\/a>\n\t\t<\/div>\n\t\t\t\t<\/div>\n\t\t\t\t<\/div>\n\t\t\t\t\t\t<\/div>\n\t\t\t<\/div>\n\t\t<\/div>\n\t\t\t\t\t\t<\/div>\n\t\t\t<\/div>\n\t\t<\/section>\n\t\t\t\t\t\t<\/div>\n\t\t\t<\/div>\n\t\t<\/div>\n\t\t","protected":false},"excerpt":{"rendered":"<p>Hall Localizado no pavimento t\u00e9rreo da Biblioteca Central, o Hall \u00e9 um espa\u00e7o amplo e de grande circula\u00e7\u00e3o de pessoas, adequado para eventos acad\u00eamicos e culturais, como exposi\u00e7\u00f5es de artes pl\u00e1sticas, pinturas, desenhos, gravuras, fotografias, esculturas, v\u00eddeos, apresenta\u00e7\u00f5es musicais, teatrais, saraus, rodas de conversa, entre outras atividades. Este espa\u00e7o est\u00e1 dispon\u00edvel, mediante agendamento, para toda [&hellip;]<\/p>\n","protected":false},"author":1,"featured_media":0,"parent":0,"menu_order":0,"comment_status":"closed","ping_status":"closed","template":"","meta":[],"_links":{"self":[{"href":"https:\/\/sibi.ufal.br\/portal\/index.php?rest_route=\/wp\/v2\/pages\/718"}],"collection":[{"href":"https:\/\/sibi.ufal.br\/portal\/index.php?rest_route=\/wp\/v2\/pages"}],"about":[{"href":"https:\/\/sibi.ufal.br\/portal\/index.php?rest_route=\/wp\/v2\/types\/page"}],"author":[{"embeddable":true,"href":"https:\/\/sibi.ufal.br\/portal\/index.php?rest_route=\/wp\/v2\/users\/1"}],"replies":[{"embeddable":true,"href":"https:\/\/sibi.ufal.br\/portal\/index.php?rest_route=%2Fwp%2Fv2%2Fcomments&post=718"}],"version-history":[{"count":9,"href":"https:\/\/sibi.ufal.br\/portal\/index.php?rest_route=\/wp\/v2\/pages\/718\/revisions"}],"predecessor-version":[{"id":2447,"href":"https:\/\/sibi.ufal.br\/portal\/index.php?rest_route=\/wp\/v2\/pages\/718\/revisions\/2447"}],"wp:attachment":[{"href":"https:\/\/sibi.ufal.br\/portal\/index.php?rest_route=%2Fwp%2Fv2%2Fmedia&parent=718"}],"curies":[{"name":"wp","href":"https:\/\/api.w.org\/{rel}","templated":true}]}}