{"id":721,"date":"2019-09-08T12:09:49","date_gmt":"2019-09-08T15:09:49","guid":{"rendered":"http:\/\/seer.ufal.br\/portalsibi\/?page_id=721"},"modified":"2023-07-21T12:27:25","modified_gmt":"2023-07-21T15:27:25","slug":"formulario-de-reserva-de-espacos","status":"publish","type":"page","link":"https:\/\/sibi.ufal.br\/portal\/?page_id=721","title":{"rendered":"Formul\u00e1rio de reserva de espa\u00e7os"},"content":{"rendered":"\t\t<div data-elementor-type=\"post\" data-elementor-id=\"721\" class=\"elementor elementor-721\" data-elementor-settings=\"[]\">\n\t\t\t<div class=\"elementor-inner\">\n\t\t\t\t<div class=\"elementor-section-wrap\">\n\t\t\t\t\t\t\t<section class=\"elementor-element elementor-element-5408fb2 elementor-section-boxed elementor-section-height-default elementor-section-height-default elementor-section elementor-top-section\" data-id=\"5408fb2\" data-element_type=\"section\">\n\t\t\t\t\t\t<div class=\"elementor-container elementor-column-gap-default\">\n\t\t\t\t<div class=\"elementor-row\">\n\t\t\t\t<div class=\"elementor-element elementor-element-02691c9 elementor-column elementor-col-100 elementor-top-column\" data-id=\"02691c9\" data-element_type=\"column\">\n\t\t\t<div class=\"elementor-column-wrap  elementor-element-populated\">\n\t\t\t\t\t<div class=\"elementor-widget-wrap\">\n\t\t\t\t<div class=\"elementor-element elementor-element-d6352d0 elementor-invisible elementor-widget elementor-widget-heading\" data-id=\"d6352d0\" data-element_type=\"widget\" data-settings=\"{&quot;_animation&quot;:&quot;fadeInLeft&quot;}\" data-widget_type=\"heading.default\">\n\t\t\t\t<div class=\"elementor-widget-container\">\n\t\t\t<h2 class=\"elementor-heading-title elementor-size-default\">Agendamento dos Espa\u00e7os Multim\u00eddia da BC<\/h2>\t\t<\/div>\n\t\t\t\t<\/div>\n\t\t\t\t<div class=\"elementor-element elementor-element-87d98b7 elementor-widget elementor-widget-spacer\" data-id=\"87d98b7\" data-element_type=\"widget\" data-widget_type=\"spacer.default\">\n\t\t\t\t<div class=\"elementor-widget-container\">\n\t\t\t\t\t<div class=\"elementor-spacer\">\n\t\t\t<div class=\"elementor-spacer-inner\"><\/div>\n\t\t<\/div>\n\t\t\t\t<\/div>\n\t\t\t\t<\/div>\n\t\t\t\t\t\t<\/div>\n\t\t\t<\/div>\n\t\t<\/div>\n\t\t\t\t\t\t<\/div>\n\t\t\t<\/div>\n\t\t<\/section>\n\t\t\t\t<section class=\"elementor-element elementor-element-5c22033 elementor-section-boxed elementor-section-height-default elementor-section-height-default elementor-section elementor-top-section\" data-id=\"5c22033\" data-element_type=\"section\">\n\t\t\t\t\t\t<div class=\"elementor-container elementor-column-gap-default\">\n\t\t\t\t<div class=\"elementor-row\">\n\t\t\t\t<div class=\"elementor-element elementor-element-a7284bb elementor-column elementor-col-100 elementor-top-column\" data-id=\"a7284bb\" data-element_type=\"column\">\n\t\t\t<div class=\"elementor-column-wrap  elementor-element-populated\">\n\t\t\t\t\t<div class=\"elementor-widget-wrap\">\n\t\t\t\t<div class=\"elementor-element elementor-element-9cf4e8c elementor-widget elementor-widget-text-editor\" data-id=\"9cf4e8c\" data-element_type=\"widget\" data-widget_type=\"text-editor.default\">\n\t\t\t\t<div class=\"elementor-widget-container\">\n\t\t\t\t\t<div class=\"elementor-text-editor elementor-clearfix\"><h4><strong><span style=\"color: #0dbcdb;\">ATEN\u00c7\u00c3O!<\/span>\u00a0<\/strong><\/h4><p>Os agendamentos dos Espa\u00e7os Multim\u00eddia da Biblioteca Central da UFAL est\u00e3o <em><strong>provisoriamente<\/strong> <strong>suspensos<\/strong><\/em>\u00a0em virtude da necessidade de <em>MANUTEN\u00c7\u00c3O.<\/em><\/p><\/div>\n\t\t\t\t<\/div>\n\t\t\t\t<\/div>\n\t\t\t\t\t\t<\/div>\n\t\t\t<\/div>\n\t\t<\/div>\n\t\t\t\t\t\t<\/div>\n\t\t\t<\/div>\n\t\t<\/section>\n\t\t\t\t<section class=\"elementor-element elementor-element-b71c9e9 elementor-section-boxed elementor-section-height-default elementor-section-height-default elementor-section elementor-top-section\" data-id=\"b71c9e9\" data-element_type=\"section\">\n\t\t\t\t\t\t<div class=\"elementor-container elementor-column-gap-default\">\n\t\t\t\t<div class=\"elementor-row\">\n\t\t\t\t<div class=\"elementor-element elementor-element-df15434 elementor-column elementor-col-100 elementor-top-column\" data-id=\"df15434\" data-element_type=\"column\">\n\t\t\t<div class=\"elementor-column-wrap  elementor-element-populated\">\n\t\t\t\t\t<div class=\"elementor-widget-wrap\">\n\t\t\t\t<div class=\"elementor-element elementor-element-d56dc37 elementor-invisible elementor-widget elementor-widget-divider\" data-id=\"d56dc37\" data-element_type=\"widget\" data-settings=\"{&quot;_animation&quot;:&quot;fadeInRight&quot;}\" data-widget_type=\"divider.default\">\n\t\t\t\t<div class=\"elementor-widget-container\">\n\t\t\t\t\t<div class=\"elementor-divider\">\n\t\t\t<span class=\"elementor-divider-separator\"><\/span>\n\t\t<\/div>\n\t\t\t\t<\/div>\n\t\t\t\t<\/div>\n\t\t\t\t\t\t<\/div>\n\t\t\t<\/div>\n\t\t<\/div>\n\t\t\t\t\t\t<\/div>\n\t\t\t<\/div>\n\t\t<\/section>\n\t\t\t\t<section class=\"elementor-element elementor-element-aa5d7c5 elementor-section-boxed elementor-section-height-default elementor-section-height-default elementor-section elementor-top-section\" data-id=\"aa5d7c5\" data-element_type=\"section\">\n\t\t\t\t\t\t<div class=\"elementor-container elementor-column-gap-default\">\n\t\t\t\t<div class=\"elementor-row\">\n\t\t\t\t<div class=\"elementor-element elementor-element-aafad9e elementor-column elementor-col-100 elementor-top-column\" data-id=\"aafad9e\" data-element_type=\"column\">\n\t\t\t<div class=\"elementor-column-wrap  elementor-element-populated\">\n\t\t\t\t\t<div class=\"elementor-widget-wrap\">\n\t\t\t\t<section class=\"elementor-element elementor-element-393de67 elementor-section-boxed elementor-section-height-default elementor-section-height-default elementor-section elementor-inner-section\" data-id=\"393de67\" data-element_type=\"section\">\n\t\t\t\t\t\t<div class=\"elementor-container elementor-column-gap-default\">\n\t\t\t\t<div class=\"elementor-row\">\n\t\t\t\t<div class=\"elementor-element elementor-element-7abbbb5 elementor-column elementor-col-50 elementor-inner-column\" data-id=\"7abbbb5\" data-element_type=\"column\">\n\t\t\t<div class=\"elementor-column-wrap  elementor-element-populated\">\n\t\t\t\t\t<div class=\"elementor-widget-wrap\">\n\t\t\t\t<div class=\"elementor-element elementor-element-03194cc elementor-widget elementor-widget-text-editor\" data-id=\"03194cc\" data-element_type=\"widget\" data-widget_type=\"text-editor.default\">\n\t\t\t\t<div class=\"elementor-widget-container\">\n\t\t\t\t\t<div class=\"elementor-text-editor elementor-clearfix\"><h3 style=\"color: #0dbcdb;\">Pr\u00e9-reserva\u200b Suspensa<\/h3><p><iframe loading=\"lazy\" src=\"https:\/\/docs.google.com\/forms\/d\/e\/1FAIpQLSdPfYb2GIY75zaLvEcbKMbTvzMMGkEUM5nlvN3-RzPTZj4I4w\/viewform?embedded=true\" width=\"700\" height=\"2750\" frameborder=\"0\" marginwidth=\"0\" marginheight=\"0\">Carregando\u2026<\/iframe><\/p><\/div>\n\t\t\t\t<\/div>\n\t\t\t\t<\/div>\n\t\t\t\t\t\t<\/div>\n\t\t\t<\/div>\n\t\t<\/div>\n\t\t\t\t<div class=\"elementor-element elementor-element-6d46abf elementor-column elementor-col-50 elementor-inner-column\" data-id=\"6d46abf\" data-element_type=\"column\">\n\t\t\t<div class=\"elementor-column-wrap  elementor-element-populated\">\n\t\t\t\t\t<div class=\"elementor-widget-wrap\">\n\t\t\t\t<div class=\"elementor-element elementor-element-0c7cc32 elementor-widget elementor-widget-text-editor\" data-id=\"0c7cc32\" data-element_type=\"widget\" data-widget_type=\"text-editor.default\">\n\t\t\t\t<div class=\"elementor-widget-container\">\n\t\t\t\t\t<div class=\"elementor-text-editor elementor-clearfix\"><h3 style=\"color: #0dbcdb;\">Orienta\u00e7\u00f5es Importantes<\/h3><\/div>\n\t\t\t\t<\/div>\n\t\t\t\t<\/div>\n\t\t\t\t<div class=\"elementor-element elementor-element-3891d03 elementor-button-info elementor-align-right elementor-widget elementor-widget-button\" data-id=\"3891d03\" data-element_type=\"widget\" data-widget_type=\"button.default\">\n\t\t\t\t<div class=\"elementor-widget-container\">\n\t\t\t\t\t<div class=\"elementor-button-wrapper\">\n\t\t\t<a href=\"http:\/\/sibi.ufal.br\/portal\/wp-content\/uploads\/2019\/12\/NORMAS_TERMOS_MODELO-DE-MEMORANDO_SOLICITA%C3%87%C3%83O-DE-ESPA%C3%87OS-DA-BC.doc\" class=\"elementor-button-link elementor-button elementor-size-xs\" role=\"button\">\n\t\t\t\t\t\t<span class=\"elementor-button-content-wrapper\">\n\t\t\t\t\t\t<span class=\"elementor-button-text\">Modelo de Memorando para solicita\u00e7\u00e3o dos Espa\u00e7os Multim\u00eddia da BC<\/span>\n\t\t<\/span>\n\t\t\t\t\t<\/a>\n\t\t<\/div>\n\t\t\t\t<\/div>\n\t\t\t\t<\/div>\n\t\t\t\t<div class=\"elementor-element elementor-element-c7bd789 elementor-button-warning elementor-align-right elementor-widget elementor-widget-button\" data-id=\"c7bd789\" data-element_type=\"widget\" data-widget_type=\"button.default\">\n\t\t\t\t<div class=\"elementor-widget-container\">\n\t\t\t\t\t<div class=\"elementor-button-wrapper\">\n\t\t\t<a href=\"http:\/\/sibi.ufal.br\/portal\/wp-content\/uploads\/2019\/12\/NORMAS_TERMOS_TERMO-DE-RESPONSABILIDADE-AUDIT%C3%93RIO.pdf\" class=\"elementor-button-link elementor-button elementor-size-sm\" target=\"_blank\" role=\"button\">\n\t\t\t\t\t\t<span class=\"elementor-button-content-wrapper\">\n\t\t\t\t\t\t<span class=\"elementor-button-text\">Termo de responsabilidade - Audit\u00f3rio<\/span>\n\t\t<\/span>\n\t\t\t\t\t<\/a>\n\t\t<\/div>\n\t\t\t\t<\/div>\n\t\t\t\t<\/div>\n\t\t\t\t<div class=\"elementor-element elementor-element-636c782 elementor-button-warning elementor-align-right elementor-widget elementor-widget-button\" data-id=\"636c782\" data-element_type=\"widget\" data-widget_type=\"button.default\">\n\t\t\t\t<div class=\"elementor-widget-container\">\n\t\t\t\t\t<div class=\"elementor-button-wrapper\">\n\t\t\t<a href=\"http:\/\/sibi.ufal.br\/portal\/wp-content\/uploads\/2019\/12\/NORMAS_TERMOS_TERMO-DE-RESPONSABILIDADE-MINIAUDIT%C3%93RIO.pdf\" class=\"elementor-button-link elementor-button elementor-size-sm\" target=\"_blank\" role=\"button\">\n\t\t\t\t\t\t<span class=\"elementor-button-content-wrapper\">\n\t\t\t\t\t\t<span class=\"elementor-button-text\">Termo de responsabilidade - Miniaudit\u00f3rio<\/span>\n\t\t<\/span>\n\t\t\t\t\t<\/a>\n\t\t<\/div>\n\t\t\t\t<\/div>\n\t\t\t\t<\/div>\n\t\t\t\t<div class=\"elementor-element elementor-element-046291b elementor-button-warning elementor-align-right elementor-widget elementor-widget-button\" data-id=\"046291b\" data-element_type=\"widget\" data-widget_type=\"button.default\">\n\t\t\t\t<div class=\"elementor-widget-container\">\n\t\t\t\t\t<div class=\"elementor-button-wrapper\">\n\t\t\t<a href=\"http:\/\/sibi.ufal.br\/portal\/wp-content\/uploads\/2019\/12\/NORMAS_TERMOS_TERMO-DE-RESPONSABILIDADE-SALA-DE-AULA.pdf\" class=\"elementor-button-link elementor-button elementor-size-sm\" target=\"_blank\" role=\"button\">\n\t\t\t\t\t\t<span class=\"elementor-button-content-wrapper\">\n\t\t\t\t\t\t<span class=\"elementor-button-text\">Termo de responsabilidade - Sala de Aula<\/span>\n\t\t<\/span>\n\t\t\t\t\t<\/a>\n\t\t<\/div>\n\t\t\t\t<\/div>\n\t\t\t\t<\/div>\n\t\t\t\t<div class=\"elementor-element elementor-element-de5d968 elementor-button-warning elementor-align-right elementor-widget elementor-widget-button\" data-id=\"de5d968\" data-element_type=\"widget\" data-widget_type=\"button.default\">\n\t\t\t\t<div class=\"elementor-widget-container\">\n\t\t\t\t\t<div class=\"elementor-button-wrapper\">\n\t\t\t<a href=\"http:\/\/sibi.ufal.br\/portal\/wp-content\/uploads\/2019\/12\/NORMAS_TERMOS_TERMO-DE-RESPONSABILIDADE-HALL.pdf\" class=\"elementor-button-link elementor-button elementor-size-sm\" target=\"_blank\" role=\"button\">\n\t\t\t\t\t\t<span class=\"elementor-button-content-wrapper\">\n\t\t\t\t\t\t<span class=\"elementor-button-text\">Termo de responsabilidade - Hall<\/span>\n\t\t<\/span>\n\t\t\t\t\t<\/a>\n\t\t<\/div>\n\t\t\t\t<\/div>\n\t\t\t\t<\/div>\n\t\t\t\t<div class=\"elementor-element elementor-element-4f5348d elementor-widget elementor-widget-text-editor\" data-id=\"4f5348d\" data-element_type=\"widget\" data-widget_type=\"text-editor.default\">\n\t\t\t\t<div class=\"elementor-widget-container\">\n\t\t\t\t\t<div class=\"elementor-text-editor elementor-clearfix\"><iframe loading=\"lazy\" style=\"color: #ffffff; font-family: 'Open Sans', sans-serif; font-size: 14px; font-weight: 400;\" src=\"http:\/\/sibi.ufal.br\/portal\/wp-content\/uploads\/2019\/11\/Normas-de-Uso-dos-Espa\u00e7os-Multim\u00eddia-Atualizadas-30OUT19.pdf\" width=\"100%\" height=\"1900\"><\/iframe><\/div>\n\t\t\t\t<\/div>\n\t\t\t\t<\/div>\n\t\t\t\t\t\t<\/div>\n\t\t\t<\/div>\n\t\t<\/div>\n\t\t\t\t\t\t<\/div>\n\t\t\t<\/div>\n\t\t<\/section>\n\t\t\t\t\t\t<\/div>\n\t\t\t<\/div>\n\t\t<\/div>\n\t\t\t\t\t\t<\/div>\n\t\t\t<\/div>\n\t\t<\/section>\n\t\t\t\t\t\t<\/div>\n\t\t\t<\/div>\n\t\t<\/div>\n\t\t","protected":false},"excerpt":{"rendered":"<p>Agendamento dos Espa\u00e7os Multim\u00eddia da BC ATEN\u00c7\u00c3O!\u00a0 Os agendamentos dos Espa\u00e7os Multim\u00eddia da Biblioteca Central da UFAL est\u00e3o provisoriamente suspensos\u00a0em virtude da necessidade de MANUTEN\u00c7\u00c3O. Pr\u00e9-reserva\u200b Suspensa Carregando\u2026 Orienta\u00e7\u00f5es Importantes Modelo de Memorando para solicita\u00e7\u00e3o dos Espa\u00e7os Multim\u00eddia da BC Termo de responsabilidade &#8211; Audit\u00f3rio Termo de responsabilidade &#8211; Miniaudit\u00f3rio Termo de responsabilidade &#8211; Sala [&hellip;]<\/p>\n","protected":false},"author":1,"featured_media":0,"parent":0,"menu_order":0,"comment_status":"closed","ping_status":"closed","template":"","meta":[],"_links":{"self":[{"href":"https:\/\/sibi.ufal.br\/portal\/index.php?rest_route=\/wp\/v2\/pages\/721"}],"collection":[{"href":"https:\/\/sibi.ufal.br\/portal\/index.php?rest_route=\/wp\/v2\/pages"}],"about":[{"href":"https:\/\/sibi.ufal.br\/portal\/index.php?rest_route=\/wp\/v2\/types\/page"}],"author":[{"embeddable":true,"href":"https:\/\/sibi.ufal.br\/portal\/index.php?rest_route=\/wp\/v2\/users\/1"}],"replies":[{"embeddable":true,"href":"https:\/\/sibi.ufal.br\/portal\/index.php?rest_route=%2Fwp%2Fv2%2Fcomments&post=721"}],"version-history":[{"count":48,"href":"https:\/\/sibi.ufal.br\/portal\/index.php?rest_route=\/wp\/v2\/pages\/721\/revisions"}],"predecessor-version":[{"id":3622,"href":"https:\/\/sibi.ufal.br\/portal\/index.php?rest_route=\/wp\/v2\/pages\/721\/revisions\/3622"}],"wp:attachment":[{"href":"https:\/\/sibi.ufal.br\/portal\/index.php?rest_route=%2Fwp%2Fv2%2Fmedia&parent=721"}],"curies":[{"name":"wp","href":"https:\/\/api.w.org\/{rel}","templated":true}]}}